{"id":814,"date":"2020-12-12T10:01:57","date_gmt":"2020-12-12T10:01:57","guid":{"rendered":"https:\/\/dev.joomlaworks.nl\/?page_id=814"},"modified":"2023-10-28T11:52:48","modified_gmt":"2023-10-28T11:52:48","slug":"caniveaux-devacuation-en-acier-inoxydable-modele-tyg-et-tag","status":"publish","type":"page","link":"https:\/\/caniveaux-industriel-inox.com\/ma\/caniveaux-devacuation-en-acier-inoxydable-modele-tyg-et-tag\/","title":{"rendered":"Caniveaux d&rsquo;\u00e9vacuation en acier inoxydable mod\u00e8le TYG et TAG"},"content":{"rendered":"<p>[et_pb_section fb_built=\u00a0\u00bb1&Prime; fullwidth=\u00a0\u00bbon\u00a0\u00bb _builder_version=\u00a0\u00bb4.21.0&Prime; _module_preset=\u00a0\u00bbdefault\u00a0\u00bb global_module=\u00a0\u00bb570&Prime; saved_tabs=\u00a0\u00bball\u00a0\u00bb global_colors_info=\u00a0\u00bb{}\u00a0\u00bb][et_pb_fullwidth_slider show_content_on_mobile=\u00a0\u00bboff\u00a0\u00bb show_cta_on_mobile=\u00a0\u00bboff\u00a0\u00bb disabled_on=\u00a0\u00bbon|off|off\u00a0\u00bb _builder_version=\u00a0\u00bb4.22.0&Prime; _module_preset=\u00a0\u00bbdefault\u00a0\u00bb height=\u00a0\u00bb560px\u00a0\u00bb auto=\u00a0\u00bbon\u00a0\u00bb auto_speed=\u00a0\u00bb5000&Prime; global_colors_info=\u00a0\u00bb{}\u00a0\u00bb][et_pb_slide _builder_version=\u00a0\u00bb4.21.0&Prime; _module_preset=\u00a0\u00bbdefault\u00a0\u00bb background_enable_color=\u00a0\u00bboff\u00a0\u00bb background_image=\u00a0\u00bbhttps:\/\/caniveaux-industriel-inox.com\/ma\/wp-content\/uploads\/2023\/06\/banner-9.png\u00a0\u00bb background_enable_image=\u00a0\u00bbon\u00a0\u00bb global_colors_info=\u00a0\u00bb{}\u00a0\u00bb sticky_transition=\u00a0\u00bbon\u00a0\u00bb][\/et_pb_slide][et_pb_slide _builder_version=\u00a0\u00bb4.22.0&Prime; _module_preset=\u00a0\u00bbdefault\u00a0\u00bb background_enable_color=\u00a0\u00bboff\u00a0\u00bb background_image=\u00a0\u00bbhttps:\/\/caniveaux-industriel-inox.com\/ma\/wp-content\/uploads\/2023\/10\/banner-5.png\u00a0\u00bb background_enable_image=\u00a0\u00bbon\u00a0\u00bb global_colors_info=\u00a0\u00bb{}\u00a0\u00bb sticky_transition=\u00a0\u00bbon\u00a0\u00bb][\/et_pb_slide][et_pb_slide _builder_version=\u00a0\u00bb4.21.0&Prime; _module_preset=\u00a0\u00bbdefault\u00a0\u00bb background_enable_color=\u00a0\u00bboff\u00a0\u00bb background_image=\u00a0\u00bbhttps:\/\/caniveaux-industriel-inox.com\/ma\/wp-content\/uploads\/2023\/06\/banner-5.png\u00a0\u00bb background_enable_image=\u00a0\u00bbon\u00a0\u00bb global_colors_info=\u00a0\u00bb{}\u00a0\u00bb sticky_transition=\u00a0\u00bbon\u00a0\u00bb][\/et_pb_slide][et_pb_slide _builder_version=\u00a0\u00bb4.21.0&Prime; _module_preset=\u00a0\u00bbdefault\u00a0\u00bb background_image=\u00a0\u00bbhttps:\/\/caniveaux-industriel-inox.com\/ma\/wp-content\/uploads\/2023\/06\/banner-6.png\u00a0\u00bb background_enable_image=\u00a0\u00bbon\u00a0\u00bb global_colors_info=\u00a0\u00bb{}\u00a0\u00bb sticky_transition=\u00a0\u00bbon\u00a0\u00bb][\/et_pb_slide][et_pb_slide _builder_version=\u00a0\u00bb4.21.0&Prime; _module_preset=\u00a0\u00bbdefault\u00a0\u00bb background_enable_color=\u00a0\u00bboff\u00a0\u00bb background_image=\u00a0\u00bbhttps:\/\/caniveaux-industriel-inox.com\/ma\/wp-content\/uploads\/2023\/06\/banner-10.png\u00a0\u00bb background_enable_image=\u00a0\u00bbon\u00a0\u00bb global_colors_info=\u00a0\u00bb{}\u00a0\u00bb sticky_transition=\u00a0\u00bbon\u00a0\u00bb][\/et_pb_slide][\/et_pb_fullwidth_slider][\/et_pb_section][et_pb_section fb_built=\u00a0\u00bb1&Prime; _builder_version=\u00a0\u00bb4.16&Prime; _module_preset=\u00a0\u00bbdefault\u00a0\u00bb custom_padding=\u00a0\u00bb41px||28px|||\u00a0\u00bb global_colors_info=\u00a0\u00bb{}\u00a0\u00bb][et_pb_row _builder_version=\u00a0\u00bb4.16&Prime; _module_preset=\u00a0\u00bbdefault\u00a0\u00bb global_colors_info=\u00a0\u00bb{}\u00a0\u00bb][et_pb_column type=\u00a0\u00bb4_4&Prime; _builder_version=\u00a0\u00bb4.16&Prime; _module_preset=\u00a0\u00bbdefault\u00a0\u00bb global_colors_info=\u00a0\u00bb{}\u00a0\u00bb][et_pb_code _builder_version=\u00a0\u00bb4.22.0&Prime; _module_preset=\u00a0\u00bbdefault\u00a0\u00bb background_color=\u00a0\u00bb#ffffff\u00a0\u00bb hover_enabled=\u00a0\u00bb0&Prime; global_colors_info=\u00a0\u00bb{}\u00a0\u00bb sticky_enabled=\u00a0\u00bb0&Prime;]<style id=\"sp_tab_dynamic_style813\">#sp-tabpro-wrapper_813.sp-tab__lay-default .sp-tab__tab-content {width: 100%;}#sp-tabpro-wrapper_813 .animated {-webkit-animation-duration: 500ms;animation-duration: 500ms;}#sp-wp-tabs-wrapper_813 .sp-tab__nav { justify-content: flex-start; }#sp-wp-tabs-wrapper_813.sp-tab__lay-default.sp-tab__horizontal-bottom {display: flex;flex-direction: column-reverse;}#sp-wp-tabs-wrapper_813.sp-tab__lay-default.sp-tab__horizontal-bottom > ul {border-top: 1px solid #cccccc;border-bottom: 0;margin-top: 0;}#sp-wp-tabs-wrapper_813.sp-tab__lay-default.sp-tab__horizontal-bottom > ul > li .sp-tab__nav-link.sp-tab__active {border-color: transparent #cccccc#cccccc;margin-top: -1px;}#sp-wp-tabs-wrapper_813.sp-tab__lay-default.sp-tab__horizontal-bottom > ul > li .sp-tab__nav-link,#sp-wp-tabs-wrapper_813.sp-tab__lay-default.sp-tab__horizontal-bottom > ul > li a,#sp-wp-tabs-wrapper_813.sp-tab__lay-default.sp-tab__horizontal-bottom > ul > .sp-tab__nav-item {border-top: 0;border-top-left-radius: 0;border-top-right-radius: 0;border-bottom-left-radius: 2px;border-bottom-right-radius: 2px;}#sp-wp-tabs-wrapper_813.sp-tab__lay-default.sp-tab__horizontal-bottom > ul {border-bottom: none;}#sp-wp-tabs-wrapper_813.sp-tab__lay-default.sp-tab__horizontal-bottom .sp-tab__tab-content .sp-tab__tab-pane {border-top: 1px solid #cccccc;border-bottom: 0;}#sp-wp-tabs-wrapper_813.sp-tab__lay-default .sp-tab__tab-content .sp-tab-content > ul,#sp-wp-tabs-wrapper_813.sp-tab__lay-default .sp-tab__tab-content .sp-tab-content > ol {border-bottom: none;}#sp-wp-tabs-wrapper_813 .sp-tab__nav-tabs .sp-tab__nav-item.show .sp-tab__nav-link,#sp-wp-tabs-wrapper_813.sp-tab__lay-default ul li .sp-tab__nav-link.sp-tab__active {border-color: #cccccc#cccccc transparent;}#sp-wp-tabs-wrapper_813 > .sp-tab__nav-tabs .sp-tab__nav-link.sp-tab__active .sp-tab__tab_title,#sp-wp-tabs-wrapper_813.sp-tab__lay-default .sp-tab__nav-link > .sp-tab__card-header {color: #444;}#sp-wp-tabs-wrapper_813.sp-tab__lay-default > ul > li > .sp-tab__nav-link,#sp-wp-tabs-wrapper_813.sp-tab__lay-default > ul > li > a {cursor: pointer;border-color: #cccccc;padding-top: 15px;padding-right: 15px;padding-bottom: 15px;padding-left: 15px;}#sp-wp-tabs-wrapper_813 > .sp-tab__nav-tabs .sp-tab__nav-link {border: 1px solid #cccccc;height: 100%;}#sp-wp-tabs-wrapper_813.sp-tab__lay-default > ul > li .sp-tab__nav-link,#sp-wp-tabs-wrapper_813.sp-tab__lay-default > ul > li a,#sp-wp-tabs-wrapper_813.sp-tab__lay-default > ul > .sp-tab__nav-item {border-top-left-radius: 2px;border-top-right-radius: 2px;}#sp-wp-tabs-wrapper_813 .sp-tab__nav-tabs .sp-tab__nav-item {margin-bottom: -1px; }#sp-wp-tabs-wrapper_813.sp-tab__lay-default > ul .sp-tab__nav-item {margin-right: 10px;}#sp-wp-tabs-wrapper_813.sp-tab__lay-default.sp-tab__horizontal-bottom > ul .sp-tab__nav-item {margin-right: 10px;margin-top: 0;}#sp-wp-tabs-wrapper_813.sp-tab__lay-default > ul .sp-tab__nav-item .sp-tab__nav-link:hover .sp-tab__tab_title,#sp-wp-tabs-wrapper_813.sp-tab__lay-default > ul .sp-tab__nav-item a:hover .sp-tab__tab_title,#sp-wp-tabs-wrapper_813.sp-tab__lay-default .sp-tab__nav-link.collapsed .sp-tab__card-header:hover {color: #444;transition: .3s;}#sp-wp-tabs-wrapper_813.sp-tab__lay-default > ul .sp-tab__nav-item,#sp-wp-tabs-wrapper_813.sp-tab__lay-default .sp-tab__nav-link.collapsed > .sp-tab__card-header {background-color: #eee;transition: 0.3s;}#sp-wp-tabs-wrapper_813 > .sp-tab__nav-tabs > .sp-tab__nav-item.show .sp-tab__nav-link,#sp-wp-tabs-wrapper_813 > .sp-tab__nav-tabs > .sp-tab__nav-item .sp-tab__nav-link.sp-tab__active,#sp-wp-tabs-wrapper_813.sp-tab__lay-default .sp-tab__nav-link > .sp-tab__card-header {background-color: #fff;}#sp-tabs-wrapper_813.sp-tab__lay-default > ul .sp-tab__nav-item .sp-tab__nav-link:not(.sp-tab__active):hover,#sp-tabs-wrapper_813.sp-tab__lay-default .sp-tab__tab-content > .sp-tab__tab-pane .sp-tab__card-header:hover {background-color: #fff;}#sp-wp-tabs-wrapper_813.sp-tab__lay-default > ul .sp-tab__nav-item:not(.sp-tab__active):hover,#sp-wp-tabs-wrapper_813.sp-tab__lay-default .sp-tab__nav-link.collapsed > .sp-tab__card-header:hover {background-color: #fff;}#sp-wp-tabs-wrapper_813.sp-tab__lay-default > ul .sp-tab__nav-item:last-child {margin-right: 0;}#sp-wp-tabs-wrapper_813.sp-tab__lay-default > .sp-tab__tab-content .sp-tab__tab-pane {border: 1px solid #cccccc;padding-top: 20px;padding-right: 20px;padding-bottom: 20px;padding-left: 20px;background-color: #ffffff;}#sp-wp-tabs-wrapper_813.sp-tab__lay-default > ul {border-bottom: 1px solid #cccccc;}#sp-wp-tabs-wrapper_813.sp-tab__lay-default > .sp-tab__tab-content .sp-tab__tab-pane {border-top: 0px;}@media(max-width:480px) {#sp-wp-tabs-wrapper_813.sp-tab__lay-default > ul li.sp-tab__nav-item {width: 100%;margin-right: 0px;}#sp-wp-tabs-wrapper_813.sp-tab__lay-default > ul li.sp-tab__nav-item:last-child {margin-bottom: -1px;}}#poststuff h2.sp-tab__section_title_813, h2.sp-tab__section_title_813 ,.editor-styles-wrapper .wp-block h2.sp-tab__section_title_813{margin-bottom: 30px !important;font-weight: 600;font-style: normal;font-size: 28px;line-height: 28px;letter-spacing: 0px;padding: 0;color: #444444;font-family: Open Sans;font-style: 600;font-weight: ;}#sp-wp-tabs-wrapper_813.sp-tab__lay-default > ul .sp-tab__nav-item .sp-tab__tab_title,#sp-wp-tabs-wrapper_813.sp-tab__lay-default span > .sp-tab__card-header {font-weight: 600;font-style: normal;font-size: 16px;line-height: 22px;letter-spacing: 0px;color: #444;margin: 0px;font-family: Open Sans;font-style: normal;font-weight: 600;}#sp-wp-tabs-wrapper_813.sp-tab__lay-default > .sp-tab__tab-content .sp-tab__tab-pane,#sp-wp-tabs-wrapper_813.sp-tab__lay-default > .sp-tab__tab-content .sp-tab__tab-pane p {font-weight: 400;font-style: normal;font-size: 16px;line-height: 24px;letter-spacing: 0px;color: #444;font-family: Open Sans;font-style: 400;font-weight: ;}#sp-wp-tabs-wrapper_813.sp-tab__lay-default > .sp-tab__tab-content .sp-tab__tab-pane ul li a, #sp-wp-tabs-wrapper_813.sp-tab__lay-default .sp-tab__tab-content .sp-tab__tab-pane ol li a {color: #444;}<\/style>\t<h2 class=\"sp-tab__section_title_813\"> Caniveaux d&rsquo;\u00e9vacuation en acier inoxydable mod\u00e8le TYG et TAG<\/h2>\n\t\t\t<div id=\"sp-wp-tabs-wrapper_813\" class=\"sp-tab__lay-default\" data-preloader=\"1\" data-activemode=\"tabs-activator-event-click\" data-anchor_linking=\"1\">\n\t\t\t<div class=\"sp-tab__preloader\">\n\t\t<div class=\"sp-tab__spinner\">\n\t\t\t<div class=\"rect1\"><\/div>\n\t\t\t<div class=\"rect2\"><\/div>\n\t\t\t<div class=\"rect3\"><\/div>\n\t\t\t<div class=\"rect4\"><\/div>\n\t\t\t<div class=\"rect5\"><\/div>\n\t\t<\/div>\n\t<\/div>\n\t<ul class=\"sp-tab__nav sp-tab__nav-tabs\" id=\"sp-tab__ul\" role=\"tablist\">\n\t\t\t\t<li class=\"sp-tab__nav-item\" role=\"presentation\">\n\t\t\t\t<span class=\"sp-tab__nav-link sp-tab__active\" data-sptoggle=\"tab\" for=\"#tab-8131\" role=\"tab\" aria-controls=tab-8131 aria-selected=true tabindex=0>\n\t\t\t\t\t<span class=\"tab_title_area\"><H4 class=\"sp-tab__tab_title\">Informations techniques TYG sortie lat\u00e9rale<\/H4><\/span>\n\t\t\t\t<\/span>\n\t\t\t<\/li>\n\t\t\t\t\t\t<li class=\"sp-tab__nav-item\" role=\"presentation\">\n\t\t\t\t<span class=\"sp-tab__nav-link\" data-sptoggle=\"tab\" for=\"#tab-8132\" role=\"tab\" aria-controls=tab-8132 aria-selected=true tabindex=0>\n\t\t\t\t\t<span class=\"tab_title_area\"><H4 class=\"sp-tab__tab_title\">Informations techniques TAG sortie inf\u00e9rieure<\/H4><\/span>\n\t\t\t\t<\/span>\n\t\t\t<\/li>\n\t\t\t\t\t\t<li class=\"sp-tab__nav-item\" role=\"presentation\">\n\t\t\t\t<span class=\"sp-tab__nav-link\" data-sptoggle=\"tab\" for=\"#tab-8133\" role=\"tab\" aria-controls=tab-8133 aria-selected=true tabindex=0>\n\t\t\t\t\t<span class=\"tab_title_area\"><H4 class=\"sp-tab__tab_title\">Description<\/H4><\/span>\n\t\t\t\t<\/span>\n\t\t\t<\/li>\n\t\t\t<\/ul>\n<div class=\"sp-tab__tab-content\">\n\t\t\t\t<div id=\"tab-8131\" class=\"sp-tab__tab-pane sp-tab__show sp-tab__active\" role=\"tabpanel\">\n\t\t\t\t\t<div class=\"sp-tab-content animated fadeIn\"><p><a href=\"\/ma\/?pdfemb-serveurl=https%3A%2F%2Fcaniveaux-industriel-inox.com%2Fma%2Fwp-content%2Fuploads%2Fsecurepdfs%2F2021%2F01%2FTYG-300-R.pdf\" class=\"pdfemb-viewer\" style=\"width: 1278px; \" data-width=\"1278\" data-height=\"max\" data-mobile-width=\"500\"  data-scrollbar=\"none\" data-download=\"off\" data-tracking=\"on\" data-newwindow=\"on\" data-pagetextbox=\"off\" data-scrolltotop=\"off\" data-startzoom=\"100\" data-startfpzoom=\"100\" data-download-nonce=\"cd440a02d0\" data-disablerightclick=\"on\" data-toolbar=\"bottom\" data-toolbar-fixed=\"off\">TYG-300-R<br\/><\/a> <a href=\"\/ma\/?pdfemb-serveurl=https%3A%2F%2Fcaniveaux-industriel-inox.com%2Fma%2Fwp-content%2Fuploads%2Fsecurepdfs%2F2021%2F01%2FTYG-400-R.pdf\" class=\"pdfemb-viewer\" style=\"width: 1278px; \" data-width=\"1278\" data-height=\"max\" data-mobile-width=\"500\"  data-scrollbar=\"none\" data-download=\"off\" data-tracking=\"on\" data-newwindow=\"on\" data-pagetextbox=\"off\" data-scrolltotop=\"off\" data-startzoom=\"100\" data-startfpzoom=\"100\" data-download-nonce=\"087dba7808\" data-disablerightclick=\"on\" data-toolbar=\"bottom\" data-toolbar-fixed=\"off\">TYG-400-R<br\/><\/a><\/p>\n<\/div>\n\t\t\t\t<\/div>\n\t\t\t\t\t\t\t\t<div id=\"tab-8132\" class=\"sp-tab__tab-pane \" role=\"tabpanel\">\n\t\t\t\t\t<div class=\"sp-tab-content animated fadeIn\"><p><a href=\"\/ma\/?pdfemb-serveurl=https%3A%2F%2Fcaniveaux-industriel-inox.com%2Fma%2Fwp-content%2Fuploads%2Fsecurepdfs%2F2021%2F01%2FTAG-300-R.pdf\" class=\"pdfemb-viewer\" style=\"width: 1278px; \" data-width=\"1278\" data-height=\"max\" data-mobile-width=\"500\"  data-scrollbar=\"none\" data-download=\"off\" data-tracking=\"on\" data-newwindow=\"on\" data-pagetextbox=\"off\" data-scrolltotop=\"off\" data-startzoom=\"100\" data-startfpzoom=\"100\" data-download-nonce=\"cd4194485c\" data-disablerightclick=\"on\" data-toolbar=\"bottom\" data-toolbar-fixed=\"off\">TAG-300-R<br\/><\/a> <a href=\"\/ma\/?pdfemb-serveurl=https%3A%2F%2Fcaniveaux-industriel-inox.com%2Fma%2Fwp-content%2Fuploads%2Fsecurepdfs%2F2021%2F01%2FTAG-400-R.pdf\" class=\"pdfemb-viewer\" style=\"width: 1278px; \" data-width=\"1278\" data-height=\"max\" data-mobile-width=\"500\"  data-scrollbar=\"none\" data-download=\"off\" data-tracking=\"on\" data-newwindow=\"on\" data-pagetextbox=\"off\" data-scrolltotop=\"off\" data-startzoom=\"100\" data-startfpzoom=\"100\" data-download-nonce=\"571be928c8\" data-disablerightclick=\"on\" data-toolbar=\"bottom\" data-toolbar-fixed=\"off\">TAG-400-R<br\/><\/a><\/p>\n<\/div>\n\t\t\t\t<\/div>\n\t\t\t\t\t\t\t\t<div id=\"tab-8133\" class=\"sp-tab__tab-pane \" role=\"tabpanel\">\n\t\t\t\t\t<div class=\"sp-tab-content animated fadeIn\"><p><strong>Charge industrielle lourde<\/strong><br \/>\nClasse B125 charge lourde jusqu'\u00e0 12 500 kg.<br \/>\nClasse C250 charge lourde jusqu'\u00e0 25 000 kg.<br \/>\nClasse D400 charge lourde jusqu'\u00e0 40 000 kg.<br \/>\nClasse E600 charge lourde jusqu'\u00e0 60 000 kg.<\/p>\n<p>Halls d'usine, ateliers, espaces de production, transformation de la viande, transformation du poisson, boulangeries et brasseries.<br \/>\nLes lames des grilles sont soud\u00e9es en haut et en bas, ce qui emp\u00eache toute d\u00e9formation des lames.<\/p>\n<hr \/>\n<p><strong>DIFF\u00c9RENTS TYPES DE GRILLES<\/strong><br \/>\nDes grilles en nid d'abeille sont standardement utilis\u00e9es dans les caniveaux de drainage.<br \/>\nCependant, si demand\u00e9, cela est d\u00e9crit dans le menu \"<a href=\"https:\/\/caniveaux-industriel-inox.com\/ma\/grilles-en-acier-inoxydable\/\">Grilles en acier inoxydable<\/a>\".<br \/>\nChaque type des grilles d\u00e9crites peut \u00eatre utilis\u00e9.<\/p>\n<hr \/>\n<p><strong>FONCTIONS OPTIONNELLES<\/strong><\/p>\n<p><strong>QUALIT\u00c9<\/strong><br \/>\nProduction en acier inoxydable AISI 316.<br \/>\nIl est enti\u00e8rement fabriqu\u00e9 en t\u00f4le d'acier inoxydable 18\/10 Cr\/Ni (qualit\u00e9 AISI 304).<br \/>\nSi vous le souhaitez, il peut \u00eatre enti\u00e8rement fabriqu\u00e9 en t\u00f4le d'acier inoxydable AISI 316.<\/p>\n<p><strong>PRODUCTION EN DIMENSIONS SP\u00c9CIALES<\/strong><br \/>\nLorsque des produits de diff\u00e9rentes tailles sont demand\u00e9s, des dimensions sp\u00e9ciales peuvent \u00eatre produites.<\/p>\n<p><strong>LONGUEUR DE TUYAU D'\u00c9VACUATION<\/strong><br \/>\nLes longueurs standard des tuyaux d'\u00e9vacuation sont indiqu\u00e9es sur le dessin technique. Si n\u00e9cessaire, la longueur du tuyau d'\u00e9vacuation peut \u00eatre prolong\u00e9e selon les besoins.<\/p>\n<p><strong>RACCORDS SUPPL\u00c9MENTAIRES<\/strong><br \/>\nDes conduites d'approvisionnement peuvent \u00eatre ajout\u00e9es sur le c\u00f4t\u00e9, permettant aux appareils avec des \u00e9vacuations p\u00e9riph\u00e9riques de se connecter directement \u00e0 l'\u00e9vacuation du sol via un raccord de tuyau.<\/p>\n<p><strong>SYPHON R\u00c9GLABLE<\/strong><br \/>\nPar d\u00e9faut, tous les drains de sol sont produits avec un siphon fixe. Cependant, les drains de sol et les siphons peuvent \u00eatre ajustables, dans les cas o\u00f9 l'utilisation d'une trappe de siphon n'est pas souhait\u00e9e en raison de la condition du sol ou pour une autre raison.<\/p>\n<p><strong>MAT\u00c9RIAU DE REMPLISSAGE DE PROFIL SUPPL\u00c9MENTAIRE<\/strong><br \/>\nPour faciliter le montage et augmenter la durabilit\u00e9 du profil sup\u00e9rieur, un profil de remplissage en PVC ou en acier inoxydable peut \u00eatre utilis\u00e9.<\/p>\n<\/div>\n\t\t\t\t<\/div>\n\t\t\t\t<\/div>\n\t\t<\/div>\n\t\t[\/et_pb_code][\/et_pb_column][\/et_pb_row][\/et_pb_section]<\/p>\n","protected":false},"excerpt":{"rendered":"\t<h2 class=\"sp-tab__section_title_813\"> Caniveaux d&rsquo;\u00e9vacuation en acier inoxydable mod\u00e8le TYG et TAG<\/h2>\n\t\t\t<div id=\"sp-wp-tabs-wrapper_813\" class=\"sp-tab__lay-default\" data-preloader=\"1\" data-activemode=\"tabs-activator-event-click\" data-anchor_linking=\"1\">\n\t\t\t<div class=\"sp-tab__preloader\">\n\t\t<div class=\"sp-tab__spinner\">\n\t\t\t<div class=\"rect1\"><\/div>\n\t\t\t<div class=\"rect2\"><\/div>\n\t\t\t<div class=\"rect3\"><\/div>\n\t\t\t<div class=\"rect4\"><\/div>\n\t\t\t<div class=\"rect5\"><\/div>\n\t\t<\/div>\n\t<\/div>\n\t<ul class=\"sp-tab__nav sp-tab__nav-tabs\" id=\"sp-tab__ul\" role=\"tablist\">\n\t\t\t\t<li class=\"sp-tab__nav-item\" role=\"presentation\">\n\t\t\t\t<span class=\"sp-tab__nav-link sp-tab__active\" data-sptoggle=\"tab\" for=\"#tab-8131\" role=\"tab\" aria-controls=tab-8131 aria-selected=true tabindex=0>\n\t\t\t\t\t<span class=\"tab_title_area\"><H4 class=\"sp-tab__tab_title\">Informations techniques TYG sortie lat\u00e9rale<\/H4><\/span>\n\t\t\t\t<\/span>\n\t\t\t<\/li>\n\t\t\t\t\t\t<li class=\"sp-tab__nav-item\" role=\"presentation\">\n\t\t\t\t<span class=\"sp-tab__nav-link\" data-sptoggle=\"tab\" for=\"#tab-8132\" role=\"tab\" aria-controls=tab-8132 aria-selected=true tabindex=0>\n\t\t\t\t\t<span class=\"tab_title_area\"><H4 class=\"sp-tab__tab_title\">Informations techniques TAG sortie inf\u00e9rieure<\/H4><\/span>\n\t\t\t\t<\/span>\n\t\t\t<\/li>\n\t\t\t\t\t\t<li class=\"sp-tab__nav-item\" role=\"presentation\">\n\t\t\t\t<span class=\"sp-tab__nav-link\" data-sptoggle=\"tab\" for=\"#tab-8133\" role=\"tab\" aria-controls=tab-8133 aria-selected=true tabindex=0>\n\t\t\t\t\t<span class=\"tab_title_area\"><H4 class=\"sp-tab__tab_title\">Description<\/H4><\/span>\n\t\t\t\t<\/span>\n\t\t\t<\/li>\n\t\t\t<\/ul>\n<div class=\"sp-tab__tab-content\">\n\t\t\t\t<div id=\"tab-8131\" class=\"sp-tab__tab-pane sp-tab__show sp-tab__active\" role=\"tabpanel\">\n\t\t\t\t\t<div class=\"sp-tab-content animated fadeIn\"><p><a href=\"\/ma\/?pdfemb-serveurl=https%3A%2F%2Fcaniveaux-industriel-inox.com%2Fma%2Fwp-content%2Fuploads%2Fsecurepdfs%2F2021%2F01%2FTYG-300-R.pdf\" class=\"pdfemb-viewer\" style=\"width: 1278px; \" data-width=\"1278\" data-height=\"max\" data-mobile-width=\"500\"  data-scrollbar=\"none\" data-download=\"off\" data-tracking=\"on\" data-newwindow=\"on\" data-pagetextbox=\"off\" data-scrolltotop=\"off\" data-startzoom=\"100\" data-startfpzoom=\"100\" data-download-nonce=\"cd440a02d0\" data-disablerightclick=\"on\" data-toolbar=\"bottom\" data-toolbar-fixed=\"off\">TYG-300-R<br\/><\/a> <a href=\"\/ma\/?pdfemb-serveurl=https%3A%2F%2Fcaniveaux-industriel-inox.com%2Fma%2Fwp-content%2Fuploads%2Fsecurepdfs%2F2021%2F01%2FTYG-400-R.pdf\" class=\"pdfemb-viewer\" style=\"width: 1278px; \" data-width=\"1278\" data-height=\"max\" data-mobile-width=\"500\"  data-scrollbar=\"none\" data-download=\"off\" data-tracking=\"on\" data-newwindow=\"on\" data-pagetextbox=\"off\" data-scrolltotop=\"off\" data-startzoom=\"100\" data-startfpzoom=\"100\" data-download-nonce=\"087dba7808\" data-disablerightclick=\"on\" data-toolbar=\"bottom\" data-toolbar-fixed=\"off\">TYG-400-R<br\/><\/a><\/p>\n<\/div>\n\t\t\t\t<\/div>\n\t\t\t\t\t\t\t\t<div id=\"tab-8132\" class=\"sp-tab__tab-pane \" role=\"tabpanel\">\n\t\t\t\t\t<div class=\"sp-tab-content animated fadeIn\"><p><a href=\"\/ma\/?pdfemb-serveurl=https%3A%2F%2Fcaniveaux-industriel-inox.com%2Fma%2Fwp-content%2Fuploads%2Fsecurepdfs%2F2021%2F01%2FTAG-300-R.pdf\" class=\"pdfemb-viewer\" style=\"width: 1278px; \" data-width=\"1278\" data-height=\"max\" data-mobile-width=\"500\"  data-scrollbar=\"none\" data-download=\"off\" data-tracking=\"on\" data-newwindow=\"on\" data-pagetextbox=\"off\" data-scrolltotop=\"off\" data-startzoom=\"100\" data-startfpzoom=\"100\" data-download-nonce=\"cd4194485c\" data-disablerightclick=\"on\" data-toolbar=\"bottom\" data-toolbar-fixed=\"off\">TAG-300-R<br\/><\/a> <a href=\"\/ma\/?pdfemb-serveurl=https%3A%2F%2Fcaniveaux-industriel-inox.com%2Fma%2Fwp-content%2Fuploads%2Fsecurepdfs%2F2021%2F01%2FTAG-400-R.pdf\" class=\"pdfemb-viewer\" style=\"width: 1278px; \" data-width=\"1278\" data-height=\"max\" data-mobile-width=\"500\"  data-scrollbar=\"none\" data-download=\"off\" data-tracking=\"on\" data-newwindow=\"on\" data-pagetextbox=\"off\" data-scrolltotop=\"off\" data-startzoom=\"100\" data-startfpzoom=\"100\" data-download-nonce=\"571be928c8\" data-disablerightclick=\"on\" data-toolbar=\"bottom\" data-toolbar-fixed=\"off\">TAG-400-R<br\/><\/a><\/p>\n<\/div>\n\t\t\t\t<\/div>\n\t\t\t\t\t\t\t\t<div id=\"tab-8133\" class=\"sp-tab__tab-pane \" role=\"tabpanel\">\n\t\t\t\t\t<div class=\"sp-tab-content animated fadeIn\"><p><strong>Charge industrielle lourde<\/strong><br \/>\nClasse B125 charge lourde jusqu'\u00e0 12 500 kg.<br \/>\nClasse C250 charge lourde jusqu'\u00e0 25 000 kg.<br \/>\nClasse D400 charge lourde jusqu'\u00e0 40 000 kg.<br \/>\nClasse E600 charge lourde jusqu'\u00e0 60 000 kg.<\/p>\n<p>Halls d'usine, ateliers, espaces de production, transformation de la viande, transformation du poisson, boulangeries et brasseries.<br \/>\nLes lames des grilles sont soud\u00e9es en haut et en bas, ce qui emp\u00eache toute d\u00e9formation des lames.<\/p>\n<hr \/>\n<p><strong>DIFF\u00c9RENTS TYPES DE GRILLES<\/strong><br \/>\nDes grilles en nid d'abeille sont standardement utilis\u00e9es dans les caniveaux de drainage.<br \/>\nCependant, si demand\u00e9, cela est d\u00e9crit dans le menu \"<a href=\"https:\/\/caniveaux-industriel-inox.com\/ma\/grilles-en-acier-inoxydable\/\">Grilles en acier inoxydable<\/a>\".<br \/>\nChaque type des grilles d\u00e9crites peut \u00eatre utilis\u00e9.<\/p>\n<hr \/>\n<p><strong>FONCTIONS OPTIONNELLES<\/strong><\/p>\n<p><strong>QUALIT\u00c9<\/strong><br \/>\nProduction en acier inoxydable AISI 316.<br \/>\nIl est enti\u00e8rement fabriqu\u00e9 en t\u00f4le d'acier inoxydable 18\/10 Cr\/Ni (qualit\u00e9 AISI 304).<br \/>\nSi vous le souhaitez, il peut \u00eatre enti\u00e8rement fabriqu\u00e9 en t\u00f4le d'acier inoxydable AISI 316.<\/p>\n<p><strong>PRODUCTION EN DIMENSIONS SP\u00c9CIALES<\/strong><br \/>\nLorsque des produits de diff\u00e9rentes tailles sont demand\u00e9s, des dimensions sp\u00e9ciales peuvent \u00eatre produites.<\/p>\n<p><strong>LONGUEUR DE TUYAU D'\u00c9VACUATION<\/strong><br \/>\nLes longueurs standard des tuyaux d'\u00e9vacuation sont indiqu\u00e9es sur le dessin technique. Si n\u00e9cessaire, la longueur du tuyau d'\u00e9vacuation peut \u00eatre prolong\u00e9e selon les besoins.<\/p>\n<p><strong>RACCORDS SUPPL\u00c9MENTAIRES<\/strong><br \/>\nDes conduites d'approvisionnement peuvent \u00eatre ajout\u00e9es sur le c\u00f4t\u00e9, permettant aux appareils avec des \u00e9vacuations p\u00e9riph\u00e9riques de se connecter directement \u00e0 l'\u00e9vacuation du sol via un raccord de tuyau.<\/p>\n<p><strong>SYPHON R\u00c9GLABLE<\/strong><br \/>\nPar d\u00e9faut, tous les drains de sol sont produits avec un siphon fixe. Cependant, les drains de sol et les siphons peuvent \u00eatre ajustables, dans les cas o\u00f9 l'utilisation d'une trappe de siphon n'est pas souhait\u00e9e en raison de la condition du sol ou pour une autre raison.<\/p>\n<p><strong>MAT\u00c9RIAU DE REMPLISSAGE DE PROFIL SUPPL\u00c9MENTAIRE<\/strong><br \/>\nPour faciliter le montage et augmenter la durabilit\u00e9 du profil sup\u00e9rieur, un profil de remplissage en PVC ou en acier inoxydable peut \u00eatre utilis\u00e9.<\/p>\n<\/div>\n\t\t\t\t<\/div>\n\t\t\t\t<\/div>\n\t\t<\/div>\n\t\t\n","protected":false},"author":3,"featured_media":0,"parent":0,"menu_order":0,"comment_status":"closed","ping_status":"closed","template":"","meta":{"_et_pb_use_builder":"on","_et_pb_old_content":"","_et_gb_content_width":"","_monsterinsights_skip_tracking":false,"_monsterinsights_sitenote_active":false,"_monsterinsights_sitenote_note":"","_monsterinsights_sitenote_category":0,"footnotes":""},"class_list":["post-814","page","type-page","status-publish","hentry"],"_links":{"self":[{"href":"https:\/\/caniveaux-industriel-inox.com\/ma\/wp-json\/wp\/v2\/pages\/814","targetHints":{"allow":["GET"]}}],"collection":[{"href":"https:\/\/caniveaux-industriel-inox.com\/ma\/wp-json\/wp\/v2\/pages"}],"about":[{"href":"https:\/\/caniveaux-industriel-inox.com\/ma\/wp-json\/wp\/v2\/types\/page"}],"author":[{"embeddable":true,"href":"https:\/\/caniveaux-industriel-inox.com\/ma\/wp-json\/wp\/v2\/users\/3"}],"replies":[{"embeddable":true,"href":"https:\/\/caniveaux-industriel-inox.com\/ma\/wp-json\/wp\/v2\/comments?post=814"}],"version-history":[{"count":0,"href":"https:\/\/caniveaux-industriel-inox.com\/ma\/wp-json\/wp\/v2\/pages\/814\/revisions"}],"wp:attachment":[{"href":"https:\/\/caniveaux-industriel-inox.com\/ma\/wp-json\/wp\/v2\/media?parent=814"}],"curies":[{"name":"wp","href":"https:\/\/api.w.org\/{rel}","templated":true}]}}