{"id":562,"date":"2020-12-10T16:17:24","date_gmt":"2020-12-10T16:17:24","guid":{"rendered":"https:\/\/dev.joomlaworks.nl\/?page_id=562"},"modified":"2026-04-13T13:24:50","modified_gmt":"2026-04-13T11:24:50","slug":"contact","status":"publish","type":"page","link":"https:\/\/caniveaux-industriel-inox.com\/ma\/contact\/","title":{"rendered":"Contact"},"content":{"rendered":"<p>[et_pb_section fb_built=\u00a0\u00bb1&Prime; _builder_version=\u00a0\u00bb4.16&Prime; _module_preset=\u00a0\u00bbdefault\u00a0\u00bb background_color=\u00a0\u00bb#ececec\u00a0\u00bb global_colors_info=\u00a0\u00bb{}\u00a0\u00bb][et_pb_row column_structure=\u00a0\u00bb1_2,1_2&Prime; _builder_version=\u00a0\u00bb4.21.0&Prime; _module_preset=\u00a0\u00bbdefault\u00a0\u00bb background_color=\u00a0\u00bb#ffffff\u00a0\u00bb width_tablet=\u00a0\u00bb\u00a0\u00bb width_phone=\u00a0\u00bb90%\u00a0\u00bb width_last_edited=\u00a0\u00bbon|phone\u00a0\u00bb max_width=\u00a0\u00bbnone\u00a0\u00bb global_colors_info=\u00a0\u00bb{}\u00a0\u00bb][et_pb_column type=\u00a0\u00bb1_2&Prime; _builder_version=\u00a0\u00bb4.16&Prime; _module_preset=\u00a0\u00bbdefault\u00a0\u00bb global_colors_info=\u00a0\u00bb{}\u00a0\u00bb][et_pb_text _builder_version=\u00a0\u00bb4.27.6&Prime; _module_preset=\u00a0\u00bbdefault\u00a0\u00bb header_4_line_height=\u00a0\u00bb1.7em\u00a0\u00bb custom_padding=\u00a0\u00bb|32px||32px|false|true\u00a0\u00bb hover_enabled=\u00a0\u00bb0&Prime; header_2_font_size_tablet=\u00a0\u00bb\u00a0\u00bb header_2_font_size_phone=\u00a0\u00bb18px\u00a0\u00bb header_2_font_size_last_edited=\u00a0\u00bbon|phone\u00a0\u00bb global_colors_info=\u00a0\u00bb{}\u00a0\u00bb sticky_enabled=\u00a0\u00bb0&Prime;]<\/p>\n<h2><strong>Contactez-nous<\/strong><\/h2>\n<h4><span><span style=\"color: #000000;\">Notre \u00e9quipe est \u00e0 votre disposition pour vous et vos questions. Donc, si vous souhaitez en savoir plus sur nous, notre entreprise ou des solutions sur mesure : nous sommes l\u00e0 pour vous. <\/span><\/span><\/h4>\n<h4><span style=\"color: #000000;\">Vous pouvez toujours nous appeler au <strong>num\u00e9ro de t\u00e9l\u00e9phone :\u00a0<\/strong><a href=\"tel:00212775524345\" style=\"font-size: 18px; color: #0073aa; text-decoration: none;\">+212 (0) 775 52 43 45<\/a>, ou vous pouvez nous envoyer un e-mail avec vos coordonn\u00e9es et votre question.<\/span><\/h4>\n<h4><span><span style=\"color: #000000;\">Nous vous contacterons d\u00e8s que possible.<\/span><\/span><\/h4>\n<p>[\/et_pb_text][et_pb_text _builder_version=\u00a0\u00bb4.27.6&Prime; _module_preset=\u00a0\u00bbdefault\u00a0\u00bb header_4_line_height=\u00a0\u00bb1.7em\u00a0\u00bb custom_padding=\u00a0\u00bb|32px||32px|false|true\u00a0\u00bb header_2_font_size_tablet=\u00a0\u00bb\u00a0\u00bb header_2_font_size_phone=\u00a0\u00bb18px\u00a0\u00bb header_2_font_size_last_edited=\u00a0\u00bbon|phone\u00a0\u00bb global_colors_info=\u00a0\u00bb{}\u00a0\u00bb]<\/p>\n<h4><span>Vous avez des questions, souhaitez obtenir plus d\u2019informations ou demander un devis ?<br \/>N\u2019h\u00e9sitez pas \u00e0 nous contacter par e-mail. Nous vous r\u00e9pondrons dans les plus brefs d\u00e9lais.<\/span><\/h4>\n<div style=\"margin: 30px 0; padding: 20px; background: #f5f5f5; border-radius: 8px;\"><strong>E-mail:<\/strong><a href=\"mailto:info@caniveaux-industriel-inox.com\" style=\"font-size: 18px; color: #0073aa; text-decoration: none;\"> info@caniveaux-industriel-inox.com<\/a><\/div>\n<h4><span>Nous nous effor\u00e7ons de r\u00e9pondre \u00e0 votre message dans un d\u00e9lai de 24 heures.<\/span><\/h4>\n<p>&nbsp;<\/p>\n<p>[\/et_pb_text][\/et_pb_column][et_pb_column type=\u00a0\u00bb1_2&Prime; _builder_version=\u00a0\u00bb4.16&Prime; _module_preset=\u00a0\u00bbdefault\u00a0\u00bb global_colors_info=\u00a0\u00bb{}\u00a0\u00bb][et_pb_text _builder_version=\u00a0\u00bb4.27.6&Prime; _module_preset=\u00a0\u00bbdefault\u00a0\u00bb header_4_line_height=\u00a0\u00bb1.7em\u00a0\u00bb header_5_line_height=\u00a0\u00bb1.7em\u00a0\u00bb custom_padding=\u00a0\u00bb|25px||25px|false|true\u00a0\u00bb hover_enabled=\u00a0\u00bb0&Prime; global_colors_info=\u00a0\u00bb{}\u00a0\u00bb sticky_enabled=\u00a0\u00bb0&Prime;]<\/p>\n<h5><strong><img loading=\"lazy\" decoding=\"async\" src=\"https:\/\/caniveaux-industriel-inox.com\/ma\/wp-content\/uploads\/2023\/06\/Custom-product.png\" width=\"570\" height=\"345\" alt=\"\" class=\"wp-image-4925 alignnone size-full\" srcset=\"https:\/\/caniveaux-industriel-inox.com\/ma\/wp-content\/uploads\/2023\/06\/Custom-product.png 570w, https:\/\/caniveaux-industriel-inox.com\/ma\/wp-content\/uploads\/2023\/06\/Custom-product-480x291.png 480w\" sizes=\"(min-width: 0px) and (max-width: 480px) 480px, (min-width: 481px) 570px, 100vw\" \/><\/strong><\/h5>\n<div style=\"margin: 30px 0; padding: 20px; background: #f5f5f5; border-radius: 8px;\">\n<p><strong>Personne de contact: <\/strong>Naima Elmoufi<\/p>\n<p><strong>Adresse:<\/strong><a href=\"https:\/\/maps.app.goo.gl\/DHnQq1ipRPxEN7mB9?g_st=aw\" style=\"font-size: 18px; color: #0073aa; text-decoration: none;\" rel=\"noopener\"> Lotissement Annakhil Lot.1 &#8211; Immeuble Global Business Center 1er Etg. N\u00b05 &#8211; Ain Sebaa Casablanca<br \/><\/a><strong><\/strong><\/p>\n<h4><\/h4>\n<p><strong>T\u00e9l\u00e9phone:<\/strong><a href=\"tel:00212775524345\" style=\"font-size: 18px; color: #0073aa; text-decoration: none;\"> +212 (0) 775 52 43 45<br \/><\/a><strong><\/strong><\/p>\n<p><strong>E-mail:<\/strong><a href=\"mailto:info@caniveaux-industriel-inox.com\" style=\"font-size: 18px; color: #0073aa; text-decoration: none;\"> info@caniveaux-industriel-inox.com<br \/><\/a><\/p>\n<\/div>\n<p>[\/et_pb_text][et_pb_text _builder_version=\u00a0\u00bb4.22.0&Prime; _module_preset=\u00a0\u00bbdefault\u00a0\u00bb header_4_line_height=\u00a0\u00bb1.7em\u00a0\u00bb header_5_line_height=\u00a0\u00bb1.7em\u00a0\u00bb custom_padding=\u00a0\u00bb|28px|0px|28px|false|true\u00a0\u00bb global_colors_info=\u00a0\u00bb{}\u00a0\u00bb]<\/p>\n<h4><strong>Notre mission <\/strong><\/h4>\n<h4><span>La t\u00e2che principale de Fenicrom est de concevoir, produire et commercialiser des produits tels que des caniveaux en acier inoxydable, des \u00e9vacuations de sol en acier inoxydable, des couvercles de regard, en tant que produits concurrentiels au niveau mondial, conform\u00e9ment aux attentes des clients.<\/span><\/h4>\n<p>[\/et_pb_text][\/et_pb_column][\/et_pb_row][\/et_pb_section]<\/p>\n","protected":false},"excerpt":{"rendered":"<p>Contactez-nous Notre \u00e9quipe est \u00e0 votre disposition pour vous et vos questions. Donc, si vous souhaitez en savoir plus sur nous, notre entreprise ou des solutions sur mesure : nous sommes l\u00e0 pour vous. Vous pouvez toujours nous appeler au num\u00e9ro de t\u00e9l\u00e9phone :\u00a0+212 (0) 775 52 43 45, ou vous pouvez nous envoyer un [&hellip;]<\/p>\n","protected":false},"author":3,"featured_media":0,"parent":0,"menu_order":0,"comment_status":"closed","ping_status":"closed","template":"","meta":{"_et_pb_use_builder":"on","_et_pb_old_content":"<!-- wp:divi\/placeholder \/-->","_et_gb_content_width":"","_monsterinsights_skip_tracking":false,"_monsterinsights_sitenote_active":false,"_monsterinsights_sitenote_note":"","_monsterinsights_sitenote_category":0,"footnotes":""},"class_list":["post-562","page","type-page","status-publish","hentry"],"_links":{"self":[{"href":"https:\/\/caniveaux-industriel-inox.com\/ma\/wp-json\/wp\/v2\/pages\/562","targetHints":{"allow":["GET"]}}],"collection":[{"href":"https:\/\/caniveaux-industriel-inox.com\/ma\/wp-json\/wp\/v2\/pages"}],"about":[{"href":"https:\/\/caniveaux-industriel-inox.com\/ma\/wp-json\/wp\/v2\/types\/page"}],"author":[{"embeddable":true,"href":"https:\/\/caniveaux-industriel-inox.com\/ma\/wp-json\/wp\/v2\/users\/3"}],"replies":[{"embeddable":true,"href":"https:\/\/caniveaux-industriel-inox.com\/ma\/wp-json\/wp\/v2\/comments?post=562"}],"version-history":[{"count":3,"href":"https:\/\/caniveaux-industriel-inox.com\/ma\/wp-json\/wp\/v2\/pages\/562\/revisions"}],"predecessor-version":[{"id":6803,"href":"https:\/\/caniveaux-industriel-inox.com\/ma\/wp-json\/wp\/v2\/pages\/562\/revisions\/6803"}],"wp:attachment":[{"href":"https:\/\/caniveaux-industriel-inox.com\/ma\/wp-json\/wp\/v2\/media?parent=562"}],"curies":[{"name":"wp","href":"https:\/\/api.w.org\/{rel}","templated":true}]}}