{"id":558,"date":"2020-12-10T16:16:24","date_gmt":"2020-12-10T16:16:24","guid":{"rendered":"https:\/\/dev.joomlaworks.nl\/?page_id=558"},"modified":"2026-04-14T11:24:17","modified_gmt":"2026-04-14T09:24:17","slug":"demander-un-devis","status":"publish","type":"page","link":"https:\/\/caniveaux-industriel-inox.com\/ma\/demander-un-devis\/","title":{"rendered":"Demander un devis"},"content":{"rendered":"<p>[et_pb_section fb_built=\u00a0\u00bb1&Prime; _builder_version=\u00a0\u00bb4.16&Prime; _module_preset=\u00a0\u00bbdefault\u00a0\u00bb background_color=\u00a0\u00bb#ececec\u00a0\u00bb custom_padding=\u00a0\u00bb||0px|||\u00a0\u00bb global_colors_info=\u00a0\u00bb{}\u00a0\u00bb][et_pb_row _builder_version=\u00a0\u00bb4.16&Prime; _module_preset=\u00a0\u00bbdefault\u00a0\u00bb background_color=\u00a0\u00bb#ffffff\u00a0\u00bb global_colors_info=\u00a0\u00bb{}\u00a0\u00bb][et_pb_column type=\u00a0\u00bb4_4&Prime; _builder_version=\u00a0\u00bb4.16&Prime; _module_preset=\u00a0\u00bbdefault\u00a0\u00bb global_colors_info=\u00a0\u00bb{}\u00a0\u00bb][et_pb_text _builder_version=\u00a0\u00bb4.27.6&Prime; _module_preset=\u00a0\u00bbdefault\u00a0\u00bb header_3_text_color=\u00a0\u00bb#000000&Prime; header_3_line_height=\u00a0\u00bb1.4em\u00a0\u00bb custom_margin=\u00a0\u00bb||3px|||\u00a0\u00bb custom_padding=\u00a0\u00bb|10px||10px|false|false\u00a0\u00bb hover_enabled=\u00a0\u00bb0&Prime; header_3_font_size_tablet=\u00a0\u00bb\u00a0\u00bb header_3_font_size_phone=\u00a0\u00bb18px\u00a0\u00bb header_3_font_size_last_edited=\u00a0\u00bbon|phone\u00a0\u00bb global_colors_info=\u00a0\u00bb{}\u00a0\u00bb sticky_enabled=\u00a0\u00bb0&Prime;]<\/p>\n<section style=\"max-width: 800px; margin: auto; font-family: Arial, sans-serif; line-height: 1.6; color: #333;\">\n<h2 style=\"text-align: center;\">Demander un devis<\/h2>\n<p>Nous r\u00e9alisons vos projets en tant que solution compl\u00e8te cl\u00e9 en main.<\/p>\n<h3>Notre expertise<\/h3>\n<ul>\n<li>Projets<\/li>\n<li>Productions sp\u00e9ciales<\/li>\n<li>Rev\u00eatements de sol industriels<\/li>\n<\/ul>\n<p><strong>Nous servons des clients dans le monde entier et traitons des demandes \u00e0 l\u2019\u00e9chelle internationale.<\/strong><\/p>\n<h3>Pour recevoir un devis pr\u00e9cis, veuillez fournir :<\/h3>\n<ul>\n<li>Type et dimensions<\/li>\n<li>Exigences de charge (normale ou lourde)<\/li>\n<li>Sp\u00e9cifications de sortie (diam\u00e8tre et direction)<\/li>\n<\/ul>\n<p>Vous pouvez \u00e9galement envoyer des informations suppl\u00e9mentaires par e-mail : <a href=\"mailto:info@caniveaux-industriel-inox.com\">info@caniveaux-industriel-inox.com<\/a><\/p>\n<p>Envoyez-nous vos informations par e-mail, et nous vous contacterons peu apr\u00e8s avoir examin\u00e9 votre demande.<\/p>\n<p>Souhaitez-vous recevoir un devis ou avez-vous besoin de plus d\u2019informations ?<br \/>N\u2019h\u00e9sitez pas \u00e0 nous contacter par e-mail \u2014 nous vous r\u00e9pondrons dans les plus brefs d\u00e9lais.<\/p>\n<div style=\"margin: 20px 0; padding: 15px; background-color: #f2f2f2; border-radius: 6px;\"><strong>E-mail : <\/strong><a href=\"mailto:info@caniveaux-industriel-inox.com\">info@caniveaux-industriel-inox.com<\/a><\/div>\n<p style=\"font-size: 14px; color: #666;\">Nous nous effor\u00e7ons de r\u00e9pondre \u00e0 toutes les demandes dans les 24 heures.<\/p>\n<\/section>\n<p>[\/et_pb_text][\/et_pb_column][\/et_pb_row][\/et_pb_section][et_pb_section fb_built=\u00a0\u00bb1&Prime; _builder_version=\u00a0\u00bb4.16&Prime; _module_preset=\u00a0\u00bbdefault\u00a0\u00bb background_color=\u00a0\u00bb#ececec\u00a0\u00bb custom_padding=\u00a0\u00bb0px||52px|||\u00a0\u00bb global_colors_info=\u00a0\u00bb{}\u00a0\u00bb][et_pb_row _builder_version=\u00a0\u00bb4.16&Prime; _module_preset=\u00a0\u00bbdefault\u00a0\u00bb background_color=\u00a0\u00bb#ffffff\u00a0\u00bb custom_margin=\u00a0\u00bb-82px|auto||auto||\u00a0\u00bb custom_padding=\u00a0\u00bb||8px|||\u00a0\u00bb global_colors_info=\u00a0\u00bb{}\u00a0\u00bb][et_pb_column type=\u00a0\u00bb4_4&Prime; _builder_version=\u00a0\u00bb4.16&Prime; _module_preset=\u00a0\u00bbdefault\u00a0\u00bb global_colors_info=\u00a0\u00bb{}\u00a0\u00bb][\/et_pb_column][\/et_pb_row][\/et_pb_section]<\/p>\n","protected":false},"excerpt":{"rendered":"<p>Demander un devis Nous r\u00e9alisons vos projets en tant que solution compl\u00e8te cl\u00e9 en main. Notre expertise Projets Productions sp\u00e9ciales Rev\u00eatements de sol industriels Nous servons des clients dans le monde entier et traitons des demandes \u00e0 l\u2019\u00e9chelle internationale. Pour recevoir un devis pr\u00e9cis, veuillez fournir : Type et dimensions Exigences de charge (normale ou [&hellip;]<\/p>\n","protected":false},"author":3,"featured_media":0,"parent":0,"menu_order":0,"comment_status":"closed","ping_status":"closed","template":"","meta":{"_et_pb_use_builder":"on","_et_pb_old_content":"<!-- wp:divi\/placeholder \/-->","_et_gb_content_width":"","_monsterinsights_skip_tracking":false,"_monsterinsights_sitenote_active":false,"_monsterinsights_sitenote_note":"","_monsterinsights_sitenote_category":0,"footnotes":""},"class_list":["post-558","page","type-page","status-publish","hentry"],"_links":{"self":[{"href":"https:\/\/caniveaux-industriel-inox.com\/ma\/wp-json\/wp\/v2\/pages\/558","targetHints":{"allow":["GET"]}}],"collection":[{"href":"https:\/\/caniveaux-industriel-inox.com\/ma\/wp-json\/wp\/v2\/pages"}],"about":[{"href":"https:\/\/caniveaux-industriel-inox.com\/ma\/wp-json\/wp\/v2\/types\/page"}],"author":[{"embeddable":true,"href":"https:\/\/caniveaux-industriel-inox.com\/ma\/wp-json\/wp\/v2\/users\/3"}],"replies":[{"embeddable":true,"href":"https:\/\/caniveaux-industriel-inox.com\/ma\/wp-json\/wp\/v2\/comments?post=558"}],"version-history":[{"count":2,"href":"https:\/\/caniveaux-industriel-inox.com\/ma\/wp-json\/wp\/v2\/pages\/558\/revisions"}],"predecessor-version":[{"id":6816,"href":"https:\/\/caniveaux-industriel-inox.com\/ma\/wp-json\/wp\/v2\/pages\/558\/revisions\/6816"}],"wp:attachment":[{"href":"https:\/\/caniveaux-industriel-inox.com\/ma\/wp-json\/wp\/v2\/media?parent=558"}],"curies":[{"name":"wp","href":"https:\/\/api.w.org\/{rel}","templated":true}]}}