{"id":3941,"date":"2023-06-21T14:59:10","date_gmt":"2023-06-21T14:59:10","guid":{"rendered":"https:\/\/caniveaux-industriel-inox.com\/ma\/?page_id=3941"},"modified":"2025-05-15T10:19:48","modified_gmt":"2025-05-15T10:19:48","slug":"sur-mesure","status":"publish","type":"page","link":"https:\/\/caniveaux-industriel-inox.com\/ma\/sur-mesure\/","title":{"rendered":"Sur mesure"},"content":{"rendered":"<p>[et_pb_section fb_built=\u00a0\u00bb1&Prime; _builder_version=\u00a0\u00bb4.21.0&Prime; _module_preset=\u00a0\u00bbdefault\u00a0\u00bb background_color=\u00a0\u00bb#e8e8e8&Prime; global_colors_info=\u00a0\u00bb{}\u00a0\u00bb][et_pb_row use_custom_gutter=\u00a0\u00bbon\u00a0\u00bb make_equal=\u00a0\u00bbon\u00a0\u00bb _builder_version=\u00a0\u00bb4.21.0&Prime; _module_preset=\u00a0\u00bbdefault\u00a0\u00bb background_color=\u00a0\u00bb#FFFFFF\u00a0\u00bb width=\u00a0\u00bb70%\u00a0\u00bb width_tablet=\u00a0\u00bb\u00a0\u00bb width_phone=\u00a0\u00bb90%\u00a0\u00bb width_last_edited=\u00a0\u00bbon|phone\u00a0\u00bb max_width=\u00a0\u00bbnone\u00a0\u00bb global_colors_info=\u00a0\u00bb{}\u00a0\u00bb][et_pb_column type=\u00a0\u00bb4_4&Prime; _builder_version=\u00a0\u00bb4.21.0&Prime; _module_preset=\u00a0\u00bbdefault\u00a0\u00bb global_colors_info=\u00a0\u00bb{}\u00a0\u00bb][et_pb_blog posts_number=\u00a0\u00bb1&Prime; include_categories=\u00a0\u00bb1&Prime; show_thumbnail=\u00a0\u00bboff\u00a0\u00bb show_content=\u00a0\u00bbon\u00a0\u00bb show_author=\u00a0\u00bboff\u00a0\u00bb show_date=\u00a0\u00bboff\u00a0\u00bb show_categories=\u00a0\u00bboff\u00a0\u00bb show_pagination=\u00a0\u00bboff\u00a0\u00bb _builder_version=\u00a0\u00bb4.21.0&Prime; _module_preset=\u00a0\u00bbdefault\u00a0\u00bb header_font=\u00a0\u00bb|700|||||||\u00a0\u00bb header_text_color=\u00a0\u00bb#000000&Prime; header_font_size=\u00a0\u00bb36px\u00a0\u00bb header_line_height=\u00a0\u00bb1.7em\u00a0\u00bb body_text_color=\u00a0\u00bb#000000&Prime; body_line_height=\u00a0\u00bb1.8em\u00a0\u00bb meta_font_size=\u00a0\u00bb15px\u00a0\u00bb custom_padding=\u00a0\u00bb|30px||30px|false|true\u00a0\u00bb header_font_tablet=\u00a0\u00bb|700|||||||\u00a0\u00bb header_font_phone=\u00a0\u00bb|700|||||||\u00a0\u00bb header_font_last_edited=\u00a0\u00bbon|phone\u00a0\u00bb header_font_size_tablet=\u00a0\u00bb36px\u00a0\u00bb header_font_size_phone=\u00a0\u00bb21px\u00a0\u00bb header_font_size_last_edited=\u00a0\u00bbon|phone\u00a0\u00bb global_colors_info=\u00a0\u00bb{}\u00a0\u00bb][\/et_pb_blog][\/et_pb_column][\/et_pb_row][\/et_pb_section]<\/p>\n","protected":false},"excerpt":{"rendered":"<p>Maatwerk<br \/>\nWij adviseren en begeleiden u in elke ontwikkelingsfase<\/p>\n<p>fabriek 1RVS Afvoergoten BV staat synoniem voor expertise, innovatie en oplossingsgerichtheid als het gaat om maatwerk in afwateringssystemen. Wanneer u voor complexe uitdagingen staat met betrekking tot afwatering, bent u bij RVS Afvoergoten BV aan het juiste adres. Het bedrijf leeft volgens de filosofie: \u201cVoor welke uitdaging u ook staat, wij cre\u00ebren een oplossing.\u201d Dit geeft aan dat het bedrijf vastbesloten is om naast standaardoplossingen, op maat gemaakte, gespecialiseerde oplossingen te ontwikkelen die voldoen aan de specifieke behoeften en uitdagingen van elk project.<\/p>\n<p>Een van de kernaspecten van de service van RVS Afvoergoten BV is het adviseren en begeleiden van klanten in elke fase van de ontwikkeling van afwateringssystemen. Vanaf het concept en het ontwerp tot aan de productie en installatie, het deskundige team van RVS Afvoergoten BV staat klaar om te zorgen voor een naadloze uitvoering van uw project.<\/p>\n<p>Maatwerk is essentieel om ervoor te zorgen dat een afwateringssysteem perfect past binnen de context van het specifieke project. Dit kan vari\u00ebren vanlassen sleufgoot complexe industri\u00eble toepassingen tot meer standaard residenti\u00eble of commerci\u00eble installaties. Met maatwerkoplossingen kan RVS Afvoergoten BV ervoor zorgen dat de functionaliteit, esthetiek en duurzaamheid van het afwateringssysteem worden geoptimaliseerd.<\/p>\n<p>Onder het merk Fenicrom\u00ae biedt RVS Afvoergoten BV deskundige begeleiding in alle fasen van de ontwikkeling van industri\u00eble afwateringssystemen. Het team van Fenicrom\u00ae begrijpt dat elke industrie en toepassing zijn eigen unieke uitdagingen en eisen heeft. Daarom bieden ze een consultatieve benadering om ervoor te zorgen dat de gekozen oplossingen perfect zijn afgestemd op de specificaties van het project.<\/p>\n<p>lassenOf het nu gaat om het kiezen van de juiste materialen, het berekenen van de optimale afvoercapaciteit, het voldoen aan regelgeving, of het overwinnen van bouwtechnische uitdagingen, Fenicrom\u00ae zet zich in om oplossingen op maat te leveren die verder gaan dan de verwachtingen van de klant.<\/p>\n<p>Samengevat, met RVS Afvoergoten BV en Fenicrom\u00ae aan uw zijde, heeft u toegang tot een onge\u00ebvenaarde expertise en service in de wereld van afwateringssystemen. Van concept tot voltooiing, het ervaren team staat klaar om u te helpen bij het navigeren door de complexiteiten van uw project, terwijl ze de hoogste kwaliteit en een op maat gemaakte oplossing bieden die voldoet aan uw specifieke behoeften en uitdagingen.<\/p>\n","protected":false},"author":3,"featured_media":0,"parent":0,"menu_order":0,"comment_status":"closed","ping_status":"closed","template":"","meta":{"_et_pb_use_builder":"on","_et_pb_old_content":"","_et_gb_content_width":"","_monsterinsights_skip_tracking":false,"_monsterinsights_sitenote_active":false,"_monsterinsights_sitenote_note":"","_monsterinsights_sitenote_category":0,"footnotes":""},"class_list":["post-3941","page","type-page","status-publish","hentry"],"_links":{"self":[{"href":"https:\/\/caniveaux-industriel-inox.com\/ma\/wp-json\/wp\/v2\/pages\/3941","targetHints":{"allow":["GET"]}}],"collection":[{"href":"https:\/\/caniveaux-industriel-inox.com\/ma\/wp-json\/wp\/v2\/pages"}],"about":[{"href":"https:\/\/caniveaux-industriel-inox.com\/ma\/wp-json\/wp\/v2\/types\/page"}],"author":[{"embeddable":true,"href":"https:\/\/caniveaux-industriel-inox.com\/ma\/wp-json\/wp\/v2\/users\/3"}],"replies":[{"embeddable":true,"href":"https:\/\/caniveaux-industriel-inox.com\/ma\/wp-json\/wp\/v2\/comments?post=3941"}],"version-history":[{"count":0,"href":"https:\/\/caniveaux-industriel-inox.com\/ma\/wp-json\/wp\/v2\/pages\/3941\/revisions"}],"wp:attachment":[{"href":"https:\/\/caniveaux-industriel-inox.com\/ma\/wp-json\/wp\/v2\/media?parent=3941"}],"curies":[{"name":"wp","href":"https:\/\/api.w.org\/{rel}","templated":true}]}}