{"id":2519,"date":"2020-12-18T12:15:37","date_gmt":"2020-12-18T12:15:37","guid":{"rendered":"https:\/\/dev.joomlaworks.nl\/?page_id=2519"},"modified":"2025-09-05T22:44:18","modified_gmt":"2025-09-05T20:44:18","slug":"canaux-de-douche-en-acier-inoxydable","status":"publish","type":"page","link":"https:\/\/caniveaux-industriel-inox.com\/ma\/canaux-de-douche-en-acier-inoxydable\/","title":{"rendered":"Canaux de douche en acier inoxydable"},"content":{"rendered":"<p>[et_pb_section fb_built=\u00a0\u00bb1&Prime; _builder_version=\u00a0\u00bb4.27.4&Prime; _module_preset=\u00a0\u00bbdefault\u00a0\u00bb background_color=\u00a0\u00bb#ececec\u00a0\u00bb global_colors_info=\u00a0\u00bb{}\u00a0\u00bb][et_pb_row _builder_version=\u00a0\u00bb4.16&Prime; _module_preset=\u00a0\u00bbdefault\u00a0\u00bb background_color=\u00a0\u00bb#ffffff\u00a0\u00bb global_colors_info=\u00a0\u00bb{}\u00a0\u00bb][et_pb_column type=\u00a0\u00bb4_4&Prime; _builder_version=\u00a0\u00bb4.16&Prime; _module_preset=\u00a0\u00bbdefault\u00a0\u00bb global_colors_info=\u00a0\u00bb{}\u00a0\u00bb][et_pb_text _builder_version=\u00a0\u00bb4.22.0&Prime; _module_preset=\u00a0\u00bbdefault\u00a0\u00bb header_2_text_color=\u00a0\u00bb#000000&Prime; global_colors_info=\u00a0\u00bb{}\u00a0\u00bb]<\/p>\n<h2 style=\"text-align: center;\"><strong>Canaux de douche en acier inoxydable<\/strong><\/h2>\n<p>[\/et_pb_text][\/et_pb_column][\/et_pb_row][et_pb_row column_structure=\u00a0\u00bb1_2,1_2&Prime; _builder_version=\u00a0\u00bb4.21.0&Prime; _module_preset=\u00a0\u00bbdefault\u00a0\u00bb background_color=\u00a0\u00bb#FFFFFF\u00a0\u00bb global_colors_info=\u00a0\u00bb{}\u00a0\u00bb][et_pb_column type=\u00a0\u00bb1_2&Prime; _builder_version=\u00a0\u00bb4.21.0&Prime; _module_preset=\u00a0\u00bbdefault\u00a0\u00bb global_colors_info=\u00a0\u00bb{}\u00a0\u00bb][et_pb_text _builder_version=\u00a0\u00bb4.27.4&Prime; _module_preset=\u00a0\u00bbdefault\u00a0\u00bb header_4_line_height=\u00a0\u00bb1.7em\u00a0\u00bb custom_padding=\u00a0\u00bb|4px||29px|false|false\u00a0\u00bb hover_enabled=\u00a0\u00bb0&Prime; global_colors_info=\u00a0\u00bb{}\u00a0\u00bb sticky_enabled=\u00a0\u00bb0&Prime;]<\/p>\n<h5><strong>Canaux de douche en acier inoxydable de RVS Afvoergoten BV : <\/strong><strong>Qualit\u00e9 sur Mesure<\/strong><\/h5>\n<p>Lorsqu&rsquo;il s&rsquo;agit de la finition et de la fonctionnalit\u00e9 de votre salle de bain, le choix des mat\u00e9riaux et des composants joue un r\u00f4le crucial. RVS Afvoergoten BV le comprend parfaitement et propose donc des canaux de douche en acier inoxydable de haute qualit\u00e9, alliant esth\u00e9tique et durabilit\u00e9.<\/p>\n<p>L&rsquo;acier inoxydable, \u00e9galement connu sous le nom d&rsquo;acier inoxydable ou d&rsquo;acier anti-corrosion, est un mat\u00e9riau reconnu pour sa solidit\u00e9 et sa r\u00e9sistance \u00e0 la corrosion. Cela le rend particuli\u00e8rement adapt\u00e9 pour une utilisation dans des espaces humides comme la salle de bain. Un canal de douche en acier inoxydable n&rsquo;est pas seulement fonctionnel, il ajoute \u00e9galement un \u00e9l\u00e9ment moderne et \u00e9pur\u00e9 \u00e0 l&rsquo;am\u00e9nagement de la salle de bain.<\/p>\n<p>RVS Afvoergoten BV se distingue en proposant des solutions sur mesure. Que vous recherchiez un canal de douche pour une grande douche \u00e0 l&rsquo;italienne ou pour un espace compact, vous trouverez la bonne option chez RVS Afvoergoten BV. L&rsquo;un des services uniques propos\u00e9s par RVS Afvoergoten BV est la possibilit\u00e9 de personnaliser les canaux de douche avec votre propre logo, un carreau sp\u00e9cifique, ou tout autre design de votre choix. Cela vous permet de cr\u00e9er un produit unique et sur mesure qui correspond parfaitement au style de votre salle de bain.<\/p>\n<p>Outre les avantages esth\u00e9tiques, les canaux de douche en acier inoxydable de RVS Afvoergoten BV sont con\u00e7us pour \u00e9vacuer efficacement l&rsquo;eau. Cela aide \u00e0 pr\u00e9venir les inondations dans la salle de bain et contribue \u00e0 la durabilit\u00e9 de l&rsquo;espace.<\/p>\n<p>Optez pour la qualit\u00e9, la durabilit\u00e9 et un design \u00e9l\u00e9gant avec les canaux de douche en acier inoxydable de RVS Afvoergoten BV. Compl\u00e9tez votre salle de bain avec une solution sur mesure qui n&rsquo;est pas seulement fonctionnelle, mais qui ajoute \u00e9galement une touche de luxe \u00e0 votre routine quotidienne.<\/p>\n<p>[\/et_pb_text][\/et_pb_column][et_pb_column type=\u00a0\u00bb1_2&Prime; _builder_version=\u00a0\u00bb4.21.0&Prime; _module_preset=\u00a0\u00bbdefault\u00a0\u00bb global_colors_info=\u00a0\u00bb{}\u00a0\u00bb][et_pb_image src=\u00a0\u00bbhttps:\/\/caniveaux-industriel-inox.com\/ma\/wp-content\/uploads\/2025\/08\/salle-de-bain-en-marbre-Maroc.jpg\u00a0\u00bb title_text=\u00a0\u00bbsalle-de-bain-en-marbre-Maroc\u00a0\u00bb _builder_version=\u00a0\u00bb4.27.4&Prime; _module_preset=\u00a0\u00bbdefault\u00a0\u00bb global_colors_info=\u00a0\u00bb{}\u00a0\u00bb][\/et_pb_image][\/et_pb_column][\/et_pb_row][et_pb_row column_structure=\u00a0\u00bb1_4,1_4,1_4,1_4&Prime; _builder_version=\u00a0\u00bb4.16&Prime; _module_preset=\u00a0\u00bbdefault\u00a0\u00bb background_color=\u00a0\u00bb#ffffff\u00a0\u00bb global_colors_info=\u00a0\u00bb{}\u00a0\u00bb][et_pb_column type=\u00a0\u00bb1_4&Prime; _builder_version=\u00a0\u00bb4.16&Prime; _module_preset=\u00a0\u00bbdefault\u00a0\u00bb global_colors_info=\u00a0\u00bb{}\u00a0\u00bb][et_pb_text _builder_version=\u00a0\u00bb4.27.4&Prime; _module_preset=\u00a0\u00bbdefault\u00a0\u00bb custom_padding=\u00a0\u00bb|10px||10px|false|true\u00a0\u00bb global_colors_info=\u00a0\u00bb{}\u00a0\u00bb]<img loading=\"lazy\" decoding=\"async\" src=\"https:\/\/caniveaux-industriel-inox.com\/ma\/wp-content\/uploads\/2025\/08\/Caniveau-de-douche-en-acier-inoxydable-3YG-Maroc.png\" width=\"300\" height=\"240\" alt=\"\" class=\"wp-image-5728 alignnone size-medium\" style=\"display: block; margin-left: auto; margin-right: auto;\" \/><\/p>\n<p style=\"text-align: center;\"><strong>Canaux de douche en acier inoxydable mod\u00e8le 3yg<\/strong><\/p>\n<p>[\/et_pb_text][\/et_pb_column][et_pb_column type=\u00a0\u00bb1_4&Prime; _builder_version=\u00a0\u00bb4.16&Prime; _module_preset=\u00a0\u00bbdefault\u00a0\u00bb global_colors_info=\u00a0\u00bb{}\u00a0\u00bb][et_pb_text _builder_version=\u00a0\u00bb4.27.4&Prime; _module_preset=\u00a0\u00bbdefault\u00a0\u00bb global_colors_info=\u00a0\u00bb{}\u00a0\u00bb]<\/p>\n<p style=\"text-align: center;\"><img loading=\"lazy\" decoding=\"async\" src=\"https:\/\/caniveaux-industriel-inox.com\/ma\/wp-content\/uploads\/2025\/08\/Caniveau-de-douche-en-acier-inoxydable-3AG-Maroc.png\" width=\"273\" height=\"218\" alt=\"\" class=\"wp-image-4821 alignnone size-medium\" \/><br \/>\n<strong>Canaux de douche en acier inoxydable mod\u00e8le 3ag<\/strong><\/p>\n<p>[\/et_pb_text][\/et_pb_column][et_pb_column type=\u00a0\u00bb1_4&Prime; _builder_version=\u00a0\u00bb4.16&Prime; _module_preset=\u00a0\u00bbdefault\u00a0\u00bb global_colors_info=\u00a0\u00bb{}\u00a0\u00bb][et_pb_text _builder_version=\u00a0\u00bb4.27.4&Prime; _module_preset=\u00a0\u00bbdefault\u00a0\u00bb global_colors_info=\u00a0\u00bb{}\u00a0\u00bb]<\/p>\n<p style=\"text-align: center;\"><img loading=\"lazy\" decoding=\"async\" src=\"https:\/\/caniveaux-industriel-inox.com\/ma\/wp-content\/uploads\/2025\/08\/Caniveau-de-douche-en-acier-inoxydable-2YG-Maroc.png\" width=\"300\" height=\"240\" alt=\"\" class=\"wp-image-4822 alignnone size-medium\" \/><strong>Canaux de douche en acier inoxydable mod\u00e8le 2yg<\/strong><\/p>\n<p>[\/et_pb_text][\/et_pb_column][et_pb_column type=\u00a0\u00bb1_4&Prime; _builder_version=\u00a0\u00bb4.16&Prime; _module_preset=\u00a0\u00bbdefault\u00a0\u00bb global_colors_info=\u00a0\u00bb{}\u00a0\u00bb][et_pb_text _builder_version=\u00a0\u00bb4.27.4&Prime; _module_preset=\u00a0\u00bbdefault\u00a0\u00bb hover_enabled=\u00a0\u00bb0&Prime; global_colors_info=\u00a0\u00bb{}\u00a0\u00bb sticky_enabled=\u00a0\u00bb0&Prime;]<\/p>\n<p style=\"text-align: center;\"><img loading=\"lazy\" decoding=\"async\" src=\"https:\/\/caniveaux-industriel-inox.com\/ma\/wp-content\/uploads\/2025\/08\/Caniveau-de-douche-en-acier-inoxydable-2AG-Maroc.png\" width=\"300\" height=\"240\" alt=\"\" class=\"wp-image-5725 alignnone size-medium\" style=\"display: block; margin-left: auto; margin-right: auto;\" \/><strong>Canaux de douche en acier inoxydable mod\u00e8le 2ag<\/strong><\/p>\n<p>[\/et_pb_text][\/et_pb_column][\/et_pb_row][et_pb_row column_structure=\u00a0\u00bb1_4,1_4,1_4,1_4&Prime; _builder_version=\u00a0\u00bb4.16&Prime; _module_preset=\u00a0\u00bbdefault\u00a0\u00bb background_color=\u00a0\u00bb#ffffff\u00a0\u00bb global_colors_info=\u00a0\u00bb{}\u00a0\u00bb][et_pb_column type=\u00a0\u00bb1_4&Prime; _builder_version=\u00a0\u00bb4.16&Prime; _module_preset=\u00a0\u00bbdefault\u00a0\u00bb global_colors_info=\u00a0\u00bb{}\u00a0\u00bb][et_pb_text _builder_version=\u00a0\u00bb4.27.4&Prime; _module_preset=\u00a0\u00bbdefault\u00a0\u00bb custom_padding=\u00a0\u00bb|||9px|false|false\u00a0\u00bb global_colors_info=\u00a0\u00bb{}\u00a0\u00bb]<\/p>\n<p style=\"text-align: center;\"><img loading=\"lazy\" decoding=\"async\" src=\"https:\/\/caniveaux-industriel-inox.com\/ma\/wp-content\/uploads\/2025\/08\/Caniveau-de-douche-en-acier-inoxydable-1YG-Maroc.png\" width=\"300\" height=\"240\" alt=\"\" class=\"wp-image-4826 alignnone size-medium\" style=\"display: block; margin-left: auto; margin-right: auto;\" \/><strong>Canaux de douche en acier inoxydable mod\u00e8le 1yg<\/strong><\/p>\n<p>[\/et_pb_text][\/et_pb_column][et_pb_column type=\u00a0\u00bb1_4&Prime; _builder_version=\u00a0\u00bb4.16&Prime; _module_preset=\u00a0\u00bbdefault\u00a0\u00bb global_colors_info=\u00a0\u00bb{}\u00a0\u00bb][et_pb_text _builder_version=\u00a0\u00bb4.27.4&Prime; _module_preset=\u00a0\u00bbdefault\u00a0\u00bb global_colors_info=\u00a0\u00bb{}\u00a0\u00bb]<\/p>\n<p style=\"text-align: center;\"><img loading=\"lazy\" decoding=\"async\" src=\"https:\/\/caniveaux-industriel-inox.com\/ma\/wp-content\/uploads\/2025\/08\/Caniveau-de-douche-en-acier-inoxydable-1AG-Maroc.png\" width=\"268\" height=\"215\" alt=\"\" class=\"wp-image-4828 alignnone size-medium\" \/><strong>Canaux de douche en acier inoxydable mod\u00e8le 1ag<\/strong><\/p>\n<p>[\/et_pb_text][\/et_pb_column][et_pb_column type=\u00a0\u00bb1_4&Prime; _builder_version=\u00a0\u00bb4.16&Prime; _module_preset=\u00a0\u00bbdefault\u00a0\u00bb global_colors_info=\u00a0\u00bb{}\u00a0\u00bb][et_pb_text _builder_version=\u00a0\u00bb4.27.4&Prime; _module_preset=\u00a0\u00bbdefault\u00a0\u00bb global_colors_info=\u00a0\u00bb{}\u00a0\u00bb]<\/p>\n<p style=\"text-align: center;\"><img loading=\"lazy\" decoding=\"async\" src=\"https:\/\/caniveaux-industriel-inox.com\/ma\/wp-content\/uploads\/2025\/08\/Caniveau-de-douche-en-acier-inoxydable-6YG-Maroc.png\" width=\"274\" height=\"219\" alt=\"\" class=\"wp-image-4829 alignnone size-medium\" \/><strong>Canaux de douche en acier inoxydable mod\u00e8le 6yg<\/strong><\/p>\n<p>[\/et_pb_text][\/et_pb_column][et_pb_column type=\u00a0\u00bb1_4&Prime; _builder_version=\u00a0\u00bb4.16&Prime; _module_preset=\u00a0\u00bbdefault\u00a0\u00bb global_colors_info=\u00a0\u00bb{}\u00a0\u00bb][et_pb_text _builder_version=\u00a0\u00bb4.27.4&Prime; _module_preset=\u00a0\u00bbdefault\u00a0\u00bb global_colors_info=\u00a0\u00bb{}\u00a0\u00bb]<\/p>\n<p style=\"text-align: center;\"><img loading=\"lazy\" decoding=\"async\" src=\"https:\/\/caniveaux-industriel-inox.com\/ma\/wp-content\/uploads\/2025\/08\/Caniveau-de-douche-en-acier-inoxydable-5YG-Maroc.png\" width=\"275\" height=\"220\" alt=\"\" class=\"wp-image-4831 alignnone size-medium\" \/><strong>Canaux de douche en acier inoxydable mod\u00e8le 5yg<\/strong><\/p>\n<p>[\/et_pb_text][\/et_pb_column][\/et_pb_row][et_pb_row _builder_version=\u00a0\u00bb4.16&Prime; _module_preset=\u00a0\u00bbdefault\u00a0\u00bb background_color=\u00a0\u00bb#ffffff\u00a0\u00bb global_colors_info=\u00a0\u00bb{}\u00a0\u00bb][et_pb_column type=\u00a0\u00bb4_4&Prime; _builder_version=\u00a0\u00bb4.16&Prime; _module_preset=\u00a0\u00bbdefault\u00a0\u00bb global_colors_info=\u00a0\u00bb{}\u00a0\u00bb][et_pb_text _builder_version=\u00a0\u00bb4.22.0&Prime; _module_preset=\u00a0\u00bbdefault\u00a0\u00bb global_colors_info=\u00a0\u00bb{}\u00a0\u00bb]<\/p>\n<h4 style=\"text-align: center;\"><strong>Nos canaux de douche en acier inoxydable sont fournis avec un siphon anti-odeurs et, si vous le souhaitez, votre propre logo<\/strong>.<\/h4>\n<p>[\/et_pb_text][\/et_pb_column][\/et_pb_row][\/et_pb_section]<\/p>\n","protected":false},"excerpt":{"rendered":"<p>RVS Douchegoten<br \/>\nRVS Douchegoten van RVS Afvoergoten BV:<br \/>\nKwaliteit op Maat<br \/>\nWanneer het aankomt op de afwerking en functionaliteit van uw badkamer, speelt de keuze van materialen en componenten een cruciale rol. RVS Afvoergoten BV begrijpt dit als geen ander en biedt daarom hoogwaardige RVS douchegoten die esthetiek en duurzaamheid combineren.<br \/>\nRVS, ook wel Roestvast Staal of Roestvrij Staal genoemd, is een materiaal dat bekend staat om zijn sterkte en weerstand tegen corrosie. Dit maakt het uitermate geschikt voor gebruik in vochtige ruimtes zoals de badkamer. Een RVS douchegoot is niet alleen functioneel, maar voegt ook een modern en strak element toe aan de badkamerinrichting.<br \/>\nRVS Afvoergoten BV onderscheidt zich door maatwerkoplossingen aan te bieden. Of u nu op zoek bent naar een douchegoot voor een grote inloopdouche of een compacte ruimte, bij RVS Afvoergoten BV vindt u de juiste optie. Een van de unieke services die RVS Afvoergoten BV aanbiedt, is de mogelijkheid om douchegoten te personaliseren met uw eigen logo, een specifieke tegel, of een ander ontwerp naar keuze. Dit stelt u in staat om een uniek en op maat gemaakt product te cre\u00ebren dat perfect past bij de stijl van uw badkamer.<br \/>\nNaast de esthetische voordelen, zijn de RVS douchegoten van RVS Afvoergoten BV ontworpen met het oog op een effici\u00ebnte afvoer van water. Dit helpt wateroverlast in de badkamer te voorkomen en draagt bij aan de duurzaamheid van de ruimte.<br \/>\nKies voor kwaliteit, duurzaamheid en een stijlvol design met de RVS douchegoten van RVS Afvoergoten BV. Maak uw badkamer compleet met een op maat gemaakte oplossing die niet alleen functioneel is, maar ook een vleugje luxe toevoegt aan uw dagelijkse routine.<br \/>\nmarmer badkamer 1<br \/>\nrvs douchegoot MODEL 3 YG<\/p>\n<p>RVS Douchegoot model 3yg<\/p>\n<p>rvs douchegoot MODEL 3 AG<br \/>\nRVS Douchegoot model 3ag<\/p>\n<p>rvs douchegoot MODEL 2 YGRVS Douchegoot model 2yg<\/p>\n<p>rvs douchegoot MODEL 2 AG 1RVS Douchegoot model 2ag<\/p>\n<p>RVS douchegoot MODEL 1 YG 1RVS Douchegoot model 1yg<\/p>\n<p>rvs douchegoot MODEL 1 AG 1RVS Douchegoot model 1ag<\/p>\n<p>rvs douchegoot 6 YG 1RVS Douchegoot model 6yg<\/p>\n<p>rvs douchegoot 5 YGRVS Douchegoot model 5yg<\/p>\n<p>Onze RVS douchegoten worden geleverd met een stankslot en desgewenst uw eigen logo.<\/p>\n","protected":false},"author":3,"featured_media":0,"parent":0,"menu_order":0,"comment_status":"closed","ping_status":"closed","template":"","meta":{"_et_pb_use_builder":"on","_et_pb_old_content":"","_et_gb_content_width":"","_monsterinsights_skip_tracking":false,"_monsterinsights_sitenote_active":false,"_monsterinsights_sitenote_note":"","_monsterinsights_sitenote_category":0,"footnotes":""},"class_list":["post-2519","page","type-page","status-publish","hentry"],"_links":{"self":[{"href":"https:\/\/caniveaux-industriel-inox.com\/ma\/wp-json\/wp\/v2\/pages\/2519","targetHints":{"allow":["GET"]}}],"collection":[{"href":"https:\/\/caniveaux-industriel-inox.com\/ma\/wp-json\/wp\/v2\/pages"}],"about":[{"href":"https:\/\/caniveaux-industriel-inox.com\/ma\/wp-json\/wp\/v2\/types\/page"}],"author":[{"embeddable":true,"href":"https:\/\/caniveaux-industriel-inox.com\/ma\/wp-json\/wp\/v2\/users\/3"}],"replies":[{"embeddable":true,"href":"https:\/\/caniveaux-industriel-inox.com\/ma\/wp-json\/wp\/v2\/comments?post=2519"}],"version-history":[{"count":2,"href":"https:\/\/caniveaux-industriel-inox.com\/ma\/wp-json\/wp\/v2\/pages\/2519\/revisions"}],"predecessor-version":[{"id":6779,"href":"https:\/\/caniveaux-industriel-inox.com\/ma\/wp-json\/wp\/v2\/pages\/2519\/revisions\/6779"}],"wp:attachment":[{"href":"https:\/\/caniveaux-industriel-inox.com\/ma\/wp-json\/wp\/v2\/media?parent=2519"}],"curies":[{"name":"wp","href":"https:\/\/api.w.org\/{rel}","templated":true}]}}