{"id":2006,"date":"2020-12-17T10:43:33","date_gmt":"2020-12-17T10:43:33","guid":{"rendered":"https:\/\/dev.joomlaworks.nl\/?page_id=2006"},"modified":"2025-08-28T21:06:56","modified_gmt":"2025-08-28T19:06:56","slug":"charge-legere-modulaire-isolee","status":"publish","type":"page","link":"https:\/\/caniveaux-industriel-inox.com\/ma\/charge-legere-modulaire-isolee\/","title":{"rendered":"Charge l\u00e9g\u00e8re modulaire isol\u00e9e |"},"content":{"rendered":"<p>[et_pb_section fb_built=\u00a0\u00bb1&Prime; fullwidth=\u00a0\u00bbon\u00a0\u00bb _builder_version=\u00a0\u00bb4.21.0&Prime; _module_preset=\u00a0\u00bbdefault\u00a0\u00bb global_module=\u00a0\u00bb570&Prime; saved_tabs=\u00a0\u00bball\u00a0\u00bb global_colors_info=\u00a0\u00bb{}\u00a0\u00bb][\/et_pb_section][et_pb_section fb_built=\u00a0\u00bb1&Prime; _builder_version=\u00a0\u00bb4.16&Prime; _module_preset=\u00a0\u00bbdefault\u00a0\u00bb background_color=\u00a0\u00bb#ececec\u00a0\u00bb custom_padding=\u00a0\u00bb||0px|||\u00a0\u00bb global_colors_info=\u00a0\u00bb{}\u00a0\u00bb][et_pb_row _builder_version=\u00a0\u00bb4.21.0&Prime; _module_preset=\u00a0\u00bbdefault\u00a0\u00bb background_color=\u00a0\u00bb#ffffff\u00a0\u00bb max_width=\u00a0\u00bbnone\u00a0\u00bb custom_padding=\u00a0\u00bb||0px|||\u00a0\u00bb global_colors_info=\u00a0\u00bb{}\u00a0\u00bb][et_pb_column type=\u00a0\u00bb4_4&Prime; _builder_version=\u00a0\u00bb4.16&Prime; _module_preset=\u00a0\u00bbdefault\u00a0\u00bb global_colors_info=\u00a0\u00bb{}\u00a0\u00bb][et_pb_menu menu_id=\u00a0\u00bb31&Prime; active_link_color=\u00a0\u00bb#0041e8&Prime; dropdown_menu_bg_color=\u00a0\u00bb#ffffff\u00a0\u00bb _builder_version=\u00a0\u00bb4.16&Prime; _module_preset=\u00a0\u00bbdefault\u00a0\u00bb menu_font=\u00a0\u00bb|700|||||||\u00a0\u00bb menu_text_color=\u00a0\u00bb#474747&Prime; menu_font_size=\u00a0\u00bb20px\u00a0\u00bb background_color=\u00a0\u00bb#9e9e9e\u00a0\u00bb use_background_color_gradient=\u00a0\u00bbon\u00a0\u00bb background_color_gradient_stops=\u00a0\u00bb#ffffff 0%|#ffffff 100%\u00a0\u00bb background_color_gradient_start=\u00a0\u00bb#ffffff\u00a0\u00bb background_color_gradient_end=\u00a0\u00bb#ffffff\u00a0\u00bb custom_margin=\u00a0\u00bb-33px||0px|||\u00a0\u00bb custom_padding=\u00a0\u00bb9px||8px|10px|false|false\u00a0\u00bb animation_style=\u00a0\u00bbfade\u00a0\u00bb border_radii=\u00a0\u00bbon|2px|2px|2px|2px\u00a0\u00bb border_width_all=\u00a0\u00bb1px\u00a0\u00bb border_color_all=\u00a0\u00bb#0c71c3&Prime; saved_tabs=\u00a0\u00bball\u00a0\u00bb global_colors_info=\u00a0\u00bb{}\u00a0\u00bb][\/et_pb_menu][\/et_pb_column][\/et_pb_row][et_pb_row _builder_version=\u00a0\u00bb4.21.0&Prime; _module_preset=\u00a0\u00bbdefault\u00a0\u00bb background_color=\u00a0\u00bb#ffffff\u00a0\u00bb max_width=\u00a0\u00bbnone\u00a0\u00bb global_colors_info=\u00a0\u00bb{}\u00a0\u00bb][et_pb_column type=\u00a0\u00bb4_4&Prime; _builder_version=\u00a0\u00bb4.16&Prime; _module_preset=\u00a0\u00bbdefault\u00a0\u00bb global_colors_info=\u00a0\u00bb{}\u00a0\u00bb][et_pb_text _builder_version=\u00a0\u00bb4.27.4&Prime; _module_preset=\u00a0\u00bbdefault\u00a0\u00bb header_2_line_height=\u00a0\u00bb1.5em\u00a0\u00bb background_color=\u00a0\u00bb#ffffff\u00a0\u00bb custom_padding=\u00a0\u00bb|||10px|false|false\u00a0\u00bb global_colors_info=\u00a0\u00bb{}\u00a0\u00bb]<\/p>\n<h2 style=\"text-align: center;\"><strong>Canaux de drainage modulaires en acier inoxydable isol\u00e9s pour charges l\u00e9g\u00e8res &#8211;<br \/>\nSont adapt\u00e9s pour les finitions de sol chimiques et les sols en b\u00e9ton.<\/strong><\/h2>\n<p>[\/et_pb_text][\/et_pb_column][\/et_pb_row][\/et_pb_section][et_pb_section fb_built=\u00a0\u00bb1&Prime; _builder_version=\u00a0\u00bb4.16&Prime; _module_preset=\u00a0\u00bbdefault\u00a0\u00bb background_color=\u00a0\u00bb#ececec\u00a0\u00bb custom_padding=\u00a0\u00bb0px||33px|||\u00a0\u00bb global_colors_info=\u00a0\u00bb{}\u00a0\u00bb][et_pb_row column_structure=\u00a0\u00bb1_3,1_3,1_3&Prime; _builder_version=\u00a0\u00bb4.21.0&Prime; _module_preset=\u00a0\u00bbdefault\u00a0\u00bb background_color=\u00a0\u00bb#ffffff\u00a0\u00bb max_width=\u00a0\u00bbnone\u00a0\u00bb custom_padding=\u00a0\u00bb7px||6px|||\u00a0\u00bb global_colors_info=\u00a0\u00bb{}\u00a0\u00bb][et_pb_column type=\u00a0\u00bb1_3&Prime; _builder_version=\u00a0\u00bb4.16&Prime; _module_preset=\u00a0\u00bbdefault\u00a0\u00bb global_colors_info=\u00a0\u00bb{}\u00a0\u00bb][et_pb_image src=\u00a0\u00bbhttps:\/\/caniveaux-industriel-inox.com\/ma\/wp-content\/uploads\/2025\/08\/Canaux-de-drainage-modulaires-en-acier-inoxydable-INYD-KAG-isole-charge-legere-sortie-vers-pente-inclinee-avec-clapet-anti-odeur-et-panier-filtre-Maroc.png\u00a0\u00bb alt=\u00a0\u00bbCanaux-de-drainage-modulaires-en-acier-inoxydable-INYD-KAG-isol\u00e9-charge-l\u00e9g\u00e8re-sortie-vers-pente-inclin\u00e9e-avec-clapet-anti-odeur-et-panier-filtre-Maroc\u00a0\u00bb title_text=\u00a0\u00bbCanaux-de-drainage-modulaires-en-acier-inoxydable-INYD-KAG-isol\u00e9-charge-l\u00e9g\u00e8re-sortie-vers-pente-inclin\u00e9e-avec-clapet-anti-odeur-et-panier-filtre-Maroc\u00a0\u00bb url=\u00a0\u00bbhttps:\/\/caniveaux-industriel-inox.com\/ma\/modele-inyd-kag-kyg\/\u00a0\u00bb align=\u00a0\u00bbcenter\u00a0\u00bb _builder_version=\u00a0\u00bb4.27.4&Prime; _module_preset=\u00a0\u00bbdefault\u00a0\u00bb width=\u00a0\u00bb80%\u00a0\u00bb hover_enabled=\u00a0\u00bb0&Prime; global_colors_info=\u00a0\u00bb{}\u00a0\u00bb sticky_enabled=\u00a0\u00bb0&Prime;][\/et_pb_image][et_pb_text _builder_version=\u00a0\u00bb4.27.4&Prime; _module_preset=\u00a0\u00bbdefault\u00a0\u00bb header_4_text_color=\u00a0\u00bb#0041e8&Prime; header_5_line_height=\u00a0\u00bb1.7em\u00a0\u00bb custom_padding=\u00a0\u00bb|10px||10px|false|false\u00a0\u00bb global_colors_info=\u00a0\u00bb{}\u00a0\u00bb]<\/p>\n<h4 style=\"text-align: center;\"><a href=\"https:\/\/caniveaux-industriel-inox.com\/ma\/modele-inyd-kag-kyg\/\"><strong>MOD\u00c8LE: INYD-KAG-KYG<\/strong><\/a><\/h4>\n<h5 style=\"text-align: center;\">Bec unidirectionnel, c\u00f4t\u00e9 inclin\u00e9, avec seau siphon.<\/h5>\n<p>[\/et_pb_text][\/et_pb_column][et_pb_column type=\u00a0\u00bb1_3&Prime; _builder_version=\u00a0\u00bb4.16&Prime; _module_preset=\u00a0\u00bbdefault\u00a0\u00bb global_colors_info=\u00a0\u00bb{}\u00a0\u00bb][et_pb_image src=\u00a0\u00bbhttps:\/\/caniveaux-industriel-inox.com\/ma\/wp-content\/uploads\/2025\/08\/Canaux-de-drainage-modulaires-en-acier-inoxydable-INYD-LAG-isole-charge-legere-sortie-pente-vers-sortie-avec-clapet-anti-odeur-panier-filtre-Maroc.png\u00a0\u00bb alt=\u00a0\u00bbCanaux-de-drainage-modulaires-en-acier-inoxydable-INYD-LAG-isol\u00e9-charge-l\u00e9g\u00e8re-sortie-pente-vers-sortie-avec-clapet-anti-odeur-panier-filtre-Maroc\u00a0\u00bb title_text=\u00a0\u00bbCanaux-de-drainage-modulaires-en-acier-inoxydable-INYD-LAG-isol\u00e9-charge-l\u00e9g\u00e8re-sortie-pente-vers-sortie-avec-clapet-anti-odeur-panier-filtre-Maroc\u00a0\u00bb url=\u00a0\u00bbhttps:\/\/caniveaux-industriel-inox.com\/ma\/modele-inyd-lag-lyg\/\u00a0\u00bb align=\u00a0\u00bbcenter\u00a0\u00bb _builder_version=\u00a0\u00bb4.27.4&Prime; _module_preset=\u00a0\u00bbdefault\u00a0\u00bb width=\u00a0\u00bb80%\u00a0\u00bb custom_margin=\u00a0\u00bb1px||||false|false\u00a0\u00bb hover_enabled=\u00a0\u00bb0&Prime; global_colors_info=\u00a0\u00bb{}\u00a0\u00bb sticky_enabled=\u00a0\u00bb0&Prime;][\/et_pb_image][et_pb_text _builder_version=\u00a0\u00bb4.27.4&Prime; _module_preset=\u00a0\u00bbdefault\u00a0\u00bb header_4_text_color=\u00a0\u00bb#0041e8&Prime; header_5_line_height=\u00a0\u00bb1.7em\u00a0\u00bb global_colors_info=\u00a0\u00bb{}\u00a0\u00bb]<\/p>\n<h4 style=\"text-align: center;\"><a href=\"https:\/\/caniveaux-industriel-inox.com\/ma\/modele-inyd-lag-lyg\/\"><strong>MOD\u00c8LE: INYD-LAG-LYG<\/strong><\/a><\/h4>\n<h5 style=\"text-align: center;\"><span>Sortie d\u2019angle, inclin\u00e9e vers la sortie, avec siphon et bac de r\u00e9cup\u00e9ration.<\/span><\/h5>\n<p>[\/et_pb_text][\/et_pb_column][et_pb_column type=\u00a0\u00bb1_3&Prime; _builder_version=\u00a0\u00bb4.16&Prime; _module_preset=\u00a0\u00bbdefault\u00a0\u00bb global_colors_info=\u00a0\u00bb{}\u00a0\u00bb][et_pb_image src=\u00a0\u00bbhttps:\/\/caniveaux-industriel-inox.com\/ma\/wp-content\/uploads\/2025\/08\/Canaux-de-drainage-modulaires-en-acier-inoxydable-INYD-OAG-isole-charge-legere-sortie-milieu-pente-clapet-anti-odeur-et-panier-filtre-Maroc.png\u00a0\u00bb alt=\u00a0\u00bbCanaux-de-drainage-modulaires-en-acier-inoxydable-INYD-OAG-isol\u00e9-charge-l\u00e9g\u00e8re-sortie-milieu-pente-clapet-anti-odeur-et-panier-filtre-Maroc\u00a0\u00bb title_text=\u00a0\u00bbCanaux-de-drainage-modulaires-en-acier-inoxydable-INYD-OAG-isol\u00e9-charge-l\u00e9g\u00e8re-sortie-milieu-pente-clapet-anti-odeur-et-panier-filtre-Maroc\u00a0\u00bb url=\u00a0\u00bbhttps:\/\/caniveaux-industriel-inox.com\/ma\/modele-inyd-oag-oyg\/\u00a0\u00bb align=\u00a0\u00bbcenter\u00a0\u00bb _builder_version=\u00a0\u00bb4.27.4&Prime; _module_preset=\u00a0\u00bbdefault\u00a0\u00bb width=\u00a0\u00bb80%\u00a0\u00bb hover_enabled=\u00a0\u00bb0&Prime; global_colors_info=\u00a0\u00bb{}\u00a0\u00bb sticky_enabled=\u00a0\u00bb0&Prime;][\/et_pb_image][et_pb_text _builder_version=\u00a0\u00bb4.27.4&Prime; _module_preset=\u00a0\u00bbdefault\u00a0\u00bb header_4_text_color=\u00a0\u00bb#0041e8&Prime; header_5_line_height=\u00a0\u00bb1.7em\u00a0\u00bb custom_padding=\u00a0\u00bb|10px||10px|false|false\u00a0\u00bb global_colors_info=\u00a0\u00bb{}\u00a0\u00bb]<\/p>\n<h4 style=\"text-align: center;\"><a href=\"https:\/\/caniveaux-industriel-inox.com\/ma\/modele-inyd-oag-oyg\/\"><strong>MOD\u00c8LE: INYD-OAG-OYG<\/strong><\/a><\/h4>\n<h5 style=\"text-align: center;\"><span>Bec au milieu, en diagonale vers le bec, avec siphon et bac de r\u00e9cup\u00e9ration.<\/span><\/h5>\n<p>[\/et_pb_text][\/et_pb_column][\/et_pb_row][et_pb_row column_structure=\u00a0\u00bb1_3,1_3,1_3&Prime; _builder_version=\u00a0\u00bb4.21.0&Prime; _module_preset=\u00a0\u00bbdefault\u00a0\u00bb background_color=\u00a0\u00bb#ffffff\u00a0\u00bb max_width=\u00a0\u00bbnone\u00a0\u00bb custom_padding=\u00a0\u00bb||1px|||\u00a0\u00bb global_colors_info=\u00a0\u00bb{}\u00a0\u00bb][et_pb_column type=\u00a0\u00bb1_3&Prime; _builder_version=\u00a0\u00bb4.16&Prime; _module_preset=\u00a0\u00bbdefault\u00a0\u00bb global_colors_info=\u00a0\u00bb{}\u00a0\u00bb][et_pb_image src=\u00a0\u00bbhttps:\/\/caniveaux-industriel-inox.com\/ma\/wp-content\/uploads\/2025\/08\/Canaux-de-drainage-modulaires-en-acier-inoxydable-INYD-3AG-isole-charge-legere-sortie-trilaterale-pente-clapet-anti-odeur-et-panier-filtre-Maroc.png\u00a0\u00bb alt=\u00a0\u00bbCanaux-de-drainage-modulaires-en-acier-inoxydable-INYD-3AG-isol\u00e9-charge-l\u00e9g\u00e8re-sortie-trilat\u00e9rale-pente-clapet-anti-odeur-et-panier-filtre-Maroc\u00a0\u00bb title_text=\u00a0\u00bbCanaux-de-drainage-modulaires-en-acier-inoxydable-INYD-3AG-isol\u00e9-charge-l\u00e9g\u00e8re-sortie-trilat\u00e9rale-pente-clapet-anti-odeur-et-panier-filtre-Maroc\u00a0\u00bb url=\u00a0\u00bbhttps:\/\/caniveaux-industriel-inox.com\/ma\/modele-inyd-3ag-3yg\/\u00a0\u00bb align=\u00a0\u00bbcenter\u00a0\u00bb _builder_version=\u00a0\u00bb4.27.4&Prime; _module_preset=\u00a0\u00bbdefault\u00a0\u00bb width=\u00a0\u00bb80%\u00a0\u00bb hover_enabled=\u00a0\u00bb0&Prime; global_colors_info=\u00a0\u00bb{}\u00a0\u00bb sticky_enabled=\u00a0\u00bb0&Prime;][\/et_pb_image][et_pb_text _builder_version=\u00a0\u00bb4.27.4&Prime; _module_preset=\u00a0\u00bbdefault\u00a0\u00bb header_4_text_color=\u00a0\u00bb#0041e8&Prime; header_5_line_height=\u00a0\u00bb1.7em\u00a0\u00bb global_colors_info=\u00a0\u00bb{}\u00a0\u00bb]<\/p>\n<h4 style=\"text-align: center;\"><a href=\"https:\/\/caniveaux-industriel-inox.com\/ma\/modele-inyd-3ag-3yg\/\"><strong>MOD\u00c8LE: INYD-3AG-3YG<\/strong><\/a><\/h4>\n<h5 style=\"text-align: center;\"><span>Caniveau d\u2019\u00e9vacuation \u00e0 trois c\u00f4t\u00e9s, sortie au milieu, en diagonale vers la sortie, \u00e9quip\u00e9 de siphon et bac de r\u00e9cup\u00e9ration.<\/span><\/h5>\n<h4 style=\"text-align: center;\">.<\/h4>\n<p>[\/et_pb_text][\/et_pb_column][et_pb_column type=\u00a0\u00bb1_3&Prime; _builder_version=\u00a0\u00bb4.16&Prime; _module_preset=\u00a0\u00bbdefault\u00a0\u00bb global_colors_info=\u00a0\u00bb{}\u00a0\u00bb][et_pb_image src=\u00a0\u00bbhttps:\/\/caniveaux-industriel-inox.com\/ma\/wp-content\/uploads\/2025\/08\/Canaux-de-drainage-modulaires-en-acier-inoxydable-INYD-1Y-isole-charge-legere-pente-dans-une-direction-sans-clapet-anti-odeur-transformation-poisson-inox-Maroc.png\u00a0\u00bb alt=\u00a0\u00bbCanaux-de-drainage-modulaires-en-acier-inoxydable-INYD-1Y-isol\u00e9-charge-l\u00e9g\u00e8re-pente-dans-une-direction-sans-clapet-anti-odeur-transformation-poisson-inox-Maroc\u00a0\u00bb title_text=\u00a0\u00bbCanaux-de-drainage-modulaires-en-acier-inoxydable-INYD-1Y-isol\u00e9-charge-l\u00e9g\u00e8re-pente-dans-une-direction-sans-clapet-anti-odeur-transformation-poisson-inox-Maroc\u00a0\u00bb url=\u00a0\u00bbhttps:\/\/caniveaux-industriel-inox.com\/ma\/modele-inyd-1y\/\u00a0\u00bb align=\u00a0\u00bbcenter\u00a0\u00bb _builder_version=\u00a0\u00bb4.27.4&Prime; _module_preset=\u00a0\u00bbdefault\u00a0\u00bb width=\u00a0\u00bb80%\u00a0\u00bb hover_enabled=\u00a0\u00bb0&Prime; global_colors_info=\u00a0\u00bb{}\u00a0\u00bb sticky_enabled=\u00a0\u00bb0&Prime;][\/et_pb_image][et_pb_text _builder_version=\u00a0\u00bb4.27.4&Prime; _module_preset=\u00a0\u00bbdefault\u00a0\u00bb header_4_text_color=\u00a0\u00bb#0041e8&Prime; header_5_line_height=\u00a0\u00bb1.7em\u00a0\u00bb global_colors_info=\u00a0\u00bb{}\u00a0\u00bb]<\/p>\n<h4 style=\"text-align: center;\"><a href=\"https:\/\/caniveaux-industriel-inox.com\/ma\/modele-inyd-1y\/\"><strong>MOD\u00c8LE: INYD-1Y<\/strong><\/a><\/h4>\n<h5 style=\"text-align: center;\"><span>ec unidirectionnel, c\u00f4t\u00e9 inclin\u00e9, avec seau siphon.<\/span><\/h5>\n<p>[\/et_pb_text][\/et_pb_column][et_pb_column type=\u00a0\u00bb1_3&Prime; _builder_version=\u00a0\u00bb4.16&Prime; _module_preset=\u00a0\u00bbdefault\u00a0\u00bb global_colors_info=\u00a0\u00bb{}\u00a0\u00bb][et_pb_image src=\u00a0\u00bbhttps:\/\/caniveaux-industriel-inox.com\/ma\/wp-content\/uploads\/2025\/08\/Canaux-de-drainage-modulaires-en-acier-inoxydable-INYD-MULTI-isole-charge-legere-plusieurs-sorties-deux-ou-plus-directions-de-flux.png\u00a0\u00bb alt=\u00a0\u00bbCanaux-de-drainage-modulaires-en-acier-inoxydable-INYD-MULTI-isol\u00e9-charge-l\u00e9g\u00e8re-plusieurs-sorties-deux-ou-plus-directions-de-flux-Maroc\u00a0\u00bb title_text=\u00a0\u00bbCanaux-de-drainage-modulaires-en-acier-inoxydable-INYD-MULTI-isol\u00e9-charge-l\u00e9g\u00e8re-plusieurs-sorties-deux-ou-plus-directions-de-flux\u00a0\u00bb url=\u00a0\u00bbhttps:\/\/caniveaux-industriel-inox.com\/ma\/modele-inyd-multi\/\u00a0\u00bb align=\u00a0\u00bbcenter\u00a0\u00bb _builder_version=\u00a0\u00bb4.27.4&Prime; _module_preset=\u00a0\u00bbdefault\u00a0\u00bb width=\u00a0\u00bb80%\u00a0\u00bb hover_enabled=\u00a0\u00bb0&Prime; global_colors_info=\u00a0\u00bb{}\u00a0\u00bb sticky_enabled=\u00a0\u00bb0&Prime;][\/et_pb_image][et_pb_text _builder_version=\u00a0\u00bb4.27.4&Prime; _module_preset=\u00a0\u00bbdefault\u00a0\u00bb header_4_text_color=\u00a0\u00bb#0041e8&Prime; header_5_line_height=\u00a0\u00bb1.7em\u00a0\u00bb custom_padding=\u00a0\u00bb|10px||10px|false|false\u00a0\u00bb global_colors_info=\u00a0\u00bb{}\u00a0\u00bb]<\/p>\n<h4 style=\"text-align: center;\"><a href=\"https:\/\/caniveaux-industriel-inox.com\/ma\/modele-inyd-multi\/\"><strong>MOD\u00c8LE: INYD<\/strong><strong>-MULTI<\/strong><\/a><\/h4>\n<h5 style=\"text-align: center;\"><span>Avec plusieurs sorties, chaque sortie a deux sens d\u2019\u00e9coulement ou plus.<\/span><\/h5>\n<p>[\/et_pb_text][\/et_pb_column][\/et_pb_row][et_pb_row _builder_version=\u00a0\u00bb4.21.0&Prime; _module_preset=\u00a0\u00bbdefault\u00a0\u00bb background_color=\u00a0\u00bb#ffffff\u00a0\u00bb max_width=\u00a0\u00bbnone\u00a0\u00bb custom_margin=\u00a0\u00bb-25px|auto||auto||\u00a0\u00bb global_colors_info=\u00a0\u00bb{}\u00a0\u00bb][et_pb_column type=\u00a0\u00bb4_4&Prime; _builder_version=\u00a0\u00bb4.16&Prime; _module_preset=\u00a0\u00bbdefault\u00a0\u00bb global_colors_info=\u00a0\u00bb{}\u00a0\u00bb][et_pb_divider _builder_version=\u00a0\u00bb4.21.0&Prime; _module_preset=\u00a0\u00bbdefault\u00a0\u00bb custom_margin=\u00a0\u00bb||0px|||\u00a0\u00bb global_colors_info=\u00a0\u00bb{}\u00a0\u00bb][\/et_pb_divider][et_pb_text _builder_version=\u00a0\u00bb4.22.0&Prime; _module_preset=\u00a0\u00bbdefault\u00a0\u00bb header_4_line_height=\u00a0\u00bb1.4em\u00a0\u00bb header_5_line_height=\u00a0\u00bb1.7em\u00a0\u00bb custom_margin=\u00a0\u00bb||2px|||\u00a0\u00bb custom_padding=\u00a0\u00bb|10px||10px|false|false\u00a0\u00bb global_colors_info=\u00a0\u00bb{}\u00a0\u00bb]<\/p>\n<h5><strong>Domaines d&rsquo;application :<\/strong><span> <\/span><\/h5>\n<h5><span>Industriel pour la production et la transformation de cuisines et installations :<\/span><\/h5>\n<h5><\/h5>\n<p>[\/et_pb_text][et_pb_text _builder_version=\u00a0\u00bb4.22.0&Prime; _module_preset=\u00a0\u00bbdefault\u00a0\u00bb custom_padding=\u00a0\u00bb|||47px||\u00a0\u00bb global_colors_info=\u00a0\u00bb{}\u00a0\u00bb]<\/p>\n<ul>\n<li>\n<h5>Viandes et charcuteries<\/h5>\n<\/li>\n<li>\n<h5>L\u00e9gumes et fruits<\/h5>\n<\/li>\n<li>\n<h5>Produits laitiers<\/h5>\n<\/li>\n<li>\n<h5>Poissons et fruits de mer<\/h5>\n<\/li>\n<li>\n<h5>Volaille et \u0153ufs<\/h5>\n<\/li>\n<li>\n<h5>Produits alimentaires congel\u00e9s<\/h5>\n<\/li>\n<li>\n<h5>Eau, jus et boissons alcoolis\u00e9es<\/h5>\n<\/li>\n<li>\n<h5>Pain et produits \u00e0 base de farine<\/h5>\n<\/li>\n<li>\n<h5>Chocolat et confiseries<\/h5>\n<\/li>\n<li>\n<h5>M\u00e9dicaments<\/h5>\n<\/li>\n<\/ul>\n<p>[\/et_pb_text][\/et_pb_column][\/et_pb_row][et_pb_row _builder_version=\u00a0\u00bb4.21.0&Prime; _module_preset=\u00a0\u00bbdefault\u00a0\u00bb background_color=\u00a0\u00bb#ffffff\u00a0\u00bb max_width=\u00a0\u00bbnone\u00a0\u00bb custom_padding=\u00a0\u00bb||0px|||\u00a0\u00bb global_colors_info=\u00a0\u00bb{}\u00a0\u00bb][et_pb_column type=\u00a0\u00bb4_4&Prime; _builder_version=\u00a0\u00bb4.16&Prime; _module_preset=\u00a0\u00bbdefault\u00a0\u00bb global_colors_info=\u00a0\u00bb{}\u00a0\u00bb][et_pb_divider _builder_version=\u00a0\u00bb4.16&Prime; _module_preset=\u00a0\u00bbdefault\u00a0\u00bb global_colors_info=\u00a0\u00bb{}\u00a0\u00bb][\/et_pb_divider][\/et_pb_column][\/et_pb_row][et_pb_row column_structure=\u00a0\u00bb1_2,1_2&Prime; _builder_version=\u00a0\u00bb4.21.0&Prime; _module_preset=\u00a0\u00bbdefault\u00a0\u00bb background_color=\u00a0\u00bb#ffffff\u00a0\u00bb max_width=\u00a0\u00bbnone\u00a0\u00bb global_colors_info=\u00a0\u00bb{}\u00a0\u00bb][et_pb_column type=\u00a0\u00bb1_2&Prime; _builder_version=\u00a0\u00bb4.16&Prime; _module_preset=\u00a0\u00bbdefault\u00a0\u00bb global_colors_info=\u00a0\u00bb{}\u00a0\u00bb][et_pb_button button_url=\u00a0\u00bbhttps:\/\/caniveaux-industriel-inox.com\/ma\/grilles\/\u00a0\u00bb button_text=\u00a0\u00bbGrilles\u00a0\u00bb button_alignment=\u00a0\u00bbcenter\u00a0\u00bb _builder_version=\u00a0\u00bb4.27.4&Prime; _module_preset=\u00a0\u00bbdefault\u00a0\u00bb hover_enabled=\u00a0\u00bb0&Prime; global_colors_info=\u00a0\u00bb{}\u00a0\u00bb sticky_enabled=\u00a0\u00bb0&Prime;][\/et_pb_button][\/et_pb_column][et_pb_column type=\u00a0\u00bb1_2&Prime; _builder_version=\u00a0\u00bb4.16&Prime; _module_preset=\u00a0\u00bbdefault\u00a0\u00bb global_colors_info=\u00a0\u00bb{}\u00a0\u00bb][et_pb_button button_url=\u00a0\u00bbhttps:\/\/caniveaux-industriel-inox.com\/ma\/paniers-filtrants\/\u00a0\u00bb button_text=\u00a0\u00bbPaniers Filtrants\u00a0\u00bb button_alignment=\u00a0\u00bbcenter\u00a0\u00bb _builder_version=\u00a0\u00bb4.27.4&Prime; _module_preset=\u00a0\u00bbdefault\u00a0\u00bb hover_enabled=\u00a0\u00bb0&Prime; global_colors_info=\u00a0\u00bb{}\u00a0\u00bb sticky_enabled=\u00a0\u00bb0&Prime;][\/et_pb_button][\/et_pb_column][\/et_pb_row][et_pb_row _builder_version=\u00a0\u00bb4.21.0&Prime; _module_preset=\u00a0\u00bbdefault\u00a0\u00bb background_color=\u00a0\u00bb#ffffff\u00a0\u00bb max_width=\u00a0\u00bbnone\u00a0\u00bb custom_margin=\u00a0\u00bb|auto|-27px|auto||\u00a0\u00bb custom_padding=\u00a0\u00bb0px|||||\u00a0\u00bb global_colors_info=\u00a0\u00bb{}\u00a0\u00bb][et_pb_column type=\u00a0\u00bb4_4&Prime; _builder_version=\u00a0\u00bb4.16&Prime; _module_preset=\u00a0\u00bbdefault\u00a0\u00bb global_colors_info=\u00a0\u00bb{}\u00a0\u00bb][et_pb_text _builder_version=\u00a0\u00bb4.22.0&Prime; _module_preset=\u00a0\u00bbdefault\u00a0\u00bb header_4_font=\u00a0\u00bb|700|||on||||\u00a0\u00bb header_4_text_color=\u00a0\u00bb#0c71c3&Prime; header_5_line_height=\u00a0\u00bb1.7em\u00a0\u00bb custom_padding=\u00a0\u00bb|10px||20px|false|false\u00a0\u00bb global_colors_info=\u00a0\u00bb{}\u00a0\u00bb]<\/p>\n<h5><strong>Charge industrielle l\u00e9g\u00e8re<\/strong><\/h5>\n<h5><strong>CARACT\u00c9RISTIQUES STANDARD<\/strong><\/h5>\n<h5>Il est possible de cr\u00e9er un syst\u00e8me d&rsquo;\u00e9vacuation des eaux us\u00e9es continu d&rsquo;une longueur maximale de 2500 mm en raccordant des unit\u00e9s modulaires entre elles.<br \/>Les syst\u00e8mes d&rsquo;\u00e9vacuation d&rsquo;eau continue peuvent \u00eatre reli\u00e9s les uns aux autres \u00e0 l&rsquo;aide de brides \u00e9quip\u00e9es de joints en t\u00e9flon.<br \/>Cela permet d&rsquo;ajuster la longueur du syst\u00e8me d&rsquo;\u00e9vacuation \u00e9tanche \u00e0 la longueur souhait\u00e9e.<\/h5>\n<h5>Type 1: Largeur de la caniveau 135 mm<br \/>Type 2: Largeur de la caniveau 150 mm<br \/>Type 3: Largeur de la caniveau 175 mm<br \/>Type 4: Largeur de la caniveau 200 mm<br \/>Type 5: Largeur de la caniveau 230 mm<br \/>Type 6: Largeur de la caniveau 300 mm<br \/>Type 7: Largeur de la caniveau 400 mm<br \/>Type 8: Largeur de la caniveau r\u00e9alis\u00e9e sur mesure selon les demandes sp\u00e9ciales<\/h5>\n<h5>Il est possible de cr\u00e9er un syst\u00e8me d&rsquo;\u00e9vacuation des eaux us\u00e9es continu avec une grille d&rsquo;au moins 40 mm de profondeur et au maximum 250 mm de profondeur, avec une pente constante de 0,6% en direction de la sortie, et une longueur maximale de 18000 mm.<\/h5>\n<h5>Les syst\u00e8mes d&rsquo;\u00e9vacuation d&rsquo;eau continue peuvent \u00eatre r\u00e9alis\u00e9s sur mesure dans les dimensions souhait\u00e9es, \u00e0 condition qu&rsquo;ils respectent la pente, la profondeur minimale et maximale.<\/h5>\n<h5>Dans le syst\u00e8me d&rsquo;\u00e9vacuation d&rsquo;eau avec une pente constante et une profondeur variable, les \u00e9l\u00e9ments de canal en acier inoxydable sont produits, sauf demande contraire, avec une pente constante de 0,6% en direction de la goutti\u00e8re.<br \/>La pente de la goutti\u00e8re et les profondeurs minimale et maximale de la goutti\u00e8re peuvent \u00eatre r\u00e9alis\u00e9es sur mesure dans les dimensions applicables.<\/h5>\n<h5><strong>OPTIONS<\/strong><br \/>Il est possible en option de r\u00e9aliser la grille en acier inoxydable de qualit\u00e9 AISI 316.<\/h5>\n<p>[\/et_pb_text][\/et_pb_column][\/et_pb_row][\/et_pb_section][et_pb_section fb_built=\u00a0\u00bb1&Prime; _builder_version=\u00a0\u00bb4.22.0&Prime; _module_preset=\u00a0\u00bbdefault\u00a0\u00bb background_color=\u00a0\u00bb#ececec\u00a0\u00bb custom_padding=\u00a0\u00bb0px||0px|||\u00a0\u00bb global_colors_info=\u00a0\u00bb{}\u00a0\u00bb][\/et_pb_section]<\/p>\n","protected":false},"excerpt":{"rendered":"<p>Ge\u00efsoleerde roestvrijstalen modulaire afvoerkanalen voor lichte belasting<br \/>\nzijn geschikt voor chemische vloerafwerkingen en betonnen vloeren.<br \/>\nrvs modulaire afvoergoot INYD KAG<br \/>\nMODEL: INYD-KAG-KYG<br \/>\nUitloop in \u00e9\u00e9n richting, schuine afloopzijde, met sifonemmer.<br \/>\nrvs modulaire afvoergoot INYD LAG<br \/>\nMODEL: INYD-LAG-LYG<br \/>\nUitgang vanuit de hoek, hellend in de richting van de uitloop, met een sifon en een opvangbak.<br \/>\nrvs modulaire afvoergoot INYD OAG<br \/>\nMODEL: INYD-OAG-OYG<br \/>\nUitloop in het midden, hellend in de richting van de uitloop, met een sifon en een opvangbak.<br \/>\nrvs modulaire afvoergoot INYD 3AG<br \/>\nMODEL: INYD-3AG-3YG<br \/>\nDriezijdige afvoergoot, uitloop in het midden, hellend in de richting van de uitloop, met een sifon en een opvangbak.<br \/>\n.<br \/>\nrvs modulaire afvoergoot NYD 1Y<br \/>\nMODEL: INYD-1Y<br \/>\nHellend in \u00e9\u00e9n richting, zonder sifon.<br \/>\nrvs modulaire afvoergoot INYD MULTI<br \/>\nMODEL: INYD-MULTI<br \/>\nMet meerdere uitgangen, elke afvoer heeft twee of meer stromingsrichtingen.<br \/>\nToepassingsgebieden:<br \/>\nIndustrieel voor de productie en verwerking van<br \/>\nkeukens en faciliteiten:<\/p>\n<p>Vlees en vleeswaren<br \/>\ngroenten en fruit<br \/>\nZuivelproducten<br \/>\nVis en zeevruchten<br \/>\nGevogelte en eieren<br \/>\nBevroren voedsel<br \/>\nWater, sappen en alcoholische dranken<br \/>\nBrood en meelproducten<br \/>\nChocolade en snoep<br \/>\nGeneesmiddelen<\/p>\n","protected":false},"author":3,"featured_media":0,"parent":0,"menu_order":0,"comment_status":"closed","ping_status":"closed","template":"","meta":{"_et_pb_use_builder":"on","_et_pb_old_content":"","_et_gb_content_width":"","_monsterinsights_skip_tracking":false,"_monsterinsights_sitenote_active":false,"_monsterinsights_sitenote_note":"","_monsterinsights_sitenote_category":0,"footnotes":""},"class_list":["post-2006","page","type-page","status-publish","hentry"],"_links":{"self":[{"href":"https:\/\/caniveaux-industriel-inox.com\/ma\/wp-json\/wp\/v2\/pages\/2006","targetHints":{"allow":["GET"]}}],"collection":[{"href":"https:\/\/caniveaux-industriel-inox.com\/ma\/wp-json\/wp\/v2\/pages"}],"about":[{"href":"https:\/\/caniveaux-industriel-inox.com\/ma\/wp-json\/wp\/v2\/types\/page"}],"author":[{"embeddable":true,"href":"https:\/\/caniveaux-industriel-inox.com\/ma\/wp-json\/wp\/v2\/users\/3"}],"replies":[{"embeddable":true,"href":"https:\/\/caniveaux-industriel-inox.com\/ma\/wp-json\/wp\/v2\/comments?post=2006"}],"version-history":[{"count":0,"href":"https:\/\/caniveaux-industriel-inox.com\/ma\/wp-json\/wp\/v2\/pages\/2006\/revisions"}],"wp:attachment":[{"href":"https:\/\/caniveaux-industriel-inox.com\/ma\/wp-json\/wp\/v2\/media?parent=2006"}],"curies":[{"name":"wp","href":"https:\/\/api.w.org\/{rel}","templated":true}]}}