{"id":1982,"date":"2020-12-17T10:12:51","date_gmt":"2020-12-17T10:12:51","guid":{"rendered":"https:\/\/dev.joomlaworks.nl\/?page_id=1982"},"modified":"2025-08-28T20:34:39","modified_gmt":"2025-08-28T18:34:39","slug":"canaux-de-drainage-modulaires-en-acier-inoxydable-pour-charges-lourdes","status":"publish","type":"page","link":"https:\/\/caniveaux-industriel-inox.com\/ma\/canaux-de-drainage-modulaires-en-acier-inoxydable-pour-charges-lourdes\/","title":{"rendered":"Charge lourde modulaire |"},"content":{"rendered":"<p>[et_pb_section fb_built=\u00a0\u00bb1&Prime; fullwidth=\u00a0\u00bbon\u00a0\u00bb _builder_version=\u00a0\u00bb4.21.0&Prime; _module_preset=\u00a0\u00bbdefault\u00a0\u00bb global_module=\u00a0\u00bb570&Prime; saved_tabs=\u00a0\u00bball\u00a0\u00bb global_colors_info=\u00a0\u00bb{}\u00a0\u00bb][\/et_pb_section][et_pb_section fb_built=\u00a0\u00bb1&Prime; _builder_version=\u00a0\u00bb4.16&Prime; _module_preset=\u00a0\u00bbdefault\u00a0\u00bb background_color=\u00a0\u00bb#ececec\u00a0\u00bb custom_padding=\u00a0\u00bb||0px|||\u00a0\u00bb global_colors_info=\u00a0\u00bb{}\u00a0\u00bb][et_pb_row _builder_version=\u00a0\u00bb4.21.0&Prime; _module_preset=\u00a0\u00bbdefault\u00a0\u00bb background_color=\u00a0\u00bb#ffffff\u00a0\u00bb max_width=\u00a0\u00bbnone\u00a0\u00bb custom_padding=\u00a0\u00bb||0px|||\u00a0\u00bb global_colors_info=\u00a0\u00bb{}\u00a0\u00bb][et_pb_column type=\u00a0\u00bb4_4&Prime; _builder_version=\u00a0\u00bb4.16&Prime; _module_preset=\u00a0\u00bbdefault\u00a0\u00bb global_colors_info=\u00a0\u00bb{}\u00a0\u00bb][et_pb_menu menu_id=\u00a0\u00bb31&Prime; active_link_color=\u00a0\u00bb#0041e8&Prime; dropdown_menu_bg_color=\u00a0\u00bb#ffffff\u00a0\u00bb _builder_version=\u00a0\u00bb4.16&Prime; _module_preset=\u00a0\u00bbdefault\u00a0\u00bb menu_font=\u00a0\u00bb|700|||||||\u00a0\u00bb menu_text_color=\u00a0\u00bb#474747&Prime; menu_font_size=\u00a0\u00bb20px\u00a0\u00bb background_color=\u00a0\u00bb#9e9e9e\u00a0\u00bb use_background_color_gradient=\u00a0\u00bbon\u00a0\u00bb background_color_gradient_stops=\u00a0\u00bb#ffffff 0%|#ffffff 100%\u00a0\u00bb background_color_gradient_start=\u00a0\u00bb#ffffff\u00a0\u00bb background_color_gradient_end=\u00a0\u00bb#ffffff\u00a0\u00bb custom_margin=\u00a0\u00bb-33px||0px|||\u00a0\u00bb custom_padding=\u00a0\u00bb9px||8px|10px|false|false\u00a0\u00bb animation_style=\u00a0\u00bbfade\u00a0\u00bb border_radii=\u00a0\u00bbon|2px|2px|2px|2px\u00a0\u00bb border_width_all=\u00a0\u00bb1px\u00a0\u00bb border_color_all=\u00a0\u00bb#0c71c3&Prime; saved_tabs=\u00a0\u00bball\u00a0\u00bb global_colors_info=\u00a0\u00bb{}\u00a0\u00bb][\/et_pb_menu][\/et_pb_column][\/et_pb_row][et_pb_row _builder_version=\u00a0\u00bb4.21.0&Prime; _module_preset=\u00a0\u00bbdefault\u00a0\u00bb background_color=\u00a0\u00bb#ffffff\u00a0\u00bb max_width=\u00a0\u00bbnone\u00a0\u00bb global_colors_info=\u00a0\u00bb{}\u00a0\u00bb][et_pb_column type=\u00a0\u00bb4_4&Prime; _builder_version=\u00a0\u00bb4.16&Prime; _module_preset=\u00a0\u00bbdefault\u00a0\u00bb global_colors_info=\u00a0\u00bb{}\u00a0\u00bb][et_pb_text _builder_version=\u00a0\u00bb4.22.0&Prime; _module_preset=\u00a0\u00bbdefault\u00a0\u00bb background_color=\u00a0\u00bb#ffffff\u00a0\u00bb custom_padding=\u00a0\u00bb|||10px|false|false\u00a0\u00bb global_colors_info=\u00a0\u00bb{}\u00a0\u00bb]<\/p>\n<h2 style=\"text-align: center;\"><strong>Canaux de drainage modulaires en acier inoxydable pour charges lourdes.<\/strong><\/h2>\n<p>[\/et_pb_text][\/et_pb_column][\/et_pb_row][\/et_pb_section][et_pb_section fb_built=\u00a0\u00bb1&Prime; _builder_version=\u00a0\u00bb4.16&Prime; _module_preset=\u00a0\u00bbdefault\u00a0\u00bb background_color=\u00a0\u00bb#ececec\u00a0\u00bb custom_padding=\u00a0\u00bb0px||33px|||\u00a0\u00bb global_colors_info=\u00a0\u00bb{}\u00a0\u00bb][et_pb_row column_structure=\u00a0\u00bb1_3,1_3,1_3&Prime; _builder_version=\u00a0\u00bb4.21.0&Prime; _module_preset=\u00a0\u00bbdefault\u00a0\u00bb background_color=\u00a0\u00bb#ffffff\u00a0\u00bb max_width=\u00a0\u00bbnone\u00a0\u00bb custom_padding=\u00a0\u00bb7px||6px|||\u00a0\u00bb global_colors_info=\u00a0\u00bb{}\u00a0\u00bb][et_pb_column type=\u00a0\u00bb1_3&Prime; _builder_version=\u00a0\u00bb4.16&Prime; _module_preset=\u00a0\u00bbdefault\u00a0\u00bb global_colors_info=\u00a0\u00bb{}\u00a0\u00bb][et_pb_image src=\u00a0\u00bbhttps:\/\/caniveaux-industriel-inox.com\/ma\/wp-content\/uploads\/2025\/08\/Canaux-de-drainage-modulaires-en-acier-inoxydable-END-KAG-charge-lourde-sortie-dans-une-direction-pente-inclinee-avec-siphon-et-panier-filtre-inox-Maroc.png\u00a0\u00bb alt=\u00a0\u00bbCanaux-de-drainage-modulaires-en-acier-inoxydable-END-KAG-charge-lourde-sortie-dans-une-direction-pente-inclin\u00e9e-avec-siphon-et-panier-filtre-inox-Maroc\u00a0\u00bb title_text=\u00a0\u00bbCanaux-de-drainage-modulaires-en-acier-inoxydable-END-KAG-charge-lourde-sortie-dans-une-direction-pente-inclin\u00e9e-avec-siphon-et-panier-filtre-inox-Maroc\u00a0\u00bb url=\u00a0\u00bbhttps:\/\/caniveaux-industriel-inox.com\/ma\/modele-end-kag-kyg\/\u00a0\u00bb align=\u00a0\u00bbcenter\u00a0\u00bb _builder_version=\u00a0\u00bb4.27.4&Prime; _module_preset=\u00a0\u00bbdefault\u00a0\u00bb width=\u00a0\u00bb80%\u00a0\u00bb hover_enabled=\u00a0\u00bb0&Prime; global_colors_info=\u00a0\u00bb{}\u00a0\u00bb sticky_enabled=\u00a0\u00bb0&Prime;][\/et_pb_image][et_pb_text _builder_version=\u00a0\u00bb4.27.4&Prime; _module_preset=\u00a0\u00bbdefault\u00a0\u00bb header_4_text_color=\u00a0\u00bb#0041e8&Prime; header_5_line_height=\u00a0\u00bb1.7em\u00a0\u00bb custom_padding=\u00a0\u00bb|10px||10px|false|false\u00a0\u00bb global_colors_info=\u00a0\u00bb{}\u00a0\u00bb]<\/p>\n<h4 style=\"text-align: center;\"><a href=\"https:\/\/caniveaux-industriel-inox.com\/ma\/modele-end-kag-kyg\/\"><strong>MOD\u00c8LE: END-KAG-KYG<\/strong><\/a><\/h4>\n<h5 style=\"text-align: center;\">Bec unidirectionnel, c\u00f4t\u00e9 inclin\u00e9, avec seau siphon.<\/h5>\n<p>[\/et_pb_text][\/et_pb_column][et_pb_column type=\u00a0\u00bb1_3&Prime; _builder_version=\u00a0\u00bb4.16&Prime; _module_preset=\u00a0\u00bbdefault\u00a0\u00bb global_colors_info=\u00a0\u00bb{}\u00a0\u00bb][et_pb_image src=\u00a0\u00bbhttps:\/\/caniveaux-industriel-inox.com\/ma\/wp-content\/uploads\/2025\/08\/Canaux-de-drainage-modulaires-en-acier-inoxydable-END-LAG-sortie-pente-dans-la-direction-de-la-sortie-avec-siphon-et-panier-filtre-Maroc.png\u00a0\u00bb alt=\u00a0\u00bbCanaux-de-drainage-modulaires-en-acier-inoxydable-END-LAG-sortie-pente-dans-la-direction-de-la-sortie-avec-siphon-et-panier-filtre-Maroc\u00a0\u00bb title_text=\u00a0\u00bbCanaux-de-drainage-modulaires-en-acier-inoxydable-END-LAG-sortie-pente-dans-la-direction-de-la-sortie-avec-siphon-et-panier-filtre-Maroc\u00a0\u00bb url=\u00a0\u00bbhttps:\/\/caniveaux-industriel-inox.com\/ma\/modele-end-lag-lyg\/\u00a0\u00bb align=\u00a0\u00bbcenter\u00a0\u00bb _builder_version=\u00a0\u00bb4.27.4&Prime; _module_preset=\u00a0\u00bbdefault\u00a0\u00bb width=\u00a0\u00bb80%\u00a0\u00bb custom_margin=\u00a0\u00bb1px||||false|false\u00a0\u00bb hover_enabled=\u00a0\u00bb0&Prime; global_colors_info=\u00a0\u00bb{}\u00a0\u00bb sticky_enabled=\u00a0\u00bb0&Prime;][\/et_pb_image][et_pb_text _builder_version=\u00a0\u00bb4.27.4&Prime; _module_preset=\u00a0\u00bbdefault\u00a0\u00bb header_4_text_color=\u00a0\u00bb#0041e8&Prime; header_5_line_height=\u00a0\u00bb1.7em\u00a0\u00bb global_colors_info=\u00a0\u00bb{}\u00a0\u00bb]<\/p>\n<h4 style=\"text-align: center;\"><a href=\"https:\/\/caniveaux-industriel-inox.com\/ma\/modele-end-lag-lyg\/\"><strong>MOD\u00c8LE: END-LAG-LYG<\/strong><\/a><\/h4>\n<h5 style=\"text-align: center;\"><span>Sortie d\u2019angle, inclin\u00e9e vers la sortie, avec siphon et bac de r\u00e9cup\u00e9ration.<\/span><\/h5>\n<p>[\/et_pb_text][\/et_pb_column][et_pb_column type=\u00a0\u00bb1_3&Prime; _builder_version=\u00a0\u00bb4.16&Prime; _module_preset=\u00a0\u00bbdefault\u00a0\u00bb global_colors_info=\u00a0\u00bb{}\u00a0\u00bb][et_pb_image src=\u00a0\u00bbhttps:\/\/caniveaux-industriel-inox.com\/ma\/wp-content\/uploads\/2025\/08\/Canaux-de-drainage-modulaires-en-acier-inoxydable-END-OAG-charge-lourde-sortie-milieu-pente-vers-la-sortie-avec-siphon-et-panier-filtre-Maroc.png\u00a0\u00bb alt=\u00a0\u00bbCanaux-de-drainage-modulaires-en-acier-inoxydable-END-OAG-charge-lourde-sortie-milieu-pente-vers-la-sortie-avec-siphon-et-panier-filtre-Maroc\u00a0\u00bb title_text=\u00a0\u00bbCanaux-de-drainage-modulaires-en-acier-inoxydable-END-OAG-charge-lourde-sortie-milieu-pente-vers-la-sortie-avec-siphon-et-panier-filtre-Maroc\u00a0\u00bb url=\u00a0\u00bbhttps:\/\/caniveaux-industriel-inox.com\/ma\/modele-end-oag-oyg\/\u00a0\u00bb align=\u00a0\u00bbcenter\u00a0\u00bb _builder_version=\u00a0\u00bb4.27.4&Prime; _module_preset=\u00a0\u00bbdefault\u00a0\u00bb width=\u00a0\u00bb80%\u00a0\u00bb custom_padding=\u00a0\u00bb0px|||||\u00a0\u00bb hover_enabled=\u00a0\u00bb0&Prime; global_colors_info=\u00a0\u00bb{}\u00a0\u00bb sticky_enabled=\u00a0\u00bb0&Prime;][\/et_pb_image][et_pb_text _builder_version=\u00a0\u00bb4.27.4&Prime; _module_preset=\u00a0\u00bbdefault\u00a0\u00bb header_4_text_color=\u00a0\u00bb#0041e8&Prime; header_5_line_height=\u00a0\u00bb1.7em\u00a0\u00bb custom_padding=\u00a0\u00bb|10px||10px|false|false\u00a0\u00bb global_colors_info=\u00a0\u00bb{}\u00a0\u00bb]<\/p>\n<h4 style=\"text-align: center;\"><a href=\"https:\/\/caniveaux-industriel-inox.com\/ma\/modele-end-oag-oyg\/\"><strong>MOD\u00c8LE: END-OAG-OYG<\/strong><\/a><\/h4>\n<h5 style=\"text-align: center;\"><span>Bec au milieu, en diagonale vers le bec, avec siphon et bac de r\u00e9cup\u00e9ration..<\/span><\/h5>\n<p>[\/et_pb_text][\/et_pb_column][\/et_pb_row][et_pb_row column_structure=\u00a0\u00bb1_3,1_3,1_3&Prime; _builder_version=\u00a0\u00bb4.21.0&Prime; _module_preset=\u00a0\u00bbdefault\u00a0\u00bb background_color=\u00a0\u00bb#ffffff\u00a0\u00bb max_width=\u00a0\u00bbnone\u00a0\u00bb custom_padding=\u00a0\u00bb||1px|||\u00a0\u00bb global_colors_info=\u00a0\u00bb{}\u00a0\u00bb][et_pb_column type=\u00a0\u00bb1_3&Prime; _builder_version=\u00a0\u00bb4.16&Prime; _module_preset=\u00a0\u00bbdefault\u00a0\u00bb global_colors_info=\u00a0\u00bb{}\u00a0\u00bb][et_pb_image src=\u00a0\u00bbhttps:\/\/caniveaux-industriel-inox.com\/ma\/wp-content\/uploads\/2025\/08\/Canaux-de-drainage-modulaires-en-acier-inoxydable-END-1Y-charge-lourde-pente-dans-une-direction-sans-siphon-pour-traitement-poisson-inox-Maroc.png\u00a0\u00bb alt=\u00a0\u00bbCanaux-de-drainage-modulaires-en-acier-inoxydable-END-1Y-charge-lourde-pente-dans-une-direction-sans-siphon-pour-traitement-poisson-inox-Maroc\u00a0\u00bb title_text=\u00a0\u00bbCanaux-de-drainage-modulaires-en-acier-inoxydable-END-1Y-charge-lourde-pente-dans-une-direction-sans-siphon-pour-traitement-poisson-inox-Maroc\u00a0\u00bb url=\u00a0\u00bbhttps:\/\/caniveaux-industriel-inox.com\/ma\/modele-end-1y\/\u00a0\u00bb align=\u00a0\u00bbcenter\u00a0\u00bb _builder_version=\u00a0\u00bb4.27.4&Prime; _module_preset=\u00a0\u00bbdefault\u00a0\u00bb width=\u00a0\u00bb80%\u00a0\u00bb hover_enabled=\u00a0\u00bb0&Prime; global_colors_info=\u00a0\u00bb{}\u00a0\u00bb sticky_enabled=\u00a0\u00bb0&Prime;][\/et_pb_image][et_pb_text _builder_version=\u00a0\u00bb4.27.4&Prime; _module_preset=\u00a0\u00bbdefault\u00a0\u00bb header_4_text_color=\u00a0\u00bb#0041e8&Prime; header_5_line_height=\u00a0\u00bb1.7em\u00a0\u00bb global_colors_info=\u00a0\u00bb{}\u00a0\u00bb]<\/p>\n<h4 style=\"text-align: center;\"><a href=\"https:\/\/caniveaux-industriel-inox.com\/ma\/modele-end-1y\/\"><strong>MOD\u00c8LE: END-1Y<\/strong><\/a><\/h4>\n<h5 style=\"text-align: center;\"><span>Bec unidirectionnel, c\u00f4t\u00e9 inclin\u00e9, avec seau siphon.<\/span><\/h5>\n<h4 style=\"text-align: center;\">.<\/h4>\n<p>[\/et_pb_text][\/et_pb_column][et_pb_column type=\u00a0\u00bb1_3&Prime; _builder_version=\u00a0\u00bb4.16&Prime; _module_preset=\u00a0\u00bbdefault\u00a0\u00bb global_colors_info=\u00a0\u00bb{}\u00a0\u00bb][et_pb_image src=\u00a0\u00bbhttps:\/\/caniveaux-industriel-inox.com\/ma\/wp-content\/uploads\/2025\/08\/Canaux-de-drainage-modulaires-en-acier-inoxydable-END-3AG-charge-lourde-caniveau-a-trois-sorties-pente-avec-siphon-et-panier-filtre-inox-Maroc.png\u00a0\u00bb alt=\u00a0\u00bbCanaux-de-drainage-modulaires-en-acier-inoxydable-END-3AG-charge-lourde-caniveau-\u00e0-trois-sorties-pente-avec-siphon-et-panier-filtre-inox-Maroc\u00a0\u00bb title_text=\u00a0\u00bbCanaux-de-drainage-modulaires-en-acier-inoxydable-END-3AG-charge-lourde-caniveau-\u00e0-trois-sorties-pente-avec-siphon-et-panier-filtre-inox-Maroc\u00a0\u00bb url=\u00a0\u00bbhttps:\/\/caniveaux-industriel-inox.com\/ma\/modele-end-3ag-3yg\/\u00a0\u00bb align=\u00a0\u00bbcenter\u00a0\u00bb _builder_version=\u00a0\u00bb4.27.4&Prime; _module_preset=\u00a0\u00bbdefault\u00a0\u00bb width=\u00a0\u00bb80%\u00a0\u00bb hover_enabled=\u00a0\u00bb0&Prime; global_colors_info=\u00a0\u00bb{}\u00a0\u00bb sticky_enabled=\u00a0\u00bb0&Prime;][\/et_pb_image][et_pb_text _builder_version=\u00a0\u00bb4.27.4&Prime; _module_preset=\u00a0\u00bbdefault\u00a0\u00bb header_4_text_color=\u00a0\u00bb#0041e8&Prime; header_5_line_height=\u00a0\u00bb1.7em\u00a0\u00bb global_colors_info=\u00a0\u00bb{}\u00a0\u00bb]<\/p>\n<h4 style=\"text-align: center;\"><a href=\"https:\/\/caniveaux-industriel-inox.com\/ma\/modele-end-3ag-3yg\/\"><strong>MOD\u00c8LE: END-3AG-3YG<\/strong><\/a><\/h4>\n<h5 style=\"text-align: center;\"><span>Caniveau d\u2019\u00e9vacuation \u00e0 trois c\u00f4t\u00e9s, sortie au milieu, en diagonale vers la sortie, \u00e9quip\u00e9 de siphon et bac de r\u00e9cup\u00e9ration.<\/span><\/h5>\n<p>[\/et_pb_text][\/et_pb_column][et_pb_column type=\u00a0\u00bb1_3&Prime; _builder_version=\u00a0\u00bb4.16&Prime; _module_preset=\u00a0\u00bbdefault\u00a0\u00bb global_colors_info=\u00a0\u00bb{}\u00a0\u00bb][et_pb_image src=\u00a0\u00bbhttps:\/\/caniveaux-industriel-inox.com\/ma\/wp-content\/uploads\/2025\/08\/Canaux-de-drainage-modulaires-en-acier-inoxydable-END-MULTI-charge-lourde-avec-plusieurs-sorties-chaque-sortie-ayant-deux-directions-ou-plus-de-flux-inox-Maroc.png\u00a0\u00bb alt=\u00a0\u00bbCanaux-de-drainage-modulaires-en-acier-inoxydable-END-MULTI-charge-lourde-avec-plusieurs-sorties-chaque-sortie-ayant-deux-directions-ou-plus-de-flux-inox-Maroc\u00a0\u00bb title_text=\u00a0\u00bbCanaux-de-drainage-modulaires-en-acier-inoxydable-END-MULTI-charge-lourde-avec-plusieurs-sorties-chaque-sortie-ayant-deux-directions-ou-plus-de-flux-inox-Maroc\u00a0\u00bb url=\u00a0\u00bbhttps:\/\/caniveaux-industriel-inox.com\/ma\/modele-end-multi\/\u00a0\u00bb align=\u00a0\u00bbcenter\u00a0\u00bb _builder_version=\u00a0\u00bb4.27.4&Prime; _module_preset=\u00a0\u00bbdefault\u00a0\u00bb width=\u00a0\u00bb80%\u00a0\u00bb hover_enabled=\u00a0\u00bb0&Prime; global_colors_info=\u00a0\u00bb{}\u00a0\u00bb sticky_enabled=\u00a0\u00bb0&Prime;][\/et_pb_image][et_pb_text _builder_version=\u00a0\u00bb4.27.4&Prime; _module_preset=\u00a0\u00bbdefault\u00a0\u00bb header_4_text_color=\u00a0\u00bb#0041e8&Prime; header_5_line_height=\u00a0\u00bb1.7em\u00a0\u00bb custom_padding=\u00a0\u00bb|10px||10px|false|false\u00a0\u00bb global_colors_info=\u00a0\u00bb{}\u00a0\u00bb]<\/p>\n<h4 style=\"text-align: center;\"><a href=\"https:\/\/caniveaux-industriel-inox.com\/ma\/modele-end-multi\/\"><strong>MOD\u00c8LE: END<\/strong><strong>-MULTI<\/strong><\/a><\/h4>\n<h5 style=\"text-align: center;\"><span>Avec plusieurs sorties, chaque sortie a deux sens d\u2019\u00e9coulement ou plus.<\/span><\/h5>\n<p>[\/et_pb_text][\/et_pb_column][\/et_pb_row][et_pb_row _builder_version=\u00a0\u00bb4.21.0&Prime; _module_preset=\u00a0\u00bbdefault\u00a0\u00bb background_color=\u00a0\u00bb#ffffff\u00a0\u00bb max_width=\u00a0\u00bbnone\u00a0\u00bb custom_padding=\u00a0\u00bb||0px|||\u00a0\u00bb global_colors_info=\u00a0\u00bb{}\u00a0\u00bb][et_pb_column type=\u00a0\u00bb4_4&Prime; _builder_version=\u00a0\u00bb4.16&Prime; _module_preset=\u00a0\u00bbdefault\u00a0\u00bb global_colors_info=\u00a0\u00bb{}\u00a0\u00bb][et_pb_divider _builder_version=\u00a0\u00bb4.16&Prime; _module_preset=\u00a0\u00bbdefault\u00a0\u00bb global_colors_info=\u00a0\u00bb{}\u00a0\u00bb][\/et_pb_divider][\/et_pb_column][\/et_pb_row][et_pb_row column_structure=\u00a0\u00bb1_2,1_2&Prime; _builder_version=\u00a0\u00bb4.21.0&Prime; _module_preset=\u00a0\u00bbdefault\u00a0\u00bb background_color=\u00a0\u00bb#ffffff\u00a0\u00bb max_width=\u00a0\u00bbnone\u00a0\u00bb global_colors_info=\u00a0\u00bb{}\u00a0\u00bb][et_pb_column type=\u00a0\u00bb1_2&Prime; _builder_version=\u00a0\u00bb4.16&Prime; _module_preset=\u00a0\u00bbdefault\u00a0\u00bb global_colors_info=\u00a0\u00bb{}\u00a0\u00bb][et_pb_button button_url=\u00a0\u00bbhttps:\/\/caniveaux-industriel-inox.com\/ma\/grilles\/\u00a0\u00bb button_text=\u00a0\u00bbGrilles\u00a0\u00bb button_alignment=\u00a0\u00bbcenter\u00a0\u00bb _builder_version=\u00a0\u00bb4.27.4&Prime; _module_preset=\u00a0\u00bbdefault\u00a0\u00bb hover_enabled=\u00a0\u00bb0&Prime; global_colors_info=\u00a0\u00bb{}\u00a0\u00bb sticky_enabled=\u00a0\u00bb0&Prime;][\/et_pb_button][\/et_pb_column][et_pb_column type=\u00a0\u00bb1_2&Prime; _builder_version=\u00a0\u00bb4.16&Prime; _module_preset=\u00a0\u00bbdefault\u00a0\u00bb global_colors_info=\u00a0\u00bb{}\u00a0\u00bb][et_pb_button button_url=\u00a0\u00bbhttps:\/\/caniveaux-industriel-inox.com\/ma\/paniers-filtrants\/\u00a0\u00bb button_text=\u00a0\u00bbPaniers Filtrants\u00a0\u00bb button_alignment=\u00a0\u00bbcenter\u00a0\u00bb _builder_version=\u00a0\u00bb4.27.4&Prime; _module_preset=\u00a0\u00bbdefault\u00a0\u00bb hover_enabled=\u00a0\u00bb0&Prime; global_colors_info=\u00a0\u00bb{}\u00a0\u00bb sticky_enabled=\u00a0\u00bb0&Prime;][\/et_pb_button][\/et_pb_column][\/et_pb_row][et_pb_row _builder_version=\u00a0\u00bb4.21.0&Prime; _module_preset=\u00a0\u00bbdefault\u00a0\u00bb background_color=\u00a0\u00bb#ffffff\u00a0\u00bb max_width=\u00a0\u00bbnone\u00a0\u00bb custom_margin=\u00a0\u00bb|auto|-27px|auto||\u00a0\u00bb custom_padding=\u00a0\u00bb0px|||||\u00a0\u00bb global_colors_info=\u00a0\u00bb{}\u00a0\u00bb][et_pb_column type=\u00a0\u00bb4_4&Prime; _builder_version=\u00a0\u00bb4.16&Prime; _module_preset=\u00a0\u00bbdefault\u00a0\u00bb global_colors_info=\u00a0\u00bb{}\u00a0\u00bb][et_pb_text _builder_version=\u00a0\u00bb4.22.0&Prime; _module_preset=\u00a0\u00bbdefault\u00a0\u00bb header_4_font=\u00a0\u00bb|700|||on||||\u00a0\u00bb header_4_text_color=\u00a0\u00bb#0c71c3&Prime; header_5_line_height=\u00a0\u00bb1.7em\u00a0\u00bb custom_padding=\u00a0\u00bb|10px||20px|false|false\u00a0\u00bb global_colors_info=\u00a0\u00bb{}\u00a0\u00bb]<\/p>\n<h5><strong>Charge industrielle lourde<\/strong><\/h5>\n<h5><strong>CARACT\u00c9RISTIQUES STANDARD<\/strong><\/h5>\n<h5>Ils sont modulaires et peuvent \u00eatre connect\u00e9s entre eux pour cr\u00e9er un syst\u00e8me d&rsquo;\u00e9vacuation des eaux us\u00e9es continu d&rsquo;une longueur maximale de 2500 mm.<br \/>Les syst\u00e8mes de drainage continus peuvent \u00eatre interconnect\u00e9s via des brides \u00e0 fente \u00e9quip\u00e9es de joints en T\u00e9flon. Cela permet d&rsquo;ajuster la longueur du syst\u00e8me de drainage \u00e9tanche selon les besoins.<\/h5>\n<h5>Type 1: Largeur de la goutti\u00e8re 135 mm<br \/>Type 2: Largeur de la goutti\u00e8re 150 mm<br \/>Type 3: Largeur de la goutti\u00e8re 175 mm<br \/>Type 4: Largeur de la goutti\u00e8re 200 mm<br \/>Type 5: Largeur de la goutti\u00e8re 230 mm<br \/>Type 6: Largeur de la goutti\u00e8re 300 mm<br \/>Type 7: Largeur de la goutti\u00e8re 400 mm<br \/>Type 8: La largeur de la goutti\u00e8re est produite sur demande sp\u00e9ciale.<\/h5>\n<h5>Avec une goutti\u00e8re grillag\u00e9e d&rsquo;une profondeur minimale de 55 mm et une profondeur maximale de 250 mm, il est possible de cr\u00e9er un syst\u00e8me d&rsquo;\u00e9vacuation des eaux us\u00e9es continu d&rsquo;une longueur maximale de 18000 mm avec une pente constante de 0,6% vers l&rsquo;orifice de sortie.<\/h5>\n<h5>Les syst\u00e8mes d&rsquo;\u00e9vacuation des eaux us\u00e9es continus peuvent \u00eatre fabriqu\u00e9s aux dimensions souhait\u00e9es, \u00e0 condition que la pente soit conforme \u00e0 la profondeur minimale et maximale.<\/h5>\n<h5>Dans le syst\u00e8me d&rsquo;\u00e9vacuation des eaux us\u00e9es \u00e0 pente fixe et profondeur variable, les \u00e9l\u00e9ments de goutti\u00e8re en acier inoxydable sont fabriqu\u00e9s avec une pente constante de 0,6% en direction du bac de sortie, sauf indication contraire.<\/h5>\n<h5>La pente de la tranch\u00e9e et les profondeurs minimale et maximale de la tranch\u00e9e peuvent \u00eatre adapt\u00e9es aux dimensions souhait\u00e9es, \u00e0 condition qu&rsquo;elles respectent les dimensions applicables.<\/h5>\n<h5><strong>OPTIONS<\/strong><br \/>En option, la grille peut \u00eatre fabriqu\u00e9e en acier inoxydable de qualit\u00e9 AISI 316.<\/h5>\n<p>[\/et_pb_text][\/et_pb_column][\/et_pb_row][\/et_pb_section]<\/p>\n","protected":false},"excerpt":{"rendered":"<p>Roestvrijstalen modulaire afvoerkanalen voor zware belasting.<br \/>\nrvs modulaire afvoergoot END KAG<br \/>\nMODEL: END-KAG-KYG<br \/>\nUitloop in \u00e9\u00e9n richting, schuine afloopzijde, met sifonemmer.<br \/>\nrvs modulaire afvoergoot END LAG<br \/>\nMODEL: END-LAG-LYG<br \/>\nUitgang vanuit de hoek, hellend in de richting van de uitloop, met een sifon en een opvangbak.<br \/>\nrvs modulaire afvoergoot END OAG<br \/>\nMODEL: END-OAG-OYG<br \/>\nUitloop in het midden, hellend in de richting van de uitloop, met een sifon en een opvangbak.<br \/>\nrvs modulaire afvoergoot END 1Y 2<br \/>\nMODEL: END-1Y<br \/>\nHellend in \u00e9\u00e9n richting, zonder sifon.<br \/>\n.<br \/>\nrvs modulaire afvoergoot END 3AG<br \/>\nMODEL: END-3AG-3YG<br \/>\nDriezijdige afvoergoot, uitloop in het midden, hellend in de richting van de uitloop, met een sifon en een opvangbak.<br \/>\nrvs modulaire afvoergoot END MULTI<br \/>\nMODEL: END-MULTI<br \/>\nMet meerdere uitgangen, elke afvoer heeft twee of meer stromingsrichtingen.<br \/>\nRoosters<br \/>\nZeefmanden<br \/>\nZware industri\u00eble belasting<br \/>\nSTANDAARD KENMERKEN<br \/>\nZe zijn modulair met elkaar verbonden in een doorlopend afvalwaterafvoersysteem met een maximale lengte van 2500 mm.<br \/>\nDoorlopende rioleringssystemen kunnen op elkaar worden aangesloten via sleufflenzen voorzien van Teflon pakkingen. Hierdoor kan het waterdichte drainagesysteem op de gewenste lengte worden gebracht.<br \/>\nType 1: Gootbreedte 135 mm<br \/>\nType 2: Gootbreedte 150 mm<br \/>\nType 3: Gootbreedte 175 mm<br \/>\nType 4: Gootbreedte 200 mm<br \/>\nType 5: Gootbreedte 230 mm<br \/>\nType 6: Gootbreedte 300 mm<br \/>\nType 7: Gootbreedte 400 mm<br \/>\nType 8: Gootbreedte wordt op speciaal verzoek geproduceerd<br \/>\nMet een roostergoot met een diepte van minimaal 55 mm en een maximale diepte van 250 mm is het mogelijk een continu rioolafvoersysteem te realiseren met een maximale lengte van 18000 mm met een constant afschot van 0,6% naar de uitmonding.<br \/>\nDoorlopend \u2013 doorlopende afvalwaterafvoersystemen kunnen in gewenste afmetingen worden gemaakt, mits de helling voldoet aan de minimale en maximale diepte.<br \/>\nIn het vast afschot, variabele diepte vuilwaterafvoersysteem worden RVS gootelementen vervaardigd met een constant afschot van 0,6% in de richting van de uitloopbak, tenzij anders gevraagd.<br \/>\nHet geulhelling en de minimale en maximale geuldieptes kunnen in gewenste afmetingen worden gemaakt, mits deze binnen de geldende afmetingen blijven.<br \/>\nOPTIES<br \/>\nOptioneel kan deit rooster gemaakt worden van RVS AISI 316 kwaliteit.<\/p>\n","protected":false},"author":3,"featured_media":0,"parent":0,"menu_order":0,"comment_status":"closed","ping_status":"closed","template":"","meta":{"_et_pb_use_builder":"on","_et_pb_old_content":"","_et_gb_content_width":"","_monsterinsights_skip_tracking":false,"_monsterinsights_sitenote_active":false,"_monsterinsights_sitenote_note":"","_monsterinsights_sitenote_category":0,"footnotes":""},"class_list":["post-1982","page","type-page","status-publish","hentry"],"_links":{"self":[{"href":"https:\/\/caniveaux-industriel-inox.com\/ma\/wp-json\/wp\/v2\/pages\/1982","targetHints":{"allow":["GET"]}}],"collection":[{"href":"https:\/\/caniveaux-industriel-inox.com\/ma\/wp-json\/wp\/v2\/pages"}],"about":[{"href":"https:\/\/caniveaux-industriel-inox.com\/ma\/wp-json\/wp\/v2\/types\/page"}],"author":[{"embeddable":true,"href":"https:\/\/caniveaux-industriel-inox.com\/ma\/wp-json\/wp\/v2\/users\/3"}],"replies":[{"embeddable":true,"href":"https:\/\/caniveaux-industriel-inox.com\/ma\/wp-json\/wp\/v2\/comments?post=1982"}],"version-history":[{"count":0,"href":"https:\/\/caniveaux-industriel-inox.com\/ma\/wp-json\/wp\/v2\/pages\/1982\/revisions"}],"wp:attachment":[{"href":"https:\/\/caniveaux-industriel-inox.com\/ma\/wp-json\/wp\/v2\/media?parent=1982"}],"curies":[{"name":"wp","href":"https:\/\/api.w.org\/{rel}","templated":true}]}}