{"id":1960,"date":"2020-12-16T18:20:53","date_gmt":"2020-12-16T18:20:53","guid":{"rendered":"https:\/\/dev.joomlaworks.nl\/?page_id=1960"},"modified":"2025-08-28T20:35:20","modified_gmt":"2025-08-28T18:35:20","slug":"charge-legere-modulaire","status":"publish","type":"page","link":"https:\/\/caniveaux-industriel-inox.com\/ma\/charge-legere-modulaire\/","title":{"rendered":"Charge l\u00e9g\u00e8re modulaire |"},"content":{"rendered":"<p>[et_pb_section fb_built=\u00a0\u00bb1&Prime; _builder_version=\u00a0\u00bb4.16&Prime; _module_preset=\u00a0\u00bbdefault\u00a0\u00bb background_color=\u00a0\u00bb#ececec\u00a0\u00bb custom_padding=\u00a0\u00bb||0px|||\u00a0\u00bb global_colors_info=\u00a0\u00bb{}\u00a0\u00bb][et_pb_row _builder_version=\u00a0\u00bb4.21.0&Prime; _module_preset=\u00a0\u00bbdefault\u00a0\u00bb background_color=\u00a0\u00bb#ffffff\u00a0\u00bb max_width=\u00a0\u00bbnone\u00a0\u00bb custom_padding=\u00a0\u00bb||0px|||\u00a0\u00bb global_colors_info=\u00a0\u00bb{}\u00a0\u00bb][et_pb_column type=\u00a0\u00bb4_4&Prime; _builder_version=\u00a0\u00bb4.16&Prime; _module_preset=\u00a0\u00bbdefault\u00a0\u00bb global_colors_info=\u00a0\u00bb{}\u00a0\u00bb][et_pb_menu menu_id=\u00a0\u00bb31&Prime; active_link_color=\u00a0\u00bb#0041e8&Prime; dropdown_menu_bg_color=\u00a0\u00bb#ffffff\u00a0\u00bb _builder_version=\u00a0\u00bb4.16&Prime; _module_preset=\u00a0\u00bbdefault\u00a0\u00bb menu_font=\u00a0\u00bb|700|||||||\u00a0\u00bb menu_text_color=\u00a0\u00bb#474747&Prime; menu_font_size=\u00a0\u00bb20px\u00a0\u00bb background_color=\u00a0\u00bb#9e9e9e\u00a0\u00bb use_background_color_gradient=\u00a0\u00bbon\u00a0\u00bb background_color_gradient_stops=\u00a0\u00bb#ffffff 0%|#ffffff 100%\u00a0\u00bb background_color_gradient_start=\u00a0\u00bb#ffffff\u00a0\u00bb background_color_gradient_end=\u00a0\u00bb#ffffff\u00a0\u00bb custom_margin=\u00a0\u00bb-33px||0px|||\u00a0\u00bb custom_padding=\u00a0\u00bb9px||8px|10px|false|false\u00a0\u00bb animation_style=\u00a0\u00bbfade\u00a0\u00bb border_radii=\u00a0\u00bbon|2px|2px|2px|2px\u00a0\u00bb border_width_all=\u00a0\u00bb1px\u00a0\u00bb border_color_all=\u00a0\u00bb#0c71c3&Prime; saved_tabs=\u00a0\u00bball\u00a0\u00bb global_colors_info=\u00a0\u00bb{}\u00a0\u00bb][\/et_pb_menu][\/et_pb_column][\/et_pb_row][et_pb_row _builder_version=\u00a0\u00bb4.21.0&Prime; _module_preset=\u00a0\u00bbdefault\u00a0\u00bb background_color=\u00a0\u00bb#ffffff\u00a0\u00bb max_width=\u00a0\u00bbnone\u00a0\u00bb global_colors_info=\u00a0\u00bb{}\u00a0\u00bb][et_pb_column type=\u00a0\u00bb4_4&Prime; _builder_version=\u00a0\u00bb4.16&Prime; _module_preset=\u00a0\u00bbdefault\u00a0\u00bb global_colors_info=\u00a0\u00bb{}\u00a0\u00bb][et_pb_text _builder_version=\u00a0\u00bb4.22.0&Prime; _module_preset=\u00a0\u00bbdefault\u00a0\u00bb background_color=\u00a0\u00bb#ffffff\u00a0\u00bb custom_padding=\u00a0\u00bb|||10px|false|false\u00a0\u00bb global_colors_info=\u00a0\u00bb{}\u00a0\u00bb]<\/p>\n<h2 style=\"text-align: center;\"><strong>Canaux de drainage modulaires en acier inoxydable pour charges l\u00e9g\u00e8res<\/strong><\/h2>\n<p>[\/et_pb_text][\/et_pb_column][\/et_pb_row][\/et_pb_section][et_pb_section fb_built=\u00a0\u00bb1&Prime; _builder_version=\u00a0\u00bb4.16&Prime; _module_preset=\u00a0\u00bbdefault\u00a0\u00bb background_color=\u00a0\u00bb#ececec\u00a0\u00bb custom_padding=\u00a0\u00bb0px||33px|||\u00a0\u00bb global_colors_info=\u00a0\u00bb{}\u00a0\u00bb][et_pb_row column_structure=\u00a0\u00bb1_3,1_3,1_3&Prime; _builder_version=\u00a0\u00bb4.21.0&Prime; _module_preset=\u00a0\u00bbdefault\u00a0\u00bb background_color=\u00a0\u00bb#ffffff\u00a0\u00bb max_width=\u00a0\u00bbnone\u00a0\u00bb custom_padding=\u00a0\u00bb7px||6px|||\u00a0\u00bb global_colors_info=\u00a0\u00bb{}\u00a0\u00bb][et_pb_column type=\u00a0\u00bb1_3&Prime; _builder_version=\u00a0\u00bb4.16&Prime; _module_preset=\u00a0\u00bbdefault\u00a0\u00bb global_colors_info=\u00a0\u00bb{}\u00a0\u00bb][et_pb_image src=\u00a0\u00bbhttps:\/\/caniveaux-industriel-inox.com\/ma\/wp-content\/uploads\/2025\/08\/Canaux-de-drainage-modulaires-en-acier-inoxydable-NYD-KAG-charge-legere-sortie-vers-un-cote-pente-inclinee-avec-clapet-antipollution-et-panier-filtre-inox-Maroc.png\u00a0\u00bb alt=\u00a0\u00bbCanaux-de-drainage-modulaires-en-acier-inoxydable-NYD-KAG-charge-l\u00e9g\u00e8re-sortie-vers-un-c\u00f4t\u00e9-pente-inclin\u00e9e-avec-clapet-antipollution-et-panier-filtre-inox-Maroc\u00a0\u00bb title_text=\u00a0\u00bbCanaux-de-drainage-modulaires-en-acier-inoxydable-NYD-KAG-charge-l\u00e9g\u00e8re-sortie-vers-un-c\u00f4t\u00e9-pente-inclin\u00e9e-avec-clapet-antipollution-et-panier-filtre-inox-Maroc\u00a0\u00bb url=\u00a0\u00bbhttps:\/\/caniveaux-industriel-inox.com\/ma\/modele-nyd-kag-kyg\/\u00a0\u00bb align=\u00a0\u00bbcenter\u00a0\u00bb _builder_version=\u00a0\u00bb4.27.4&Prime; _module_preset=\u00a0\u00bbdefault\u00a0\u00bb width=\u00a0\u00bb80%\u00a0\u00bb global_colors_info=\u00a0\u00bb{}\u00a0\u00bb][\/et_pb_image][et_pb_text _builder_version=\u00a0\u00bb4.27.4&Prime; _module_preset=\u00a0\u00bbdefault\u00a0\u00bb header_4_text_color=\u00a0\u00bb#0041e8&Prime; header_5_line_height=\u00a0\u00bb1.7em\u00a0\u00bb custom_padding=\u00a0\u00bb|10px||10px|false|false\u00a0\u00bb global_colors_info=\u00a0\u00bb{}\u00a0\u00bb]<\/p>\n<h4 style=\"text-align: center;\"><a href=\"https:\/\/caniveaux-industriel-inox.com\/ma\/modele-nyd-kag-kyg\/\"><strong>MOD\u00c8LE: NYD-KAG-KYG<\/strong><\/a><\/h4>\n<h5 style=\"text-align: center;\">Bec unidirectionnel, c\u00f4t\u00e9 inclin\u00e9, avec seau siphon.<\/h5>\n<p>[\/et_pb_text][\/et_pb_column][et_pb_column type=\u00a0\u00bb1_3&Prime; _builder_version=\u00a0\u00bb4.16&Prime; _module_preset=\u00a0\u00bbdefault\u00a0\u00bb global_colors_info=\u00a0\u00bb{}\u00a0\u00bb][et_pb_image src=\u00a0\u00bbhttps:\/\/caniveaux-industriel-inox.com\/ma\/wp-content\/uploads\/2025\/08\/Canaux-de-drainage-modulaires-en-acier-inoxydable-NYD-LAG-charge-legere-sortie-pente-vers-la-sortie-avec-clapet-antipollution-et-panier-filtre-Maroc.png\u00a0\u00bb alt=\u00a0\u00bbCanaux-de-drainage-modulaires-en-acier-inoxydable-NYD-LAG-charge-l\u00e9g\u00e8re-sortie-pente-vers-la-sortie-avec-clapet-antipollution-et-panier-filtre-Maroc\u00a0\u00bb title_text=\u00a0\u00bbCanaux-de-drainage-modulaires-en-acier-inoxydable-NYD-LAG-charge-l\u00e9g\u00e8re-sortie-pente-vers-la-sortie-avec-clapet-antipollution-et-panier-filtre-Maroc\u00a0\u00bb url=\u00a0\u00bbhttps:\/\/caniveaux-industriel-inox.com\/ma\/modele-nyd-lag-lyg\/\u00a0\u00bb align=\u00a0\u00bbcenter\u00a0\u00bb _builder_version=\u00a0\u00bb4.27.4&Prime; _module_preset=\u00a0\u00bbdefault\u00a0\u00bb width=\u00a0\u00bb80%\u00a0\u00bb custom_margin=\u00a0\u00bb1px||8px||false|false\u00a0\u00bb global_colors_info=\u00a0\u00bb{}\u00a0\u00bb][\/et_pb_image][et_pb_text _builder_version=\u00a0\u00bb4.27.4&Prime; _module_preset=\u00a0\u00bbdefault\u00a0\u00bb header_4_text_color=\u00a0\u00bb#0041e8&Prime; header_5_line_height=\u00a0\u00bb1.7em\u00a0\u00bb custom_padding=\u00a0\u00bb27px|||||\u00a0\u00bb global_colors_info=\u00a0\u00bb{}\u00a0\u00bb]<\/p>\n<h4 style=\"text-align: center;\"><a href=\"https:\/\/caniveaux-industriel-inox.com\/ma\/modele-nyd-lag-lyg\/\" data-wplink-edit=\"true\"><strong>MOD\u00c8LE: NYD-LAG-LYG<\/strong><\/a><\/h4>\n<h5 style=\"text-align: center;\"><span>Sortie d&rsquo;angle, inclin\u00e9e vers la sortie, avec siphon et bac de r\u00e9cup\u00e9ration.<\/span><\/h5>\n<p>[\/et_pb_text][\/et_pb_column][et_pb_column type=\u00a0\u00bb1_3&Prime; _builder_version=\u00a0\u00bb4.16&Prime; _module_preset=\u00a0\u00bbdefault\u00a0\u00bb global_colors_info=\u00a0\u00bb{}\u00a0\u00bb][et_pb_image src=\u00a0\u00bbhttps:\/\/caniveaux-industriel-inox.com\/ma\/wp-content\/uploads\/2025\/08\/Canaux-de-drainage-modulaires-en-acier-inoxydable-NYD-OAG-charge-legere-sortie-au-centre-pente-vers-la-sortie-avec-clapet-antipollution-et-panier-filtre-Maroc.png\u00a0\u00bb alt=\u00a0\u00bbCanaux-de-drainage-modulaires-en-acier-inoxydable-NYD-OAG-charge-l\u00e9g\u00e8re-sortie-au-centre-pente-vers-la-sortie-avec-clapet-antipollution-et-panier-filtre-Maroc\u00a0\u00bb title_text=\u00a0\u00bbCanaux-de-drainage-modulaires-en-acier-inoxydable-NYD-OAG-charge-l\u00e9g\u00e8re-sortie-au-centre-pente-vers-la-sortie-avec-clapet-antipollution-et-panier-filtre-Maroc\u00a0\u00bb url=\u00a0\u00bbhttps:\/\/caniveaux-industriel-inox.com\/ma\/modele-nyd-oag-oyg\/\u00a0\u00bb align=\u00a0\u00bbcenter\u00a0\u00bb _builder_version=\u00a0\u00bb4.27.4&Prime; _module_preset=\u00a0\u00bbdefault\u00a0\u00bb width=\u00a0\u00bb80%\u00a0\u00bb global_colors_info=\u00a0\u00bb{}\u00a0\u00bb][\/et_pb_image][et_pb_text _builder_version=\u00a0\u00bb4.27.4&Prime; _module_preset=\u00a0\u00bbdefault\u00a0\u00bb header_4_text_color=\u00a0\u00bb#0041e8&Prime; header_5_line_height=\u00a0\u00bb1.7em\u00a0\u00bb custom_padding=\u00a0\u00bb|10px||10px|false|false\u00a0\u00bb global_colors_info=\u00a0\u00bb{}\u00a0\u00bb]<\/p>\n<h4 style=\"text-align: center;\"><a href=\"https:\/\/caniveaux-industriel-inox.com\/ma\/modele-nyd-oag-oyg\/\"><strong>MOD\u00c8LE: NYD-OAG-OYG<\/strong><\/a><\/h4>\n<h5 style=\"text-align: center;\"><span>Bec au milieu, en diagonale vers le bec, avec siphon et bac de r\u00e9cup\u00e9ration.<\/span><\/h5>\n<p>[\/et_pb_text][\/et_pb_column][\/et_pb_row][et_pb_row column_structure=\u00a0\u00bb1_3,1_3,1_3&Prime; _builder_version=\u00a0\u00bb4.21.0&Prime; _module_preset=\u00a0\u00bbdefault\u00a0\u00bb background_color=\u00a0\u00bb#ffffff\u00a0\u00bb max_width=\u00a0\u00bbnone\u00a0\u00bb custom_padding=\u00a0\u00bb||1px|||\u00a0\u00bb global_colors_info=\u00a0\u00bb{}\u00a0\u00bb][et_pb_column type=\u00a0\u00bb1_3&Prime; _builder_version=\u00a0\u00bb4.16&Prime; _module_preset=\u00a0\u00bbdefault\u00a0\u00bb global_colors_info=\u00a0\u00bb{}\u00a0\u00bb][et_pb_image src=\u00a0\u00bbhttps:\/\/caniveaux-industriel-inox.com\/ma\/wp-content\/uploads\/2025\/08\/Canaux-de-drainage-modulaires-en-acier-inoxydable-NYD-1Y-charge-legere-pente-dans-une-direction-sans-clapet-antipollution-pour-la-transformation-du-poisson-inox-Maroc.png\u00a0\u00bb alt=\u00a0\u00bbCanaux-de-drainage-modulaires-en-acier-inoxydable-NYD-1Y-charge-l\u00e9g\u00e8re-pente-dans-une-direction-sans-clapet-antipollution-pour-la-transformation-du-poisson-inox-Maroc\u00a0\u00bb title_text=\u00a0\u00bbCanaux-de-drainage-modulaires-en-acier-inoxydable-NYD-1Y-charge-l\u00e9g\u00e8re-pente-dans-une-direction-sans-clapet-antipollution-pour-la-transformation-du-poisson-inox-Maroc\u00a0\u00bb url=\u00a0\u00bbhttps:\/\/caniveaux-industriel-inox.com\/ma\/modele-nyd-1y\/\u00a0\u00bb align=\u00a0\u00bbcenter\u00a0\u00bb _builder_version=\u00a0\u00bb4.27.4&Prime; _module_preset=\u00a0\u00bbdefault\u00a0\u00bb width=\u00a0\u00bb80%\u00a0\u00bb global_colors_info=\u00a0\u00bb{}\u00a0\u00bb][\/et_pb_image][et_pb_text _builder_version=\u00a0\u00bb4.27.4&Prime; _module_preset=\u00a0\u00bbdefault\u00a0\u00bb header_4_text_color=\u00a0\u00bb#0041e8&Prime; header_5_line_height=\u00a0\u00bb1.7em\u00a0\u00bb global_colors_info=\u00a0\u00bb{}\u00a0\u00bb]<\/p>\n<h4 style=\"text-align: center;\"><a href=\"https:\/\/caniveaux-industriel-inox.com\/ma\/modele-nyd-1y\/\"><strong>MOD\u00c8LE: NYD-1Y<\/strong><\/a><\/h4>\n<h5 style=\"text-align: center;\"><span>Inclin\u00e9 dans un sens, sans siphon.<\/span><\/h5>\n<h4 style=\"text-align: center;\"><\/h4>\n<p>[\/et_pb_text][\/et_pb_column][et_pb_column type=\u00a0\u00bb1_3&Prime; _builder_version=\u00a0\u00bb4.16&Prime; _module_preset=\u00a0\u00bbdefault\u00a0\u00bb global_colors_info=\u00a0\u00bb{}\u00a0\u00bb][et_pb_image src=\u00a0\u00bbhttps:\/\/caniveaux-industriel-inox.com\/ma\/wp-content\/uploads\/2025\/08\/Canaux-de-drainage-modulaires-en-acier-inoxydable-NYD-3AG-charge-legere-caniveau-a-trois-sorties-pente-avec-clapet-antipollution-et-panier-filtre-inox-Maroc.png\u00a0\u00bb alt=\u00a0\u00bbCanaux-de-drainage-modulaires-en-acier-inoxydable-NYD-3AG-charge-l\u00e9g\u00e8re-caniveau-\u00e0-trois-sorties-pente-avec-clapet-antipollution-et-panier-filtre-inox-Maroc\u00a0\u00bb title_text=\u00a0\u00bbCanaux-de-drainage-modulaires-en-acier-inoxydable-NYD-3AG-charge-l\u00e9g\u00e8re-caniveau-\u00e0-trois-sorties-pente-avec-clapet-antipollution-et-panier-filtre-inox-Maroc\u00a0\u00bb url=\u00a0\u00bbhttps:\/\/caniveaux-industriel-inox.com\/ma\/modele-nyd-3ag-3yg\/\u00a0\u00bb align=\u00a0\u00bbcenter\u00a0\u00bb _builder_version=\u00a0\u00bb4.27.4&Prime; _module_preset=\u00a0\u00bbdefault\u00a0\u00bb width=\u00a0\u00bb80%\u00a0\u00bb global_colors_info=\u00a0\u00bb{}\u00a0\u00bb][\/et_pb_image][et_pb_text _builder_version=\u00a0\u00bb4.27.4&Prime; _module_preset=\u00a0\u00bbdefault\u00a0\u00bb header_4_text_color=\u00a0\u00bb#0041e8&Prime; header_5_line_height=\u00a0\u00bb1.7em\u00a0\u00bb global_colors_info=\u00a0\u00bb{}\u00a0\u00bb]<\/p>\n<h4 style=\"text-align: center;\"><a href=\"https:\/\/caniveaux-industriel-inox.com\/ma\/modele-nyd-3ag-3yg\/\"><strong>MOD\u00c8LE: NYD-3AG-3YG<\/strong><\/a><\/h4>\n<h5 style=\"text-align: center;\"><span>Caniveau d&rsquo;\u00e9vacuation \u00e0 trois c\u00f4t\u00e9s, sortie au milieu, en diagonale vers la sortie, \u00e9quip\u00e9 de siphon et bac de r\u00e9cup\u00e9ration.<\/span><\/h5>\n<p>[\/et_pb_text][\/et_pb_column][et_pb_column type=\u00a0\u00bb1_3&Prime; _builder_version=\u00a0\u00bb4.16&Prime; _module_preset=\u00a0\u00bbdefault\u00a0\u00bb global_colors_info=\u00a0\u00bb{}\u00a0\u00bb][et_pb_image src=\u00a0\u00bbhttps:\/\/caniveaux-industriel-inox.com\/ma\/wp-content\/uploads\/2025\/08\/Canaux-de-drainage-modulaires-en-acier-inoxydable-NYD-MULTI-charge-legere-plusieurs-sorties-chaque-sortie-avec-deux-ou-plus-directions-de-flux-inox-Maroc.png\u00a0\u00bb alt=\u00a0\u00bbCanaux-de-drainage-modulaires-en-acier-inoxydable-NYD-MULTI-charge-l\u00e9g\u00e8re-plusieurs-sorties-chaque-sortie-avec-deux-ou-plus-directions-de-flux-inox-Maroc\u00a0\u00bb title_text=\u00a0\u00bbCanaux-de-drainage-modulaires-en-acier-inoxydable-NYD-MULTI-charge-l\u00e9g\u00e8re-plusieurs-sorties-chaque-sortie-avec-deux-ou-plus-directions-de-flux-inox-Maroc\u00a0\u00bb url=\u00a0\u00bbhttps:\/\/caniveaux-industriel-inox.com\/ma\/modele-nyd-multi\/\u00a0\u00bb align=\u00a0\u00bbcenter\u00a0\u00bb _builder_version=\u00a0\u00bb4.27.4&Prime; _module_preset=\u00a0\u00bbdefault\u00a0\u00bb width=\u00a0\u00bb80%\u00a0\u00bb global_colors_info=\u00a0\u00bb{}\u00a0\u00bb][\/et_pb_image][et_pb_text _builder_version=\u00a0\u00bb4.27.4&Prime; _module_preset=\u00a0\u00bbdefault\u00a0\u00bb header_4_text_color=\u00a0\u00bb#0041e8&Prime; header_5_line_height=\u00a0\u00bb1.7em\u00a0\u00bb custom_padding=\u00a0\u00bb|10px||10px|false|false\u00a0\u00bb global_colors_info=\u00a0\u00bb{}\u00a0\u00bb]<\/p>\n<h4 style=\"text-align: center;\"><a href=\"https:\/\/caniveaux-industriel-inox.com\/ma\/modele-nyd-multi\/\"><strong>MOD\u00c8LE: NYD<\/strong><strong>-MULTI<\/strong><\/a><\/h4>\n<h5 style=\"text-align: center;\"><span>Avec plusieurs sorties, chaque sortie a deux sens d&rsquo;\u00e9coulement ou plus.<\/span><\/h5>\n<p>[\/et_pb_text][\/et_pb_column][\/et_pb_row][et_pb_row _builder_version=\u00a0\u00bb4.21.0&Prime; _module_preset=\u00a0\u00bbdefault\u00a0\u00bb background_color=\u00a0\u00bb#ffffff\u00a0\u00bb max_width=\u00a0\u00bbnone\u00a0\u00bb custom_padding=\u00a0\u00bb6px||0px|||\u00a0\u00bb global_colors_info=\u00a0\u00bb{}\u00a0\u00bb][et_pb_column type=\u00a0\u00bb4_4&Prime; _builder_version=\u00a0\u00bb4.16&Prime; _module_preset=\u00a0\u00bbdefault\u00a0\u00bb global_colors_info=\u00a0\u00bb{}\u00a0\u00bb][et_pb_divider _builder_version=\u00a0\u00bb4.16&Prime; _module_preset=\u00a0\u00bbdefault\u00a0\u00bb global_colors_info=\u00a0\u00bb{}\u00a0\u00bb][\/et_pb_divider][\/et_pb_column][\/et_pb_row][et_pb_row column_structure=\u00a0\u00bb1_2,1_2&Prime; _builder_version=\u00a0\u00bb4.21.0&Prime; _module_preset=\u00a0\u00bbdefault\u00a0\u00bb background_color=\u00a0\u00bb#ffffff\u00a0\u00bb max_width=\u00a0\u00bbnone\u00a0\u00bb global_colors_info=\u00a0\u00bb{}\u00a0\u00bb][et_pb_column type=\u00a0\u00bb1_2&Prime; _builder_version=\u00a0\u00bb4.16&Prime; _module_preset=\u00a0\u00bbdefault\u00a0\u00bb global_colors_info=\u00a0\u00bb{}\u00a0\u00bb][et_pb_button button_url=\u00a0\u00bbhttps:\/\/caniveaux-industriel-inox.com\/ma\/grilles-en-acier-inoxydable\/\u00a0\u00bb button_text=\u00a0\u00bbGrilles\u00a0\u00bb button_alignment=\u00a0\u00bbcenter\u00a0\u00bb _builder_version=\u00a0\u00bb4.27.4&Prime; _module_preset=\u00a0\u00bbdefault\u00a0\u00bb hover_enabled=\u00a0\u00bb0&Prime; global_colors_info=\u00a0\u00bb{}\u00a0\u00bb sticky_enabled=\u00a0\u00bb0&Prime;][\/et_pb_button][\/et_pb_column][et_pb_column type=\u00a0\u00bb1_2&Prime; _builder_version=\u00a0\u00bb4.16&Prime; _module_preset=\u00a0\u00bbdefault\u00a0\u00bb global_colors_info=\u00a0\u00bb{}\u00a0\u00bb][et_pb_button button_url=\u00a0\u00bbhttps:\/\/caniveaux-industriel-inox.com\/ma\/paniers-filtrants\/\u00a0\u00bb button_text=\u00a0\u00bbPaniers Filtrans\u00a0\u00bb button_alignment=\u00a0\u00bbcenter\u00a0\u00bb _builder_version=\u00a0\u00bb4.27.4&Prime; _module_preset=\u00a0\u00bbdefault\u00a0\u00bb hover_enabled=\u00a0\u00bb0&Prime; global_colors_info=\u00a0\u00bb{}\u00a0\u00bb sticky_enabled=\u00a0\u00bb0&Prime;][\/et_pb_button][\/et_pb_column][\/et_pb_row][et_pb_row _builder_version=\u00a0\u00bb4.21.0&Prime; _module_preset=\u00a0\u00bbdefault\u00a0\u00bb background_color=\u00a0\u00bb#ffffff\u00a0\u00bb max_width=\u00a0\u00bbnone\u00a0\u00bb custom_margin=\u00a0\u00bb|auto|-27px|auto||\u00a0\u00bb custom_padding=\u00a0\u00bb0px||29px|||\u00a0\u00bb global_colors_info=\u00a0\u00bb{}\u00a0\u00bb][et_pb_column type=\u00a0\u00bb4_4&Prime; _builder_version=\u00a0\u00bb4.16&Prime; _module_preset=\u00a0\u00bbdefault\u00a0\u00bb global_colors_info=\u00a0\u00bb{}\u00a0\u00bb][et_pb_text _builder_version=\u00a0\u00bb4.22.0&Prime; _module_preset=\u00a0\u00bbdefault\u00a0\u00bb header_4_font_size=\u00a0\u00bb16px\u00a0\u00bb header_4_line_height=\u00a0\u00bb1.5em\u00a0\u00bb header_5_line_height=\u00a0\u00bb1.7em\u00a0\u00bb custom_padding=\u00a0\u00bb|10px||20px|false|false\u00a0\u00bb global_colors_info=\u00a0\u00bb{}\u00a0\u00bb]<\/p>\n<section class=\"elementor-section elementor-top-section elementor-element elementor-element-b485e2b elementor-section-boxed elementor-section-height-default elementor-section-height-default\" data-id=\"b485e2b\" data-element_type=\"section\">\n<div class=\"elementor-container elementor-column-gap-default\">\n<div class=\"elementor-row\">\n<div class=\"elementor-column elementor-col-100 elementor-top-column elementor-element elementor-element-dc1add7\" data-id=\"dc1add7\" data-element_type=\"column\">\n<div class=\"elementor-column-wrap elementor-element-populated\">\n<div class=\"elementor-widget-wrap\">\n<div class=\"elementor-element elementor-element-baa591a elementor-widget elementor-widget-text-editor\" data-id=\"baa591a\" data-element_type=\"widget\" data-widget_type=\"text-editor.default\">\n<div class=\"elementor-widget-container\">\n<div class=\"elementor-text-editor elementor-clearfix\">\n<h5><strong>L\u00e9g\u00e8re charge industrielle<\/strong><\/h5>\n<h5><strong>CARACT\u00c9RISTIQUES STANDARD<\/strong><\/h5>\n<h5>Il est possible de cr\u00e9er un syst\u00e8me d&rsquo;\u00e9vacuation des eaux us\u00e9es continu d&rsquo;une longueur maximale de 2500 mm en reliant des unit\u00e9s modulaires les unes aux autres.<br \/>Les syst\u00e8mes d&rsquo;\u00e9vacuation des eaux us\u00e9es continus peuvent \u00eatre reli\u00e9s entre eux avec des brides pourvues de joints en t\u00e9flon.<br \/>Cela permet d&rsquo;ajuster la longueur du syst\u00e8me d&rsquo;\u00e9vacuation \u00e9tanche \u00e0 la longueur souhait\u00e9e.<\/h5>\n<h5>Type 1 : Largeur de la goutti\u00e8re 135 mm<br \/>Type 2 : Largeur de la goutti\u00e8re 150 mm<br \/>Type 3 : Largeur de la goutti\u00e8re 175 mm<br \/>Type 4 : Largeur de la goutti\u00e8re 200 mm<br \/>Type 5 : Largeur de la goutti\u00e8re 230 mm<br \/>Type 6 : Largeur de la goutti\u00e8re 300 mm<br \/>Type 7 : Largeur de la goutti\u00e8re 400 mm<br \/>Type 8 : Largeur de la goutti\u00e8re r\u00e9alis\u00e9e sur mesure selon des demandes sp\u00e9ciales<\/h5>\n<h5>Il est possible de cr\u00e9er un syst\u00e8me d&rsquo;\u00e9vacuation des eaux us\u00e9es continu avec une goutti\u00e8re \u00e0 grille d&rsquo;une profondeur minimale de 40 mm et maximale de 250 mm, avec une pente constante de 0,6% en direction de la sortie, et une longueur maximale de 18000 mm.<br \/>Les syst\u00e8mes d&rsquo;\u00e9vacuation des eaux us\u00e9es continus peuvent \u00eatre personnalis\u00e9s dans les dimensions souhait\u00e9es, \u00e0 condition qu&rsquo;ils respectent la pente, la profondeur minimale et maximale.<br \/>Dans le syst\u00e8me d&rsquo;\u00e9vacuation des eaux us\u00e9es \u00e0 pente constante et profondeur variable, les \u00e9l\u00e9ments du canal en acier inoxydable sont, sauf demande contraire, produits avec une pente constante de 0,6% en direction du bac de r\u00e9cup\u00e9ration.<br \/>La pente de la goutti\u00e8re et les profondeurs minimale et maximale de la goutti\u00e8re peuvent \u00eatre personnalis\u00e9es selon les dimensions applicables.<\/h5>\n<h5><strong>OPTIONS<\/strong><br \/>En option, la grille peut \u00eatre r\u00e9alis\u00e9e en acier inoxydable de qualit\u00e9 AISI 316.<\/h5>\n<\/div>\n<\/div>\n<\/div>\n<\/div>\n<\/div>\n<\/div>\n<\/div>\n<\/div>\n<\/section>\n<p>[\/et_pb_text][\/et_pb_column][\/et_pb_row][\/et_pb_section]<\/p>\n","protected":false},"excerpt":{"rendered":"<p>Roestvrijstalen modulaire afvoergoten voor lichte belasting.<br \/>\nrvs modulaire afvoergoot NYD KAG<br \/>\nMODEL: NYD-KAG-KYG<br \/>\nUitloop in \u00e9\u00e9n richting, schuine afloopzijde, met sifonemmer.<br \/>\nrvs modulaire afvoergoot NYD LAG<br \/>\nMODEL: NYD-LAG-LYG<br \/>\nUitgang vanuit de hoek, hellend in de richting van de uitloop, met een sifon en een opvangbak.<br \/>\nrvs modulaire afvoergoot NYD OAG<br \/>\nMODEL: NYD-OAG-OYG<br \/>\nUitloop in het midden, hellend in de richting van de uitloop, met een sifon en een opvangbak.<br \/>\nrvs modulaire afvoergoot NYD 1Y<br \/>\nMODEL: NYD-1Y<br \/>\nHellend in \u00e9\u00e9n richting, zonder sifon.<br \/>\nrvs modulaire afvoergoot NYD 3AG<br \/>\nMODEL: NYD-3AG-3YG<br \/>\nDriezijdige afvoergoot, uitloop in het midden, hellend in de richting van de uitloop, met een sifon en een opvangbak.<br \/>\nrvs modulaire afvoergoot NYD MULTI<br \/>\nMODEL: NYD-MULTI<br \/>\nMet meerdere uitgangen, elke afvoer heeft twee of meer stromingsrichtingen.<br \/>\nRoosters<br \/>\nZeefmanden<br \/>\nLichte industri\u00eble belasting<br \/>\nSTANDAARD EIGENSCHAPPEN<br \/>\nHet is mogelijk om een continu afvalwaterafvoersysteem van maximaal 2500 mm lang te cre\u00ebren door modulaire eenheden aan elkaar te koppelen.<br \/>\nContinue afvalwaterafvoersystemen kunnen aan elkaar worden gekoppeld met flenzen voorzien van teflon afdichtingen.<br \/>\nDit maakt het mogelijk om het waterdichte afvoersysteem op de gewenste lengte te brengen.<br \/>\nType 1: Gootbreedte 135 mm<br \/>\nType 2: Gootbreedte 150 mm<br \/>\nType 3: Gootbreedte 175 mm<br \/>\nType 4: Gootbreedte 200 mm<br \/>\nType 5: Gootbreedte 230 mm<br \/>\nType 6: Gootbreedte 300 mm<br \/>\nType 7: Gootbreedte 400 mm<br \/>\nType 8: Gootbreedte wordt op maat gemaakt volgens speciale verzoeken<br \/>\nHet is mogelijk om een continu afvalwaterafvoersysteem te cre\u00ebren met een roostergoot van minimaal 40 mm diep en maximaal 250 mm diep, met een constante helling van 0,6% in de richting van de uitgang, en een maximale lengte van 18000 mm.<br \/>\nContinue afvalwaterafvoersystemen kunnen op maat worden gemaakt in de gewenste afmetingen, mits ze voldoen aan de helling, minimale en maximale diepte.<br \/>\nIn het afvalwaterafvoersysteem met constante helling en variabele diepte worden de roestvrijstalen kanaalelementen, tenzij anders gevraagd, geproduceerd met een constante helling van 0,6% in de richting van de afvoerbak.<br \/>\nGoothelling en minimale en maximale gootdiepten kunnen op maat worden gemaakt binnen toepasbare afmetingen.<br \/>\nOPTIES<br \/>\nOptioneel kan het rooster gemaakt worden van roestvrij staal van AISI 316 kwaliteit.<\/p>\n","protected":false},"author":3,"featured_media":0,"parent":0,"menu_order":0,"comment_status":"closed","ping_status":"closed","template":"","meta":{"_et_pb_use_builder":"on","_et_pb_old_content":"","_et_gb_content_width":"","_monsterinsights_skip_tracking":false,"_monsterinsights_sitenote_active":false,"_monsterinsights_sitenote_note":"","_monsterinsights_sitenote_category":0,"footnotes":""},"class_list":["post-1960","page","type-page","status-publish","hentry"],"_links":{"self":[{"href":"https:\/\/caniveaux-industriel-inox.com\/ma\/wp-json\/wp\/v2\/pages\/1960","targetHints":{"allow":["GET"]}}],"collection":[{"href":"https:\/\/caniveaux-industriel-inox.com\/ma\/wp-json\/wp\/v2\/pages"}],"about":[{"href":"https:\/\/caniveaux-industriel-inox.com\/ma\/wp-json\/wp\/v2\/types\/page"}],"author":[{"embeddable":true,"href":"https:\/\/caniveaux-industriel-inox.com\/ma\/wp-json\/wp\/v2\/users\/3"}],"replies":[{"embeddable":true,"href":"https:\/\/caniveaux-industriel-inox.com\/ma\/wp-json\/wp\/v2\/comments?post=1960"}],"version-history":[{"count":0,"href":"https:\/\/caniveaux-industriel-inox.com\/ma\/wp-json\/wp\/v2\/pages\/1960\/revisions"}],"wp:attachment":[{"href":"https:\/\/caniveaux-industriel-inox.com\/ma\/wp-json\/wp\/v2\/media?parent=1960"}],"curies":[{"name":"wp","href":"https:\/\/api.w.org\/{rel}","templated":true}]}}