{"id":1849,"date":"2020-12-16T13:11:37","date_gmt":"2020-12-16T13:11:37","guid":{"rendered":"https:\/\/dev.joomlaworks.nl\/?page_id=1849"},"modified":"2023-10-29T15:29:20","modified_gmt":"2023-10-29T15:29:20","slug":"modele-tmp-lag-lyg","status":"publish","type":"page","link":"https:\/\/caniveaux-industriel-inox.com\/ma\/modele-tmp-lag-lyg\/","title":{"rendered":"MOD\u00c8LE: TMP-LAG-LYG"},"content":{"rendered":"\n[et_pb_section fb_built=\u00a0\u00bb1&Prime; fullwidth=\u00a0\u00bbon\u00a0\u00bb _builder_version=\u00a0\u00bb4.21.0&Prime; _module_preset=\u00a0\u00bbdefault\u00a0\u00bb global_module=\u00a0\u00bb570&Prime; saved_tabs=\u00a0\u00bball\u00a0\u00bb global_colors_info=\u00a0\u00bb{}\u00a0\u00bb][et_pb_fullwidth_slider _builder_version=\u00a0\u00bb4.21.0&Prime; _module_preset=\u00a0\u00bbdefault\u00a0\u00bb height=\u00a0\u00bb560px\u00a0\u00bb auto=\u00a0\u00bbon\u00a0\u00bb auto_speed=\u00a0\u00bb5000&Prime; global_colors_info=\u00a0\u00bb{}\u00a0\u00bb][et_pb_slide _builder_version=\u00a0\u00bb4.21.0&Prime; _module_preset=\u00a0\u00bbdefault\u00a0\u00bb background_enable_color=\u00a0\u00bboff\u00a0\u00bb background_image=\u00a0\u00bbhttps:\/\/caniveaux-industriel-inox.com\/ma\/wp-content\/uploads\/2023\/06\/banner-9.png\u00a0\u00bb background_enable_image=\u00a0\u00bbon\u00a0\u00bb global_colors_info=\u00a0\u00bb{}\u00a0\u00bb sticky_transition=\u00a0\u00bbon\u00a0\u00bb][\/et_pb_slide][et_pb_slide _builder_version=\u00a0\u00bb4.21.0&Prime; _module_preset=\u00a0\u00bbdefault\u00a0\u00bb background_enable_color=\u00a0\u00bboff\u00a0\u00bb background_image=\u00a0\u00bbhttps:\/\/caniveaux-industriel-inox.com\/ma\/wp-content\/uploads\/2023\/06\/banner-5.png\u00a0\u00bb background_enable_image=\u00a0\u00bbon\u00a0\u00bb global_colors_info=\u00a0\u00bb{}\u00a0\u00bb sticky_transition=\u00a0\u00bbon\u00a0\u00bb][\/et_pb_slide][et_pb_slide _builder_version=\u00a0\u00bb4.21.0&Prime; _module_preset=\u00a0\u00bbdefault\u00a0\u00bb background_image=\u00a0\u00bbhttps:\/\/caniveaux-industriel-inox.com\/ma\/wp-content\/uploads\/2023\/06\/banner-6.png\u00a0\u00bb background_enable_image=\u00a0\u00bbon\u00a0\u00bb global_colors_info=\u00a0\u00bb{}\u00a0\u00bb sticky_transition=\u00a0\u00bbon\u00a0\u00bb][\/et_pb_slide][et_pb_slide _builder_version=\u00a0\u00bb4.21.0&Prime; _module_preset=\u00a0\u00bbdefault\u00a0\u00bb background_enable_color=\u00a0\u00bboff\u00a0\u00bb background_image=\u00a0\u00bbhttps:\/\/caniveaux-industriel-inox.com\/ma\/wp-content\/uploads\/2023\/06\/banner-10.png\u00a0\u00bb background_enable_image=\u00a0\u00bbon\u00a0\u00bb global_colors_info=\u00a0\u00bb{}\u00a0\u00bb sticky_transition=\u00a0\u00bbon\u00a0\u00bb][\/et_pb_slide][\/et_pb_fullwidth_slider][\/et_pb_section][et_pb_section fb_built=\u00a0\u00bb1&Prime; _builder_version=\u00a0\u00bb4.16&Prime; _module_preset=\u00a0\u00bbdefault\u00a0\u00bb background_color=\u00a0\u00bb#ececec\u00a0\u00bb global_colors_info=\u00a0\u00bb{}\u00a0\u00bb custom_padding=\u00a0\u00bb58px||58px|||\u00a0\u00bb][et_pb_row _builder_version=\u00a0\u00bb4.16&Prime; _module_preset=\u00a0\u00bbdefault\u00a0\u00bb background_color=\u00a0\u00bb#ffffff\u00a0\u00bb custom_padding=\u00a0\u00bb|10px||10px|false|false\u00a0\u00bb global_colors_info=\u00a0\u00bb{}\u00a0\u00bb][et_pb_column type=\u00a0\u00bb4_4&Prime; _builder_version=\u00a0\u00bb4.16&Prime; _module_preset=\u00a0\u00bbdefault\u00a0\u00bb global_colors_info=\u00a0\u00bb{}\u00a0\u00bb][et_pb_code _builder_version=\u00a0\u00bb4.16&Prime; _module_preset=\u00a0\u00bbdefault\u00a0\u00bb global_colors_info=\u00a0\u00bb{}\u00a0\u00bb]<style id=\"sp_tab_dynamic_style1848\">#sp-tabpro-wrapper_1848.sp-tab__lay-default .sp-tab__tab-content {width: 100%;}#sp-tabpro-wrapper_1848 .animated {-webkit-animation-duration: 500ms;animation-duration: 500ms;}#sp-wp-tabs-wrapper_1848 .sp-tab__nav { justify-content: flex-start; }#sp-wp-tabs-wrapper_1848.sp-tab__lay-default.sp-tab__horizontal-bottom {display: flex;flex-direction: column-reverse;}#sp-wp-tabs-wrapper_1848.sp-tab__lay-default.sp-tab__horizontal-bottom > ul {border-top: 1px solid #cccccc;border-bottom: 0;margin-top: 0;}#sp-wp-tabs-wrapper_1848.sp-tab__lay-default.sp-tab__horizontal-bottom > ul > li .sp-tab__nav-link.sp-tab__active {border-color: transparent #cccccc#cccccc;margin-top: -1px;}#sp-wp-tabs-wrapper_1848.sp-tab__lay-default.sp-tab__horizontal-bottom > ul > li .sp-tab__nav-link,#sp-wp-tabs-wrapper_1848.sp-tab__lay-default.sp-tab__horizontal-bottom > ul > li a,#sp-wp-tabs-wrapper_1848.sp-tab__lay-default.sp-tab__horizontal-bottom > ul > .sp-tab__nav-item {border-top: 0;border-top-left-radius: 0;border-top-right-radius: 0;border-bottom-left-radius: 2px;border-bottom-right-radius: 2px;}#sp-wp-tabs-wrapper_1848.sp-tab__lay-default.sp-tab__horizontal-bottom > ul {border-bottom: none;}#sp-wp-tabs-wrapper_1848.sp-tab__lay-default.sp-tab__horizontal-bottom .sp-tab__tab-content .sp-tab__tab-pane {border-top: 1px solid #cccccc;border-bottom: 0;}#sp-wp-tabs-wrapper_1848.sp-tab__lay-default .sp-tab__tab-content .sp-tab-content > ul,#sp-wp-tabs-wrapper_1848.sp-tab__lay-default .sp-tab__tab-content .sp-tab-content > ol {border-bottom: none;}#sp-wp-tabs-wrapper_1848 .sp-tab__nav-tabs .sp-tab__nav-item.show .sp-tab__nav-link,#sp-wp-tabs-wrapper_1848.sp-tab__lay-default ul li .sp-tab__nav-link.sp-tab__active {border-color: #cccccc#cccccc transparent;}#sp-wp-tabs-wrapper_1848 > .sp-tab__nav-tabs .sp-tab__nav-link.sp-tab__active .sp-tab__tab_title,#sp-wp-tabs-wrapper_1848.sp-tab__lay-default .sp-tab__nav-link > .sp-tab__card-header {color: #444;}#sp-wp-tabs-wrapper_1848.sp-tab__lay-default > ul > li > .sp-tab__nav-link,#sp-wp-tabs-wrapper_1848.sp-tab__lay-default > ul > li > a {cursor: pointer;border-color: #cccccc;padding-top: 15px;padding-right: 15px;padding-bottom: 15px;padding-left: 15px;}#sp-wp-tabs-wrapper_1848 > .sp-tab__nav-tabs .sp-tab__nav-link {border: 1px solid #cccccc;height: 100%;}#sp-wp-tabs-wrapper_1848.sp-tab__lay-default > ul > li .sp-tab__nav-link,#sp-wp-tabs-wrapper_1848.sp-tab__lay-default > ul > li a,#sp-wp-tabs-wrapper_1848.sp-tab__lay-default > ul > .sp-tab__nav-item {border-top-left-radius: 2px;border-top-right-radius: 2px;}#sp-wp-tabs-wrapper_1848 .sp-tab__nav-tabs .sp-tab__nav-item {margin-bottom: -1px; }#sp-wp-tabs-wrapper_1848.sp-tab__lay-default > ul .sp-tab__nav-item {margin-right: 10px;}#sp-wp-tabs-wrapper_1848.sp-tab__lay-default.sp-tab__horizontal-bottom > ul .sp-tab__nav-item {margin-right: 10px;margin-top: 0;}#sp-wp-tabs-wrapper_1848.sp-tab__lay-default > ul .sp-tab__nav-item .sp-tab__nav-link:hover .sp-tab__tab_title,#sp-wp-tabs-wrapper_1848.sp-tab__lay-default > ul .sp-tab__nav-item a:hover .sp-tab__tab_title,#sp-wp-tabs-wrapper_1848.sp-tab__lay-default .sp-tab__nav-link.collapsed .sp-tab__card-header:hover {color: #444;transition: .3s;}#sp-wp-tabs-wrapper_1848.sp-tab__lay-default > ul .sp-tab__nav-item,#sp-wp-tabs-wrapper_1848.sp-tab__lay-default .sp-tab__nav-link.collapsed > .sp-tab__card-header {background-color: #eee;transition: 0.3s;}#sp-wp-tabs-wrapper_1848 > .sp-tab__nav-tabs > .sp-tab__nav-item.show .sp-tab__nav-link,#sp-wp-tabs-wrapper_1848 > .sp-tab__nav-tabs > .sp-tab__nav-item .sp-tab__nav-link.sp-tab__active,#sp-wp-tabs-wrapper_1848.sp-tab__lay-default .sp-tab__nav-link > .sp-tab__card-header {background-color: #fff;}#sp-tabs-wrapper_1848.sp-tab__lay-default > ul .sp-tab__nav-item .sp-tab__nav-link:not(.sp-tab__active):hover,#sp-tabs-wrapper_1848.sp-tab__lay-default .sp-tab__tab-content > .sp-tab__tab-pane .sp-tab__card-header:hover {background-color: #fff;}#sp-wp-tabs-wrapper_1848.sp-tab__lay-default > ul .sp-tab__nav-item:not(.sp-tab__active):hover,#sp-wp-tabs-wrapper_1848.sp-tab__lay-default .sp-tab__nav-link.collapsed > .sp-tab__card-header:hover {background-color: #fff;}#sp-wp-tabs-wrapper_1848.sp-tab__lay-default > ul .sp-tab__nav-item:last-child {margin-right: 0;}#sp-wp-tabs-wrapper_1848.sp-tab__lay-default > .sp-tab__tab-content .sp-tab__tab-pane {border: 1px solid #cccccc;padding-top: 20px;padding-right: 20px;padding-bottom: 20px;padding-left: 20px;background-color: #ffffff;}#sp-wp-tabs-wrapper_1848.sp-tab__lay-default > ul {border-bottom: 1px solid #cccccc;}#sp-wp-tabs-wrapper_1848.sp-tab__lay-default > .sp-tab__tab-content .sp-tab__tab-pane {border-top: 0px;}@media(max-width:480px) {#sp-wp-tabs-wrapper_1848.sp-tab__lay-default > ul li.sp-tab__nav-item {width: 100%;margin-right: 0px;}#sp-wp-tabs-wrapper_1848.sp-tab__lay-default > ul li.sp-tab__nav-item:last-child {margin-bottom: -1px;}}#poststuff h2.sp-tab__section_title_1848, h2.sp-tab__section_title_1848 ,.editor-styles-wrapper .wp-block h2.sp-tab__section_title_1848{margin-bottom: 30px !important;font-weight: 600;font-style: normal;font-size: 28px;line-height: 28px;letter-spacing: 0px;padding: 0;color: #444444;font-family: Open Sans;font-style: 600;font-weight: ;}#sp-wp-tabs-wrapper_1848.sp-tab__lay-default > ul .sp-tab__nav-item .sp-tab__tab_title,#sp-wp-tabs-wrapper_1848.sp-tab__lay-default span > .sp-tab__card-header {font-weight: 600;font-style: normal;font-size: 16px;line-height: 22px;letter-spacing: 0px;color: #444;margin: 0px;font-family: Open Sans;font-style: normal;font-weight: 600;}#sp-wp-tabs-wrapper_1848.sp-tab__lay-default > .sp-tab__tab-content .sp-tab__tab-pane,#sp-wp-tabs-wrapper_1848.sp-tab__lay-default > .sp-tab__tab-content .sp-tab__tab-pane p {font-weight: 400;font-style: normal;font-size: 16px;line-height: 24px;letter-spacing: 0px;color: #444;font-family: Open Sans;font-style: 400;font-weight: ;}#sp-wp-tabs-wrapper_1848.sp-tab__lay-default > .sp-tab__tab-content .sp-tab__tab-pane ul li a, #sp-wp-tabs-wrapper_1848.sp-tab__lay-default .sp-tab__tab-content .sp-tab__tab-pane ol li a {color: #444;}<\/style>\t<h2 class=\"sp-tab__section_title_1848\"> MOD\u00c8LE: TMP-LAG-LYG<\/h2>\n\t\t\t<div id=\"sp-wp-tabs-wrapper_1848\" class=\"sp-tab__lay-default\" data-preloader=\"1\" data-activemode=\"tabs-activator-event-click\" data-anchor_linking=\"1\">\n\t\t\t<div class=\"sp-tab__preloader\">\n\t\t<div class=\"sp-tab__spinner\">\n\t\t\t<div class=\"rect1\"><\/div>\n\t\t\t<div class=\"rect2\"><\/div>\n\t\t\t<div class=\"rect3\"><\/div>\n\t\t\t<div class=\"rect4\"><\/div>\n\t\t\t<div class=\"rect5\"><\/div>\n\t\t<\/div>\n\t<\/div>\n\t<ul class=\"sp-tab__nav sp-tab__nav-tabs\" id=\"sp-tab__ul\" role=\"tablist\">\n\t\t\t\t<li class=\"sp-tab__nav-item\" role=\"presentation\">\n\t\t\t\t<span class=\"sp-tab__nav-link sp-tab__active\" data-sptoggle=\"tab\" for=\"#tab-18481\" role=\"tab\" aria-controls=tab-18481 aria-selected=true tabindex=0>\n\t\t\t\t\t<span class=\"tab_title_area\"><H4 class=\"sp-tab__tab_title\">Informations techniques<\/H4><\/span>\n\t\t\t\t<\/span>\n\t\t\t<\/li>\n\t\t\t\t\t\t<li class=\"sp-tab__nav-item\" role=\"presentation\">\n\t\t\t\t<span class=\"sp-tab__nav-link\" data-sptoggle=\"tab\" for=\"#tab-18482\" role=\"tab\" aria-controls=tab-18482 aria-selected=true tabindex=0>\n\t\t\t\t\t<span class=\"tab_title_area\"><H4 class=\"sp-tab__tab_title\">Description<\/H4><\/span>\n\t\t\t\t<\/span>\n\t\t\t<\/li>\n\t\t\t<\/ul>\n<div class=\"sp-tab__tab-content\">\n\t\t\t\t<div id=\"tab-18481\" class=\"sp-tab__tab-pane sp-tab__show sp-tab__active\" role=\"tabpanel\">\n\t\t\t\t\t<div class=\"sp-tab-content animated fadeIn\"><a href=\"\/ma\/?pdfemb-serveurl=https%3A%2F%2Fcaniveaux-industriel-inox.com%2Fma%2Fwp-content%2Fuploads%2Fsecurepdfs%2F2021%2F01%2FTMP-LAG-LYG.pdf\" class=\"pdfemb-viewer\" style=\"width: 1278px; \" data-width=\"1278\" data-height=\"max\" data-mobile-width=\"500\"  data-scrollbar=\"none\" data-download=\"off\" data-tracking=\"on\" data-newwindow=\"on\" data-pagetextbox=\"off\" data-scrolltotop=\"off\" data-startzoom=\"100\" data-startfpzoom=\"100\" data-download-nonce=\"bb9e0fd665\" data-disablerightclick=\"on\" data-toolbar=\"bottom\" data-toolbar-fixed=\"off\">TMP-LAG-LYG<br\/><\/a>\n<\/div>\n\t\t\t\t<\/div>\n\t\t\t\t\t\t\t\t<div id=\"tab-18482\" class=\"sp-tab__tab-pane \" role=\"tabpanel\">\n\t\t\t\t\t<div class=\"sp-tab-content animated fadeIn\"><h5><strong>CHARGE INDUSTRIELLE LOURDE<\/strong><\/h5>\n<h5><strong>CARACT\u00c9RISTIQUES STANDARD<\/strong><\/h5>\n<ul>\n<li>\n<h5>Sauf indication contraire, les \u00e9l\u00e9ments de canalisation en fente ont une pente standard de 0,6% dans une seule direction. Cependant, il est possible de produire des canaux en acier inoxydable avec une profondeur fixe jusqu\u2019\u00e0 un maximum de 200 mm.<\/h5>\n<\/li>\n<li>\n<h5>Les caniveaux standards sont con\u00e7us avec une pente de 0,6% et une longueur maximale de 18.000 mm dans une seule direction.<\/h5>\n<\/li>\n<li>\n<h5>La profondeur minimale du canal est de 95 mm, la profondeur maximale du canal est de 200 mm, et la pente du canal est de 0,6%, avec une longueur maximale du canal de 20,00 m\u00e8tres dans chaque direction.<\/h5>\n<\/li>\n<li>\n<h5>En tenant compte des dimensions applicables, un canal en fente peut \u00eatre r\u00e9alis\u00e9 sur mesure, en tenant compte de la pente du canal et des profondeurs minimales et maximales du canal.<\/h5>\n<\/li>\n<li>\n<h5>En r\u00e9duisant la pente du canal, un canal en fente peut \u00eatre obtenu avec une longueur maximale de 60,00 m\u00e8tres dans chaque direction.<\/h5>\n<\/li>\n<li>\n<h5>Outre les configurations standard, des configurations de canal en acier inoxydable peuvent \u00eatre r\u00e9alis\u00e9es sous diff\u00e9rentes formes.<\/h5>\n<\/li>\n<li>\n<h5>Les \u00e9l\u00e9ments de canal ont une \u00e9paisseur de 2,00 mm, les brides de liaison ont une \u00e9paisseur de 5,00 mm, et y compris les boulons et \u00e9crous de fixation, ils sont enti\u00e8rement r\u00e9alis\u00e9s en acier inoxydable de qualit\u00e9 18\/8 Cr\/Ni (AISI 304), et un joint en t\u00e9flon est utilis\u00e9 pour la liaison.<\/h5>\n<\/li>\n<li>\n<h5>Pour une fixation solide du canal en fente au b\u00e9ton, des \u00e9l\u00e9ments d\u2019ancrage sont soud\u00e9s au canal en diff\u00e9rentes quantit\u00e9s, en fonction de la longueur du canal.<\/h5>\n<\/li>\n<li>\n<h5>Lors de la fixation du canal, il existe des \u00e9l\u00e9ments sp\u00e9ciaux de r\u00e9glage en hauteur qui s\u2019adaptent \u00e0 diff\u00e9rentes surfaces pour ajuster facilement la hauteur du canal ; ce sont des \u00e9l\u00e9ments standard du syst\u00e8me.<\/h5>\n<\/li>\n<li>\n<h5>De plus, ces \u00e9l\u00e9ments emp\u00eachent le canal de bouger pendant le coulage du b\u00e9ton.<\/h5>\n<\/li>\n<\/ul>\n<h5><strong>CARACT\u00c9RISTIQUES OPTIONNELLES<\/strong><\/h5>\n<h5>Sur demande, tous les \u00e9l\u00e9ments formant la configuration du canal en fente peuvent \u00eatre fabriqu\u00e9s en acier inoxydable de qualit\u00e9 AISI 316.<\/h5>\n<\/div>\n\t\t\t\t<\/div>\n\t\t\t\t<\/div>\n\t\t<\/div>\n\t\t[\/et_pb_code][\/et_pb_column][\/et_pb_row][\/et_pb_section]\n","protected":false},"excerpt":{"rendered":"\t<h2 class=\"sp-tab__section_title_1848\"> MOD\u00c8LE: TMP-LAG-LYG<\/h2>\n\t\t\t<div id=\"sp-wp-tabs-wrapper_1848\" class=\"sp-tab__lay-default\" data-preloader=\"1\" data-activemode=\"tabs-activator-event-click\" data-anchor_linking=\"1\">\n\t\t\t<div class=\"sp-tab__preloader\">\n\t\t<div class=\"sp-tab__spinner\">\n\t\t\t<div class=\"rect1\"><\/div>\n\t\t\t<div class=\"rect2\"><\/div>\n\t\t\t<div class=\"rect3\"><\/div>\n\t\t\t<div class=\"rect4\"><\/div>\n\t\t\t<div class=\"rect5\"><\/div>\n\t\t<\/div>\n\t<\/div>\n\t<ul class=\"sp-tab__nav sp-tab__nav-tabs\" id=\"sp-tab__ul\" role=\"tablist\">\n\t\t\t\t<li class=\"sp-tab__nav-item\" role=\"presentation\">\n\t\t\t\t<span class=\"sp-tab__nav-link sp-tab__active\" data-sptoggle=\"tab\" for=\"#tab-18481\" role=\"tab\" aria-controls=tab-18481 aria-selected=true tabindex=0>\n\t\t\t\t\t<span class=\"tab_title_area\"><H4 class=\"sp-tab__tab_title\">Informations techniques<\/H4><\/span>\n\t\t\t\t<\/span>\n\t\t\t<\/li>\n\t\t\t\t\t\t<li class=\"sp-tab__nav-item\" role=\"presentation\">\n\t\t\t\t<span class=\"sp-tab__nav-link\" data-sptoggle=\"tab\" for=\"#tab-18482\" role=\"tab\" aria-controls=tab-18482 aria-selected=true tabindex=0>\n\t\t\t\t\t<span class=\"tab_title_area\"><H4 class=\"sp-tab__tab_title\">Description<\/H4><\/span>\n\t\t\t\t<\/span>\n\t\t\t<\/li>\n\t\t\t<\/ul>\n<div class=\"sp-tab__tab-content\">\n\t\t\t\t<div id=\"tab-18481\" class=\"sp-tab__tab-pane sp-tab__show sp-tab__active\" role=\"tabpanel\">\n\t\t\t\t\t<div class=\"sp-tab-content animated fadeIn\"><a href=\"\/ma\/?pdfemb-serveurl=https%3A%2F%2Fcaniveaux-industriel-inox.com%2Fma%2Fwp-content%2Fuploads%2Fsecurepdfs%2F2021%2F01%2FTMP-LAG-LYG.pdf\" class=\"pdfemb-viewer\" style=\"width: 1278px; \" data-width=\"1278\" data-height=\"max\" data-mobile-width=\"500\"  data-scrollbar=\"none\" data-download=\"off\" data-tracking=\"on\" data-newwindow=\"on\" data-pagetextbox=\"off\" data-scrolltotop=\"off\" data-startzoom=\"100\" data-startfpzoom=\"100\" data-download-nonce=\"bb9e0fd665\" data-disablerightclick=\"on\" data-toolbar=\"bottom\" data-toolbar-fixed=\"off\">TMP-LAG-LYG<br\/><\/a>\n<\/div>\n\t\t\t\t<\/div>\n\t\t\t\t\t\t\t\t<div id=\"tab-18482\" class=\"sp-tab__tab-pane \" role=\"tabpanel\">\n\t\t\t\t\t<div class=\"sp-tab-content animated fadeIn\"><h5><strong>CHARGE INDUSTRIELLE LOURDE<\/strong><\/h5>\n<h5><strong>CARACT\u00c9RISTIQUES STANDARD<\/strong><\/h5>\n<ul>\n<li>\n<h5>Sauf indication contraire, les \u00e9l\u00e9ments de canalisation en fente ont une pente standard de 0,6% dans une seule direction. Cependant, il est possible de produire des canaux en acier inoxydable avec une profondeur fixe jusqu\u2019\u00e0 un maximum de 200 mm.<\/h5>\n<\/li>\n<li>\n<h5>Les caniveaux standards sont con\u00e7us avec une pente de 0,6% et une longueur maximale de 18.000 mm dans une seule direction.<\/h5>\n<\/li>\n<li>\n<h5>La profondeur minimale du canal est de 95 mm, la profondeur maximale du canal est de 200 mm, et la pente du canal est de 0,6%, avec une longueur maximale du canal de 20,00 m\u00e8tres dans chaque direction.<\/h5>\n<\/li>\n<li>\n<h5>En tenant compte des dimensions applicables, un canal en fente peut \u00eatre r\u00e9alis\u00e9 sur mesure, en tenant compte de la pente du canal et des profondeurs minimales et maximales du canal.<\/h5>\n<\/li>\n<li>\n<h5>En r\u00e9duisant la pente du canal, un canal en fente peut \u00eatre obtenu avec une longueur maximale de 60,00 m\u00e8tres dans chaque direction.<\/h5>\n<\/li>\n<li>\n<h5>Outre les configurations standard, des configurations de canal en acier inoxydable peuvent \u00eatre r\u00e9alis\u00e9es sous diff\u00e9rentes formes.<\/h5>\n<\/li>\n<li>\n<h5>Les \u00e9l\u00e9ments de canal ont une \u00e9paisseur de 2,00 mm, les brides de liaison ont une \u00e9paisseur de 5,00 mm, et y compris les boulons et \u00e9crous de fixation, ils sont enti\u00e8rement r\u00e9alis\u00e9s en acier inoxydable de qualit\u00e9 18\/8 Cr\/Ni (AISI 304), et un joint en t\u00e9flon est utilis\u00e9 pour la liaison.<\/h5>\n<\/li>\n<li>\n<h5>Pour une fixation solide du canal en fente au b\u00e9ton, des \u00e9l\u00e9ments d\u2019ancrage sont soud\u00e9s au canal en diff\u00e9rentes quantit\u00e9s, en fonction de la longueur du canal.<\/h5>\n<\/li>\n<li>\n<h5>Lors de la fixation du canal, il existe des \u00e9l\u00e9ments sp\u00e9ciaux de r\u00e9glage en hauteur qui s\u2019adaptent \u00e0 diff\u00e9rentes surfaces pour ajuster facilement la hauteur du canal ; ce sont des \u00e9l\u00e9ments standard du syst\u00e8me.<\/h5>\n<\/li>\n<li>\n<h5>De plus, ces \u00e9l\u00e9ments emp\u00eachent le canal de bouger pendant le coulage du b\u00e9ton.<\/h5>\n<\/li>\n<\/ul>\n<h5><strong>CARACT\u00c9RISTIQUES OPTIONNELLES<\/strong><\/h5>\n<h5>Sur demande, tous les \u00e9l\u00e9ments formant la configuration du canal en fente peuvent \u00eatre fabriqu\u00e9s en acier inoxydable de qualit\u00e9 AISI 316.<\/h5>\n<\/div>\n\t\t\t\t<\/div>\n\t\t\t\t<\/div>\n\t\t<\/div>\n\t\t\n","protected":false},"author":3,"featured_media":0,"parent":0,"menu_order":0,"comment_status":"closed","ping_status":"closed","template":"","meta":{"_et_pb_use_builder":"on","_et_pb_old_content":"","_et_gb_content_width":"","_monsterinsights_skip_tracking":false,"_monsterinsights_sitenote_active":false,"_monsterinsights_sitenote_note":"","_monsterinsights_sitenote_category":0,"footnotes":""},"class_list":["post-1849","page","type-page","status-publish","hentry"],"_links":{"self":[{"href":"https:\/\/caniveaux-industriel-inox.com\/ma\/wp-json\/wp\/v2\/pages\/1849","targetHints":{"allow":["GET"]}}],"collection":[{"href":"https:\/\/caniveaux-industriel-inox.com\/ma\/wp-json\/wp\/v2\/pages"}],"about":[{"href":"https:\/\/caniveaux-industriel-inox.com\/ma\/wp-json\/wp\/v2\/types\/page"}],"author":[{"embeddable":true,"href":"https:\/\/caniveaux-industriel-inox.com\/ma\/wp-json\/wp\/v2\/users\/3"}],"replies":[{"embeddable":true,"href":"https:\/\/caniveaux-industriel-inox.com\/ma\/wp-json\/wp\/v2\/comments?post=1849"}],"version-history":[{"count":0,"href":"https:\/\/caniveaux-industriel-inox.com\/ma\/wp-json\/wp\/v2\/pages\/1849\/revisions"}],"wp:attachment":[{"href":"https:\/\/caniveaux-industriel-inox.com\/ma\/wp-json\/wp\/v2\/media?parent=1849"}],"curies":[{"name":"wp","href":"https:\/\/api.w.org\/{rel}","templated":true}]}}