{"id":1794,"date":"2020-12-16T12:35:57","date_gmt":"2020-12-16T12:35:57","guid":{"rendered":"https:\/\/dev.joomlaworks.nl\/?page_id=1794"},"modified":"2023-10-29T14:49:33","modified_gmt":"2023-10-29T14:49:33","slug":"modele-spk-3ag-3yg","status":"publish","type":"page","link":"https:\/\/caniveaux-industriel-inox.com\/ma\/modele-spk-3ag-3yg\/","title":{"rendered":"MOD\u00c8LE: SPK-3AG-3YG"},"content":{"rendered":"\n\n[et_pb_section fb_built=\u00a0\u00bb1&Prime; fullwidth=\u00a0\u00bbon\u00a0\u00bb _builder_version=\u00a0\u00bb4.21.0&Prime; _module_preset=\u00a0\u00bbdefault\u00a0\u00bb global_module=\u00a0\u00bb570&Prime; saved_tabs=\u00a0\u00bball\u00a0\u00bb global_colors_info=\u00a0\u00bb{}\u00a0\u00bb][et_pb_fullwidth_slider _builder_version=\u00a0\u00bb4.21.0&Prime; _module_preset=\u00a0\u00bbdefault\u00a0\u00bb height=\u00a0\u00bb560px\u00a0\u00bb auto=\u00a0\u00bbon\u00a0\u00bb auto_speed=\u00a0\u00bb5000&Prime; global_colors_info=\u00a0\u00bb{}\u00a0\u00bb][et_pb_slide _builder_version=\u00a0\u00bb4.21.0&Prime; _module_preset=\u00a0\u00bbdefault\u00a0\u00bb background_enable_color=\u00a0\u00bboff\u00a0\u00bb background_image=\u00a0\u00bbhttps:\/\/caniveaux-industriel-inox.com\/ma\/wp-content\/uploads\/2023\/06\/banner-9.png\u00a0\u00bb background_enable_image=\u00a0\u00bbon\u00a0\u00bb global_colors_info=\u00a0\u00bb{}\u00a0\u00bb sticky_transition=\u00a0\u00bbon\u00a0\u00bb][\/et_pb_slide][et_pb_slide _builder_version=\u00a0\u00bb4.21.0&Prime; _module_preset=\u00a0\u00bbdefault\u00a0\u00bb background_enable_color=\u00a0\u00bboff\u00a0\u00bb background_image=\u00a0\u00bbhttps:\/\/caniveaux-industriel-inox.com\/ma\/wp-content\/uploads\/2023\/06\/banner-5.png\u00a0\u00bb background_enable_image=\u00a0\u00bbon\u00a0\u00bb global_colors_info=\u00a0\u00bb{}\u00a0\u00bb sticky_transition=\u00a0\u00bbon\u00a0\u00bb][\/et_pb_slide][et_pb_slide _builder_version=\u00a0\u00bb4.21.0&Prime; _module_preset=\u00a0\u00bbdefault\u00a0\u00bb background_image=\u00a0\u00bbhttps:\/\/caniveaux-industriel-inox.com\/ma\/wp-content\/uploads\/2023\/06\/banner-6.png\u00a0\u00bb background_enable_image=\u00a0\u00bbon\u00a0\u00bb global_colors_info=\u00a0\u00bb{}\u00a0\u00bb sticky_transition=\u00a0\u00bbon\u00a0\u00bb][\/et_pb_slide][et_pb_slide _builder_version=\u00a0\u00bb4.21.0&Prime; _module_preset=\u00a0\u00bbdefault\u00a0\u00bb background_enable_color=\u00a0\u00bboff\u00a0\u00bb background_image=\u00a0\u00bbhttps:\/\/caniveaux-industriel-inox.com\/ma\/wp-content\/uploads\/2023\/06\/banner-10.png\u00a0\u00bb background_enable_image=\u00a0\u00bbon\u00a0\u00bb global_colors_info=\u00a0\u00bb{}\u00a0\u00bb sticky_transition=\u00a0\u00bbon\u00a0\u00bb][\/et_pb_slide][\/et_pb_fullwidth_slider][\/et_pb_section][et_pb_section fb_built=\u00a0\u00bb1&Prime; _builder_version=\u00a0\u00bb4.16&Prime; _module_preset=\u00a0\u00bbdefault\u00a0\u00bb background_color=\u00a0\u00bb#ececec\u00a0\u00bb custom_padding=\u00a0\u00bb||0px|||\u00a0\u00bb global_colors_info=\u00a0\u00bb{}\u00a0\u00bb][et_pb_row _builder_version=\u00a0\u00bb4.16&Prime; _module_preset=\u00a0\u00bbdefault\u00a0\u00bb global_colors_info=\u00a0\u00bb{}\u00a0\u00bb custom_margin=\u00a0\u00bb-54px|auto||auto||\u00a0\u00bb][et_pb_column type=\u00a0\u00bb4_4&Prime; _builder_version=\u00a0\u00bb4.16&Prime; _module_preset=\u00a0\u00bbdefault\u00a0\u00bb global_colors_info=\u00a0\u00bb{}\u00a0\u00bb][et_pb_code _builder_version=\u00a0\u00bb4.16&Prime; _module_preset=\u00a0\u00bbdefault\u00a0\u00bb background_color=\u00a0\u00bb#ffffff\u00a0\u00bb custom_padding=\u00a0\u00bb10px|10px|10px|10px|false|false\u00a0\u00bb global_colors_info=\u00a0\u00bb{}\u00a0\u00bb custom_margin=\u00a0\u00bb||13px|||\u00a0\u00bb]<style id=\"sp_tab_dynamic_style1791\">#sp-tabpro-wrapper_1791.sp-tab__lay-default .sp-tab__tab-content {width: 100%;}#sp-tabpro-wrapper_1791 .animated {-webkit-animation-duration: 500ms;animation-duration: 500ms;}#sp-wp-tabs-wrapper_1791 .sp-tab__nav { justify-content: flex-start; }#sp-wp-tabs-wrapper_1791.sp-tab__lay-default.sp-tab__horizontal-bottom {display: flex;flex-direction: column-reverse;}#sp-wp-tabs-wrapper_1791.sp-tab__lay-default.sp-tab__horizontal-bottom > ul {border-top: 1px solid #cccccc;border-bottom: 0;margin-top: 0;}#sp-wp-tabs-wrapper_1791.sp-tab__lay-default.sp-tab__horizontal-bottom > ul > li .sp-tab__nav-link.sp-tab__active {border-color: transparent #cccccc#cccccc;margin-top: -1px;}#sp-wp-tabs-wrapper_1791.sp-tab__lay-default.sp-tab__horizontal-bottom > ul > li .sp-tab__nav-link,#sp-wp-tabs-wrapper_1791.sp-tab__lay-default.sp-tab__horizontal-bottom > ul > li a,#sp-wp-tabs-wrapper_1791.sp-tab__lay-default.sp-tab__horizontal-bottom > ul > .sp-tab__nav-item {border-top: 0;border-top-left-radius: 0;border-top-right-radius: 0;border-bottom-left-radius: 2px;border-bottom-right-radius: 2px;}#sp-wp-tabs-wrapper_1791.sp-tab__lay-default.sp-tab__horizontal-bottom > ul {border-bottom: none;}#sp-wp-tabs-wrapper_1791.sp-tab__lay-default.sp-tab__horizontal-bottom .sp-tab__tab-content .sp-tab__tab-pane {border-top: 1px solid #cccccc;border-bottom: 0;}#sp-wp-tabs-wrapper_1791.sp-tab__lay-default .sp-tab__tab-content .sp-tab-content > ul,#sp-wp-tabs-wrapper_1791.sp-tab__lay-default .sp-tab__tab-content .sp-tab-content > ol {border-bottom: none;}#sp-wp-tabs-wrapper_1791 .sp-tab__nav-tabs .sp-tab__nav-item.show .sp-tab__nav-link,#sp-wp-tabs-wrapper_1791.sp-tab__lay-default ul li .sp-tab__nav-link.sp-tab__active {border-color: #cccccc#cccccc transparent;}#sp-wp-tabs-wrapper_1791 > .sp-tab__nav-tabs .sp-tab__nav-link.sp-tab__active .sp-tab__tab_title,#sp-wp-tabs-wrapper_1791.sp-tab__lay-default .sp-tab__nav-link > .sp-tab__card-header {color: #444;}#sp-wp-tabs-wrapper_1791.sp-tab__lay-default > ul > li > .sp-tab__nav-link,#sp-wp-tabs-wrapper_1791.sp-tab__lay-default > ul > li > a {cursor: pointer;border-color: #cccccc;padding-top: 15px;padding-right: 15px;padding-bottom: 15px;padding-left: 15px;}#sp-wp-tabs-wrapper_1791 > .sp-tab__nav-tabs .sp-tab__nav-link {border: 1px solid #cccccc;height: 100%;}#sp-wp-tabs-wrapper_1791.sp-tab__lay-default > ul > li .sp-tab__nav-link,#sp-wp-tabs-wrapper_1791.sp-tab__lay-default > ul > li a,#sp-wp-tabs-wrapper_1791.sp-tab__lay-default > ul > .sp-tab__nav-item {border-top-left-radius: 2px;border-top-right-radius: 2px;}#sp-wp-tabs-wrapper_1791 .sp-tab__nav-tabs .sp-tab__nav-item {margin-bottom: -1px; }#sp-wp-tabs-wrapper_1791.sp-tab__lay-default > ul .sp-tab__nav-item {margin-right: 10px;}#sp-wp-tabs-wrapper_1791.sp-tab__lay-default.sp-tab__horizontal-bottom > ul .sp-tab__nav-item {margin-right: 10px;margin-top: 0;}#sp-wp-tabs-wrapper_1791.sp-tab__lay-default > ul .sp-tab__nav-item .sp-tab__nav-link:hover .sp-tab__tab_title,#sp-wp-tabs-wrapper_1791.sp-tab__lay-default > ul .sp-tab__nav-item a:hover .sp-tab__tab_title,#sp-wp-tabs-wrapper_1791.sp-tab__lay-default .sp-tab__nav-link.collapsed .sp-tab__card-header:hover {color: #444;transition: .3s;}#sp-wp-tabs-wrapper_1791.sp-tab__lay-default > ul .sp-tab__nav-item,#sp-wp-tabs-wrapper_1791.sp-tab__lay-default .sp-tab__nav-link.collapsed > .sp-tab__card-header {background-color: #eee;transition: 0.3s;}#sp-wp-tabs-wrapper_1791 > .sp-tab__nav-tabs > .sp-tab__nav-item.show .sp-tab__nav-link,#sp-wp-tabs-wrapper_1791 > .sp-tab__nav-tabs > .sp-tab__nav-item .sp-tab__nav-link.sp-tab__active,#sp-wp-tabs-wrapper_1791.sp-tab__lay-default .sp-tab__nav-link > .sp-tab__card-header {background-color: #fff;}#sp-tabs-wrapper_1791.sp-tab__lay-default > ul .sp-tab__nav-item .sp-tab__nav-link:not(.sp-tab__active):hover,#sp-tabs-wrapper_1791.sp-tab__lay-default .sp-tab__tab-content > .sp-tab__tab-pane .sp-tab__card-header:hover {background-color: #fff;}#sp-wp-tabs-wrapper_1791.sp-tab__lay-default > ul .sp-tab__nav-item:not(.sp-tab__active):hover,#sp-wp-tabs-wrapper_1791.sp-tab__lay-default .sp-tab__nav-link.collapsed > .sp-tab__card-header:hover {background-color: #fff;}#sp-wp-tabs-wrapper_1791.sp-tab__lay-default > ul .sp-tab__nav-item:last-child {margin-right: 0;}#sp-wp-tabs-wrapper_1791.sp-tab__lay-default > .sp-tab__tab-content .sp-tab__tab-pane {border: 1px solid #cccccc;padding-top: 20px;padding-right: 20px;padding-bottom: 20px;padding-left: 20px;background-color: #ffffff;}#sp-wp-tabs-wrapper_1791.sp-tab__lay-default > ul {border-bottom: 1px solid #cccccc;}#sp-wp-tabs-wrapper_1791.sp-tab__lay-default > .sp-tab__tab-content .sp-tab__tab-pane {border-top: 0px;}@media(max-width:480px) {#sp-wp-tabs-wrapper_1791.sp-tab__lay-default > ul li.sp-tab__nav-item {width: 100%;margin-right: 0px;}#sp-wp-tabs-wrapper_1791.sp-tab__lay-default > ul li.sp-tab__nav-item:last-child {margin-bottom: -1px;}}#poststuff h2.sp-tab__section_title_1791, h2.sp-tab__section_title_1791 ,.editor-styles-wrapper .wp-block h2.sp-tab__section_title_1791{margin-bottom: 30px !important;font-weight: 600;font-style: normal;font-size: 28px;line-height: 28px;letter-spacing: 0px;padding: 0;color: #444444;font-family: Open Sans;font-style: 600;font-weight: ;}#sp-wp-tabs-wrapper_1791.sp-tab__lay-default > ul .sp-tab__nav-item .sp-tab__tab_title,#sp-wp-tabs-wrapper_1791.sp-tab__lay-default span > .sp-tab__card-header {font-weight: 600;font-style: normal;font-size: 16px;line-height: 22px;letter-spacing: 0px;color: #444;margin: 0px;font-family: Open Sans;font-style: normal;font-weight: 600;}#sp-wp-tabs-wrapper_1791.sp-tab__lay-default > .sp-tab__tab-content .sp-tab__tab-pane,#sp-wp-tabs-wrapper_1791.sp-tab__lay-default > .sp-tab__tab-content .sp-tab__tab-pane p {font-weight: 400;font-style: normal;font-size: 16px;line-height: 24px;letter-spacing: 0px;color: #444;font-family: Open Sans;font-style: 400;font-weight: ;}#sp-wp-tabs-wrapper_1791.sp-tab__lay-default > .sp-tab__tab-content .sp-tab__tab-pane ul li a, #sp-wp-tabs-wrapper_1791.sp-tab__lay-default .sp-tab__tab-content .sp-tab__tab-pane ol li a {color: #444;}<\/style>\t<h2 class=\"sp-tab__section_title_1791\"> MOD\u00c8LE: SPK-3AG-3YG<\/h2>\n\t\t\t<div id=\"sp-wp-tabs-wrapper_1791\" class=\"sp-tab__lay-default\" data-preloader=\"1\" data-activemode=\"tabs-activator-event-click\" data-anchor_linking=\"1\">\n\t\t\t<div class=\"sp-tab__preloader\">\n\t\t<div class=\"sp-tab__spinner\">\n\t\t\t<div class=\"rect1\"><\/div>\n\t\t\t<div class=\"rect2\"><\/div>\n\t\t\t<div class=\"rect3\"><\/div>\n\t\t\t<div class=\"rect4\"><\/div>\n\t\t\t<div class=\"rect5\"><\/div>\n\t\t<\/div>\n\t<\/div>\n\t<ul class=\"sp-tab__nav sp-tab__nav-tabs\" id=\"sp-tab__ul\" role=\"tablist\">\n\t\t\t\t<li class=\"sp-tab__nav-item\" role=\"presentation\">\n\t\t\t\t<span class=\"sp-tab__nav-link sp-tab__active\" data-sptoggle=\"tab\" for=\"#tab-17911\" role=\"tab\" aria-controls=tab-17911 aria-selected=true tabindex=0>\n\t\t\t\t\t<span class=\"tab_title_area\"><H4 class=\"sp-tab__tab_title\">Informations techniques<\/H4><\/span>\n\t\t\t\t<\/span>\n\t\t\t<\/li>\n\t\t\t\t\t\t<li class=\"sp-tab__nav-item\" role=\"presentation\">\n\t\t\t\t<span class=\"sp-tab__nav-link\" data-sptoggle=\"tab\" for=\"#tab-17912\" role=\"tab\" aria-controls=tab-17912 aria-selected=true tabindex=0>\n\t\t\t\t\t<span class=\"tab_title_area\"><H4 class=\"sp-tab__tab_title\">Description<\/H4><\/span>\n\t\t\t\t<\/span>\n\t\t\t<\/li>\n\t\t\t<\/ul>\n<div class=\"sp-tab__tab-content\">\n\t\t\t\t<div id=\"tab-17911\" class=\"sp-tab__tab-pane sp-tab__show sp-tab__active\" role=\"tabpanel\">\n\t\t\t\t\t<div class=\"sp-tab-content animated fadeIn\"><a href=\"\/ma\/?pdfemb-serveurl=https%3A%2F%2Fcaniveaux-industriel-inox.com%2Fma%2Fwp-content%2Fuploads%2Fsecurepdfs%2F2021%2F01%2FSPK-3AG-3YG.pdf\" class=\"pdfemb-viewer\" style=\"width: 1278px; \" data-width=\"1278\" data-height=\"max\" data-mobile-width=\"500\"  data-scrollbar=\"none\" data-download=\"off\" data-tracking=\"on\" data-newwindow=\"on\" data-pagetextbox=\"off\" data-scrolltotop=\"off\" data-startzoom=\"100\" data-startfpzoom=\"100\" data-download-nonce=\"188827561b\" data-disablerightclick=\"on\" data-toolbar=\"bottom\" data-toolbar-fixed=\"off\">SPK-3AG-3YG<br\/><\/a>\n<\/div>\n\t\t\t\t<\/div>\n\t\t\t\t\t\t\t\t<div id=\"tab-17912\" class=\"sp-tab__tab-pane \" role=\"tabpanel\">\n\t\t\t\t\t<div class=\"sp-tab-content animated fadeIn\"><p><strong>L\u00e9g\u00e8re charge<\/strong><\/p>\n<p><strong>CARACT\u00c9RISTIQUES STANDARD<\/strong><\/p>\n<ul>\n<li>Les \u00e9l\u00e9ments du canal de fente ont, sauf demande contraire, une pente standard de 0,6% dans une seule direction. Cependant, des canaux en acier inoxydable d'une profondeur fixe peuvent \u00eatre produits, jusqu'\u00e0 un maximum de 200 mm.<\/li>\n<li>Les canaux de fente standard sont con\u00e7us avec une pente de 0,6% et une longueur maximale de 18 000 mm dans une seule direction.<\/li>\n<li>La profondeur minimale du canal est de 65 mm, la profondeur maximale du canal est de 200 mm, et la pente du canal est de 0,6%, avec une longueur maximale de canal de 20,00 m\u00e8tres dans chaque direction.<\/li>\n<li>En tenant compte des dimensions applicables, un canal de fente peut \u00eatre personnalis\u00e9, en tenant compte de la pente du canal et des profondeurs minimales et maximales du canal.<\/li>\n<li>En r\u00e9duisant la pente du canal, un canal de fente d'une longueur maximale de 60,00 m\u00e8tres dans chaque direction peut \u00eatre obtenu.<\/li>\n<li>Outre les configurations standard, les configurations de canaux en acier inoxydable peuvent \u00eatre r\u00e9alis\u00e9es dans diff\u00e9rentes formes.<\/li>\n<li>Les \u00e9l\u00e9ments du canal ont une \u00e9paisseur de 2,00 mm, les brides de raccordement ont une \u00e9paisseur de 5,00 mm, et comprenant les boulons et \u00e9crous de fixation, ils sont enti\u00e8rement r\u00e9alis\u00e9s en acier inoxydable de qualit\u00e9 18\/8 Cr\/Ni (AISI 304), et un joint en t\u00e9flon est utilis\u00e9 pour la connexion.<\/li>\n<li>Pour une fixation solide du canal de fente au b\u00e9ton, des \u00e9l\u00e9ments d'ancrage sont soud\u00e9s au canal en diff\u00e9rentes quantit\u00e9s, en fonction de la longueur du canal.<\/li>\n<li>Lors de la fixation du canal, il existe des \u00e9l\u00e9ments sp\u00e9ciaux de r\u00e9glage en hauteur qui s'adaptent \u00e0 diff\u00e9rentes surfaces pour ajuster facilement la hauteur du canal ; ces \u00e9l\u00e9ments font partie int\u00e9grante du syst\u00e8me. De plus, ces \u00e9l\u00e9ments emp\u00eachent le canal de bouger pendant le coulage du b\u00e9ton.<\/li>\n<\/ul>\n<p><strong>OPTIONS<br \/>\n<\/strong>Sur demande, tous les \u00e9l\u00e9ments formant la configuration du canal de fente peuvent \u00eatre fabriqu\u00e9s en acier inoxydable de qualit\u00e9 AISI 316<\/p>\n<\/div>\n\t\t\t\t<\/div>\n\t\t\t\t<\/div>\n\t\t<\/div>\n\t\t[\/et_pb_code][\/et_pb_column][\/et_pb_row][\/et_pb_section]\n\n","protected":false},"excerpt":{"rendered":"\t<h2 class=\"sp-tab__section_title_1791\"> MOD\u00c8LE: SPK-3AG-3YG<\/h2>\n\t\t\t<div id=\"sp-wp-tabs-wrapper_1791\" class=\"sp-tab__lay-default\" data-preloader=\"1\" data-activemode=\"tabs-activator-event-click\" data-anchor_linking=\"1\">\n\t\t\t<div class=\"sp-tab__preloader\">\n\t\t<div class=\"sp-tab__spinner\">\n\t\t\t<div class=\"rect1\"><\/div>\n\t\t\t<div class=\"rect2\"><\/div>\n\t\t\t<div class=\"rect3\"><\/div>\n\t\t\t<div class=\"rect4\"><\/div>\n\t\t\t<div class=\"rect5\"><\/div>\n\t\t<\/div>\n\t<\/div>\n\t<ul class=\"sp-tab__nav sp-tab__nav-tabs\" id=\"sp-tab__ul\" role=\"tablist\">\n\t\t\t\t<li class=\"sp-tab__nav-item\" role=\"presentation\">\n\t\t\t\t<span class=\"sp-tab__nav-link sp-tab__active\" data-sptoggle=\"tab\" for=\"#tab-17911\" role=\"tab\" aria-controls=tab-17911 aria-selected=true tabindex=0>\n\t\t\t\t\t<span class=\"tab_title_area\"><H4 class=\"sp-tab__tab_title\">Informations techniques<\/H4><\/span>\n\t\t\t\t<\/span>\n\t\t\t<\/li>\n\t\t\t\t\t\t<li class=\"sp-tab__nav-item\" role=\"presentation\">\n\t\t\t\t<span class=\"sp-tab__nav-link\" data-sptoggle=\"tab\" for=\"#tab-17912\" role=\"tab\" aria-controls=tab-17912 aria-selected=true tabindex=0>\n\t\t\t\t\t<span class=\"tab_title_area\"><H4 class=\"sp-tab__tab_title\">Description<\/H4><\/span>\n\t\t\t\t<\/span>\n\t\t\t<\/li>\n\t\t\t<\/ul>\n<div class=\"sp-tab__tab-content\">\n\t\t\t\t<div id=\"tab-17911\" class=\"sp-tab__tab-pane sp-tab__show sp-tab__active\" role=\"tabpanel\">\n\t\t\t\t\t<div class=\"sp-tab-content animated fadeIn\"><a href=\"\/ma\/?pdfemb-serveurl=https%3A%2F%2Fcaniveaux-industriel-inox.com%2Fma%2Fwp-content%2Fuploads%2Fsecurepdfs%2F2021%2F01%2FSPK-3AG-3YG.pdf\" class=\"pdfemb-viewer\" style=\"width: 1278px; \" data-width=\"1278\" data-height=\"max\" data-mobile-width=\"500\"  data-scrollbar=\"none\" data-download=\"off\" data-tracking=\"on\" data-newwindow=\"on\" data-pagetextbox=\"off\" data-scrolltotop=\"off\" data-startzoom=\"100\" data-startfpzoom=\"100\" data-download-nonce=\"188827561b\" data-disablerightclick=\"on\" data-toolbar=\"bottom\" data-toolbar-fixed=\"off\">SPK-3AG-3YG<br\/><\/a>\n<\/div>\n\t\t\t\t<\/div>\n\t\t\t\t\t\t\t\t<div id=\"tab-17912\" class=\"sp-tab__tab-pane \" role=\"tabpanel\">\n\t\t\t\t\t<div class=\"sp-tab-content animated fadeIn\"><p><strong>L\u00e9g\u00e8re charge<\/strong><\/p>\n<p><strong>CARACT\u00c9RISTIQUES STANDARD<\/strong><\/p>\n<ul>\n<li>Les \u00e9l\u00e9ments du canal de fente ont, sauf demande contraire, une pente standard de 0,6% dans une seule direction. Cependant, des canaux en acier inoxydable d'une profondeur fixe peuvent \u00eatre produits, jusqu'\u00e0 un maximum de 200 mm.<\/li>\n<li>Les canaux de fente standard sont con\u00e7us avec une pente de 0,6% et une longueur maximale de 18 000 mm dans une seule direction.<\/li>\n<li>La profondeur minimale du canal est de 65 mm, la profondeur maximale du canal est de 200 mm, et la pente du canal est de 0,6%, avec une longueur maximale de canal de 20,00 m\u00e8tres dans chaque direction.<\/li>\n<li>En tenant compte des dimensions applicables, un canal de fente peut \u00eatre personnalis\u00e9, en tenant compte de la pente du canal et des profondeurs minimales et maximales du canal.<\/li>\n<li>En r\u00e9duisant la pente du canal, un canal de fente d'une longueur maximale de 60,00 m\u00e8tres dans chaque direction peut \u00eatre obtenu.<\/li>\n<li>Outre les configurations standard, les configurations de canaux en acier inoxydable peuvent \u00eatre r\u00e9alis\u00e9es dans diff\u00e9rentes formes.<\/li>\n<li>Les \u00e9l\u00e9ments du canal ont une \u00e9paisseur de 2,00 mm, les brides de raccordement ont une \u00e9paisseur de 5,00 mm, et comprenant les boulons et \u00e9crous de fixation, ils sont enti\u00e8rement r\u00e9alis\u00e9s en acier inoxydable de qualit\u00e9 18\/8 Cr\/Ni (AISI 304), et un joint en t\u00e9flon est utilis\u00e9 pour la connexion.<\/li>\n<li>Pour une fixation solide du canal de fente au b\u00e9ton, des \u00e9l\u00e9ments d'ancrage sont soud\u00e9s au canal en diff\u00e9rentes quantit\u00e9s, en fonction de la longueur du canal.<\/li>\n<li>Lors de la fixation du canal, il existe des \u00e9l\u00e9ments sp\u00e9ciaux de r\u00e9glage en hauteur qui s'adaptent \u00e0 diff\u00e9rentes surfaces pour ajuster facilement la hauteur du canal ; ces \u00e9l\u00e9ments font partie int\u00e9grante du syst\u00e8me. De plus, ces \u00e9l\u00e9ments emp\u00eachent le canal de bouger pendant le coulage du b\u00e9ton.<\/li>\n<\/ul>\n<p><strong>OPTIONS<br \/>\n<\/strong>Sur demande, tous les \u00e9l\u00e9ments formant la configuration du canal de fente peuvent \u00eatre fabriqu\u00e9s en acier inoxydable de qualit\u00e9 AISI 316<\/p>\n<\/div>\n\t\t\t\t<\/div>\n\t\t\t\t<\/div>\n\t\t<\/div>\n\t\t\n","protected":false},"author":3,"featured_media":0,"parent":0,"menu_order":0,"comment_status":"closed","ping_status":"closed","template":"","meta":{"_et_pb_use_builder":"on","_et_pb_old_content":"","_et_gb_content_width":"","_monsterinsights_skip_tracking":false,"_monsterinsights_sitenote_active":false,"_monsterinsights_sitenote_note":"","_monsterinsights_sitenote_category":0,"footnotes":""},"class_list":["post-1794","page","type-page","status-publish","hentry"],"_links":{"self":[{"href":"https:\/\/caniveaux-industriel-inox.com\/ma\/wp-json\/wp\/v2\/pages\/1794","targetHints":{"allow":["GET"]}}],"collection":[{"href":"https:\/\/caniveaux-industriel-inox.com\/ma\/wp-json\/wp\/v2\/pages"}],"about":[{"href":"https:\/\/caniveaux-industriel-inox.com\/ma\/wp-json\/wp\/v2\/types\/page"}],"author":[{"embeddable":true,"href":"https:\/\/caniveaux-industriel-inox.com\/ma\/wp-json\/wp\/v2\/users\/3"}],"replies":[{"embeddable":true,"href":"https:\/\/caniveaux-industriel-inox.com\/ma\/wp-json\/wp\/v2\/comments?post=1794"}],"version-history":[{"count":0,"href":"https:\/\/caniveaux-industriel-inox.com\/ma\/wp-json\/wp\/v2\/pages\/1794\/revisions"}],"wp:attachment":[{"href":"https:\/\/caniveaux-industriel-inox.com\/ma\/wp-json\/wp\/v2\/media?parent=1794"}],"curies":[{"name":"wp","href":"https:\/\/api.w.org\/{rel}","templated":true}]}}