{"id":1549,"date":"2020-12-16T10:11:07","date_gmt":"2020-12-16T10:11:07","guid":{"rendered":"https:\/\/dev.joomlaworks.nl\/?page_id=1549"},"modified":"2025-08-28T20:09:32","modified_gmt":"2025-08-28T18:09:32","slug":"isole-pour-charges-lourdes-100-mm","status":"publish","type":"page","link":"https:\/\/caniveaux-industriel-inox.com\/ma\/isole-pour-charges-lourdes-100-mm\/","title":{"rendered":"Isol\u00e9 pour charges lourdes \u2013 100 mm."},"content":{"rendered":"<p>[et_pb_section fb_built=\u00a0\u00bb1&Prime; fullwidth=\u00a0\u00bbon\u00a0\u00bb _builder_version=\u00a0\u00bb4.21.0&Prime; _module_preset=\u00a0\u00bbdefault\u00a0\u00bb global_module=\u00a0\u00bb570&Prime; saved_tabs=\u00a0\u00bball\u00a0\u00bb global_colors_info=\u00a0\u00bb{}\u00a0\u00bb][\/et_pb_section][et_pb_section fb_built=\u00a0\u00bb1&Prime; _builder_version=\u00a0\u00bb4.16&Prime; _module_preset=\u00a0\u00bbdefault\u00a0\u00bb background_color=\u00a0\u00bb#ececec\u00a0\u00bb custom_padding=\u00a0\u00bb||0px|||\u00a0\u00bb global_colors_info=\u00a0\u00bb{}\u00a0\u00bb][et_pb_row _builder_version=\u00a0\u00bb4.21.0&Prime; _module_preset=\u00a0\u00bbdefault\u00a0\u00bb background_color=\u00a0\u00bb#ffffff\u00a0\u00bb max_width=\u00a0\u00bbnone\u00a0\u00bb custom_padding=\u00a0\u00bb0px||0px|||\u00a0\u00bb global_colors_info=\u00a0\u00bb{}\u00a0\u00bb][et_pb_column type=\u00a0\u00bb4_4&Prime; _builder_version=\u00a0\u00bb4.16&Prime; _module_preset=\u00a0\u00bbdefault\u00a0\u00bb global_colors_info=\u00a0\u00bb{}\u00a0\u00bb][et_pb_menu menu_id=\u00a0\u00bb30&Prime; active_link_color=\u00a0\u00bb#0041e8&Prime; dropdown_menu_bg_color=\u00a0\u00bb#ffffff\u00a0\u00bb _builder_version=\u00a0\u00bb4.16&Prime; _module_preset=\u00a0\u00bbdefault\u00a0\u00bb menu_font=\u00a0\u00bb|700|||||||\u00a0\u00bb menu_text_color=\u00a0\u00bb#474747&Prime; menu_font_size=\u00a0\u00bb20px\u00a0\u00bb background_color=\u00a0\u00bb#9e9e9e\u00a0\u00bb use_background_color_gradient=\u00a0\u00bbon\u00a0\u00bb background_color_gradient_stops=\u00a0\u00bb#ffffff 0%|#ffffff 100%\u00a0\u00bb background_color_gradient_start=\u00a0\u00bb#ffffff\u00a0\u00bb background_color_gradient_end=\u00a0\u00bb#ffffff\u00a0\u00bb custom_margin=\u00a0\u00bb-33px||0px|||\u00a0\u00bb custom_padding=\u00a0\u00bb9px||8px|10px|false|false\u00a0\u00bb animation_style=\u00a0\u00bbfade\u00a0\u00bb border_radii=\u00a0\u00bbon|2px|2px|2px|2px\u00a0\u00bb border_width_all=\u00a0\u00bb1px\u00a0\u00bb border_color_all=\u00a0\u00bb#0c71c3&Prime; saved_tabs=\u00a0\u00bball\u00a0\u00bb global_colors_info=\u00a0\u00bb{}\u00a0\u00bb][\/et_pb_menu][\/et_pb_column][\/et_pb_row][et_pb_row _builder_version=\u00a0\u00bb4.21.0&Prime; _module_preset=\u00a0\u00bbdefault\u00a0\u00bb background_color=\u00a0\u00bb#ffffff\u00a0\u00bb max_width=\u00a0\u00bbnone\u00a0\u00bb global_colors_info=\u00a0\u00bb{}\u00a0\u00bb][et_pb_column type=\u00a0\u00bb4_4&Prime; _builder_version=\u00a0\u00bb4.16&Prime; _module_preset=\u00a0\u00bbdefault\u00a0\u00bb global_colors_info=\u00a0\u00bb{}\u00a0\u00bb][et_pb_text _builder_version=\u00a0\u00bb4.23.1&Prime; _module_preset=\u00a0\u00bbdefault\u00a0\u00bb header_2_line_height=\u00a0\u00bb1.7em\u00a0\u00bb background_color=\u00a0\u00bb#ffffff\u00a0\u00bb custom_padding=\u00a0\u00bb|||10px|false|false\u00a0\u00bb global_colors_info=\u00a0\u00bb{}\u00a0\u00bb]<\/p>\n<h2 style=\"text-align: center;\"><strong>CANIVEAUX \u00c0 FENTE ISOL\u00c9S POUR CHARGES INDUSTRIELLES LOURDES<\/strong><\/h2>\n<h2 style=\"text-align: center;\"><strong> \u2013 mod\u00e8le<\/strong><strong> ITMP <\/strong><strong>avec une dimension int\u00e9rieure de 100 mm.<\/strong><\/h2>\n<h2 style=\"text-align: center;\"><span>Convient pour les finitions de sol chimiques et les sols en b\u00e9ton.<\/span><\/h2>\n<p>[\/et_pb_text][\/et_pb_column][\/et_pb_row][\/et_pb_section][et_pb_section fb_built=\u00a0\u00bb1&Prime; _builder_version=\u00a0\u00bb4.16&Prime; _module_preset=\u00a0\u00bbdefault\u00a0\u00bb background_color=\u00a0\u00bb#ececec\u00a0\u00bb custom_padding=\u00a0\u00bb0px||80px|||\u00a0\u00bb global_colors_info=\u00a0\u00bb{}\u00a0\u00bb][et_pb_row column_structure=\u00a0\u00bb1_3,1_3,1_3&Prime; _builder_version=\u00a0\u00bb4.21.0&Prime; _module_preset=\u00a0\u00bbdefault\u00a0\u00bb background_color=\u00a0\u00bb#ffffff\u00a0\u00bb max_width=\u00a0\u00bbnone\u00a0\u00bb custom_padding=\u00a0\u00bb7px||6px|||\u00a0\u00bb global_colors_info=\u00a0\u00bb{}\u00a0\u00bb][et_pb_column type=\u00a0\u00bb1_3&Prime; _builder_version=\u00a0\u00bb4.16&Prime; _module_preset=\u00a0\u00bbdefault\u00a0\u00bb global_colors_info=\u00a0\u00bb{}\u00a0\u00bb][et_pb_image src=\u00a0\u00bbhttps:\/\/caniveaux-industriel-inox.com\/ma\/wp-content\/uploads\/2025\/08\/Caniveau-a-fente-inox-ITMP-KAG-isole-charge-lourde-pente-unique-vers-la-sortie-avec-siphon-inox-Maroc.png\u00a0\u00bb alt=\u00a0\u00bbCaniveau \u00e0 fente inox ITMP-KAG isol\u00e9 charge lourde pente unique vers la sortie avec siphon inox Maroc\u00a0\u00bb title_text=\u00a0\u00bbCaniveau-\u00e0-fente-inox-ITMP-KAG-isol\u00e9-charge-lourde-pente-unique-vers-la-sortie-avec-siphon-inox-Maroc\u00a0\u00bb url=\u00a0\u00bbhttps:\/\/caniveaux-industriel-inox.com\/ma\/modele-itmp-kag-kyg\/\u00a0\u00bb align=\u00a0\u00bbcenter\u00a0\u00bb _builder_version=\u00a0\u00bb4.27.4&Prime; _module_preset=\u00a0\u00bbdefault\u00a0\u00bb width=\u00a0\u00bb80%\u00a0\u00bb hover_enabled=\u00a0\u00bb0&Prime; global_colors_info=\u00a0\u00bb{}\u00a0\u00bb sticky_enabled=\u00a0\u00bb0&Prime;][\/et_pb_image][et_pb_text _builder_version=\u00a0\u00bb4.27.4&Prime; _module_preset=\u00a0\u00bbdefault\u00a0\u00bb header_4_text_color=\u00a0\u00bb#0041e8&Prime; header_5_line_height=\u00a0\u00bb1.5em\u00a0\u00bb global_colors_info=\u00a0\u00bb{}\u00a0\u00bb]<\/p>\n<h4 style=\"text-align: center;\"><a href=\"https:\/\/caniveaux-industriel-inox.com\/ma\/modele-itmp-kag-kyg\/\"><strong>MOD\u00c8LE: ITMP-KAG-KYG<\/strong><\/a><\/h4>\n<h5 style=\"text-align: center;\">D\u00e9clinant vers l\u2019\u00e9vacuation qui descend dans une seule direction.<br \/>\n\u00c9vacuation avec siphon anti-odeur<\/h5>\n<p>[\/et_pb_text][\/et_pb_column][et_pb_column type=\u00a0\u00bb1_3&Prime; _builder_version=\u00a0\u00bb4.16&Prime; _module_preset=\u00a0\u00bbdefault\u00a0\u00bb global_colors_info=\u00a0\u00bb{}\u00a0\u00bb][et_pb_image src=\u00a0\u00bbhttps:\/\/caniveaux-industriel-inox.com\/ma\/wp-content\/uploads\/2020\/12\/ITMP-Section-R1-281&#215;300-1.png\u00a0\u00bb title_text=\u00a0\u00bbITMP-Section-R1-281&#215;300&Prime; align=\u00a0\u00bbcenter\u00a0\u00bb _builder_version=\u00a0\u00bb4.16&Prime; _module_preset=\u00a0\u00bbdefault\u00a0\u00bb custom_margin=\u00a0\u00bb37px||||false|false\u00a0\u00bb global_colors_info=\u00a0\u00bb{}\u00a0\u00bb][\/et_pb_image][\/et_pb_column][et_pb_column type=\u00a0\u00bb1_3&Prime; _builder_version=\u00a0\u00bb4.16&Prime; _module_preset=\u00a0\u00bbdefault\u00a0\u00bb global_colors_info=\u00a0\u00bb{}\u00a0\u00bb][et_pb_image src=\u00a0\u00bbhttps:\/\/caniveaux-industriel-inox.com\/ma\/wp-content\/uploads\/2025\/08\/Caniveau-a-fente-inox-ITMP-OAG-isole-charge-lourde-pente-vers-le-centre-vers-la-sortie-avec-siphon-inox-Maroc.png\u00a0\u00bb alt=\u00a0\u00bbCaniveau-\u00e0-fente-inox-ITMP-OAG-isol\u00e9-charge-lourde-pente-vers-le-centre-vers-la-sortie-avec-siphon-inox-Maroc\u00a0\u00bb title_text=\u00a0\u00bbCaniveau-\u00e0-fente-inox-ITMP-OAG-isol\u00e9-charge-lourde-pente-vers-le-centre-vers-la-sortie-avec-siphon-inox-Maroc\u00a0\u00bb url=\u00a0\u00bbhttps:\/\/caniveaux-industriel-inox.com\/ma\/modele-itmp-oag-oyg\/\u00a0\u00bb align=\u00a0\u00bbcenter\u00a0\u00bb _builder_version=\u00a0\u00bb4.27.4&Prime; _module_preset=\u00a0\u00bbdefault\u00a0\u00bb width=\u00a0\u00bb80%\u00a0\u00bb hover_enabled=\u00a0\u00bb0&Prime; global_colors_info=\u00a0\u00bb{}\u00a0\u00bb sticky_enabled=\u00a0\u00bb0&Prime;][\/et_pb_image][et_pb_text _builder_version=\u00a0\u00bb4.27.4&Prime; _module_preset=\u00a0\u00bbdefault\u00a0\u00bb header_4_text_color=\u00a0\u00bb#0041e8&Prime; header_5_line_height=\u00a0\u00bb1.5em\u00a0\u00bb global_colors_info=\u00a0\u00bb{}\u00a0\u00bb]<\/p>\n<h4 style=\"text-align: center;\"><a href=\"https:\/\/caniveaux-industriel-inox.com\/ma\/modele-itmp-oag-oyg\/\"><strong>MOD\u00c8LE: ITMP-OAG-OYG<\/strong><\/a><\/h4>\n<h5 style=\"text-align: center;\">Descendant vers le centre, s\u2019\u00e9vacuant vers le drain.<br \/>\n\u00c9vacuation avec siphon anti-odeur<\/h5>\n<p>[\/et_pb_text][\/et_pb_column][\/et_pb_row][et_pb_row column_structure=\u00a0\u00bb1_3,1_3,1_3&Prime; _builder_version=\u00a0\u00bb4.21.0&Prime; _module_preset=\u00a0\u00bbdefault\u00a0\u00bb background_color=\u00a0\u00bb#ffffff\u00a0\u00bb max_width=\u00a0\u00bbnone\u00a0\u00bb custom_padding=\u00a0\u00bb||1px|||\u00a0\u00bb global_colors_info=\u00a0\u00bb{}\u00a0\u00bb][et_pb_column type=\u00a0\u00bb1_3&Prime; _builder_version=\u00a0\u00bb4.16&Prime; _module_preset=\u00a0\u00bbdefault\u00a0\u00bb global_colors_info=\u00a0\u00bb{}\u00a0\u00bb][et_pb_image src=\u00a0\u00bbhttps:\/\/caniveaux-industriel-inox.com\/ma\/wp-content\/uploads\/2025\/08\/Caniveau-a-fente-inox-ITMP-3AG-isole-charge-lourde-element-en-T-avec-sortie-avec-siphon-inox-Maroc.png\u00a0\u00bb alt=\u00a0\u00bbCaniveau-\u00e0-fente-inox-ITMP-3AG-isol\u00e9-charge-lourde-\u00e9l\u00e9ment-en-T-avec-sortie-avec-siphon-inox-Maroc\u00a0\u00bb title_text=\u00a0\u00bbCaniveau-\u00e0-fente-inox-ITMP-3AG-isol\u00e9-charge-lourde-\u00e9l\u00e9ment-en-T-avec-sortie-avec-siphon-inox-Maroc\u00a0\u00bb url=\u00a0\u00bbhttps:\/\/caniveaux-industriel-inox.com\/ma\/modele-itmp-3ag-3yg\/\u00a0\u00bb align=\u00a0\u00bbcenter\u00a0\u00bb _builder_version=\u00a0\u00bb4.27.4&Prime; _module_preset=\u00a0\u00bbdefault\u00a0\u00bb width=\u00a0\u00bb80%\u00a0\u00bb hover_enabled=\u00a0\u00bb0&Prime; global_colors_info=\u00a0\u00bb{}\u00a0\u00bb sticky_enabled=\u00a0\u00bb0&Prime;][\/et_pb_image][et_pb_text _builder_version=\u00a0\u00bb4.27.4&Prime; _module_preset=\u00a0\u00bbdefault\u00a0\u00bb header_4_text_color=\u00a0\u00bb#0041e8&Prime; header_5_line_height=\u00a0\u00bb1.7em\u00a0\u00bb global_colors_info=\u00a0\u00bb{}\u00a0\u00bb]<\/p>\n<h4 style=\"text-align: center;\"><a href=\"https:\/\/caniveaux-industriel-inox.com\/ma\/modele-itmp-3ag-3yg\/\"><strong>MOD\u00c8LE: ITMP-3AG-3YG<\/strong><\/a><\/h4>\n<h5 style=\"text-align: center;\"><span>\u00c9l\u00e9ment en T avec \u00e9vacuation.<br \/>\n\u00c9vacuation avec siphon anti-odeur<\/span><\/h5>\n<p>[\/et_pb_text][\/et_pb_column][et_pb_column type=\u00a0\u00bb1_3&Prime; _builder_version=\u00a0\u00bb4.16&Prime; _module_preset=\u00a0\u00bbdefault\u00a0\u00bb global_colors_info=\u00a0\u00bb{}\u00a0\u00bb][et_pb_image src=\u00a0\u00bbhttps:\/\/caniveaux-industriel-inox.com\/ma\/wp-content\/uploads\/2025\/08\/Caniveau-a-fente-inox-ITMP-LAG-isole-charge-lourde-pente-vers-sortie-en-L-avec-siphon-inox-Maroc.png\u00a0\u00bb alt=\u00a0\u00bbCaniveau-\u00e0-fente-inox-ITMP-LAG-isol\u00e9-charge-lourde-pente-vers-sortie-en-L-avec-siphon-inox-Maroc\u00a0\u00bb title_text=\u00a0\u00bbCaniveau-\u00e0-fente-inox-ITMP-LAG-isol\u00e9-charge-lourde-pente-vers-sortie-en-L-avec-siphon-inox-Maroc\u00a0\u00bb url=\u00a0\u00bbhttps:\/\/caniveaux-industriel-inox.com\/ma\/modele-itmp-lag-lyg\/\u00a0\u00bb align=\u00a0\u00bbcenter\u00a0\u00bb _builder_version=\u00a0\u00bb4.27.4&Prime; _module_preset=\u00a0\u00bbdefault\u00a0\u00bb width=\u00a0\u00bb80%\u00a0\u00bb hover_enabled=\u00a0\u00bb0&Prime; global_colors_info=\u00a0\u00bb{}\u00a0\u00bb sticky_enabled=\u00a0\u00bb0&Prime;][\/et_pb_image][et_pb_text _builder_version=\u00a0\u00bb4.27.4&Prime; _module_preset=\u00a0\u00bbdefault\u00a0\u00bb header_4_text_color=\u00a0\u00bb#0041e8&Prime; header_5_line_height=\u00a0\u00bb1.7em\u00a0\u00bb global_colors_info=\u00a0\u00bb{}\u00a0\u00bb]<\/p>\n<h4 style=\"text-align: center;\"><a href=\"https:\/\/caniveaux-industriel-inox.com\/ma\/modele-itmp-lag-lyg\/\"><strong>MOD\u00c8LE: ITMP-LAG-LYG<\/strong><\/a><\/h4>\n<h5 style=\"text-align: center;\">Inclin\u00e9 vers l\u2019\u00e9vacuation en forme de L<br \/>\n\u00c9vacuation avec siphon anti-odeur.<\/h5>\n<p>[\/et_pb_text][\/et_pb_column][et_pb_column type=\u00a0\u00bb1_3&Prime; _builder_version=\u00a0\u00bb4.16&Prime; _module_preset=\u00a0\u00bbdefault\u00a0\u00bb global_colors_info=\u00a0\u00bb{}\u00a0\u00bb][et_pb_image src=\u00a0\u00bbhttps:\/\/caniveaux-industriel-inox.com\/ma\/wp-content\/uploads\/2025\/08\/Caniveau-a-fente-inox-ITMP-MULTI-isole-charge-lourde-pente-vers-levacuation-avec-deux-ou-plusieurs-sorties-avec-siphon-inox-Maroc.png\u00a0\u00bb alt=\u00a0\u00bbCaniveau-\u00e0-fente-inox-ITMP-MULTI-isol\u00e9-charge-lourde-pente-vers-l\u2019\u00e9vacuation-avec-deux-ou-plusieurs-sorties-avec-siphon-inox-Maroc\u00a0\u00bb title_text=\u00a0\u00bbCaniveau-\u00e0-fente-inox-ITMP-MULTI-isol\u00e9-charge-lourde-pente-vers-l\u2019\u00e9vacuation-avec-deux-ou-plusieurs-sorties-avec-siphon-inox-Maroc\u00a0\u00bb url=\u00a0\u00bbhttps:\/\/caniveaux-industriel-inox.com\/ma\/modele-itmp-multi\/\u00a0\u00bb align=\u00a0\u00bbcenter\u00a0\u00bb _builder_version=\u00a0\u00bb4.27.4&Prime; _module_preset=\u00a0\u00bbdefault\u00a0\u00bb width=\u00a0\u00bb80%\u00a0\u00bb hover_enabled=\u00a0\u00bb0&Prime; global_colors_info=\u00a0\u00bb{}\u00a0\u00bb sticky_enabled=\u00a0\u00bb0&Prime;][\/et_pb_image][et_pb_text _builder_version=\u00a0\u00bb4.27.4&Prime; _module_preset=\u00a0\u00bbdefault\u00a0\u00bb header_4_text_color=\u00a0\u00bb#0041e8&Prime; header_5_line_height=\u00a0\u00bb1.7em\u00a0\u00bb global_colors_info=\u00a0\u00bb{}\u00a0\u00bb]<\/p>\n<h4 style=\"text-align: center;\"><a href=\"https:\/\/caniveaux-industriel-inox.com\/ma\/modele-itmp-multi\/\"><strong>MOD\u00c8LE: ITMP-MULTI<\/strong><\/a><\/h4>\n<h5 style=\"text-align: center;\"><span>Inclin\u00e9 en direction de l\u2019\u00e9vacuation avec deux \u00e9vacuations ou plus.<br \/>\n\u00c9vacuations avec siphon anti-odeur.<\/span><\/h5>\n<p>[\/et_pb_text][\/et_pb_column][\/et_pb_row][et_pb_row _builder_version=\u00a0\u00bb4.21.0&Prime; _module_preset=\u00a0\u00bbdefault\u00a0\u00bb background_color=\u00a0\u00bb#ffffff\u00a0\u00bb max_width=\u00a0\u00bbnone\u00a0\u00bb global_colors_info=\u00a0\u00bb{}\u00a0\u00bb][et_pb_column type=\u00a0\u00bb4_4&Prime; _builder_version=\u00a0\u00bb4.16&Prime; _module_preset=\u00a0\u00bbdefault\u00a0\u00bb global_colors_info=\u00a0\u00bb{}\u00a0\u00bb][et_pb_divider _builder_version=\u00a0\u00bb4.16&Prime; _module_preset=\u00a0\u00bbdefault\u00a0\u00bb global_colors_info=\u00a0\u00bb{}\u00a0\u00bb][\/et_pb_divider][\/et_pb_column][\/et_pb_row][et_pb_row _builder_version=\u00a0\u00bb4.21.0&Prime; _module_preset=\u00a0\u00bbdefault\u00a0\u00bb background_color=\u00a0\u00bb#ffffff\u00a0\u00bb max_width=\u00a0\u00bbnone\u00a0\u00bb custom_margin=\u00a0\u00bb|auto|-27px|auto||\u00a0\u00bb global_colors_info=\u00a0\u00bb{}\u00a0\u00bb][et_pb_column type=\u00a0\u00bb4_4&Prime; _builder_version=\u00a0\u00bb4.16&Prime; _module_preset=\u00a0\u00bbdefault\u00a0\u00bb global_colors_info=\u00a0\u00bb{}\u00a0\u00bb][et_pb_text _builder_version=\u00a0\u00bb4.22.0&Prime; _module_preset=\u00a0\u00bbdefault\u00a0\u00bb header_4_line_height=\u00a0\u00bb1.7em\u00a0\u00bb header_5_line_height=\u00a0\u00bb1.7em\u00a0\u00bb custom_padding=\u00a0\u00bb|10px||20px|false|false\u00a0\u00bb global_colors_info=\u00a0\u00bb{}\u00a0\u00bb]<\/p>\n<h4><strong>CANIVEAUX \u00c0 FENTE ISOL\u00c9S POUR CHARGES INDUSTRIELLES LOURDES<\/strong><\/h4>\n<h5><strong>CARACT\u00c9RISTIQUES STANDARD<\/strong><span><\/span><\/h5>\n<ul>\n<li>\n<h5><span>Sauf indication contraire, les \u00e9l\u00e9ments de canalisation en fente ont une pente standard de 0,6% dans une seule direction. Cependant, il est possible de produire des canaux en acier inoxydable avec une profondeur fixe jusqu\u2019\u00e0 un maximum de 200 mm.<\/span><\/h5>\n<\/li>\n<li>\n<h5><span>Les caniveaux standards sont con\u00e7us avec une pente de 0,6% et une longueur maximale de 18.000 mm dans une seule direction.<\/span><\/h5>\n<\/li>\n<li>\n<h5><span>La profondeur minimale du canal est de 95 mm, la profondeur maximale du canal est de 200 mm, et la pente du canal est de 0,6%, avec une longueur maximale du canal de 20,00 m\u00e8tres dans chaque direction.<\/span><\/h5>\n<\/li>\n<li>\n<h5><span>En tenant compte des dimensions applicables, un canal en fente peut \u00eatre r\u00e9alis\u00e9 sur mesure, en tenant compte de la pente du canal et des profondeurs minimales et maximales du canal.<\/span><\/h5>\n<\/li>\n<li>\n<h5><span>En r\u00e9duisant la pente du canal, un canal en fente peut \u00eatre obtenu avec une longueur maximale de 60,00 m\u00e8tres dans chaque direction.<\/span><\/h5>\n<\/li>\n<li>\n<h5><span>Outre les configurations standard, des configurations de canal en acier inoxydable peuvent \u00eatre r\u00e9alis\u00e9es sous diff\u00e9rentes formes.<\/span><\/h5>\n<\/li>\n<li>\n<h5><span>Les \u00e9l\u00e9ments de canal ont une \u00e9paisseur de 2,00 mm, les brides de liaison ont une \u00e9paisseur de 5,00 mm, et y compris les boulons et \u00e9crous de fixation, ils sont enti\u00e8rement r\u00e9alis\u00e9s en acier inoxydable de qualit\u00e9 18\/8 Cr\/Ni (AISI 304), et un joint en t\u00e9flon est utilis\u00e9 pour la liaison.<\/span><\/h5>\n<\/li>\n<li>\n<h5><span>Pour une fixation solide du canal en fente au b\u00e9ton, des \u00e9l\u00e9ments d\u2019ancrage sont soud\u00e9s au canal en diff\u00e9rentes quantit\u00e9s, en fonction de la longueur du canal.<\/span><\/h5>\n<\/li>\n<li>\n<h5><span>Lors de la fixation du canal, il existe des \u00e9l\u00e9ments sp\u00e9ciaux de r\u00e9glage en hauteur qui s\u2019adaptent \u00e0 diff\u00e9rentes surfaces pour ajuster facilement la hauteur du canal ; ce sont des \u00e9l\u00e9ments standard du syst\u00e8me.<\/span><\/h5>\n<\/li>\n<li>\n<h5><span>De plus, ces \u00e9l\u00e9ments emp\u00eachent le canal de bouger pendant le coulage du b\u00e9ton.<\/span><span><\/span><\/h5>\n<\/li>\n<\/ul>\n<h5><strong>CARACT\u00c9RISTIQUES OPTIONNELLES<\/strong><span><\/span><\/h5>\n<h5><span>Sur demande, tous les \u00e9l\u00e9ments formant la configuration du canal en fente peuvent \u00eatre fabriqu\u00e9s en acier inoxydable de qualit\u00e9 AISI 316.<\/span><\/h5>\n<p>[\/et_pb_text][\/et_pb_column][\/et_pb_row][\/et_pb_section]<\/p>\n","protected":false},"excerpt":{"rendered":"<p>Ge\u00efsoleerde roestvrijstalen sleufgoten voor zware belasting \u2013 model ITMP met een interne maat van 100 mm.<br \/>\nGeschikt voor chemische vloerafwerkingen en betonnen vloeren.<br \/>\nrvs sleufgoot ITMP KAG 2<br \/>\nMODEL: ITMP-KAG-KYG<br \/>\nDe helling in \u00e9\u00e9n richting naar de afvoer.<br \/>\nAfvoer met stankafsluiter.<br \/>\nITMP Section R1 281&#215;300 1<br \/>\nrvs sleufgoot ITMP OAG<br \/>\nMODEL: ITMP-OAG-OYG<br \/>\nAflopend naar het midden, aflopend naar de afvoer.<br \/>\nAfvoer met stankafsluiter<br \/>\nrvs sleufgoot ITMP 3AG<br \/>\nMODEL: ITMP-3AG-3YG<br \/>\nT-element met afvoer.<br \/>\nAfvoer met stankafsluiter<br \/>\nrvs sleufgoot ITMP LAG<br \/>\nMODEL: ITMP-LAG-LYG<br \/>\nHellend naar de L-vormige afvoer.<br \/>\nAfvoer met stankafsluiter.<br \/>\nrvs sleufgoot ITMP MULTI<br \/>\nMODEL: ITMP-MULTI<br \/>\nHellend in de richting van de afvoer met twee of meer afvoeren.<br \/>\nAfvoeren met stankafsluiter<br \/>\nGE\u00cfSOLEERDE SLEUFGOTEN ZWARE INDUSTRI\u00cbLE BELASTING<br \/>\nSTANDAARD EIGENSCHAPPEN<br \/>\nTenzij anders aangegeven, hebben de sleufkanaalelementen standaard een helling van 0,6% in \u00e9\u00e9n richting. Echter, er kunnen roestvrijstalen kanalen met een vaste diepte worden geproduceerd, tot een maximum van 200 mm.<br \/>\nStandaard sleuven zijn ontworpen met een helling van 0,6% en een maximale lengte van 18.000 mm in \u00e9\u00e9n richting.<br \/>\nDe minimale kanaaldiepte is 95 mm, de maximale kanaaldiepte is 200 mm, en de kanaalhelling is 0,6%, met een maximale kanaallengte van 20,00 meter in elke richting.<br \/>\nMet inachtneming van de toepasbare afmetingen, kan een sleufkanaal op maat worden gemaakt, rekening houdend met de kanaalhelling en de minimale en maximale kanaaldiepten.<br \/>\nDoor de helling van het kanaal te verminderen, kan een sleufkanaal worden verkregen met een maximale lengte van 60,00 meter in elke richting.<br \/>\nNaast de standaardconfiguraties, kunnen roestvrijstalen kanaalconfiguraties in verschillende vormen worden gemaakt. De kanaalelementen hebben een dikte van 2,00 mm, de verbindingsflenzen hebben een dikte van 5,00 mm, en inclusief de bevestigingsbouten en moeren zijn ze volledig gemaakt van 18\/8 Cr\/Ni (AISI 304) kwaliteit roestvrij staal, en voor de verbinding wordt een teflon pakking gebruikt.<br \/>\nVoor een stevige bevestiging van het sleufkanaal aan het beton, zijn er verankeringselementen in verschillende hoeveelheden, afhankelijk van de lengte van het kanaal, aan het kanaal gelast.<br \/>\nTijdens het bevestigen van het kanaal, zijn er speciale hoogteverstellingselementen die zich aanpassen aan verschillende oppervlakken om eenvoudig de hoogte van het kanaal aan te passen; deze zijn standaard onderdelen van het systeem.<br \/>\nBovendien voorkomen deze elementen dat het kanaal beweegt tijdens het storten van beton.<br \/>\nOPTIONELE EIGENSCHAPPEN<br \/>\nOp verzoek kunnen alle elementen die de sleufkanaalconfiguratie vormen, worden gemaakt van AISI 316 kwaliteit roestvrij staal.<\/p>\n","protected":false},"author":3,"featured_media":0,"parent":0,"menu_order":0,"comment_status":"closed","ping_status":"closed","template":"","meta":{"_et_pb_use_builder":"on","_et_pb_old_content":"","_et_gb_content_width":"","_monsterinsights_skip_tracking":false,"_monsterinsights_sitenote_active":false,"_monsterinsights_sitenote_note":"","_monsterinsights_sitenote_category":0,"footnotes":""},"class_list":["post-1549","page","type-page","status-publish","hentry"],"_links":{"self":[{"href":"https:\/\/caniveaux-industriel-inox.com\/ma\/wp-json\/wp\/v2\/pages\/1549","targetHints":{"allow":["GET"]}}],"collection":[{"href":"https:\/\/caniveaux-industriel-inox.com\/ma\/wp-json\/wp\/v2\/pages"}],"about":[{"href":"https:\/\/caniveaux-industriel-inox.com\/ma\/wp-json\/wp\/v2\/types\/page"}],"author":[{"embeddable":true,"href":"https:\/\/caniveaux-industriel-inox.com\/ma\/wp-json\/wp\/v2\/users\/3"}],"replies":[{"embeddable":true,"href":"https:\/\/caniveaux-industriel-inox.com\/ma\/wp-json\/wp\/v2\/comments?post=1549"}],"version-history":[{"count":0,"href":"https:\/\/caniveaux-industriel-inox.com\/ma\/wp-json\/wp\/v2\/pages\/1549\/revisions"}],"wp:attachment":[{"href":"https:\/\/caniveaux-industriel-inox.com\/ma\/wp-json\/wp\/v2\/media?parent=1549"}],"curies":[{"name":"wp","href":"https:\/\/api.w.org\/{rel}","templated":true}]}}