{"id":1161,"date":"2020-12-13T14:47:54","date_gmt":"2020-12-13T14:47:54","guid":{"rendered":"https:\/\/dev.joomlaworks.nl\/?page_id=1161"},"modified":"2025-09-02T21:00:08","modified_gmt":"2025-09-02T19:00:08","slug":"siphons-de-sol-pour-charges-legeres","status":"publish","type":"page","link":"https:\/\/caniveaux-industriel-inox.com\/ma\/siphons-de-sol-pour-charges-legeres\/","title":{"rendered":"Siphons de sol pour charges l\u00e9g\u00e8res |"},"content":{"rendered":"<p>[et_pb_section fb_built=\u00a0\u00bb1&Prime; _builder_version=\u00a0\u00bb4.16&Prime; _module_preset=\u00a0\u00bbdefault\u00a0\u00bb background_color=\u00a0\u00bb#ececec\u00a0\u00bb custom_padding=\u00a0\u00bb||0px|||\u00a0\u00bb global_colors_info=\u00a0\u00bb{}\u00a0\u00bb][et_pb_row _builder_version=\u00a0\u00bb4.16&Prime; _module_preset=\u00a0\u00bbdefault\u00a0\u00bb background_color=\u00a0\u00bb#ffffff\u00a0\u00bb custom_padding=\u00a0\u00bb0px|||||\u00a0\u00bb saved_tabs=\u00a0\u00bball\u00a0\u00bb global_colors_info=\u00a0\u00bb{}\u00a0\u00bb][et_pb_column type=\u00a0\u00bb4_4&Prime; _builder_version=\u00a0\u00bb4.16&Prime; _module_preset=\u00a0\u00bbdefault\u00a0\u00bb global_colors_info=\u00a0\u00bb{}\u00a0\u00bb][et_pb_menu menu_id=\u00a0\u00bb28&Prime; active_link_color=\u00a0\u00bb#0041e8&Prime; dropdown_menu_bg_color=\u00a0\u00bb#ffffff\u00a0\u00bb _builder_version=\u00a0\u00bb4.16&Prime; _module_preset=\u00a0\u00bbdefault\u00a0\u00bb menu_font=\u00a0\u00bb|700|||||||\u00a0\u00bb menu_text_color=\u00a0\u00bb#000000&Prime; menu_font_size=\u00a0\u00bb20px\u00a0\u00bb background_color=\u00a0\u00bb#9e9e9e\u00a0\u00bb use_background_color_gradient=\u00a0\u00bbon\u00a0\u00bb background_color_gradient_stops=\u00a0\u00bb#ffffff 0%|#ffffff 100%\u00a0\u00bb background_color_gradient_start=\u00a0\u00bb#ffffff\u00a0\u00bb background_color_gradient_end=\u00a0\u00bb#ffffff\u00a0\u00bb custom_margin=\u00a0\u00bb-5px||0px|||\u00a0\u00bb custom_padding=\u00a0\u00bb9px||8px|10px|false|false\u00a0\u00bb animation_style=\u00a0\u00bbfade\u00a0\u00bb border_radii=\u00a0\u00bbon|2px|2px|2px|2px\u00a0\u00bb border_width_all=\u00a0\u00bb1px\u00a0\u00bb border_color_all=\u00a0\u00bb#0c71c3&Prime; saved_tabs=\u00a0\u00bball\u00a0\u00bb global_colors_info=\u00a0\u00bb{}\u00a0\u00bb][\/et_pb_menu][\/et_pb_column][\/et_pb_row][et_pb_row _builder_version=\u00a0\u00bb4.16&Prime; _module_preset=\u00a0\u00bbdefault\u00a0\u00bb background_color=\u00a0\u00bb#ffffff\u00a0\u00bb custom_padding=\u00a0\u00bb||7px|||\u00a0\u00bb global_colors_info=\u00a0\u00bb{}\u00a0\u00bb][et_pb_column type=\u00a0\u00bb4_4&Prime; _builder_version=\u00a0\u00bb4.16&Prime; _module_preset=\u00a0\u00bbdefault\u00a0\u00bb global_colors_info=\u00a0\u00bb{}\u00a0\u00bb][et_pb_text _builder_version=\u00a0\u00bb4.22.0&Prime; _module_preset=\u00a0\u00bbdefault\u00a0\u00bb custom_padding=\u00a0\u00bb|||10px|false|false\u00a0\u00bb global_colors_info=\u00a0\u00bb{}\u00a0\u00bb]<\/p>\n<h2><strong>Siphons de sol en inox pour charges l\u00e9g\u00e8res<\/strong><\/h2>\n<p>[\/et_pb_text][\/et_pb_column][\/et_pb_row][et_pb_row _builder_version=\u00a0\u00bb4.16&Prime; _module_preset=\u00a0\u00bbdefault\u00a0\u00bb background_color=\u00a0\u00bb#ffffff\u00a0\u00bb custom_padding=\u00a0\u00bb3px|||||\u00a0\u00bb global_colors_info=\u00a0\u00bb{}\u00a0\u00bb][et_pb_column type=\u00a0\u00bb4_4&Prime; _builder_version=\u00a0\u00bb4.16&Prime; _module_preset=\u00a0\u00bbdefault\u00a0\u00bb global_colors_info=\u00a0\u00bb{}\u00a0\u00bb][et_pb_text _builder_version=\u00a0\u00bb4.22.0&Prime; _module_preset=\u00a0\u00bbdefault\u00a0\u00bb header_5_line_height=\u00a0\u00bb1.7em\u00a0\u00bb custom_padding=\u00a0\u00bb|||10px|false|false\u00a0\u00bb global_colors_info=\u00a0\u00bb{}\u00a0\u00bb]<\/p>\n<h5>Charge industrielle l\u00e9g\u00e8re<br \/>Classe L15 \/ A15 1500 kg. Trafic l\u00e9ger, par exemple pi\u00e9tons et transpalettes.<br \/>Les lamelles des grilles sont soud\u00e9es \u00e0 la fois sur le dessus et le dessous, emp\u00eachant ainsi la d\u00e9formation des grilles.<\/h5>\n<p>[\/et_pb_text][\/et_pb_column][\/et_pb_row][\/et_pb_section][et_pb_section fb_built=\u00a0\u00bb1&Prime; _builder_version=\u00a0\u00bb4.16&Prime; _module_preset=\u00a0\u00bbdefault\u00a0\u00bb background_color=\u00a0\u00bb#ececec\u00a0\u00bb custom_padding=\u00a0\u00bb0px||30px|||\u00a0\u00bb global_colors_info=\u00a0\u00bb{}\u00a0\u00bb][et_pb_row column_structure=\u00a0\u00bb1_2,1_2&Prime; _builder_version=\u00a0\u00bb4.16&Prime; _module_preset=\u00a0\u00bbdefault\u00a0\u00bb background_color=\u00a0\u00bb#ffffff\u00a0\u00bb global_colors_info=\u00a0\u00bb{}\u00a0\u00bb][et_pb_column type=\u00a0\u00bb1_2&Prime; _builder_version=\u00a0\u00bb4.16&Prime; _module_preset=\u00a0\u00bbdefault\u00a0\u00bb global_colors_info=\u00a0\u00bb{}\u00a0\u00bb][et_pb_text _builder_version=\u00a0\u00bb4.27.4&Prime; _module_preset=\u00a0\u00bbdefault\u00a0\u00bb header_5_text_color=\u00a0\u00bb#0041e8&Prime; link_option_url=\u00a0\u00bbhttps:\/\/caniveaux-industriel-inox.com\/ma\/siphons-de-sol-en-inox-modele-ag-et-yg\/\u00a0\u00bb hover_enabled=\u00a0\u00bb0&Prime; global_colors_info=\u00a0\u00bb{}\u00a0\u00bb sticky_enabled=\u00a0\u00bb0&Prime;]<img loading=\"lazy\" decoding=\"async\" src=\"https:\/\/caniveaux-industriel-inox.com\/ma\/wp-content\/uploads\/2025\/08\/Siphons-de-sol-en-inox-AG-restauration-legere-carree-avec-sortie-verticale-Maroc.png\" width=\"300\" height=\"240\" alt=\"\" class=\"wp-image-3873 alignnone size-medium\" \/><img loading=\"lazy\" decoding=\"async\" src=\"https:\/\/caniveaux-industriel-inox.com\/ma\/wp-content\/uploads\/2025\/08\/Siphons-de-sol-en-inox-YG-charge-legere-carree-avec-sortie-horizontale-Maroc.png\" width=\"300\" height=\"240\" alt=\"\" class=\"wp-image-3881 alignnone size-medium\" \/><\/p>\n<h5 style=\"text-align: center;\"><a href=\"https:\/\/caniveaux-industriel-inox.com\/ma\/siphons-de-sol-en-inox-modele-ag-et-yg\/\"><strong>Siphons de sol en inox mod\u00e8le AG et YG<\/strong><\/a><\/h5>\n<p>[\/et_pb_text][et_pb_text _builder_version=\u00a0\u00bb4.27.4&Prime; _module_preset=\u00a0\u00bbdefault\u00a0\u00bb header_5_text_color=\u00a0\u00bb#0041e8&Prime; link_option_url=\u00a0\u00bbhttps:\/\/caniveaux-industriel-inox.com\/ma\/siphons-de-sol-en-inox-modele-pag-k-et-pyg-k\/\u00a0\u00bb hover_enabled=\u00a0\u00bb0&Prime; global_colors_info=\u00a0\u00bb{}\u00a0\u00bb sticky_enabled=\u00a0\u00bb0&Prime;]<img loading=\"lazy\" decoding=\"async\" src=\"https:\/\/caniveaux-industriel-inox.com\/ma\/wp-content\/uploads\/2025\/08\/Siphons-de-sol-en-inox-PAG-K-carre-robuste-avec-plaque-de-couvercle-ronde-sortie-verticale-Maroc.png\" width=\"300\" height=\"240\" alt=\"\" class=\"wp-image-3886 alignnone size-medium\" \/><img loading=\"lazy\" decoding=\"async\" src=\"https:\/\/caniveaux-industriel-inox.com\/ma\/wp-content\/uploads\/2025\/08\/Siphons-de-sol-en-inox-PYG-K-carre-avec-plaque-de-couvercle-ronde-robuste-avec-sortie-horizontale-Maroc.png\" width=\"300\" height=\"240\" alt=\"\" class=\"wp-image-3887 alignnone size-medium\" \/><\/p>\n<h5 style=\"text-align: center;\"><a href=\"https:\/\/caniveaux-industriel-inox.com\/ma\/siphons-de-sol-en-inox-modele-pag-k-et-pyg-k\/\"><strong>Siphons de sol en inox mod\u00e8le PAG-K et PYG-K<\/strong><\/a><\/h5>\n<p>[\/et_pb_text][et_pb_text _builder_version=\u00a0\u00bb4.27.4&Prime; _module_preset=\u00a0\u00bbdefault\u00a0\u00bb header_5_text_color=\u00a0\u00bb#0041e8&Prime; link_option_url=\u00a0\u00bbhttps:\/\/caniveaux-industriel-inox.com\/ma\/siphons-de-sol-en-inox-modele-hag-c-et-hyg-c\/\u00a0\u00bb hover_enabled=\u00a0\u00bb0&Prime; global_colors_info=\u00a0\u00bb{}\u00a0\u00bb sticky_enabled=\u00a0\u00bb0&Prime;]<img loading=\"lazy\" decoding=\"async\" src=\"https:\/\/caniveaux-industriel-inox.com\/ma\/wp-content\/uploads\/2025\/08\/Siphons-de-sol-en-inox-HAG-C-rond-hermetique-ferme-avec-plaque-de-couvercle-ronde-etanche-au-gaz-avec-sortie-verticale-Maroc.png\" width=\"300\" height=\"240\" alt=\"\" class=\"wp-image-3893 alignnone size-medium\" \/><img loading=\"lazy\" decoding=\"async\" src=\"https:\/\/caniveaux-industriel-inox.com\/ma\/wp-content\/uploads\/2025\/08\/Siphons-de-sol-en-inox-HYG-C-rond-hermetiquement-scellable-avec-plaque-de-couvercle-ronde-avec-sortie-horizontale-Maroc.png\" width=\"300\" height=\"240\" alt=\"\" class=\"wp-image-3895 alignnone size-medium\" \/><\/p>\n<h5 style=\"text-align: center;\"><a href=\"https:\/\/caniveaux-industriel-inox.com\/ma\/siphons-de-sol-en-inox-modele-hag-c-et-hyg-c\/\"><strong>Siphons de sol en inox mod\u00e8le HAG-C et HYG-C<\/strong><\/a><\/h5>\n<p>[\/et_pb_text][\/et_pb_column][et_pb_column type=\u00a0\u00bb1_2&Prime; _builder_version=\u00a0\u00bb4.16&Prime; _module_preset=\u00a0\u00bbdefault\u00a0\u00bb global_colors_info=\u00a0\u00bb{}\u00a0\u00bb][et_pb_text _builder_version=\u00a0\u00bb4.27.4&Prime; _module_preset=\u00a0\u00bbdefault\u00a0\u00bb header_5_text_color=\u00a0\u00bb#0041e8&Prime; link_option_url=\u00a0\u00bbhttps:\/\/caniveaux-industriel-inox.com\/ma\/siphons-de-sol-en-inox-modele-iag-et-iyg\/\u00a0\u00bb hover_enabled=\u00a0\u00bb0&Prime; global_colors_info=\u00a0\u00bb{}\u00a0\u00bb sticky_enabled=\u00a0\u00bb0&Prime;]<img loading=\"lazy\" decoding=\"async\" src=\"https:\/\/caniveaux-industriel-inox.com\/ma\/wp-content\/uploads\/2025\/08\/Siphons-de-sol-en-inox-IAG-carre-leger-bord-perfore-sortie-verticale-Maroc.png\" width=\"300\" height=\"240\" alt=\"\" class=\"wp-image-3882 alignnone size-medium\" \/><img loading=\"lazy\" decoding=\"async\" src=\"https:\/\/caniveaux-industriel-inox.com\/ma\/wp-content\/uploads\/2025\/08\/Siphons-de-sol-en-inox-IYG-carre-leger-bord-perfore-sortie-horizontale-Maroc.png\" width=\"300\" height=\"240\" alt=\"\" class=\"wp-image-3883 alignnone size-medium\" \/><\/p>\n<h5 style=\"text-align: center;\"><a href=\"https:\/\/caniveaux-industriel-inox.com\/ma\/siphons-de-sol-en-inox-modele-iag-et-iyg\/\"><strong>Siphons de sol en inox mod\u00e8le IAG et IYG<\/strong><\/a><\/h5>\n<p>[\/et_pb_text][et_pb_text _builder_version=\u00a0\u00bb4.27.4&Prime; _module_preset=\u00a0\u00bbdefault\u00a0\u00bb header_5_text_color=\u00a0\u00bb#0041e8&Prime; link_option_url=\u00a0\u00bbhttps:\/\/caniveaux-industriel-inox.com\/ma\/siphons-de-sol-en-inox-modele-pag-c-et-pyg-c\/\u00a0\u00bb hover_enabled=\u00a0\u00bb0&Prime; global_colors_info=\u00a0\u00bb{}\u00a0\u00bb sticky_enabled=\u00a0\u00bb0&Prime;]<img loading=\"lazy\" decoding=\"async\" src=\"https:\/\/caniveaux-industriel-inox.com\/ma\/wp-content\/uploads\/2025\/08\/Siphons-de-sol-en-inox-PAG-C-rond-robuste-avec-plaque-de-recouvrement-sortie-verticale-Maroc.png\" width=\"300\" height=\"240\" alt=\"\" class=\"wp-image-3889 alignnone siz8e-medium\" \/><img loading=\"lazy\" decoding=\"async\" src=\"https:\/\/caniveaux-industriel-inox.com\/ma\/wp-content\/uploads\/2025\/08\/Siphons-de-sol-en-inox-PYG-C-rond-lourd-industriel-avec-echappement-horizontal-Maroc.png\" width=\"300\" height=\"240\" alt=\"\" class=\"wp-image-3891 alignnone size-medium\" \/><\/p>\n<h5 style=\"text-align: center;\"><a href=\"https:\/\/caniveaux-industriel-inox.com\/ma\/siphons-de-sol-en-inox-modele-pag-c-et-pyg-c\/\"><strong>Siphons de sol en inox mod\u00e8le PAG-C et PYG-C<\/strong><\/a><\/h5>\n<p>[\/et_pb_text][et_pb_text _builder_version=\u00a0\u00bb4.27.4&Prime; _module_preset=\u00a0\u00bbdefault\u00a0\u00bb header_5_text_color=\u00a0\u00bb#0041e8&Prime; link_option_url=\u00a0\u00bbhttps:\/\/caniveaux-industriel-inox.com\/ma\/siphons-de-sol-en-inox-modele-hag-k-et-hyg-k\/\u00a0\u00bb hover_enabled=\u00a0\u00bb0&Prime; global_colors_info=\u00a0\u00bb{}\u00a0\u00bb sticky_enabled=\u00a0\u00bb0&Prime;]<img loading=\"lazy\" decoding=\"async\" src=\"https:\/\/caniveaux-industriel-inox.com\/ma\/wp-content\/uploads\/2025\/08\/Siphons-de-sol-en-inox-HAG-K-carre-hermetique-nettoyage-avec-sortie-verticale-Maroc.png\" width=\"300\" height=\"240\" alt=\"\" class=\"wp-image-3896 alignnone size-medium\" \/><img loading=\"lazy\" decoding=\"async\" src=\"https:\/\/caniveaux-industriel-inox.com\/ma\/wp-content\/uploads\/2025\/08\/siphons-de-sol-en-inox-HYG-K-carre-hermetique-nettoyage-avec-sortie-horizontale-Maroc.png\" width=\"300\" height=\"240\" alt=\"\" class=\"wp-image-3897 alignnone size-medium\" \/><\/p>\n<h5 style=\"text-align: center;\"><a href=\"https:\/\/caniveaux-industriel-inox.com\/ma\/siphons-de-sol-en-inox-modele-hag-k-et-hyg-k\/\"><strong>Siphons de sol en inox mod\u00e8le HAG-K et HYG-K<\/strong><\/a><\/h5>\n<p>[\/et_pb_text][\/et_pb_column][\/et_pb_row][et_pb_row _builder_version=\u00a0\u00bb4.21.0&Prime; _module_preset=\u00a0\u00bbdefault\u00a0\u00bb background_color=\u00a0\u00bb#FFFFFF\u00a0\u00bb custom_padding=\u00a0\u00bb0px||3px|||\u00a0\u00bb global_colors_info=\u00a0\u00bb{}\u00a0\u00bb][et_pb_column type=\u00a0\u00bb4_4&Prime; _builder_version=\u00a0\u00bb4.21.0&Prime; _module_preset=\u00a0\u00bbdefault\u00a0\u00bb global_colors_info=\u00a0\u00bb{}\u00a0\u00bb][et_pb_divider _builder_version=\u00a0\u00bb4.21.0&Prime; _module_preset=\u00a0\u00bbdefault\u00a0\u00bb global_colors_info=\u00a0\u00bb{}\u00a0\u00bb][\/et_pb_divider][\/et_pb_column][\/et_pb_row][et_pb_row _builder_version=\u00a0\u00bb4.16&Prime; _module_preset=\u00a0\u00bbdefault\u00a0\u00bb background_color=\u00a0\u00bb#ffffff\u00a0\u00bb custom_margin=\u00a0\u00bb|auto|27px|auto||\u00a0\u00bb custom_padding=\u00a0\u00bb0px|||||\u00a0\u00bb global_colors_info=\u00a0\u00bb{}\u00a0\u00bb][et_pb_column type=\u00a0\u00bb4_4&Prime; _builder_version=\u00a0\u00bb4.16&Prime; _module_preset=\u00a0\u00bbdefault\u00a0\u00bb global_colors_info=\u00a0\u00bb{}\u00a0\u00bb][et_pb_text _builder_version=\u00a0\u00bb4.22.0&Prime; _module_preset=\u00a0\u00bbdefault\u00a0\u00bb header_5_line_height=\u00a0\u00bb1.3em\u00a0\u00bb custom_padding=\u00a0\u00bb|10px||10px|false|false\u00a0\u00bb global_colors_info=\u00a0\u00bb{}\u00a0\u00bb]<\/p>\n<h5><strong>Fenicrom\u00ae poss\u00e8de toute la gamme de caniveaux et de siphons de sol.<\/strong><br \/><strong>Gamme Fenicrom\u00ae :<\/strong><\/h5>\n<p>[\/et_pb_text][et_pb_text _builder_version=\u00a0\u00bb4.22.0&Prime; _module_preset=\u00a0\u00bbdefault\u00a0\u00bb custom_margin=\u00a0\u00bb-35px|||30px|false|false\u00a0\u00bb custom_padding=\u00a0\u00bb20px||18px|20px||\u00a0\u00bb global_colors_info=\u00a0\u00bb{}\u00a0\u00bb]<\/p>\n<ul>\n<li>\n<h5>Caniveaux en inox<\/h5>\n<\/li>\n<li>\n<h5>Siphons de sol en inox<\/h5>\n<\/li>\n<li>\n<h5>Caniveaux \u00e0 fente en inox<\/h5>\n<\/li>\n<li>\n<h5>Caniveaux modulaires en acier inoxydable<\/h5>\n<\/li>\n<li>\n<h5>S\u00e9parateurs de d\u00e9chets en acier inoxydable<\/h5>\n<\/li>\n<li>\n<h5>Grilles en acier inoxydable<\/h5>\n<\/li>\n<li>\n<h5>Caniveaux \u00e0 fente modulaires en acier inoxydable<\/h5>\n<\/li>\n<li>\n<h5>Protecteurs de panneau en inox et plinthes de sol en inox<\/h5>\n<\/li>\n<\/ul>\n<p>[\/et_pb_text][et_pb_text _builder_version=\u00a0\u00bb4.22.0&Prime; _module_preset=\u00a0\u00bbdefault\u00a0\u00bb header_5_line_height=\u00a0\u00bb1.7em\u00a0\u00bb custom_margin=\u00a0\u00bb-53px|||||\u00a0\u00bb custom_padding=\u00a0\u00bb|10px||10px|false|false\u00a0\u00bb global_colors_info=\u00a0\u00bb{}\u00a0\u00bb]<\/p>\n<h5>Sur la base d&rsquo;un projet, il est possible de fournir une gamme sp\u00e9ciale Fenicrom\u00ae pour chaque syst\u00e8me. Ainsi, pour toutes les exigences sp\u00e9cifiques de construction et d&rsquo;application, la gamme Fenicrom\u00ae la plus adapt\u00e9e est disponible. Nous sommes heureux de vous conseiller et de discuter avec vous pour une bonne application d&rsquo;infrastructure en inox dans votre usine.<br \/>Fenicrom\u00ae vous conseille et vous accompagne \u00e0 toutes les \u00e9tapes de vos syst\u00e8mes de drainage industriel et de protection de panneaux, de la conception \u00e0 l&rsquo;installation.<\/h5>\n<p>[\/et_pb_text][\/et_pb_column][\/et_pb_row][\/et_pb_section]<\/p>\n","protected":false},"excerpt":{"rendered":"<p>RVS Afvoerputten lichte belasting<br \/>\nLichte industri\u00eble belasting<br \/>\nL15 \/ A15 klasse 1500 kg. Licht verkeer, bijv. voetgangers en pallettrucks.<br \/>\nDe lamellen van de roosters zijn zowel van boven als van onderen gelast, waardoor verbuiging van de roosters wordt voorkomen.<br \/>\nrvs afvoerput AG 1rvs afvoerput YG<br \/>\nRVS Afvoerputten model AG en YG<br \/>\nrvs afvoerput PAG Krvs afvoerput PYG K<\/p>\n<p>RVS Afvoerputten model PAG-K en PYG-K<br \/>\nrvs afvoerput HAG Crvs afvoerput HYG C<\/p>\n<p>RVS Afvoerputten model HAG-C en HYG-C<br \/>\nrvs afvoerput IAGrvs afvoerput TIYG<br \/>\nRVS Afvoerputten model IAG en IYG<br \/>\nrvs afvoerput PAG Crvs afvoerput PYG C<\/p>\n<p>RVS Afvoerputten model PAG-C en PYG-C<br \/>\nrvs afvoerput HAG Krvs afvoerput HYG K<\/p>\n<p>RVS Afvoerputten model HAG-K en HYG-K<br \/>\nFenicrom\u00ae heeft het gehele assortiment afvoergoten en vloerputten.<br \/>\nFenicrom\u00ae-assortiment:<br \/>\nRVS afvoergoten,<br \/>\nRVS afvoerputten<br \/>\nRVS sleufgoten<br \/>\nRoestvrijstalen modulaire afvoergoten<br \/>\nRoestvrijstalen vuilafscheiders<br \/>\nRoestvrijstalen roosters<br \/>\nRoestvrijstalen modulaire sleufgoten<br \/>\nRVS paneelbeschermers en RVS vloerplinten.<br \/>\nOp projectbasis is het mogelijk om voor elk systeem een \u200b\u200bspeciaal Fenicrom\u00ae assortiment te leveren. Zo is er voor alle specifieke constructie- en toepassingseisen het best passende Fenicrom\u00ae assortiment beschikbaar. Wij adviseren en overleggen graag met u voor een goede RVS infrastructuur toepassing in uw fabriek.<br \/>\nFenicrom\u00ae adviseert en begeleidt u in alle fasen van uw industri\u00eble drainagesystemen en paneelafscherming, van ontwerp tot installatie.<\/p>\n","protected":false},"author":3,"featured_media":0,"parent":0,"menu_order":0,"comment_status":"closed","ping_status":"closed","template":"","meta":{"_et_pb_use_builder":"on","_et_pb_old_content":"","_et_gb_content_width":"","_monsterinsights_skip_tracking":false,"_monsterinsights_sitenote_active":false,"_monsterinsights_sitenote_note":"","_monsterinsights_sitenote_category":0,"footnotes":""},"class_list":["post-1161","page","type-page","status-publish","hentry"],"_links":{"self":[{"href":"https:\/\/caniveaux-industriel-inox.com\/ma\/wp-json\/wp\/v2\/pages\/1161","targetHints":{"allow":["GET"]}}],"collection":[{"href":"https:\/\/caniveaux-industriel-inox.com\/ma\/wp-json\/wp\/v2\/pages"}],"about":[{"href":"https:\/\/caniveaux-industriel-inox.com\/ma\/wp-json\/wp\/v2\/types\/page"}],"author":[{"embeddable":true,"href":"https:\/\/caniveaux-industriel-inox.com\/ma\/wp-json\/wp\/v2\/users\/3"}],"replies":[{"embeddable":true,"href":"https:\/\/caniveaux-industriel-inox.com\/ma\/wp-json\/wp\/v2\/comments?post=1161"}],"version-history":[{"count":2,"href":"https:\/\/caniveaux-industriel-inox.com\/ma\/wp-json\/wp\/v2\/pages\/1161\/revisions"}],"predecessor-version":[{"id":6771,"href":"https:\/\/caniveaux-industriel-inox.com\/ma\/wp-json\/wp\/v2\/pages\/1161\/revisions\/6771"}],"wp:attachment":[{"href":"https:\/\/caniveaux-industriel-inox.com\/ma\/wp-json\/wp\/v2\/media?parent=1161"}],"curies":[{"name":"wp","href":"https:\/\/api.w.org\/{rel}","templated":true}]}}