{"id":1128,"date":"2020-12-12T16:40:39","date_gmt":"2020-12-12T16:40:39","guid":{"rendered":"https:\/\/dev.joomlaworks.nl\/?page_id=1128"},"modified":"2025-09-02T21:03:08","modified_gmt":"2025-09-02T19:03:08","slug":"drains-en-acier-inoxydable-robustes","status":"publish","type":"page","link":"https:\/\/caniveaux-industriel-inox.com\/ma\/drains-en-acier-inoxydable-robustes\/","title":{"rendered":"Drains en acier inoxydable robustes |"},"content":{"rendered":"<p>[et_pb_section fb_built=\u00a0\u00bb1&Prime; fullwidth=\u00a0\u00bbon\u00a0\u00bb _builder_version=\u00a0\u00bb4.21.0&Prime; _module_preset=\u00a0\u00bbdefault\u00a0\u00bb global_module=\u00a0\u00bb570&Prime; saved_tabs=\u00a0\u00bball\u00a0\u00bb global_colors_info=\u00a0\u00bb{}\u00a0\u00bb][\/et_pb_section][et_pb_section fb_built=\u00a0\u00bb1&Prime; _builder_version=\u00a0\u00bb4.16&Prime; _module_preset=\u00a0\u00bbdefault\u00a0\u00bb background_color=\u00a0\u00bb#ececec\u00a0\u00bb custom_padding=\u00a0\u00bb105px||0px|||\u00a0\u00bb global_colors_info=\u00a0\u00bb{}\u00a0\u00bb][et_pb_row _builder_version=\u00a0\u00bb4.16&Prime; _module_preset=\u00a0\u00bbdefault\u00a0\u00bb background_color=\u00a0\u00bb#ffffff\u00a0\u00bb custom_padding=\u00a0\u00bb0px|||||\u00a0\u00bb saved_tabs=\u00a0\u00bball\u00a0\u00bb global_colors_info=\u00a0\u00bb{}\u00a0\u00bb][et_pb_column type=\u00a0\u00bb4_4&Prime; _builder_version=\u00a0\u00bb4.16&Prime; _module_preset=\u00a0\u00bbdefault\u00a0\u00bb global_colors_info=\u00a0\u00bb{}\u00a0\u00bb][et_pb_menu menu_id=\u00a0\u00bb28&Prime; active_link_color=\u00a0\u00bb#0041e8&Prime; dropdown_menu_bg_color=\u00a0\u00bb#ffffff\u00a0\u00bb show_search_icon=\u00a0\u00bbon\u00a0\u00bb _builder_version=\u00a0\u00bb4.16&Prime; _module_preset=\u00a0\u00bbdefault\u00a0\u00bb menu_font=\u00a0\u00bb|700|||||||\u00a0\u00bb menu_text_color=\u00a0\u00bb#474747&Prime; menu_font_size=\u00a0\u00bb20px\u00a0\u00bb background_color=\u00a0\u00bb#9e9e9e\u00a0\u00bb use_background_color_gradient=\u00a0\u00bbon\u00a0\u00bb background_color_gradient_stops=\u00a0\u00bb#ffffff 0%|#ffffff 100%\u00a0\u00bb background_color_gradient_start=\u00a0\u00bb#ffffff\u00a0\u00bb background_color_gradient_end=\u00a0\u00bb#ffffff\u00a0\u00bb custom_margin=\u00a0\u00bb-33px||0px|||\u00a0\u00bb custom_padding=\u00a0\u00bb9px||8px|10px|false|false\u00a0\u00bb animation_style=\u00a0\u00bbfade\u00a0\u00bb border_radii=\u00a0\u00bbon|2px|2px|2px|2px\u00a0\u00bb border_width_all=\u00a0\u00bb1px\u00a0\u00bb border_color_all=\u00a0\u00bb#0c71c3&Prime; saved_tabs=\u00a0\u00bball\u00a0\u00bb global_colors_info=\u00a0\u00bb{}\u00a0\u00bb][\/et_pb_menu][\/et_pb_column][\/et_pb_row][et_pb_row _builder_version=\u00a0\u00bb4.16&Prime; _module_preset=\u00a0\u00bbdefault\u00a0\u00bb background_color=\u00a0\u00bb#ffffff\u00a0\u00bb custom_padding=\u00a0\u00bb||7px|||\u00a0\u00bb global_colors_info=\u00a0\u00bb{}\u00a0\u00bb][et_pb_column type=\u00a0\u00bb4_4&Prime; _builder_version=\u00a0\u00bb4.16&Prime; _module_preset=\u00a0\u00bbdefault\u00a0\u00bb global_colors_info=\u00a0\u00bb{}\u00a0\u00bb][et_pb_text _builder_version=\u00a0\u00bb4.22.0&Prime; _module_preset=\u00a0\u00bbdefault\u00a0\u00bb custom_padding=\u00a0\u00bb0px|||10px|false|false\u00a0\u00bb global_colors_info=\u00a0\u00bb{}\u00a0\u00bb]<\/p>\n<h2><strong>Siphons en acier inoxydable pour charges industrielles lourdes<\/strong><\/h2>\n<p>[\/et_pb_text][\/et_pb_column][\/et_pb_row][et_pb_row _builder_version=\u00a0\u00bb4.16&Prime; _module_preset=\u00a0\u00bbdefault\u00a0\u00bb background_color=\u00a0\u00bb#ffffff\u00a0\u00bb custom_padding=\u00a0\u00bb3px|||||\u00a0\u00bb global_colors_info=\u00a0\u00bb{}\u00a0\u00bb][et_pb_column type=\u00a0\u00bb4_4&Prime; _builder_version=\u00a0\u00bb4.16&Prime; _module_preset=\u00a0\u00bbdefault\u00a0\u00bb global_colors_info=\u00a0\u00bb{}\u00a0\u00bb][et_pb_text _builder_version=\u00a0\u00bb4.22.0&Prime; _module_preset=\u00a0\u00bbdefault\u00a0\u00bb header_4_text_color=\u00a0\u00bb#000000&Prime; header_4_line_height=\u00a0\u00bb1.6em\u00a0\u00bb header_5_line_height=\u00a0\u00bb1.7em\u00a0\u00bb custom_padding=\u00a0\u00bb|20px||20px|false|true\u00a0\u00bb global_colors_info=\u00a0\u00bb{}\u00a0\u00bb]<\/p>\n<p>Les caniveaux de sol en acier inoxydable sont des produits robustes sp\u00e9cialement con\u00e7us pour supporter de lourdes charges. Ils sont couramment utilis\u00e9s dans les environnements industriels o\u00f9 de lourds poids doivent \u00eatre support\u00e9s. Ces caniveaux sont class\u00e9s en diff\u00e9rentes cat\u00e9gories de charge :<\/p>\n<ul>\n<li>Classe B125 : Cette classe convient pour des charges lourdes jusqu&rsquo;\u00e0 12 500 kg. Ils sont souvent utilis\u00e9s dans les zones commerciales o\u00f9 il y a du trafic motoris\u00e9, comme les voitures particuli\u00e8res et les camions l\u00e9gers.<\/li>\n<li>Classe C250 : Cette classe est con\u00e7ue pour des charges lourdes jusqu&rsquo;\u00e0 25 000 kg. Ils sont couramment utilis\u00e9s dans les environnements industriels o\u00f9 il y a du trafic lourd, comme les camions et les chariots \u00e9l\u00e9vateurs.<\/li>\n<li>Classe D400 : Il s&rsquo;agit de la classe la plus \u00e9lev\u00e9e et elle peut supporter des charges lourdes allant jusqu&rsquo;\u00e0 40 000 kg. Ces caniveaux sont g\u00e9n\u00e9ralement utilis\u00e9s dans des zones \u00e0 trafic intense, telles que les a\u00e9roports, les ports et les zones industrielles avec des transports lourds.<\/li>\n<\/ul>\n<p>Les caniveaux de sol en acier inoxydable sont durables et r\u00e9sistants \u00e0 la corrosion, ce qui leur permet de durer longtemps dans des environnements exigeants. Ils sont souvent install\u00e9s dans les sols n\u00e9cessitant un drainage pour \u00e9vacuer efficacement l&rsquo;eau, les d\u00e9chets et d&rsquo;autres liquides, tout en offrant en m\u00eame temps la stabilit\u00e9 structurelle n\u00e9cessaire pour r\u00e9sister aux lourdes charges.<\/p>\n<p>[\/et_pb_text][\/et_pb_column][\/et_pb_row][\/et_pb_section][et_pb_section fb_built=\u00a0\u00bb1&Prime; _builder_version=\u00a0\u00bb4.16&Prime; _module_preset=\u00a0\u00bbdefault\u00a0\u00bb background_color=\u00a0\u00bb#ececec\u00a0\u00bb custom_padding=\u00a0\u00bb0px||62px|||\u00a0\u00bb global_colors_info=\u00a0\u00bb{}\u00a0\u00bb][et_pb_row column_structure=\u00a0\u00bb1_2,1_2&Prime; _builder_version=\u00a0\u00bb4.16&Prime; _module_preset=\u00a0\u00bbdefault\u00a0\u00bb background_color=\u00a0\u00bb#ffffff\u00a0\u00bb global_colors_info=\u00a0\u00bb{}\u00a0\u00bb][et_pb_column type=\u00a0\u00bb1_2&Prime; _builder_version=\u00a0\u00bb4.16&Prime; _module_preset=\u00a0\u00bbdefault\u00a0\u00bb global_colors_info=\u00a0\u00bb{}\u00a0\u00bb][et_pb_text _builder_version=\u00a0\u00bb4.27.4&Prime; _module_preset=\u00a0\u00bbdefault\u00a0\u00bb header_5_text_color=\u00a0\u00bb#0041e8&Prime; link_option_url=\u00a0\u00bbhttps:\/\/caniveaux-industriel-inox.com\/ma\/puits-devacuation-en-acier-inoxydable-modele-tag-et-tyg\/\u00a0\u00bb global_colors_info=\u00a0\u00bb{}\u00a0\u00bb]<img loading=\"lazy\" decoding=\"async\" src=\"https:\/\/caniveaux-industriel-inox.com\/ma\/wp-content\/uploads\/2025\/08\/Siphons-de-sol-en-inox-TAG-carre-charge-lourde-industrielle-avec-sortie-verticale-Maroc.png\" width=\"300\" height=\"240\" alt=\"\" class=\"wp-image-4169 alignnone size-medium\" \/><img loading=\"lazy\" decoding=\"async\" src=\"https:\/\/caniveaux-industriel-inox.com\/ma\/wp-content\/uploads\/2025\/08\/Siphons-de-sol-en-inox-TYG-carre-charge-lourde-industrielle-avec-sortie-horizontale-Maroc.png\" width=\"300\" height=\"240\" alt=\"\" class=\"wp-image-4171 alignnone size-medium\" \/><\/p>\n<h5 style=\"text-align: center;\"><a href=\"https:\/\/caniveaux-industriel-inox.com\/ma\/puits-devacuation-en-acier-inoxydable-modele-tag-et-tyg\/\"><strong>Siphons de sol en inox mod\u00e8le TAG et TYG<\/strong><\/a><\/h5>\n<p>[\/et_pb_text][\/et_pb_column][et_pb_column type=\u00a0\u00bb1_2&Prime; _builder_version=\u00a0\u00bb4.16&Prime; _module_preset=\u00a0\u00bbdefault\u00a0\u00bb global_colors_info=\u00a0\u00bb{}\u00a0\u00bb][et_pb_text _builder_version=\u00a0\u00bb4.27.4&Prime; _module_preset=\u00a0\u00bbdefault\u00a0\u00bb header_5_text_color=\u00a0\u00bb#0041e8&Prime; link_option_url=\u00a0\u00bbhttps:\/\/caniveaux-industriel-inox.com\/ma\/puits-devacuation-en-acier-inoxydable-modele-tiag-et-tiyg\/\u00a0\u00bb global_colors_info=\u00a0\u00bb{}\u00a0\u00bb]<img loading=\"lazy\" decoding=\"async\" src=\"https:\/\/caniveaux-industriel-inox.com\/ma\/wp-content\/uploads\/2025\/08\/Siphons-de-sol-en-inox-TIAG-carre-charge-lourde-avec-bord-perfore-avec-sortie-verticale-Maroc.png\" width=\"300\" height=\"240\" alt=\"\" class=\"wp-image-4174 alignnone size-medium\" \/><img loading=\"lazy\" decoding=\"async\" src=\"https:\/\/caniveaux-industriel-inox.com\/ma\/wp-content\/uploads\/2025\/08\/Siphons-de-sol-en-inox-TIYG-carre-charge-lourde-avec-bord-perfore-avec-sortie-horizontale-Maroc.png\" width=\"300\" height=\"240\" alt=\"\" class=\"wp-image-4175 alignnone size-medium\" \/><\/p>\n<h5 style=\"text-align: center;\"><a href=\"https:\/\/caniveaux-industriel-inox.com\/ma\/puits-devacuation-en-acier-inoxydable-modele-tiag-et-tiyg\/\"><strong>Siphons de sol en inox mod\u00e8le TIAG et TIYG<\/strong><\/a><\/h5>\n<p>[\/et_pb_text][\/et_pb_column][\/et_pb_row][et_pb_row column_structure=\u00a0\u00bb1_2,1_2&Prime; _builder_version=\u00a0\u00bb4.16&Prime; _module_preset=\u00a0\u00bbdefault\u00a0\u00bb background_color=\u00a0\u00bb#ffffff\u00a0\u00bb global_colors_info=\u00a0\u00bb{}\u00a0\u00bb custom_padding=\u00a0\u00bb33px|||||\u00a0\u00bb][et_pb_column type=\u00a0\u00bb1_2&Prime; _builder_version=\u00a0\u00bb4.16&Prime; _module_preset=\u00a0\u00bbdefault\u00a0\u00bb global_colors_info=\u00a0\u00bb{}\u00a0\u00bb][et_pb_text _builder_version=\u00a0\u00bb4.27.4&Prime; _module_preset=\u00a0\u00bbdefault\u00a0\u00bb header_5_text_color=\u00a0\u00bb#0041e8&Prime; link_option_url=\u00a0\u00bbhttps:\/\/caniveaux-industriel-inox.com\/ma\/puits-devacuation-en-acier-inoxydable-modele-ltag-et-ltyg\/\u00a0\u00bb hover_enabled=\u00a0\u00bb0&Prime; global_colors_info=\u00a0\u00bb{}\u00a0\u00bb sticky_enabled=\u00a0\u00bb0&Prime;]<img loading=\"lazy\" decoding=\"async\" src=\"https:\/\/caniveaux-industriel-inox.com\/ma\/wp-content\/uploads\/2025\/08\/Siphons-de-sol-en-inox-LTAG-carre-charge-lourde-industrielle-avec-cadre-renforce-pour-fourchette-de-chariot-elevateur-avec-sortie-verticale-Maroc.png\" width=\"300\" height=\"240\" alt=\"\" class=\"wp-image-4178 alignnone size-medium\" \/><img loading=\"lazy\" decoding=\"async\" src=\"https:\/\/caniveaux-industriel-inox.com\/ma\/wp-content\/uploads\/2025\/08\/Siphons-de-sol-en-inox-LTYG-carre-charge-lourde-avec-cadre-renforce-pour-fourchette-de-chariot-elevateur-avec-sortie-horizontale-Maroc.png\" width=\"300\" height=\"240\" alt=\"\" class=\"wp-image-4180 alignnone size-medium\" \/><\/p>\n<h5 style=\"text-align: center;\"><a href=\"https:\/\/caniveaux-industriel-inox.com\/ma\/puits-devacuation-en-acier-inoxydable-modele-ltag-et-ltyg\/\"><strong>Siphons de sol en inox mod\u00e8le LTAG et LTYG<\/strong><\/a><\/h5>\n<p>[\/et_pb_text][\/et_pb_column][et_pb_column type=\u00a0\u00bb1_2&Prime; _builder_version=\u00a0\u00bb4.16&Prime; _module_preset=\u00a0\u00bbdefault\u00a0\u00bb global_colors_info=\u00a0\u00bb{}\u00a0\u00bb][et_pb_text _builder_version=\u00a0\u00bb4.27.4&Prime; _module_preset=\u00a0\u00bbdefault\u00a0\u00bb header_5_text_color=\u00a0\u00bb#0041e8&Prime; link_option_url=\u00a0\u00bbhttps:\/\/caniveaux-industriel-inox.com\/ma\/puits-devacuation-en-acier-inoxydable-modele-ptag-et-ptyg\/\u00a0\u00bb hover_enabled=\u00a0\u00bb0&Prime; global_colors_info=\u00a0\u00bb{}\u00a0\u00bb sticky_enabled=\u00a0\u00bb0&Prime;]<img loading=\"lazy\" decoding=\"async\" src=\"https:\/\/caniveaux-industriel-inox.com\/ma\/wp-content\/uploads\/2025\/08\/Siphons-de-sol-en-inox-PTAG-carre-charge-lourde-avec-plaques-renforcees-industrie-laitiere-avec-sortie-verticale-Maroc.png\" width=\"300\" height=\"240\" alt=\"\" class=\"wp-image-4182 alignnone size-medium\" \/><img loading=\"lazy\" decoding=\"async\" src=\"https:\/\/caniveaux-industriel-inox.com\/ma\/wp-content\/uploads\/2025\/08\/Siphons-de-sol-en-inox-PTYG-carre-charge-lourde-avec-plaques-renforcees-industrie-laitiere-avec-sortie-horizontale-Maroc.png\" width=\"300\" height=\"240\" alt=\"\" class=\"wp-image-4183 alignnone size-medium\" \/><\/p>\n<h5 style=\"text-align: center;\"><a href=\"https:\/\/caniveaux-industriel-inox.com\/ma\/puits-devacuation-en-acier-inoxydable-modele-ptag-et-ptyg\/\"><strong>Siphons de sol en inox mod\u00e8le PTAG et PTYG<\/strong><\/a><\/h5>\n<p>[\/et_pb_text][\/et_pb_column][\/et_pb_row][et_pb_row column_structure=\u00a0\u00bb1_2,1_2&Prime; _builder_version=\u00a0\u00bb4.16&Prime; _module_preset=\u00a0\u00bbdefault\u00a0\u00bb background_color=\u00a0\u00bb#ffffff\u00a0\u00bb global_colors_info=\u00a0\u00bb{}\u00a0\u00bb][et_pb_column type=\u00a0\u00bb1_2&Prime; _builder_version=\u00a0\u00bb4.16&Prime; _module_preset=\u00a0\u00bbdefault\u00a0\u00bb global_colors_info=\u00a0\u00bb{}\u00a0\u00bb][et_pb_text _builder_version=\u00a0\u00bb4.27.4&Prime; _module_preset=\u00a0\u00bbdefault\u00a0\u00bb header_5_text_color=\u00a0\u00bb#0041e8&Prime; link_option_url=\u00a0\u00bbhttps:\/\/caniveaux-industriel-inox.com\/ma\/puits-devacuation-en-acier-inoxydable-modele-ptag-k-et-ptyg-k\/\u00a0\u00bb global_colors_info=\u00a0\u00bb{}\u00a0\u00bb]<img loading=\"lazy\" decoding=\"async\" src=\"https:\/\/caniveaux-industriel-inox.com\/ma\/wp-content\/uploads\/2025\/08\/Siphons-de-sol-en-inox-PTAG-K-carre-charge-lourde-industrielle-avec-sortie-verticale-Maroc.png\" width=\"300\" height=\"240\" alt=\"\" class=\"wp-image-3886 alignnone size-medium\" \/><img loading=\"lazy\" decoding=\"async\" src=\"https:\/\/caniveaux-industriel-inox.com\/ma\/wp-content\/uploads\/2025\/08\/Siphons-de-sol-en-inox-PTYG-K-carre-charge-lourde-industrielle-avec-sortie-horizontale-Maroc.png\" width=\"300\" height=\"240\" alt=\"\" class=\"wp-image-3887 alignnone size-medium\" \/><\/p>\n<h5 style=\"text-align: center;\"><a href=\"https:\/\/caniveaux-industriel-inox.com\/ma\/puits-devacuation-en-acier-inoxydable-modele-ptag-k-et-ptyg-k\/\"><strong>Siphons de sol en inox mod\u00e8le PTAG-K et PTYG-K<\/strong><\/a><\/h5>\n<p>[\/et_pb_text][\/et_pb_column][et_pb_column type=\u00a0\u00bb1_2&Prime; _builder_version=\u00a0\u00bb4.16&Prime; _module_preset=\u00a0\u00bbdefault\u00a0\u00bb global_colors_info=\u00a0\u00bb{}\u00a0\u00bb][et_pb_text _builder_version=\u00a0\u00bb4.27.4&Prime; _module_preset=\u00a0\u00bbdefault\u00a0\u00bb header_5_text_color=\u00a0\u00bb#0041e8&Prime; link_option_url=\u00a0\u00bbhttps:\/\/caniveaux-industriel-inox.com\/ma\/puits-devacuation-en-acier-inoxydable-modele-ptag-c-et-ptyg-c\/\u00a0\u00bb global_colors_info=\u00a0\u00bb{}\u00a0\u00bb]<\/p>\n<p><img loading=\"lazy\" decoding=\"async\" src=\"https:\/\/caniveaux-industriel-inox.com\/ma\/wp-content\/uploads\/2025\/08\/Siphons-de-sol-en-inox-PTAG-C-rond-charge-lourde-industrielle-avec-sortie-verticale-Maroc.png\" width=\"300\" height=\"240\" alt=\"\" class=\"wp-image-3889 alignnone size-medium\" \/><img loading=\"lazy\" decoding=\"async\" src=\"https:\/\/caniveaux-industriel-inox.com\/ma\/wp-content\/uploads\/2025\/08\/Siphons-de-sol-en-inox-PTYG-C-rond-charge-lourde-industrielle-avec-sortie-horizontale-Maroc.png\" width=\"300\" height=\"240\" alt=\"\" class=\"wp-image-3891 alignnone size-medium\" \/><\/p>\n<h5 style=\"text-align: center;\"><a href=\"https:\/\/caniveaux-industriel-inox.com\/ma\/puits-devacuation-en-acier-inoxydable-modele-ptag-c-et-ptyg-c\/\"><strong>Siphons de sol en inox mod\u00e8le PTAG-C et PTYG-C<\/strong><\/a><\/h5>\n<p>[\/et_pb_text][\/et_pb_column][\/et_pb_row][et_pb_row column_structure=\u00a0\u00bb1_2,1_2&Prime; _builder_version=\u00a0\u00bb4.16&Prime; _module_preset=\u00a0\u00bbdefault\u00a0\u00bb background_color=\u00a0\u00bb#ffffff\u00a0\u00bb global_colors_info=\u00a0\u00bb{}\u00a0\u00bb][et_pb_column type=\u00a0\u00bb1_2&Prime; _builder_version=\u00a0\u00bb4.16&Prime; _module_preset=\u00a0\u00bbdefault\u00a0\u00bb global_colors_info=\u00a0\u00bb{}\u00a0\u00bb][et_pb_text _builder_version=\u00a0\u00bb4.27.4&Prime; _module_preset=\u00a0\u00bbdefault\u00a0\u00bb header_5_text_color=\u00a0\u00bb#0041e8&Prime; custom_padding=\u00a0\u00bb||0px|||\u00a0\u00bb link_option_url=\u00a0\u00bbhttps:\/\/caniveaux-industriel-inox.com\/ma\/puits-devacuation-en-acier-inoxydable-modele-htag-c-et-htyg-c\/\u00a0\u00bb global_colors_info=\u00a0\u00bb{}\u00a0\u00bb]<img loading=\"lazy\" decoding=\"async\" src=\"https:\/\/caniveaux-industriel-inox.com\/ma\/wp-content\/uploads\/2025\/08\/Siphons-de-sol-en-inox-HTAG-C-rond-hermetique-verrouillable-avec-plaque-de-couvercle-ronde-nettoyage-avec-sortie-verticale-Maroc.png\" width=\"300\" height=\"240\" alt=\"\" class=\"wp-image-3893 alignnone size-medium\" \/><img loading=\"lazy\" decoding=\"async\" src=\"https:\/\/caniveaux-industriel-inox.com\/ma\/wp-content\/uploads\/2025\/08\/Siphons-de-sol-en-inox-HTYG-C-rond-hermetique-verrouillable-avec-plaque-de-couvercle-ronde-avec-sortie-horizontale-Maroc.png\" width=\"300\" height=\"240\" alt=\"\" class=\"wp-image-3895 alignnone size-medium\" \/><\/p>\n<h5 style=\"text-align: center;\"><a href=\"https:\/\/caniveaux-industriel-inox.com\/ma\/puits-devacuation-en-acier-inoxydable-modele-htag-c-et-htyg-c\/\"><strong>Siphons de sol en inox mod\u00e8le HTAG-C et HTYG-C<\/strong><\/a><\/h5>\n<p>[\/et_pb_text][\/et_pb_column][et_pb_column type=\u00a0\u00bb1_2&Prime; _builder_version=\u00a0\u00bb4.16&Prime; _module_preset=\u00a0\u00bbdefault\u00a0\u00bb global_colors_info=\u00a0\u00bb{}\u00a0\u00bb][et_pb_text _builder_version=\u00a0\u00bb4.27.4&Prime; _module_preset=\u00a0\u00bbdefault\u00a0\u00bb header_5_text_color=\u00a0\u00bb#0041e8&Prime; link_option_url=\u00a0\u00bbhttps:\/\/caniveaux-industriel-inox.com\/ma\/puits-devacuation-en-acier-inoxydable-modele-htag-k-et-htyg-k\/\u00a0\u00bb global_colors_info=\u00a0\u00bb{}\u00a0\u00bb]<img loading=\"lazy\" decoding=\"async\" src=\"https:\/\/caniveaux-industriel-inox.com\/ma\/wp-content\/uploads\/2025\/08\/Siphons-de-sol-en-inox-HTAG-K-carre-hermetique-verrouillable-nettoyage-avec-sortie-verticale-Maroc.png\" width=\"300\" height=\"240\" alt=\"\" class=\"wp-image-3896 alignnone size-medium\" \/><img loading=\"lazy\" decoding=\"async\" src=\"https:\/\/caniveaux-industriel-inox.com\/ma\/wp-content\/uploads\/2025\/08\/Siphons-de-sol-en-inox-HTYG-K-carre-hermetique-verrouillable-nettoyage-avec-sortie-horizontale-Maroc.png\" width=\"300\" height=\"240\" alt=\"\" class=\"wp-image-3897 alignnone size-medium\" \/><\/p>\n<h5 style=\"text-align: center;\"><a href=\"https:\/\/caniveaux-industriel-inox.com\/ma\/puits-devacuation-en-acier-inoxydable-modele-htag-k-et-htyg-k\/\"><strong>Siphons de sol en inox mod\u00e8le HTAG-K et HTYG-K<\/strong><\/a><\/h5>\n<p>[\/et_pb_text][\/et_pb_column][\/et_pb_row][et_pb_row _builder_version=\u00a0\u00bb4.16&Prime; _module_preset=\u00a0\u00bbdefault\u00a0\u00bb background_color=\u00a0\u00bb#ffffff\u00a0\u00bb custom_padding=\u00a0\u00bb0px||0px|||\u00a0\u00bb global_colors_info=\u00a0\u00bb{}\u00a0\u00bb][et_pb_column type=\u00a0\u00bb4_4&Prime; _builder_version=\u00a0\u00bb4.16&Prime; _module_preset=\u00a0\u00bbdefault\u00a0\u00bb global_colors_info=\u00a0\u00bb{}\u00a0\u00bb][et_pb_divider _builder_version=\u00a0\u00bb4.16&Prime; _module_preset=\u00a0\u00bbdefault\u00a0\u00bb custom_padding=\u00a0\u00bb||0px|||\u00a0\u00bb global_colors_info=\u00a0\u00bb{}\u00a0\u00bb][\/et_pb_divider][\/et_pb_column][\/et_pb_row][et_pb_row _builder_version=\u00a0\u00bb4.16&Prime; _module_preset=\u00a0\u00bbdefault\u00a0\u00bb background_color=\u00a0\u00bb#ffffff\u00a0\u00bb custom_padding=\u00a0\u00bb0px|||||\u00a0\u00bb global_colors_info=\u00a0\u00bb{}\u00a0\u00bb][et_pb_column type=\u00a0\u00bb4_4&Prime; _builder_version=\u00a0\u00bb4.16&Prime; _module_preset=\u00a0\u00bbdefault\u00a0\u00bb global_colors_info=\u00a0\u00bb{}\u00a0\u00bb][et_pb_text _builder_version=\u00a0\u00bb4.22.0&Prime; _module_preset=\u00a0\u00bbdefault\u00a0\u00bb header_5_line_height=\u00a0\u00bb1.3em\u00a0\u00bb custom_margin=\u00a0\u00bb||19px|||\u00a0\u00bb custom_padding=\u00a0\u00bb|10px||10px|false|false\u00a0\u00bb global_colors_info=\u00a0\u00bb{}\u00a0\u00bb]<\/p>\n<h5><strong>Fenicrom\u00ae poss\u00e8de toute la gamme de caniveaux et de siphons de sol.<\/strong><br \/><strong>Gamme Fenicrom\u00ae :<\/strong><\/h5>\n<p>[\/et_pb_text][et_pb_text _builder_version=\u00a0\u00bb4.22.0&Prime; _module_preset=\u00a0\u00bbdefault\u00a0\u00bb width=\u00a0\u00bb96.8%\u00a0\u00bb custom_margin=\u00a0\u00bb||-4px|||\u00a0\u00bb custom_padding=\u00a0\u00bb|||43px||\u00a0\u00bb global_colors_info=\u00a0\u00bb{}\u00a0\u00bb]<\/p>\n<ul>\n<li>\n<h5>Caniveaux en inox<\/h5>\n<\/li>\n<li>\n<h5>Siphons de sol en inox<\/h5>\n<\/li>\n<li>\n<h5>Caniveaux \u00e0 fente en inox<\/h5>\n<\/li>\n<li>\n<h5>Caniveaux modulaires en acier inoxydable<\/h5>\n<\/li>\n<li>\n<h5>S\u00e9parateurs de d\u00e9chets en acier inoxydable<\/h5>\n<\/li>\n<li>\n<h5>Grilles en acier inoxydable<\/h5>\n<\/li>\n<li>\n<h5>Caniveaux \u00e0 fente modulaires en acier inoxydable<\/h5>\n<\/li>\n<li>\n<h5>Protecteurs de panneau en inox et plinthes de sol en inox<\/h5>\n<\/li>\n<\/ul>\n<\/li>\n<\/ul>\n<p>[\/et_pb_text][et_pb_text _builder_version=\u00a0\u00bb4.22.0&Prime; _module_preset=\u00a0\u00bbdefault\u00a0\u00bb header_5_line_height=\u00a0\u00bb1.7em\u00a0\u00bb custom_padding=\u00a0\u00bb|10px||10px|false|false\u00a0\u00bb global_colors_info=\u00a0\u00bb{}\u00a0\u00bb]<\/p>\n<h5>Sur la base d\u2019un projet, il est possible de fournir une gamme sp\u00e9ciale Fenicrom\u00ae pour chaque syst\u00e8me. Ainsi, pour toutes les exigences sp\u00e9cifiques de construction et d\u2019application, la gamme Fenicrom\u00ae la plus adapt\u00e9e est disponible. Nous sommes heureux de vous conseiller et de discuter avec vous pour une bonne application d\u2019infrastructure en inox dans votre usine.<br \/>Fenicrom\u00ae vous conseille et vous accompagne \u00e0 toutes les \u00e9tapes de vos syst\u00e8mes de drainage industriel et de protection de panneaux, de la conception \u00e0 l\u2019installation.<\/h5>\n<p>[\/et_pb_text][\/et_pb_column][\/et_pb_row][\/et_pb_section]<\/p>\n","protected":false},"excerpt":{"rendered":"<p>RVS Afvoerputten voor zware industriele belasting<br \/>\nRoestvrijstalen vloerafvoeren zijn robuuste producten die speciaal ontworpen zijn voor zware belastingen. Ze worden veel gebruikt in industri\u00eble omgevingen waar grote gewichten moeten worden gedragen. Deze vloerafvoeren zijn ingedeeld in verschillende belastingsklassen:<br \/>\nB125 klasse: Deze klasse is geschikt voor zware belastingen tot 12.500 kg. Ze worden vaak gebruikt in commerci\u00eble gebieden waar gemotoriseerd verkeer, zoals personenauto\u2019s en lichte vrachtwagens, aanwezig is.<br \/>\nC250 klasse: Deze klasse is ontworpen voor zware belastingen tot 25.000 kg. Ze worden vaak toegepast in industri\u00eble omgevingen waar zwaar verkeer, zoals vrachtwagens en heftrucks, actief is.<br \/>\nD400 klasse: Dit is de hoogste klasse en kan zware belastingen tot 40.000 kg dragen. Deze vloerafvoeren worden meestal gebruikt in gebieden met intensief verkeer, zoals luchthavens, havens en industri\u00eble terreinen met zwaar transport.<br \/>\nRoestvrijstalen vloerafvoeren zijn duurzaam en bestand tegen corrosie, waardoor ze lang meegaan in veeleisende omgevingen. Ze worden vaak ge\u00efnstalleerd in vloeren waar drainage nodig is om water, afval en andere vloeistoffen effici\u00ebnt af te voeren, terwijl ze tegelijkertijd de vereiste structurele stabiliteit bieden om zware belastingen te weerstaan.<br \/>\nrvs afvoerput TAGrvs afvoerput TYG<\/p>\n<p>RVS Afvoerputten model TAG en TYG<br \/>\nrvs afvoerput TIAGrvs afvoerput TIYG 1<\/p>\n<p>RVS Afvoerputten model TIAG en TIYG<br \/>\nrvs afvoerput LTAGrvs afvoerput LTYG 1<\/p>\n<p>RVS Afvoerputten model LTAG en LTYG<br \/>\nrvs afvoerput PTAGrvs afvoerput PTYG<\/p>\n<p>RVS Afvoerputten model PTAG en PTYG<br \/>\nrvs afvoerput PAG Krvs afvoerput PYG K<\/p>\n<p>RVS Afvoerputten model PTAG-K en PTYG-K<br \/>\nrvs afvoerput PAG Crvs afvoerput PYG C<\/p>\n<p>RVS Afvoerputten model PTAG-C en PTYG-C<br \/>\nrvs afvoerput HAG Crvs afvoerput HYG C<\/p>\n<p>RVS Afvoerputten model HTAG-C en HTYG-C<br \/>\nrvs afvoerput HAG Krvs afvoerput HYG K<\/p>\n<p>RVS Afvoerputten model HTAG-K en HTYG-K<br \/>\nFenicrom\u00ae heeft het gehele assortiment afvoergoten en vloerputten.<br \/>\nFenicrom\u00ae-assortiment:<br \/>\nRVS afvoergoten,<br \/>\nRVS afvoerputten<br \/>\nRVS sleufgoten<br \/>\nRoestvrijstalen modulaire afvoergoten<br \/>\nRoestvrijstalen vuilafscheiders<br \/>\nRoestvrijstalen roosters<br \/>\nRoestvrijstalen modulaire sleufgoten<br \/>\nRVS paneelbeschermers en RVS vloerplinten.<br \/>\nOp projectbasis is het mogelijk om voor elk systeem een \u200b\u200bspeciaal Fenicrom\u00ae assortiment te leveren. Zo is er voor alle specifieke constructie- en toepassingseisen het best passende Fenicrom\u00ae assortiment beschikbaar. Wij adviseren en overleggen graag met u voor een goede RVS infrastructuur toepassing in uw fabriek.<br \/>\nFenicrom\u00ae adviseert en begeleidt u in alle fasen van uw industri\u00eble drainagesystemen en paneelafscherming, van ontwerp tot installatie.<\/p>\n","protected":false},"author":3,"featured_media":0,"parent":0,"menu_order":0,"comment_status":"closed","ping_status":"closed","template":"","meta":{"_et_pb_use_builder":"on","_et_pb_old_content":"","_et_gb_content_width":"","_monsterinsights_skip_tracking":false,"_monsterinsights_sitenote_active":false,"_monsterinsights_sitenote_note":"","_monsterinsights_sitenote_category":0,"footnotes":""},"class_list":["post-1128","page","type-page","status-publish","hentry"],"_links":{"self":[{"href":"https:\/\/caniveaux-industriel-inox.com\/ma\/wp-json\/wp\/v2\/pages\/1128","targetHints":{"allow":["GET"]}}],"collection":[{"href":"https:\/\/caniveaux-industriel-inox.com\/ma\/wp-json\/wp\/v2\/pages"}],"about":[{"href":"https:\/\/caniveaux-industriel-inox.com\/ma\/wp-json\/wp\/v2\/types\/page"}],"author":[{"embeddable":true,"href":"https:\/\/caniveaux-industriel-inox.com\/ma\/wp-json\/wp\/v2\/users\/3"}],"replies":[{"embeddable":true,"href":"https:\/\/caniveaux-industriel-inox.com\/ma\/wp-json\/wp\/v2\/comments?post=1128"}],"version-history":[{"count":1,"href":"https:\/\/caniveaux-industriel-inox.com\/ma\/wp-json\/wp\/v2\/pages\/1128\/revisions"}],"predecessor-version":[{"id":6772,"href":"https:\/\/caniveaux-industriel-inox.com\/ma\/wp-json\/wp\/v2\/pages\/1128\/revisions\/6772"}],"wp:attachment":[{"href":"https:\/\/caniveaux-industriel-inox.com\/ma\/wp-json\/wp\/v2\/media?parent=1128"}],"curies":[{"name":"wp","href":"https:\/\/api.w.org\/{rel}","templated":true}]}}