{"id":1023,"date":"2020-12-12T14:04:28","date_gmt":"2020-12-12T14:04:28","guid":{"rendered":"https:\/\/dev.joomlaworks.nl\/?page_id=1023"},"modified":"2025-08-28T19:02:30","modified_gmt":"2025-08-28T17:02:30","slug":"caniveaux-devacuation-isoles-pour-charges-lourdes","status":"publish","type":"page","link":"https:\/\/caniveaux-industriel-inox.com\/ma\/caniveaux-devacuation-isoles-pour-charges-lourdes\/","title":{"rendered":"Caniveaux d&rsquo;\u00e9vacuation isol\u00e9s pour charges lourdes"},"content":{"rendered":"<p>[et_pb_section fb_built=\u00a0\u00bb1&Prime; fullwidth=\u00a0\u00bbon\u00a0\u00bb _builder_version=\u00a0\u00bb4.21.0&Prime; _module_preset=\u00a0\u00bbdefault\u00a0\u00bb global_module=\u00a0\u00bb570&Prime; saved_tabs=\u00a0\u00bball\u00a0\u00bb global_colors_info=\u00a0\u00bb{}\u00a0\u00bb][\/et_pb_section][et_pb_section fb_built=\u00a0\u00bb1&Prime; _builder_version=\u00a0\u00bb4.16&Prime; _module_preset=\u00a0\u00bbdefault\u00a0\u00bb background_color=\u00a0\u00bb#ececec\u00a0\u00bb custom_padding=\u00a0\u00bb51px||0px|||\u00a0\u00bb global_colors_info=\u00a0\u00bb{}\u00a0\u00bb][et_pb_row _builder_version=\u00a0\u00bb4.21.0&Prime; _module_preset=\u00a0\u00bbdefault\u00a0\u00bb background_color=\u00a0\u00bb#ffffff\u00a0\u00bb width_tablet=\u00a0\u00bb\u00a0\u00bb width_phone=\u00a0\u00bbauto\u00a0\u00bb width_last_edited=\u00a0\u00bbon|phone\u00a0\u00bb max_width=\u00a0\u00bbnone\u00a0\u00bb custom_padding=\u00a0\u00bb0px||0px|||\u00a0\u00bb global_module=\u00a0\u00bb749&Prime; saved_tabs=\u00a0\u00bball\u00a0\u00bb global_colors_info=\u00a0\u00bb{}\u00a0\u00bb][et_pb_column type=\u00a0\u00bb4_4&Prime; _builder_version=\u00a0\u00bb4.16&Prime; _module_preset=\u00a0\u00bbdefault\u00a0\u00bb global_colors_info=\u00a0\u00bb{}\u00a0\u00bb][et_pb_menu menu_id=\u00a0\u00bb25&Prime; active_link_color=\u00a0\u00bb#0041e8&Prime; dropdown_menu_bg_color=\u00a0\u00bb#ffffff\u00a0\u00bb show_search_icon=\u00a0\u00bbon\u00a0\u00bb _builder_version=\u00a0\u00bb4.16&Prime; _module_preset=\u00a0\u00bbdefault\u00a0\u00bb menu_font=\u00a0\u00bb|700|||||||\u00a0\u00bb menu_text_color=\u00a0\u00bb#000000&Prime; menu_font_size=\u00a0\u00bb20px\u00a0\u00bb background_color=\u00a0\u00bb#9e9e9e\u00a0\u00bb use_background_color_gradient=\u00a0\u00bbon\u00a0\u00bb background_color_gradient_stops=\u00a0\u00bb#ffffff 0%|#ffffff 100%\u00a0\u00bb background_color_gradient_start=\u00a0\u00bb#ffffff\u00a0\u00bb background_color_gradient_end=\u00a0\u00bb#ffffff\u00a0\u00bb custom_padding=\u00a0\u00bb9px||8px|10px|false|false\u00a0\u00bb animation_style=\u00a0\u00bbfade\u00a0\u00bb border_radii=\u00a0\u00bbon|2px|2px|2px|2px\u00a0\u00bb border_width_all=\u00a0\u00bb1px\u00a0\u00bb border_color_all=\u00a0\u00bb#0c71c3&Prime; global_colors_info=\u00a0\u00bb{}\u00a0\u00bb][\/et_pb_menu][\/et_pb_column][\/et_pb_row][\/et_pb_section][et_pb_section fb_built=\u00a0\u00bb1&Prime; _builder_version=\u00a0\u00bb4.16&Prime; _module_preset=\u00a0\u00bbdefault\u00a0\u00bb background_color=\u00a0\u00bb#ececec\u00a0\u00bb global_colors_info=\u00a0\u00bb{}\u00a0\u00bb][et_pb_row _builder_version=\u00a0\u00bb4.21.0&Prime; _module_preset=\u00a0\u00bbdefault\u00a0\u00bb background_color=\u00a0\u00bb#ffffff\u00a0\u00bb max_width=\u00a0\u00bbnone\u00a0\u00bb custom_margin=\u00a0\u00bb-105px|auto||auto||\u00a0\u00bb custom_padding=\u00a0\u00bb0px|||||\u00a0\u00bb global_colors_info=\u00a0\u00bb{}\u00a0\u00bb][et_pb_column type=\u00a0\u00bb4_4&Prime; _builder_version=\u00a0\u00bb4.16&Prime; _module_preset=\u00a0\u00bbdefault\u00a0\u00bb global_colors_info=\u00a0\u00bb{}\u00a0\u00bb][et_pb_text _builder_version=\u00a0\u00bb4.22.0&Prime; _module_preset=\u00a0\u00bbdefault\u00a0\u00bb header_4_line_height=\u00a0\u00bb1.7em\u00a0\u00bb header_5_line_height=\u00a0\u00bb1.7em\u00a0\u00bb custom_padding=\u00a0\u00bb34px|||10px|false|false\u00a0\u00bb global_colors_info=\u00a0\u00bb{}\u00a0\u00bb]<\/p>\n<h2><strong>Caniveau d&rsquo;\u00e9vacuation en acier inoxydable isol\u00e9 pour charges lourdes<\/strong><\/h2>\n<h5><span>Classe de charge industrielle lourde: <\/span><\/h5>\n<h5><span>Classe B125 pour une charge lourde jusqu&rsquo;\u00e0 12 500 kg. <br \/>Classe C250 pour une charge lourde jusqu&rsquo;\u00e0 25 000 kg.<br \/>Classe D400 pour une charge lourde jusqu&rsquo;\u00e0 40 000 kg.<\/span><\/h5>\n<p>[\/et_pb_text][\/et_pb_column][\/et_pb_row][et_pb_row column_structure=\u00a0\u00bb1_2,1_2&Prime; _builder_version=\u00a0\u00bb4.21.0&Prime; _module_preset=\u00a0\u00bbdefault\u00a0\u00bb background_color=\u00a0\u00bb#ffffff\u00a0\u00bb max_width=\u00a0\u00bbnone\u00a0\u00bb global_colors_info=\u00a0\u00bb{}\u00a0\u00bb][et_pb_column type=\u00a0\u00bb1_2&Prime; _builder_version=\u00a0\u00bb4.16&Prime; _module_preset=\u00a0\u00bbdefault\u00a0\u00bb global_colors_info=\u00a0\u00bb{}\u00a0\u00bb][et_pb_image src=\u00a0\u00bbhttps:\/\/caniveaux-industriel-inox.com\/ma\/wp-content\/uploads\/2025\/08\/Caniveaux-en-inox-TDAG-isole-charge-lourde-isole-avec-sortie-verticale-inox-Maroc.png\u00a0\u00bb alt=\u00a0\u00bbCaniveaux-en-inox-TDAG-isol\u00e9-charge-lourde-isol\u00e9-avec-sortie-verticale-inox-Maroc\u00a0\u00bb title_text=\u00a0\u00bbCaniveaux-en-inox-TDAG-isol\u00e9-charge-lourde-isol\u00e9-avec-sortie-verticale-inox-Maroc\u00a0\u00bb url=\u00a0\u00bbhttps:\/\/caniveaux-industriel-inox.com\/ma\/caniveau-de-drainage-isole-modele-tdag\/\u00a0\u00bb align=\u00a0\u00bbcenter\u00a0\u00bb _builder_version=\u00a0\u00bb4.27.4&Prime; _module_preset=\u00a0\u00bbdefault\u00a0\u00bb width=\u00a0\u00bb60%\u00a0\u00bb custom_margin=\u00a0\u00bb||0px|||\u00a0\u00bb hover_enabled=\u00a0\u00bb0&Prime; global_colors_info=\u00a0\u00bb{}\u00a0\u00bb sticky_enabled=\u00a0\u00bb0&Prime;][\/et_pb_image][et_pb_text _builder_version=\u00a0\u00bb4.27.4&Prime; _module_preset=\u00a0\u00bbdefault\u00a0\u00bb header_4_text_color=\u00a0\u00bb#0c71c3&Prime; header_5_text_color=\u00a0\u00bb#0041e8&Prime; global_colors_info=\u00a0\u00bb{}\u00a0\u00bb]<\/p>\n<h5 style=\"text-align: center;\"><a href=\"https:\/\/caniveaux-industriel-inox.com\/ma\/caniveau-de-drainage-isole-modele-tdag\/\"><strong>Caniveau de drainage isol\u00e9 mod\u00e8le TDAG<\/strong><\/a><\/h5>\n<p>[\/et_pb_text][\/et_pb_column][et_pb_column type=\u00a0\u00bb1_2&Prime; _builder_version=\u00a0\u00bb4.16&Prime; _module_preset=\u00a0\u00bbdefault\u00a0\u00bb global_colors_info=\u00a0\u00bb{}\u00a0\u00bb][et_pb_image src=\u00a0\u00bbhttps:\/\/caniveaux-industriel-inox.com\/ma\/wp-content\/uploads\/2025\/08\/Caniveaux-en-inox-TDKAG-isole-charge-lourde-isole-avec-sortie-verticale-a-la-fin-inox-Maroc.png\u00a0\u00bb alt=\u00a0\u00bbCaniveaux-en-inox-TDKAG-isol\u00e9-charge-lourde-isol\u00e9-avec-sortie-verticale-\u00e0-la-fin-inox-Maroc\u00a0\u00bb title_text=\u00a0\u00bbCaniveaux-en-inox-TDKAG-isol\u00e9-charge-lourde-isol\u00e9-avec-sortie-verticale-\u00e0-la-fin-inox-Maroc\u00a0\u00bb url=\u00a0\u00bbhttps:\/\/caniveaux-industriel-inox.com\/ma\/caniveau-de-drainage-isole-modele-tdkag\/\u00a0\u00bb align=\u00a0\u00bbcenter\u00a0\u00bb _builder_version=\u00a0\u00bb4.27.4&Prime; _module_preset=\u00a0\u00bbdefault\u00a0\u00bb width=\u00a0\u00bb60%\u00a0\u00bb custom_margin=\u00a0\u00bb||2px|||\u00a0\u00bb hover_enabled=\u00a0\u00bb0&Prime; global_colors_info=\u00a0\u00bb{}\u00a0\u00bb sticky_enabled=\u00a0\u00bb0&Prime;][\/et_pb_image][et_pb_text _builder_version=\u00a0\u00bb4.27.4&Prime; _module_preset=\u00a0\u00bbdefault\u00a0\u00bb header_4_text_color=\u00a0\u00bb#0c71c3&Prime; header_5_text_color=\u00a0\u00bb#0041e8&Prime; global_colors_info=\u00a0\u00bb{}\u00a0\u00bb]<\/p>\n<h5 style=\"text-align: center;\"><a href=\"https:\/\/caniveaux-industriel-inox.com\/ma\/caniveau-de-drainage-isole-modele-tdkag\/\"><strong>Caniveau de drainage isol\u00e9 mod\u00e8le TDKAG<\/strong><\/a><\/h5>\n<p>[\/et_pb_text][\/et_pb_column][\/et_pb_row][et_pb_row column_structure=\u00a0\u00bb1_2,1_2&Prime; _builder_version=\u00a0\u00bb4.21.0&Prime; _module_preset=\u00a0\u00bbdefault\u00a0\u00bb background_color=\u00a0\u00bb#ffffff\u00a0\u00bb max_width=\u00a0\u00bbnone\u00a0\u00bb global_colors_info=\u00a0\u00bb{}\u00a0\u00bb][et_pb_column type=\u00a0\u00bb1_2&Prime; _builder_version=\u00a0\u00bb4.16&Prime; _module_preset=\u00a0\u00bbdefault\u00a0\u00bb global_colors_info=\u00a0\u00bb{}\u00a0\u00bb][et_pb_image src=\u00a0\u00bbhttps:\/\/caniveaux-industriel-inox.com\/ma\/wp-content\/uploads\/2025\/08\/Caniveaux-en-inox-TDOAG-isole-charge-lourde-isole-evacuation-avec-sortie-verticale-au-milieu-inox-Maroc.png\u00a0\u00bb alt=\u00a0\u00bbCaniveaux-en-inox-TDOAG-isole-charge-lourde-isole-evacuation-avec-sortie-verticale-au-milieu-inox-Maroc\u00a0\u00bb title_text=\u00a0\u00bbCaniveaux-en-inox-TDOAG-isole-charge-lourde-isole-evacuation-avec-sortie-verticale-au-milieu-inox-Maroc\u00a0\u00bb url=\u00a0\u00bbhttps:\/\/caniveaux-industriel-inox.com\/ma\/caniveau-de-drainage-isole-modele-tdoag\/\u00a0\u00bb align=\u00a0\u00bbcenter\u00a0\u00bb _builder_version=\u00a0\u00bb4.27.4&Prime; _module_preset=\u00a0\u00bbdefault\u00a0\u00bb width=\u00a0\u00bb60%\u00a0\u00bb custom_margin=\u00a0\u00bb||-3px|||\u00a0\u00bb hover_enabled=\u00a0\u00bb0&Prime; global_colors_info=\u00a0\u00bb{}\u00a0\u00bb sticky_enabled=\u00a0\u00bb0&Prime;][\/et_pb_image][et_pb_text _builder_version=\u00a0\u00bb4.27.4&Prime; _module_preset=\u00a0\u00bbdefault\u00a0\u00bb header_5_text_color=\u00a0\u00bb#0041e8&Prime; global_colors_info=\u00a0\u00bb{}\u00a0\u00bb]<\/p>\n<h5 style=\"text-align: center;\"><a href=\"https:\/\/caniveaux-industriel-inox.com\/ma\/caniveau-de-drainage-isole-modele-tdoag\/\"><strong>Caniveau de drainage isol\u00e9 mod\u00e8le TDOAG<\/strong><\/a><\/h5>\n<p>[\/et_pb_text][\/et_pb_column][et_pb_column type=\u00a0\u00bb1_2&Prime; _builder_version=\u00a0\u00bb4.16&Prime; _module_preset=\u00a0\u00bbdefault\u00a0\u00bb global_colors_info=\u00a0\u00bb{}\u00a0\u00bb][et_pb_image src=\u00a0\u00bbhttps:\/\/caniveaux-industriel-inox.com\/ma\/wp-content\/uploads\/2025\/08\/Caniveaux-en-inox-TDKA2G-isole-charge-lourde-isole-avec-sortie-verticale-double-inox-Maroc.jpg\u00a0\u00bb alt=\u00a0\u00bbCaniveaux-en-inox-TDKA2G-isole-charge-lourde-isole-avec-sortie-verticale-double-inox-Maroc\u00a0\u00bb title_text=\u00a0\u00bbCaniveaux-en-inox-TDKA2G-isole-charge-lourde-isole-avec-sortie-verticale-double-inox-Maroc\u00a0\u00bb url=\u00a0\u00bbhttps:\/\/caniveaux-industriel-inox.com\/ma\/caniveau-de-drainage-en-acier-inoxydable-isole-modele-tdka2g\/\u00a0\u00bb align=\u00a0\u00bbcenter\u00a0\u00bb _builder_version=\u00a0\u00bb4.27.4&Prime; _module_preset=\u00a0\u00bbdefault\u00a0\u00bb width=\u00a0\u00bb60%\u00a0\u00bb custom_margin=\u00a0\u00bb||0px|||\u00a0\u00bb hover_enabled=\u00a0\u00bb0&Prime; global_colors_info=\u00a0\u00bb{}\u00a0\u00bb sticky_enabled=\u00a0\u00bb0&Prime;][\/et_pb_image][et_pb_text _builder_version=\u00a0\u00bb4.27.4&Prime; _module_preset=\u00a0\u00bbdefault\u00a0\u00bb header_5_text_color=\u00a0\u00bb#0041e8&Prime; global_colors_info=\u00a0\u00bb{}\u00a0\u00bb]<\/p>\n<h5 style=\"text-align: center;\"><a href=\"https:\/\/caniveaux-industriel-inox.com\/ma\/caniveau-de-drainage-en-acier-inoxydable-isole-modele-tdka2g\/\"><strong>Caniveau de drainage isol\u00e9 mod\u00e8le TDKA2G<\/strong><\/a><\/h5>\n<p>[\/et_pb_text][\/et_pb_column][\/et_pb_row][et_pb_row _builder_version=\u00a0\u00bb4.21.0&Prime; _module_preset=\u00a0\u00bbdefault\u00a0\u00bb background_color=\u00a0\u00bb#FFFFFF\u00a0\u00bb max_width=\u00a0\u00bbnone\u00a0\u00bb global_colors_info=\u00a0\u00bb{}\u00a0\u00bb][et_pb_column type=\u00a0\u00bb4_4&Prime; _builder_version=\u00a0\u00bb4.21.0&Prime; _module_preset=\u00a0\u00bbdefault\u00a0\u00bb global_colors_info=\u00a0\u00bb{}\u00a0\u00bb][et_pb_divider _builder_version=\u00a0\u00bb4.21.0&Prime; _module_preset=\u00a0\u00bbdefault\u00a0\u00bb global_colors_info=\u00a0\u00bb{}\u00a0\u00bb][\/et_pb_divider][\/et_pb_column][\/et_pb_row][et_pb_row column_structure=\u00a0\u00bb1_2,1_2&Prime; _builder_version=\u00a0\u00bb4.21.0&Prime; _module_preset=\u00a0\u00bbdefault\u00a0\u00bb background_color=\u00a0\u00bb#ffffff\u00a0\u00bb max_width=\u00a0\u00bbnone\u00a0\u00bb custom_margin=\u00a0\u00bb|auto|-7px|auto||\u00a0\u00bb custom_padding=\u00a0\u00bb0px||60px|||\u00a0\u00bb global_colors_info=\u00a0\u00bb{}\u00a0\u00bb][et_pb_column type=\u00a0\u00bb1_2&Prime; _builder_version=\u00a0\u00bb4.16&Prime; _module_preset=\u00a0\u00bbdefault\u00a0\u00bb global_colors_info=\u00a0\u00bb{}\u00a0\u00bb][et_pb_text _builder_version=\u00a0\u00bb4.22.0&Prime; _module_preset=\u00a0\u00bbdefault\u00a0\u00bb header_4_text_color=\u00a0\u00bb#0c71c3&Prime; header_5_line_height=\u00a0\u00bb1.7em\u00a0\u00bb custom_padding=\u00a0\u00bb|10px||10px|false|false\u00a0\u00bb global_colors_info=\u00a0\u00bb{}\u00a0\u00bb]<\/p>\n<h5><strong>CONDITIONS D&rsquo;APPLICATION<\/strong><\/h5>\n<h5>Les caniveaux de sol isol\u00e9s sont utilis\u00e9s dans les endroits o\u00f9 l&rsquo;installation d&rsquo;eaux us\u00e9es peut s&rsquo;accumuler au plafond d&rsquo;un \u00e9tage inf\u00e9rieur et o\u00f9 il est souhait\u00e9 en m\u00eame temps que l&rsquo;eau p\u00e9n\u00e8tre vers cet \u00e9tage inf\u00e9rieur.<\/h5>\n<h5>En raison de fissures dans les joints d&rsquo;une partie du rev\u00eatement de sol ou autour des canaux d&rsquo;\u00e9vacuation, de l&rsquo;eau peut s&rsquo;\u00e9couler du sol vers le b\u00e9ton avec le temps. L&rsquo;eau qui fuit s&rsquo;accumule sur la couche d&rsquo;isolation et coule vers l&rsquo;\u00e9tage inf\u00e9rieur \u00e0 partir de tout point o\u00f9 l&rsquo;isolation est faible.<\/h5>\n<h5>Lorsqu&rsquo;un caniveau de sol isol\u00e9 est utilis\u00e9, l&rsquo;eau qui s&rsquo;infiltre dans la couche d&rsquo;isolation est \u00e9vacu\u00e9e vers l&rsquo;installation d&rsquo;eaux us\u00e9es gr\u00e2ce \u00e0 la construction du caniveau. Ainsi, aucune eau ne fuit absolument vers l&rsquo;\u00e9tage inf\u00e9rieur.<\/h5>\n<h5>\u00a0<\/h5>\n<p>&nbsp;<\/p>\n<p>[\/et_pb_text][\/et_pb_column][et_pb_column type=\u00a0\u00bb1_2&Prime; _builder_version=\u00a0\u00bb4.16&Prime; _module_preset=\u00a0\u00bbdefault\u00a0\u00bb global_colors_info=\u00a0\u00bb{}\u00a0\u00bb][et_pb_text _builder_version=\u00a0\u00bb4.22.0&Prime; _module_preset=\u00a0\u00bbdefault\u00a0\u00bb header_4_line_height=\u00a0\u00bb1.4em\u00a0\u00bb header_5_line_height=\u00a0\u00bb1.7em\u00a0\u00bb custom_margin=\u00a0\u00bb||2px|||\u00a0\u00bb custom_padding=\u00a0\u00bb|10px||10px|false|false\u00a0\u00bb global_colors_info=\u00a0\u00bb{}\u00a0\u00bb]<\/p>\n<h5><strong>Domaines d\u2019application :<\/strong><\/h5>\n<h5><span>Applications industrielles pour la production et la transformation de cuisines et installations :<\/span><\/h5>\n<p>&nbsp;<\/p>\n<p>[\/et_pb_text][et_pb_text _builder_version=\u00a0\u00bb4.22.0&Prime; _module_preset=\u00a0\u00bbdefault\u00a0\u00bb custom_padding=\u00a0\u00bb|||47px||\u00a0\u00bb global_colors_info=\u00a0\u00bb{}\u00a0\u00bb]<\/p>\n<ul>\n<li>\n<h5><span>Viande et charcuterie<\/span><\/h5>\n<\/li>\n<li>\n<h5><span>L\u00e9gumes et fruits<\/span><\/h5>\n<\/li>\n<li>\n<h5><span>Produits laitiers<\/span><\/h5>\n<\/li>\n<li>\n<h5><span>Poisson et fruits de mer<\/span><\/h5>\n<\/li>\n<li>\n<h5><span>Volaille et \u0153ufs<\/span><\/h5>\n<\/li>\n<li>\n<h5><span>Aliments congel\u00e9s<\/span><\/h5>\n<\/li>\n<li>\n<h5><span>Eau, jus et boissons alcoolis\u00e9es<\/span><\/h5>\n<\/li>\n<li>\n<h5><span>Pain et produits \u00e0 base de farine<\/span><\/h5>\n<\/li>\n<li>\n<h5><span>Chocolat et bonbons<\/span><\/h5>\n<\/li>\n<li>\n<h5><span>M\u00e9dicaments<\/span><\/h5>\n<\/li>\n<li>\n<h5><span>Avec produit chimique<\/span><\/h5>\n<\/li>\n<\/ul>\n<\/li>\n<\/ul>\n<p>[\/et_pb_text][\/et_pb_column][\/et_pb_row][\/et_pb_section]<\/p>\n","protected":false},"excerpt":{"rendered":"<p>Ge\u00efsoleerde RVS afvoergoot zware belasting<br \/>\nZware industri\u00eble belastingsklasse<br \/>\nB125 klasse zware belasting tot 12500kg.<br \/>\nC250 klasse zware belasting tot 25000kg.<br \/>\nD400-klasse zware belasting tot 40.000 kg<br \/>\nRVS Afvoergoot TDAG<br \/>\nGe\u00efsoleerde afvoergoot model TDAG<br \/>\nRVS Afvoergoot TDKAG 1<br \/>\nGe\u00efsoleerde afvoergoot model TDKAG<br \/>\nRVS Afvoergoot TDOAG 1<br \/>\nGe\u00efsoleerde afvoergoot model TDOAG<br \/>\nRVS afvoergoot TDKA2G<br \/>\nGe\u00efsoleerde afvoergoot model TDKA2G<br \/>\nTOEPASSINGSVOORWAARDEN<br \/>\nGe\u00efsoleerde bodemafvoergoten worden toegepast op plaatsen waar de afvalwaterinstallatie zich kan verzamelen aan het plafond van een benedenverdieping en tegelijkertijd het binnendringen van water naar de benedenverdieping gewenst is.<br \/>\nAls gevolg van scheuren in de voegen in een deel van de vloerbedekking of rond de afvoerkanalen kan er na verloop van tijd water van de vloer naar het beton lekken. Lekkend water hoopt zich op op de isolatielaag en stroomt naar de benedenverdieping vanaf elk punt waar de isolatie zwak is.<br \/>\nIndien een ge\u00efsoleerde bodemafvoergoot wordt toegepast, wordt het water dat in de isolatielaag infiltreert dankzij de opbouw van de afvoergoot afgevoerd naar de afvalwaterinstallatie. Zo lekt er absoluut geen water naar de benedenverdieping.<br \/>\nToepassingsgebieden:<br \/>\nIndustrieel voor de productie en verwerking van<br \/>\nkeukens en faciliteiten:<\/p>\n<p>Vlees en vleeswaren<br \/>\ngroenten en fruit<br \/>\nZuivelproducten<br \/>\nVis en zeevruchten<br \/>\nGevogelte en eieren<br \/>\nBevroren voedsel<br \/>\nWater, sappen en alcoholische dranken<br \/>\nBrood en meelproducten<br \/>\nChocolade en snoep<br \/>\nGeneesmiddelen<\/p>\n","protected":false},"author":3,"featured_media":0,"parent":0,"menu_order":0,"comment_status":"closed","ping_status":"closed","template":"","meta":{"_et_pb_use_builder":"on","_et_pb_old_content":"","_et_gb_content_width":"","_monsterinsights_skip_tracking":false,"_monsterinsights_sitenote_active":false,"_monsterinsights_sitenote_note":"","_monsterinsights_sitenote_category":0,"footnotes":""},"class_list":["post-1023","page","type-page","status-publish","hentry"],"_links":{"self":[{"href":"https:\/\/caniveaux-industriel-inox.com\/ma\/wp-json\/wp\/v2\/pages\/1023","targetHints":{"allow":["GET"]}}],"collection":[{"href":"https:\/\/caniveaux-industriel-inox.com\/ma\/wp-json\/wp\/v2\/pages"}],"about":[{"href":"https:\/\/caniveaux-industriel-inox.com\/ma\/wp-json\/wp\/v2\/types\/page"}],"author":[{"embeddable":true,"href":"https:\/\/caniveaux-industriel-inox.com\/ma\/wp-json\/wp\/v2\/users\/3"}],"replies":[{"embeddable":true,"href":"https:\/\/caniveaux-industriel-inox.com\/ma\/wp-json\/wp\/v2\/comments?post=1023"}],"version-history":[{"count":0,"href":"https:\/\/caniveaux-industriel-inox.com\/ma\/wp-json\/wp\/v2\/pages\/1023\/revisions"}],"wp:attachment":[{"href":"https:\/\/caniveaux-industriel-inox.com\/ma\/wp-json\/wp\/v2\/media?parent=1023"}],"curies":[{"name":"wp","href":"https:\/\/api.w.org\/{rel}","templated":true}]}}