{"id":1004,"date":"2020-12-12T13:32:29","date_gmt":"2020-12-12T13:32:29","guid":{"rendered":"https:\/\/dev.joomlaworks.nl\/?page_id=1004"},"modified":"2025-08-28T18:58:00","modified_gmt":"2025-08-28T16:58:00","slug":"canaux-isoles-pour-charges-legeres","status":"publish","type":"page","link":"https:\/\/caniveaux-industriel-inox.com\/ma\/canaux-isoles-pour-charges-legeres\/","title":{"rendered":"Canaux isol\u00e9s pour charges l\u00e9g\u00e8res |"},"content":{"rendered":"<p>[et_pb_section fb_built=\u00a0\u00bb1&Prime; fullwidth=\u00a0\u00bbon\u00a0\u00bb _builder_version=\u00a0\u00bb4.21.0&Prime; _module_preset=\u00a0\u00bbdefault\u00a0\u00bb global_module=\u00a0\u00bb570&Prime; saved_tabs=\u00a0\u00bball\u00a0\u00bb global_colors_info=\u00a0\u00bb{}\u00a0\u00bb][\/et_pb_section][et_pb_section fb_built=\u00a0\u00bb1&Prime; _builder_version=\u00a0\u00bb4.16&Prime; _module_preset=\u00a0\u00bbdefault\u00a0\u00bb background_color=\u00a0\u00bb#ececec\u00a0\u00bb custom_padding=\u00a0\u00bb||0px|||\u00a0\u00bb global_colors_info=\u00a0\u00bb{}\u00a0\u00bb][et_pb_row _builder_version=\u00a0\u00bb4.21.0&Prime; _module_preset=\u00a0\u00bbdefault\u00a0\u00bb background_color=\u00a0\u00bb#ffffff\u00a0\u00bb width_tablet=\u00a0\u00bb\u00a0\u00bb width_phone=\u00a0\u00bbauto\u00a0\u00bb width_last_edited=\u00a0\u00bbon|phone\u00a0\u00bb max_width=\u00a0\u00bbnone\u00a0\u00bb custom_padding=\u00a0\u00bb0px||0px|||\u00a0\u00bb global_module=\u00a0\u00bb749&Prime; saved_tabs=\u00a0\u00bball\u00a0\u00bb global_colors_info=\u00a0\u00bb{}\u00a0\u00bb][et_pb_column type=\u00a0\u00bb4_4&Prime; _builder_version=\u00a0\u00bb4.16&Prime; _module_preset=\u00a0\u00bbdefault\u00a0\u00bb global_colors_info=\u00a0\u00bb{}\u00a0\u00bb][et_pb_menu menu_id=\u00a0\u00bb25&Prime; active_link_color=\u00a0\u00bb#0041e8&Prime; dropdown_menu_bg_color=\u00a0\u00bb#ffffff\u00a0\u00bb show_search_icon=\u00a0\u00bbon\u00a0\u00bb _builder_version=\u00a0\u00bb4.16&Prime; _module_preset=\u00a0\u00bbdefault\u00a0\u00bb menu_font=\u00a0\u00bb|700|||||||\u00a0\u00bb menu_text_color=\u00a0\u00bb#000000&Prime; menu_font_size=\u00a0\u00bb20px\u00a0\u00bb background_color=\u00a0\u00bb#9e9e9e\u00a0\u00bb use_background_color_gradient=\u00a0\u00bbon\u00a0\u00bb background_color_gradient_stops=\u00a0\u00bb#ffffff 0%|#ffffff 100%\u00a0\u00bb background_color_gradient_start=\u00a0\u00bb#ffffff\u00a0\u00bb background_color_gradient_end=\u00a0\u00bb#ffffff\u00a0\u00bb custom_padding=\u00a0\u00bb9px||8px|10px|false|false\u00a0\u00bb animation_style=\u00a0\u00bbfade\u00a0\u00bb border_radii=\u00a0\u00bbon|2px|2px|2px|2px\u00a0\u00bb border_width_all=\u00a0\u00bb1px\u00a0\u00bb border_color_all=\u00a0\u00bb#0c71c3&Prime; global_colors_info=\u00a0\u00bb{}\u00a0\u00bb][\/et_pb_menu][\/et_pb_column][\/et_pb_row][\/et_pb_section][et_pb_section fb_built=\u00a0\u00bb1&Prime; _builder_version=\u00a0\u00bb4.16&Prime; _module_preset=\u00a0\u00bbdefault\u00a0\u00bb background_color=\u00a0\u00bb#ececec\u00a0\u00bb global_colors_info=\u00a0\u00bb{}\u00a0\u00bb][et_pb_row _builder_version=\u00a0\u00bb4.21.0&Prime; _module_preset=\u00a0\u00bbdefault\u00a0\u00bb background_color=\u00a0\u00bb#ffffff\u00a0\u00bb max_width=\u00a0\u00bbnone\u00a0\u00bb custom_margin=\u00a0\u00bb-105px|auto||auto||\u00a0\u00bb custom_padding=\u00a0\u00bb0px|||||\u00a0\u00bb global_colors_info=\u00a0\u00bb{}\u00a0\u00bb][et_pb_column type=\u00a0\u00bb4_4&Prime; _builder_version=\u00a0\u00bb4.16&Prime; _module_preset=\u00a0\u00bbdefault\u00a0\u00bb global_colors_info=\u00a0\u00bb{}\u00a0\u00bb][et_pb_text _builder_version=\u00a0\u00bb4.22.0&Prime; _module_preset=\u00a0\u00bbdefault\u00a0\u00bb header_4_line_height=\u00a0\u00bb1.7em\u00a0\u00bb header_5_line_height=\u00a0\u00bb1.7em\u00a0\u00bb custom_padding=\u00a0\u00bb34px|||10px|false|false\u00a0\u00bb global_colors_info=\u00a0\u00bb{}\u00a0\u00bb]<\/p>\n<h2><strong>Canaux d&rsquo;\u00e9vacuation en acier inoxydable isol\u00e9s pour charges l\u00e9g\u00e8res<\/strong><\/h2>\n<h5>Charge industrielle l\u00e9g\u00e8re<\/h5>\n<h5>Classe L15 \/ A15 1500 kg. Trafic l\u00e9ger, par exemple pi\u00e9tons et transpalettes.<br \/>Les lattes des grilles sont soud\u00e9es \u00e0 la fois par le haut et par le bas, emp\u00eachant ainsi la d\u00e9formation des grilles.<\/h5>\n<p>[\/et_pb_text][\/et_pb_column][\/et_pb_row][et_pb_row column_structure=\u00a0\u00bb1_2,1_2&Prime; _builder_version=\u00a0\u00bb4.21.0&Prime; _module_preset=\u00a0\u00bbdefault\u00a0\u00bb background_color=\u00a0\u00bb#ffffff\u00a0\u00bb max_width=\u00a0\u00bbnone\u00a0\u00bb global_colors_info=\u00a0\u00bb{}\u00a0\u00bb][et_pb_column type=\u00a0\u00bb1_2&Prime; _builder_version=\u00a0\u00bb4.16&Prime; _module_preset=\u00a0\u00bbdefault\u00a0\u00bb global_colors_info=\u00a0\u00bb{}\u00a0\u00bb][et_pb_image src=\u00a0\u00bbhttps:\/\/caniveaux-industriel-inox.com\/ma\/wp-content\/uploads\/2025\/08\/Caniveaux-en-inox-DAG-isole-legere-charge-isole-avec-sortie-verticale-inox-Maroc.png\u00a0\u00bb alt=\u00a0\u00bbCaniveaux-en-inox-DAG-isole-legere-charge-isole-avec-sortie-verticale-inox-Maroc\u00a0\u00bb title_text=\u00a0\u00bbCaniveaux-en-inox-DAG-isole-legere-charge-isole-avec-sortie-verticale-inox-Maroc\u00a0\u00bb url=\u00a0\u00bbhttps:\/\/caniveaux-industriel-inox.com\/ma\/caniveau-devacuation-isole-en-acier-inoxydable-modele-dag\/\u00a0\u00bb align=\u00a0\u00bbcenter\u00a0\u00bb _builder_version=\u00a0\u00bb4.27.4&Prime; _module_preset=\u00a0\u00bbdefault\u00a0\u00bb width=\u00a0\u00bb60%\u00a0\u00bb custom_margin=\u00a0\u00bb||-3px|||\u00a0\u00bb hover_enabled=\u00a0\u00bb0&Prime; global_colors_info=\u00a0\u00bb{}\u00a0\u00bb sticky_enabled=\u00a0\u00bb0&Prime;][\/et_pb_image][et_pb_text _builder_version=\u00a0\u00bb4.27.4&Prime; _module_preset=\u00a0\u00bbdefault\u00a0\u00bb header_text_color=\u00a0\u00bb#0c71c3&Prime; header_4_text_color=\u00a0\u00bb#0c71c3&Prime; header_5_text_color=\u00a0\u00bb#0041e8&Prime; link_option_url=\u00a0\u00bb\/caniveau-devacuation-isole-en-acier-inoxydable-modele-dag\/\u00a0\u00bb global_colors_info=\u00a0\u00bb{}\u00a0\u00bb]<\/p>\n<h5 style=\"text-align: center;\"><a href=\"https:\/\/caniveaux-industriel-inox.com\/ma\/caniveau-devacuation-isole-en-acier-inoxydable-modele-dag\/\"><strong>Caniveau d&rsquo;\u00e9vacuation isol\u00e9 en acier inoxydable mod\u00e8le DAG<\/strong><\/a><\/h5>\n<p>[\/et_pb_text][\/et_pb_column][et_pb_column type=\u00a0\u00bb1_2&Prime; _builder_version=\u00a0\u00bb4.16&Prime; _module_preset=\u00a0\u00bbdefault\u00a0\u00bb global_colors_info=\u00a0\u00bb{}\u00a0\u00bb][et_pb_image src=\u00a0\u00bbhttps:\/\/caniveaux-industriel-inox.com\/ma\/wp-content\/uploads\/2025\/08\/Caniveaux-en-inox-DKAG-isole-legere-charge-isole-avec-sortie-verticale-a-la-fin-du-caniveau-Maroc.png\u00a0\u00bb alt=\u00a0\u00bbCaniveaux-en-inox-DKAG-isol\u00e9-l\u00e9g\u00e8re-charge-isol\u00e9-avec-sortie-verticale-\u00e0-la-fin-du-caniveau-Maroc\u00a0\u00bb title_text=\u00a0\u00bbCaniveaux-en-inox-DKAG-isol\u00e9-l\u00e9g\u00e8re-charge-isol\u00e9-avec-sortie-verticale-\u00e0-la-fin-du-caniveau-Maroc\u00a0\u00bb url=\u00a0\u00bbhttps:\/\/caniveaux-industriel-inox.com\/ma\/caniveau-devacuation-isole-en-acier-inoxydable-modele-dkag\/\u00a0\u00bb align=\u00a0\u00bbcenter\u00a0\u00bb _builder_version=\u00a0\u00bb4.27.4&Prime; _module_preset=\u00a0\u00bbdefault\u00a0\u00bb width=\u00a0\u00bb60%\u00a0\u00bb custom_margin=\u00a0\u00bb||-1px|||\u00a0\u00bb hover_enabled=\u00a0\u00bb0&Prime; global_colors_info=\u00a0\u00bb{}\u00a0\u00bb sticky_enabled=\u00a0\u00bb0&Prime;][\/et_pb_image][et_pb_text _builder_version=\u00a0\u00bb4.27.4&Prime; _module_preset=\u00a0\u00bbdefault\u00a0\u00bb header_4_text_color=\u00a0\u00bb#0c71c3&Prime; header_5_text_color=\u00a0\u00bb#0041e8&Prime; global_colors_info=\u00a0\u00bb{}\u00a0\u00bb]<\/p>\n<h5 style=\"text-align: center;\"><a href=\"https:\/\/caniveaux-industriel-inox.com\/ma\/caniveau-devacuation-isole-en-acier-inoxydable-modele-dkag\/\"><strong>Caniveau d&rsquo;\u00e9vacuation en acier inoxydable mod\u00e8le DKAG isol\u00e9<\/strong><\/a><\/h5>\n<p>[\/et_pb_text][\/et_pb_column][\/et_pb_row][et_pb_row column_structure=\u00a0\u00bb1_2,1_2&Prime; _builder_version=\u00a0\u00bb4.21.0&Prime; _module_preset=\u00a0\u00bbdefault\u00a0\u00bb background_color=\u00a0\u00bb#ffffff\u00a0\u00bb max_width=\u00a0\u00bbnone\u00a0\u00bb global_colors_info=\u00a0\u00bb{}\u00a0\u00bb][et_pb_column type=\u00a0\u00bb1_2&Prime; _builder_version=\u00a0\u00bb4.16&Prime; _module_preset=\u00a0\u00bbdefault\u00a0\u00bb global_colors_info=\u00a0\u00bb{}\u00a0\u00bb][et_pb_image src=\u00a0\u00bbhttps:\/\/caniveaux-industriel-inox.com\/ma\/wp-content\/uploads\/2025\/08\/Caniveaux-en-inox-DOAG-isole-legere-charge-isole-avec-sortie-verticale-au-milieu-du-caniveau-Maroc.png\u00a0\u00bb alt=\u00a0\u00bbCaniveaux-en-inox-DOAG-isol\u00e9-l\u00e9g\u00e8re-charge-isol\u00e9-avec-sortie-verticale-au-milieu-du-caniveau-Maroc\u00a0\u00bb title_text=\u00a0\u00bbCaniveaux-en-inox-DOAG-isol\u00e9-l\u00e9g\u00e8re-charge-isol\u00e9-avec-sortie-verticale-au-milieu-du-caniveau-Maroc\u00a0\u00bb url=\u00a0\u00bbhttps:\/\/caniveaux-industriel-inox.com\/ma\/caniveau-devacuation-isole-en-acier-inoxydable-modele-doag\/\u00a0\u00bb align=\u00a0\u00bbcenter\u00a0\u00bb _builder_version=\u00a0\u00bb4.27.4&Prime; _module_preset=\u00a0\u00bbdefault\u00a0\u00bb width=\u00a0\u00bb60%\u00a0\u00bb custom_margin=\u00a0\u00bb||1px|||\u00a0\u00bb hover_enabled=\u00a0\u00bb0&Prime; global_colors_info=\u00a0\u00bb{}\u00a0\u00bb sticky_enabled=\u00a0\u00bb0&Prime;][\/et_pb_image][et_pb_text _builder_version=\u00a0\u00bb4.27.4&Prime; _module_preset=\u00a0\u00bbdefault\u00a0\u00bb header_5_text_color=\u00a0\u00bb#0041e8&Prime; global_colors_info=\u00a0\u00bb{}\u00a0\u00bb]<\/p>\n<h5 style=\"text-align: center;\"><a href=\"https:\/\/caniveaux-industriel-inox.com\/ma\/caniveau-devacuation-isole-en-acier-inoxydable-modele-doag\/\"><strong>Caniveau d&rsquo;\u00e9vacuation en acier inoxydable mod\u00e8le DOAG isol\u00e9<\/strong><\/a><\/h5>\n<p>[\/et_pb_text][\/et_pb_column][et_pb_column type=\u00a0\u00bb1_2&Prime; _builder_version=\u00a0\u00bb4.16&Prime; _module_preset=\u00a0\u00bbdefault\u00a0\u00bb global_colors_info=\u00a0\u00bb{}\u00a0\u00bb][et_pb_image src=\u00a0\u00bbhttps:\/\/caniveaux-industriel-inox.com\/ma\/wp-content\/uploads\/2025\/08\/Caniveaux-en-inox-DKA2G-isole-legere-charge-isole-avec-sortie-verticale-double-sortie-inox-Maroc.jpg\u00a0\u00bb alt=\u00a0\u00bbCaniveaux-en-inox-DKA2G-isol\u00e9-l\u00e9g\u00e8re-charge-isol\u00e9-avec-sortie-verticale-double-sortie-inox-Maroc\u00a0\u00bb title_text=\u00a0\u00bbCaniveaux-en-inox-DKA2G-isol\u00e9-l\u00e9g\u00e8re-charge-isol\u00e9-avec-sortie-verticale-double-sortie-inox-Maroc\u00a0\u00bb url=\u00a0\u00bbhttps:\/\/caniveaux-industriel-inox.com\/ma\/caniveau-devacuation-isole-en-acier-inoxydable-modele-dka2g\/\u00a0\u00bb align=\u00a0\u00bbcenter\u00a0\u00bb _builder_version=\u00a0\u00bb4.27.4&Prime; _module_preset=\u00a0\u00bbdefault\u00a0\u00bb width=\u00a0\u00bb59%\u00a0\u00bb custom_margin=\u00a0\u00bb||7px|||\u00a0\u00bb hover_enabled=\u00a0\u00bb0&Prime; global_colors_info=\u00a0\u00bb{}\u00a0\u00bb sticky_enabled=\u00a0\u00bb0&Prime;][\/et_pb_image][et_pb_text _builder_version=\u00a0\u00bb4.27.4&Prime; _module_preset=\u00a0\u00bbdefault\u00a0\u00bb header_5_text_color=\u00a0\u00bb#0041e8&Prime; global_colors_info=\u00a0\u00bb{}\u00a0\u00bb]<\/p>\n<h5 style=\"text-align: center;\"><a href=\"https:\/\/caniveaux-industriel-inox.com\/ma\/caniveau-devacuation-isole-en-acier-inoxydable-modele-dka2g\/\"><strong>Caniveau d&rsquo;\u00e9vacuation en acier inoxydable mod\u00e8le DKA2G isol\u00e9<\/strong><\/a><\/h5>\n<p>[\/et_pb_text][\/et_pb_column][\/et_pb_row][et_pb_row _builder_version=\u00a0\u00bb4.21.0&Prime; _module_preset=\u00a0\u00bbdefault\u00a0\u00bb max_width=\u00a0\u00bbnone\u00a0\u00bb custom_margin=\u00a0\u00bb|auto|-23px|auto||\u00a0\u00bb custom_padding=\u00a0\u00bb28px||0px|||\u00a0\u00bb global_colors_info=\u00a0\u00bb{}\u00a0\u00bb][et_pb_column type=\u00a0\u00bb4_4&Prime; _builder_version=\u00a0\u00bb4.16&Prime; _module_preset=\u00a0\u00bbdefault\u00a0\u00bb global_colors_info=\u00a0\u00bb{}\u00a0\u00bb][et_pb_divider _builder_version=\u00a0\u00bb4.16&Prime; _module_preset=\u00a0\u00bbdefault\u00a0\u00bb background_color=\u00a0\u00bb#ffffff\u00a0\u00bb custom_margin=\u00a0\u00bb-37px||-24px|||\u00a0\u00bb global_colors_info=\u00a0\u00bb{}\u00a0\u00bb][\/et_pb_divider][\/et_pb_column][\/et_pb_row][et_pb_row column_structure=\u00a0\u00bb1_2,1_2&Prime; _builder_version=\u00a0\u00bb4.21.0&Prime; _module_preset=\u00a0\u00bbdefault\u00a0\u00bb background_color=\u00a0\u00bb#ffffff\u00a0\u00bb max_width=\u00a0\u00bbnone\u00a0\u00bb custom_margin=\u00a0\u00bb|auto|-7px|auto||\u00a0\u00bb custom_padding=\u00a0\u00bb0px||60px|||\u00a0\u00bb global_colors_info=\u00a0\u00bb{}\u00a0\u00bb][et_pb_column type=\u00a0\u00bb1_2&Prime; _builder_version=\u00a0\u00bb4.16&Prime; _module_preset=\u00a0\u00bbdefault\u00a0\u00bb global_colors_info=\u00a0\u00bb{}\u00a0\u00bb][et_pb_text _builder_version=\u00a0\u00bb4.22.0&Prime; _module_preset=\u00a0\u00bbdefault\u00a0\u00bb header_4_text_color=\u00a0\u00bb#0c71c3&Prime; header_5_line_height=\u00a0\u00bb1.7em\u00a0\u00bb custom_padding=\u00a0\u00bb|10px||10px|false|false\u00a0\u00bb global_colors_info=\u00a0\u00bb{}\u00a0\u00bb]<\/p>\n<h5><strong>CONDITIONS D&rsquo;APPLICATION <\/strong><\/h5>\n<h5><span>Les caniveaux d&rsquo;\u00e9vacuation au sol isol\u00e9s sont utilis\u00e9s dans les endroits o\u00f9 l&rsquo;installation d&rsquo;eaux us\u00e9es peut s&rsquo;accumuler au plafond d&rsquo;un \u00e9tage inf\u00e9rieur et o\u00f9 l&rsquo;infiltration d&rsquo;eau vers l&rsquo;\u00e9tage inf\u00e9rieur est souhait\u00e9e en m\u00eame temps. <\/span><\/h5>\n<h5><span>Suite \u00e0 des fissures dans les joints d&rsquo;une partie du rev\u00eatement de sol ou autour des canaux d&rsquo;\u00e9vacuation, de l&rsquo;eau peut, avec le temps, s&rsquo;infiltrer du sol vers le b\u00e9ton. L&rsquo;eau qui fuit s&rsquo;accumule sur la couche d&rsquo;isolation et s&rsquo;\u00e9coule vers l&rsquo;\u00e9tage inf\u00e9rieur \u00e0 partir de tout point o\u00f9 l&rsquo;isolation est faible. <\/span><\/h5>\n<h5><span>Si un caniveau d&rsquo;\u00e9vacuation au sol isol\u00e9 est utilis\u00e9, l&rsquo;eau qui s&rsquo;infiltre dans la couche d&rsquo;isolation est \u00e9vacu\u00e9e vers l&rsquo;installation d&rsquo;eaux us\u00e9es gr\u00e2ce \u00e0 la conception du caniveau. Ainsi, aucune eau ne fuit vers l&rsquo;\u00e9tage inf\u00e9rieur.<\/span><\/h5>\n<p>[\/et_pb_text][\/et_pb_column][et_pb_column type=\u00a0\u00bb1_2&Prime; _builder_version=\u00a0\u00bb4.16&Prime; _module_preset=\u00a0\u00bbdefault\u00a0\u00bb global_colors_info=\u00a0\u00bb{}\u00a0\u00bb][et_pb_text _builder_version=\u00a0\u00bb4.22.0&Prime; _module_preset=\u00a0\u00bbdefault\u00a0\u00bb header_4_line_height=\u00a0\u00bb1.4em\u00a0\u00bb header_5_line_height=\u00a0\u00bb1.7em\u00a0\u00bb custom_margin=\u00a0\u00bb||2px|||\u00a0\u00bb custom_padding=\u00a0\u00bb|10px||10px|false|false\u00a0\u00bb global_colors_info=\u00a0\u00bb{}\u00a0\u00bb]<\/p>\n<h5><strong>Domaines d\u2019application :<\/strong><\/h5>\n<h5><span>Applications industrielles pour la production et la transformation de cuisines et installations :<\/span><\/h5>\n<p>&nbsp;<\/p>\n<p>[\/et_pb_text][et_pb_text _builder_version=\u00a0\u00bb4.22.0&Prime; _module_preset=\u00a0\u00bbdefault\u00a0\u00bb custom_padding=\u00a0\u00bb|||47px||\u00a0\u00bb global_colors_info=\u00a0\u00bb{}\u00a0\u00bb]<\/p>\n<ul>\n<li>\n<h5><span>Viande et charcuterie<\/span><\/h5>\n<\/li>\n<li>\n<h5><span>L\u00e9gumes et fruits<\/span><\/h5>\n<\/li>\n<li>\n<h5><span>Produits laitiers<\/span><\/h5>\n<\/li>\n<li>\n<h5><span>Poisson et fruits de mer<\/span><\/h5>\n<\/li>\n<li>\n<h5><span>Volaille et \u0153ufs<\/span><\/h5>\n<\/li>\n<li>\n<h5><span>Aliments congel\u00e9s<\/span><\/h5>\n<\/li>\n<li>\n<h5><span>Eau, jus et boissons alcoolis\u00e9es<\/span><\/h5>\n<\/li>\n<li>\n<h5><span>Pain et produits \u00e0 base de farine<\/span><\/h5>\n<\/li>\n<li>\n<h5><span>Chocolat et bonbons<\/span><\/h5>\n<\/li>\n<li>\n<h5><span>M\u00e9dicaments<\/span><\/h5>\n<\/li>\n<li>\n<h5><span>Avec produit chimique<\/span><\/h5>\n<\/li>\n<\/ul>\n<\/li>\n<\/ul>\n<p>[\/et_pb_text][\/et_pb_column][\/et_pb_row][\/et_pb_section]<\/p>\n","protected":false},"excerpt":{"rendered":"<p>Ge\u00efsoleerde RVS afvoergoten lichte belasting<br \/>\nLichte industri\u00eble belasting<br \/>\nL15 \/ A15 klasse 1500 kg. Licht verkeer, bijv. voetgangers en pallettrucks.<br \/>\nDe lamellen van de roosters zijn zowel van boven als van onderen gelast, waardoor verbuiging van de roosters wordt voorkomen.<br \/>\nRVS Afvoergoot DAG<br \/>\nGe\u00efsoleerde RVS Afvoergoot model DAG<br \/>\nRVS Afvoergoot DKAG<br \/>\nGe\u00efsoleerde RVS Afvoergoot model KDAG<br \/>\nRVS Afvoergoot DOAG<br \/>\nGe\u00efsoleerde RVS Afvoergoot model DOAG<br \/>\nRVS afvoergoot DKA2G<br \/>\nGe\u00efsoleerde RVS Afvoergoot model DKA2G<br \/>\nTOEPASSINGSVOORWAARDEN<br \/>\nGe\u00efsoleerde bodemafvoergoten worden toegepast op plaatsen waar de afvalwaterinstallatie zich kan verzamelen aan het plafond van een benedenverdieping en tegelijkertijd het binnendringen van water naar de benedenverdieping gewenst is.<br \/>\nAls gevolg van scheuren in de voegen in een deel van de vloerbedekking of rond de afvoerkanalen kan er na verloop van tijd water van de vloer naar het beton lekken. Lekkend water hoopt zich op op de isolatielaag en stroomt naar de benedenverdieping vanaf elk punt waar de isolatie zwak is.<br \/>\nIndien een ge\u00efsoleerde bodemafvoergoot wordt toegepast, wordt het water dat in de isolatielaag infiltreert dankzij de opbouw van de afvoergoot afgevoerd naar de afvalwaterinstallatie. Zo lekt er absoluut geen water naar de benedenverdieping.<br \/>\nToepassingsgebieden:<br \/>\nIndustrieel voor de productie en verwerking van<br \/>\nkeukens en faciliteiten:<\/p>\n<p>Vlees en vleeswaren<br \/>\ngroenten en fruit<br \/>\nZuivelproducten<br \/>\nVis en zeevruchten<br \/>\nGevogelte en eieren<br \/>\nBevroren voedsel<br \/>\nWater, sappen en alcoholische dranken<br \/>\nBrood en meelproducten<br \/>\nChocolade en snoep<br \/>\nGeneesmiddelen<\/p>\n","protected":false},"author":3,"featured_media":0,"parent":0,"menu_order":0,"comment_status":"closed","ping_status":"closed","template":"","meta":{"_et_pb_use_builder":"on","_et_pb_old_content":"","_et_gb_content_width":"","_monsterinsights_skip_tracking":false,"_monsterinsights_sitenote_active":false,"_monsterinsights_sitenote_note":"","_monsterinsights_sitenote_category":0,"footnotes":""},"class_list":["post-1004","page","type-page","status-publish","hentry"],"_links":{"self":[{"href":"https:\/\/caniveaux-industriel-inox.com\/ma\/wp-json\/wp\/v2\/pages\/1004","targetHints":{"allow":["GET"]}}],"collection":[{"href":"https:\/\/caniveaux-industriel-inox.com\/ma\/wp-json\/wp\/v2\/pages"}],"about":[{"href":"https:\/\/caniveaux-industriel-inox.com\/ma\/wp-json\/wp\/v2\/types\/page"}],"author":[{"embeddable":true,"href":"https:\/\/caniveaux-industriel-inox.com\/ma\/wp-json\/wp\/v2\/users\/3"}],"replies":[{"embeddable":true,"href":"https:\/\/caniveaux-industriel-inox.com\/ma\/wp-json\/wp\/v2\/comments?post=1004"}],"version-history":[{"count":0,"href":"https:\/\/caniveaux-industriel-inox.com\/ma\/wp-json\/wp\/v2\/pages\/1004\/revisions"}],"wp:attachment":[{"href":"https:\/\/caniveaux-industriel-inox.com\/ma\/wp-json\/wp\/v2\/media?parent=1004"}],"curies":[{"name":"wp","href":"https:\/\/api.w.org\/{rel}","templated":true}]}}